{"id":10548,"date":"2026-02-24T12:59:40","date_gmt":"2026-02-24T15:59:40","guid":{"rendered":"https:\/\/isfd14-nqn.infd.edu.ar\/sitio\/?page_id=10548"},"modified":"2026-02-24T13:09:35","modified_gmt":"2026-02-24T16:09:35","slug":"crear-usuario-en-siuned","status":"publish","type":"page","link":"https:\/\/isfd14-nqn.infd.edu.ar\/sitio\/crear-usuario-en-siuned\/","title":{"rendered":"Crear usuario en siuned"},"content":{"rendered":"\n<div class=\"wp-block-cover is-light\" style=\"min-height:91px\"><span aria-hidden=\"true\" class=\"wp-block-cover__background has-background-dim-100 has-background-dim\" style=\"background-color:#5f83d8\"><\/span><div class=\"wp-block-cover__inner-container\">\n<p class=\"has-text-align-center has-base-3-color has-text-color has-large-font-size\"><strong>CREAR USUARIO EN S.I.Un.Ed<\/strong><\/p>\n<\/div><\/div>\n\n\n\n<hr class=\"wp-block-separator has-text-color has-accent-color has-alpha-channel-opacity has-accent-background-color has-background\"\/>\n\n\n\n<p class=\"has-medium-font-size\"><img decoding=\"async\" loading=\"lazy\" width=\"96\" height=\"96\" class=\"wp-image-8616\" style=\"width: 96px;\" src=\"https:\/\/isfd14-nqn.infd.edu.ar\/sitio\/wp-content\/uploads\/2025\/08\/icons8-internet-96.png\" alt=\"\">  <strong>PASO 1: INGRESA AL PORTAL S.I.Un.Ed<\/strong><\/p>\n\n\n<div class=\"wp-block-image\">\n<figure class=\"aligncenter size-full\"><img decoding=\"async\" loading=\"lazy\" width=\"50\" height=\"50\" src=\"https:\/\/isfd14-nqn.infd.edu.ar\/sitio\/wp-content\/uploads\/2025\/08\/icons8-chevron-abajo-50.png\" alt=\"\" class=\"wp-image-9182\"\/><\/figure><\/div>\n\n\n<div class=\"wp-block-buttons is-content-justification-center is-layout-flex wp-container-1\">\n<div class=\"wp-block-button has-custom-font-size has-large-font-size\"><a class=\"wp-block-button__link has-accent-background-color has-background wp-element-button\" href=\"https:\/\/w3.neuquen.gov.ar\/cpeonline\/servlet\/hinicio\" target=\"_blank\" rel=\"noreferrer noopener\">PORTAL S.I.Un.Ed <\/a><\/div>\n<\/div>\n\n\n\n<p class=\"has-text-align-left has-medium-font-size\">Para ingresar al sistema por primera vez, deber\u00e1s hacer clic en <strong>\u00bfPrimera vez?<\/strong>, para crearte un usuario.<\/p>\n\n\n<div class=\"wp-block-image\">\n<figure class=\"aligncenter size-full\"><img decoding=\"async\" loading=\"lazy\" width=\"439\" height=\"340\" src=\"https:\/\/isfd14-nqn.infd.edu.ar\/sitio\/wp-content\/uploads\/2024\/11\/imagen.png\" alt=\"\" class=\"wp-image-5343\"\/><\/figure><\/div>\n\n\n<hr class=\"wp-block-separator has-alpha-channel-opacity\"\/>\n\n\n\n<p class=\"has-medium-font-size\"><img decoding=\"async\" loading=\"lazy\" width=\"193\" height=\"258\" class=\"wp-image-8621\" style=\"width: 80px;\" src=\"https:\/\/isfd14-nqn.infd.edu.ar\/sitio\/wp-content\/uploads\/2025\/08\/paso2online.png\" alt=\"\"> <strong>PASO 2: CREA TU USUARIO Y CONTRASE\u00d1A<\/strong><\/p>\n\n\n\n<p class=\"has-text-align-left has-medium-font-size\">Al hacer clic en <strong>\u00bfprimera vez?<\/strong> se abre la pantalla donde debes completar  los campos, n\u00famero de <strong>documento<\/strong>, y<strong> sexo<\/strong>, luego selecciona <strong>CONFIRMAR<\/strong><br><\/p>\n\n\n<div class=\"wp-block-image\">\n<figure class=\"aligncenter size-full is-resized\"><img decoding=\"async\" loading=\"lazy\" src=\"https:\/\/isfd14-nqn.infd.edu.ar\/sitio\/wp-content\/uploads\/2024\/11\/imagen-9.png\" alt=\"\" class=\"wp-image-5557\" width=\"757\" height=\"347\" srcset=\"https:\/\/isfd14-nqn.infd.edu.ar\/sitio\/wp-content\/uploads\/2024\/11\/imagen-9.png 1009w, https:\/\/isfd14-nqn.infd.edu.ar\/sitio\/wp-content\/uploads\/2024\/11\/imagen-9-1000x458.png 1000w, https:\/\/isfd14-nqn.infd.edu.ar\/sitio\/wp-content\/uploads\/2024\/11\/imagen-9-768x352.png 768w\" sizes=\"(max-width: 757px) 100vw, 757px\" \/><\/figure><\/div>\n\n\n<hr class=\"wp-block-separator has-alpha-channel-opacity\"\/>\n\n\n\n<p class=\"has-medium-font-size\"><img decoding=\"async\" loading=\"lazy\" width=\"174\" height=\"189\" class=\"wp-image-8622\" style=\"width: 80px;\" src=\"https:\/\/isfd14-nqn.infd.edu.ar\/sitio\/wp-content\/uploads\/2025\/08\/paso3online.png\" alt=\"\"> <strong>PASO 3: CONTINUA COMPLETANDO TUS DATOS PERSONALES<\/strong><\/p>\n\n\n\n<p class=\"has-text-align-left has-medium-font-size\">Luego aparecer\u00e1 una pantalla para que sigas completando el formulario con los datos personales, al terminar hace clic en <strong>CONTINUAR<\/strong> para terminar el registro.<\/p>\n\n\n<div class=\"wp-block-image\">\n<figure class=\"aligncenter size-full\"><img decoding=\"async\" loading=\"lazy\" width=\"617\" height=\"369\" src=\"https:\/\/isfd14-nqn.infd.edu.ar\/sitio\/wp-content\/uploads\/2024\/11\/imagen-2.png\" alt=\"\" class=\"wp-image-5351\"\/><\/figure><\/div>\n\n\n<p class=\"has-medium-font-size\">Ah\u00ed el sistema nos muestra una pantalla con los datos ( <strong>nombre y apellido,<\/strong> <strong>Usuario<\/strong> y <strong>mail<\/strong>), y  nos indica que debemos ingresar al correo electr\u00f3nico para terminar la registraci\u00f3n.<\/p>\n\n\n<div class=\"wp-block-image is-style-default\">\n<figure class=\"aligncenter size-full\"><img decoding=\"async\" loading=\"lazy\" width=\"399\" height=\"205\" src=\"https:\/\/isfd14-nqn.infd.edu.ar\/sitio\/wp-content\/uploads\/2024\/11\/imagen-3.png\" alt=\"\" class=\"wp-image-5406\"\/><\/figure><\/div>\n\n\n<hr class=\"wp-block-separator has-alpha-channel-opacity\"\/>\n\n\n\n<p class=\"has-medium-font-size\"><img decoding=\"async\" loading=\"lazy\" width=\"186\" height=\"256\" class=\"wp-image-8623\" style=\"width: 80px;\" src=\"https:\/\/isfd14-nqn.infd.edu.ar\/sitio\/wp-content\/uploads\/2025\/08\/paso4online.png\" alt=\"\"><strong>PASO 4: CONFIRMA EL REGISTRO DE TU USUARIO EN TU MAIL<\/strong><\/p>\n\n\n\n<p class=\"has-medium-font-size\">Ingresa a tu correo electr\u00f3nico y busca el mail de <strong>Siuned autogesti\u00f3n<\/strong>, luego debes hacer <strong>clic<\/strong> en el enlace (link) para terminar la registraci\u00f3n.<\/p>\n\n\n<div class=\"wp-block-image\">\n<figure class=\"aligncenter size-full is-resized\"><img decoding=\"async\" loading=\"lazy\" src=\"https:\/\/isfd14-nqn.infd.edu.ar\/sitio\/wp-content\/uploads\/2024\/12\/mailSiuned.jpg\" alt=\"\" class=\"wp-image-5882\" width=\"543\" height=\"342\" srcset=\"https:\/\/isfd14-nqn.infd.edu.ar\/sitio\/wp-content\/uploads\/2024\/12\/mailSiuned.jpg 965w, https:\/\/isfd14-nqn.infd.edu.ar\/sitio\/wp-content\/uploads\/2024\/12\/mailSiuned-768x484.jpg 768w\" sizes=\"(max-width: 543px) 100vw, 543px\" \/><\/figure><\/div>\n\n\n<p class=\"has-text-color\" style=\"color:#ee1818\"><strong>ATENCI\u00d3N:<\/strong><\/p>\n\n\n\n<p><img decoding=\"async\" loading=\"lazy\" width=\"216\" height=\"208\" class=\"wp-image-8624\" style=\"width: 80px;\" src=\"https:\/\/isfd14-nqn.infd.edu.ar\/sitio\/wp-content\/uploads\/2025\/08\/biscarEnspam.png\" alt=\"\"> <strong>REVISA LA BANDEJA DE SPAM SI NO APARECE EL MAIL EN BANDEJA DE ENTRADA<\/strong><\/p>\n\n\n\n<hr class=\"wp-block-separator has-alpha-channel-opacity\"\/>\n\n\n\n<p class=\"has-medium-font-size\"><img decoding=\"async\" loading=\"lazy\" width=\"240\" height=\"186\" class=\"wp-image-8625\" style=\"width: 80px;\" src=\"https:\/\/isfd14-nqn.infd.edu.ar\/sitio\/wp-content\/uploads\/2025\/08\/paso5online.png\" alt=\"\"> <strong>PASO 5: CONFIRMACI\u00d3N DE USUARIO<\/strong><\/p>\n\n\n\n<p class=\"has-medium-font-size\">Al hacer clic nos debe salir la leyenda que el registro fue confirmado con \u00e9xito en color rojo, a continuaci\u00f3n, debemos hacer clic en <strong>INICIO<\/strong> y nos lleva a la pantalla principal, donde debemos colocar el <strong>usuario<\/strong> (que es el DNI) y la <strong>contrase\u00f1a<\/strong> elegida, luego presionar <strong>CONFIRMAR<\/strong>.<\/p>\n\n\n\n<div class=\"wp-block-columns is-layout-flex wp-container-4\">\n<div class=\"wp-block-column is-layout-flow\">\n<figure class=\"wp-block-image size-full is-resized\"><img decoding=\"async\" loading=\"lazy\" src=\"https:\/\/isfd14-nqn.infd.edu.ar\/sitio\/wp-content\/uploads\/2024\/11\/UsurioRegistrado.jpg\" alt=\"\" class=\"wp-image-5431\" width=\"515\" height=\"342\"\/><\/figure>\n\n\n\n<p><strong>CONFIRMACI\u00d3N DE OPERACI\u00d3N CON \u00c9XITO<\/strong><\/p>\n<\/div>\n\n\n\n<div class=\"wp-block-column is-layout-flow\">\n<figure class=\"wp-block-image size-full is-resized\"><img decoding=\"async\" src=\"https:\/\/isfd14-nqn.infd.edu.ar\/sitio\/wp-content\/uploads\/2024\/11\/EntrarSistema.jpg\" alt=\"\" class=\"wp-image-5433\" width=\"582\"\/><\/figure>\n\n\n\n<p><strong>ENTRAR AL SISTEMA CON TU USUARIO<\/strong><\/p>\n<\/div>\n<\/div>\n\n\n\n<hr class=\"wp-block-separator has-alpha-channel-opacity\"\/>\n\n\n\n<p><\/p>\n\n\n\n<p><img decoding=\"async\" loading=\"lazy\" width=\"512\" height=\"512\" class=\"wp-image-10561\" style=\"width: 50px;\" src=\"https:\/\/isfd14-nqn.infd.edu.ar\/sitio\/wp-content\/uploads\/2026\/02\/exito.png\" alt=\"\" srcset=\"https:\/\/isfd14-nqn.infd.edu.ar\/sitio\/wp-content\/uploads\/2026\/02\/exito.png 512w, https:\/\/isfd14-nqn.infd.edu.ar\/sitio\/wp-content\/uploads\/2026\/02\/exito-500x500.png 500w\" sizes=\"(max-width: 512px) 100vw, 512px\" \/>UNA VEZ REGISTRADO YA PODES INSCRIBIRTE!<\/p>\n\n\n\n<div class=\"wp-block-buttons is-content-justification-center is-layout-flex wp-container-5\">\n<div class=\"wp-block-button\"><a class=\"wp-block-button__link has-accent-background-color has-background wp-element-button\" href=\"https:\/\/isfd14-nqn.infd.edu.ar\/sitio\/usuario-siuned\/\" style=\"border-radius:0px\" target=\"_blank\" rel=\"noreferrer noopener\"><img decoding=\"async\" loading=\"lazy\" width=\"512\" height=\"512\" class=\"wp-image-10562\" style=\"width: 40px;\" src=\"https:\/\/isfd14-nqn.infd.edu.ar\/sitio\/wp-content\/uploads\/2026\/02\/hacer-clic.png\" alt=\"\" srcset=\"https:\/\/isfd14-nqn.infd.edu.ar\/sitio\/wp-content\/uploads\/2026\/02\/hacer-clic.png 512w, https:\/\/isfd14-nqn.infd.edu.ar\/sitio\/wp-content\/uploads\/2026\/02\/hacer-clic-500x500.png 500w\" sizes=\"(max-width: 512px) 100vw, 512px\" \/>INSCRIPCI\u00d3N A CARRERA<\/a><\/div>\n<\/div>\n","protected":false},"excerpt":{"rendered":"<p>PASO 1: INGRESA AL PORTAL S.I.Un.Ed Para ingresar al sistema por primera vez, deber\u00e1s hacer clic en \u00bfPrimera vez?, para crearte un usuario. PASO 2: CREA TU USUARIO Y CONTRASE\u00d1A Al hacer clic en \u00bfprimera vez? se abre la pantalla donde debes completar los campos, n\u00famero de documento, y sexo, luego selecciona CONFIRMAR PASO 3: &#8230; <a title=\"Crear usuario en siuned\" class=\"read-more\" href=\"https:\/\/isfd14-nqn.infd.edu.ar\/sitio\/crear-usuario-en-siuned\/\" aria-label=\"More on Crear usuario en siuned\">[+]<\/a><\/p>\n","protected":false},"author":1183,"featured_media":0,"parent":0,"menu_order":0,"comment_status":"closed","ping_status":"closed","template":"","meta":[],"acf":[],"_links":{"self":[{"href":"https:\/\/isfd14-nqn.infd.edu.ar\/sitio\/wp-json\/wp\/v2\/pages\/10548"}],"collection":[{"href":"https:\/\/isfd14-nqn.infd.edu.ar\/sitio\/wp-json\/wp\/v2\/pages"}],"about":[{"href":"https:\/\/isfd14-nqn.infd.edu.ar\/sitio\/wp-json\/wp\/v2\/types\/page"}],"author":[{"embeddable":true,"href":"https:\/\/isfd14-nqn.infd.edu.ar\/sitio\/wp-json\/wp\/v2\/users\/1183"}],"replies":[{"embeddable":true,"href":"https:\/\/isfd14-nqn.infd.edu.ar\/sitio\/wp-json\/wp\/v2\/comments?post=10548"}],"version-history":[{"count":7,"href":"https:\/\/isfd14-nqn.infd.edu.ar\/sitio\/wp-json\/wp\/v2\/pages\/10548\/revisions"}],"predecessor-version":[{"id":10566,"href":"https:\/\/isfd14-nqn.infd.edu.ar\/sitio\/wp-json\/wp\/v2\/pages\/10548\/revisions\/10566"}],"wp:attachment":[{"href":"https:\/\/isfd14-nqn.infd.edu.ar\/sitio\/wp-json\/wp\/v2\/media?parent=10548"}],"curies":[{"name":"wp","href":"https:\/\/api.w.org\/{rel}","templated":true}]}}