{"id":10551,"date":"2026-02-24T12:59:33","date_gmt":"2026-02-24T15:59:33","guid":{"rendered":"https:\/\/isfd14-nqn.infd.edu.ar\/sitio\/?page_id=10551"},"modified":"2026-04-13T22:25:33","modified_gmt":"2026-04-14T01:25:33","slug":"usuario-siuned","status":"publish","type":"page","link":"https:\/\/isfd14-nqn.infd.edu.ar\/sitio\/usuario-siuned\/","title":{"rendered":"USUARIO SIUNED"},"content":{"rendered":"\n<div class=\"wp-block-cover is-light\" style=\"min-height:91px\"><span aria-hidden=\"true\" class=\"wp-block-cover__background has-background-dim-100 has-background-dim\" style=\"background-color:#5f83d8\"><\/span><div class=\"wp-block-cover__inner-container\">\n<p class=\"has-text-align-center has-base-3-color has-text-color has-large-font-size\"><strong>INSCRIPCI\u00d3N CON USUARIO CREADO<\/strong><\/p>\n<\/div><\/div>\n\n\n\n<hr class=\"wp-block-separator has-text-color has-accent-color has-alpha-channel-opacity has-accent-background-color has-background\"\/>\n\n\n\n<p class=\"has-medium-font-size\">Si ya tenes usuario creado segu\u00ed los pasos:<\/p>\n\n\n\n<p class=\"has-medium-font-size\"><img decoding=\"async\" loading=\"lazy\" width=\"1920\" height=\"1920\" class=\"wp-image-10092\" style=\"width: 50px;\" src=\"https:\/\/isfd14-nqn.infd.edu.ar\/sitio\/wp-content\/uploads\/2026\/02\/pngwing.com11.png\" alt=\"\" srcset=\"https:\/\/isfd14-nqn.infd.edu.ar\/sitio\/wp-content\/uploads\/2026\/02\/pngwing.com11.png 1920w, https:\/\/isfd14-nqn.infd.edu.ar\/sitio\/wp-content\/uploads\/2026\/02\/pngwing.com11-1000x1000.png 1000w, https:\/\/isfd14-nqn.infd.edu.ar\/sitio\/wp-content\/uploads\/2026\/02\/pngwing.com11-1900x1900.png 1900w, https:\/\/isfd14-nqn.infd.edu.ar\/sitio\/wp-content\/uploads\/2026\/02\/pngwing.com11-500x500.png 500w, https:\/\/isfd14-nqn.infd.edu.ar\/sitio\/wp-content\/uploads\/2026\/02\/pngwing.com11-768x768.png 768w, https:\/\/isfd14-nqn.infd.edu.ar\/sitio\/wp-content\/uploads\/2026\/02\/pngwing.com11-1536x1536.png 1536w\" sizes=\"(max-width: 1920px) 100vw, 1920px\" \/><strong> INFORMACI\u00d3N A TENER EN CUENTA<\/strong><\/p>\n\n\n\n<p class=\"has-medium-font-size\">Los aspirantes depende de la elecci\u00f3n de su profesorado, deber\u00e1n tener en cuenta que las clases se dictar\u00e1n en forma presencial en el edificio central organizado por turno de la siguiente manera:<\/p>\n\n\n<figure class=\"wp-block-table\">\n<table style=\"border-collapse: collapse; width: 100%; margin: 25px 0; background: #ffffff; border-radius: 10px; overflow: hidden; box-shadow: 0 3px 8px rgba(0,0,0,0.1);\">\n<thead>\n<tr style=\"background: #5f83d8; color: #fff; text-align: center;\">\n<th style=\"padding: 15px;\">Turno ma\u00f1ana<\/th>\n<th style=\"padding: 15px;\">Turno tarde<\/th>\n<th style=\"padding: 15px;\">Turno vespertino<\/th>\n<\/tr>\n<\/thead>\n<tbody>\n<tr>\n<td style=\"padding: 14px; font-weight: bold;\">Qu\u00edmica<\/td>\n<td style=\"padding: 14px; font-weight: bold;\">F\u00edsica<\/td>\n<td style=\"padding: 14px; font-weight: bold;\">Geograf\u00eda<\/td>\n<\/tr>\n<tr style=\"background: #f3f6ff;\">\n<td style=\"padding: 14px; font-weight: bold;\">Matem\u00e1tica<\/td>\n<td style=\"padding: 14px; font-weight: bold;\">Biolog\u00eda<\/td>\n<td style=\"padding: 14px; font-weight: bold;\">Lengua y literatura<\/td>\n<\/tr>\n<tr>\n<td>&nbsp;<\/td>\n<td>&nbsp;<\/td>\n<td style=\"padding: 14px; font-weight: bold;\">Filosof\u00eda<\/td>\n<\/tr>\n<\/tbody>\n<\/table>\n<\/figure>\n\n\n<div style=\"height:24px\" aria-hidden=\"true\" class=\"wp-block-spacer\"><\/div>\n\n\n\n<hr class=\"wp-block-separator has-alpha-channel-opacity\"\/>\n\n\n\n<p class=\"has-medium-font-size\"><img decoding=\"async\" loading=\"lazy\" width=\"240\" height=\"186\" class=\"wp-image-8625\" style=\"width: 80px;\" src=\"https:\/\/isfd14-nqn.infd.edu.ar\/sitio\/wp-content\/uploads\/2025\/08\/paso5online.png\" alt=\"\"> <strong>PASO 1: INGRESA CON TU USUARIO CREADO A SIUNED<\/strong><\/p>\n\n\n<div class=\"wp-block-image\">\n<figure class=\"aligncenter size-full\"><img decoding=\"async\" loading=\"lazy\" width=\"50\" height=\"50\" src=\"https:\/\/isfd14-nqn.infd.edu.ar\/sitio\/wp-content\/uploads\/2025\/08\/icons8-chevron-abajo-50.png\" alt=\"\" class=\"wp-image-9182\"\/><\/figure><\/div>\n\n\n<div class=\"wp-block-buttons is-content-justification-center is-layout-flex wp-container-1\">\n<div class=\"wp-block-button has-custom-font-size has-large-font-size\"><a class=\"wp-block-button__link has-accent-background-color has-background wp-element-button\" href=\"https:\/\/w3.neuquen.gov.ar\/cpeonline\/servlet\/hinicio\" target=\"_blank\" rel=\"noreferrer noopener\">PORTAL S.I.Un.Ed <\/a><\/div>\n<\/div>\n\n\n\n<hr class=\"wp-block-separator has-alpha-channel-opacity\"\/>\n\n\n\n<p class=\"has-medium-font-size\"> <img decoding=\"async\" loading=\"lazy\" width=\"241\" height=\"255\" class=\"wp-image-8626\" style=\"width: 80px;\" src=\"https:\/\/isfd14-nqn.infd.edu.ar\/sitio\/wp-content\/uploads\/2025\/08\/PASO6ONLINE-1.png\" alt=\"\"> <strong>PASO 2: ELIGE EL MEN\u00da PRE-INSCRIPCI\u00d3N A CARRERAS<\/strong><\/p>\n\n\n\n<p class=\"has-medium-font-size\">Una vez que ingresas con tu usuario, vas a encontrar 3 men\u00faes, debes seleccionar el men\u00fa <strong>PRE-INSCRIPCI\u00d3N A CARRERAS<\/strong>.<\/p>\n\n\n<div class=\"wp-block-image\">\n<figure class=\"aligncenter size-full is-resized\"><img decoding=\"async\" loading=\"lazy\" src=\"https:\/\/isfd14-nqn.infd.edu.ar\/sitio\/wp-content\/uploads\/2024\/12\/preinscripcioncarrera-1.jpg\" alt=\"\" class=\"wp-image-5886\" width=\"590\" height=\"296\" srcset=\"https:\/\/isfd14-nqn.infd.edu.ar\/sitio\/wp-content\/uploads\/2024\/12\/preinscripcioncarrera-1.jpg 1080w, https:\/\/isfd14-nqn.infd.edu.ar\/sitio\/wp-content\/uploads\/2024\/12\/preinscripcioncarrera-1-1000x502.jpg 1000w, https:\/\/isfd14-nqn.infd.edu.ar\/sitio\/wp-content\/uploads\/2024\/12\/preinscripcioncarrera-1-768x385.jpg 768w\" sizes=\"(max-width: 590px) 100vw, 590px\" \/><\/figure><\/div>\n\n\n<p><\/p>\n\n\n\n<hr class=\"wp-block-separator has-alpha-channel-opacity\"\/>\n\n\n\n<p class=\"has-medium-font-size\"><img decoding=\"async\" loading=\"lazy\" width=\"250\" height=\"250\" class=\"wp-image-8627\" style=\"width: 80px;\" src=\"https:\/\/isfd14-nqn.infd.edu.ar\/sitio\/wp-content\/uploads\/2025\/08\/PASO7ONLINE.png\" alt=\"\"> <strong>PASO 3: BUSCA EL IFD N\u00b0 14 EN DATOS DE ESTABLECIMIENTO<\/strong><\/p>\n\n\n\n<p class=\"has-medium-font-size\">A continuaci\u00f3n, debemos buscar en datos del establecimiento, el instituto. En nuestro caso es <strong>IFD 14 <\/strong>(Instituto de Formaci\u00f3n Docente N\u00b0 14) y una vez que lo encuentra debemos presionar en el<strong> link<\/strong> del nombre del establecimiento <strong>(580045600 14)<\/strong> para continuar\u2026<\/p>\n\n\n<div class=\"wp-block-image\">\n<figure class=\"aligncenter size-full is-resized\"><img decoding=\"async\" loading=\"lazy\" src=\"https:\/\/isfd14-nqn.infd.edu.ar\/sitio\/wp-content\/uploads\/2024\/12\/IFd14buscar.jpg\" alt=\"\" class=\"wp-image-5851\" width=\"540\" height=\"475\" srcset=\"https:\/\/isfd14-nqn.infd.edu.ar\/sitio\/wp-content\/uploads\/2024\/12\/IFd14buscar.jpg 1080w, https:\/\/isfd14-nqn.infd.edu.ar\/sitio\/wp-content\/uploads\/2024\/12\/IFd14buscar-1000x880.jpg 1000w, https:\/\/isfd14-nqn.infd.edu.ar\/sitio\/wp-content\/uploads\/2024\/12\/IFd14buscar-768x676.jpg 768w\" sizes=\"(max-width: 540px) 100vw, 540px\" \/><\/figure><\/div>\n\n\n<hr class=\"wp-block-separator has-alpha-channel-opacity\"\/>\n\n\n\n<p class=\"has-medium-font-size\"><img decoding=\"async\" loading=\"lazy\" width=\"204\" height=\"269\" class=\"wp-image-8628\" style=\"width: 80px;\" src=\"https:\/\/isfd14-nqn.infd.edu.ar\/sitio\/wp-content\/uploads\/2025\/08\/paso8online-1.png\" alt=\"\"><strong>PASO 4: SELECCIONA EL PLAN DEL PROFESORADO ELEGIDO<\/strong><\/p>\n\n\n\n<p class=\"has-medium-font-size\">Una vez dentro del establecimiento, nos mostrara los profesorados que tiene disponible el instituto a lo cual debemos Seleccionar el <strong>plan<\/strong> que corresponde a la carrera a la que desea inscribirse y presionar <strong>CONFIRMAR<\/strong>. <\/p>\n\n\n\n<div class=\"wp-block-columns is-layout-flex wp-container-4\">\n<div class=\"wp-block-column is-layout-flow\">\n<figure class=\"wp-block-image size-full\"><img decoding=\"async\" loading=\"lazy\" width=\"742\" height=\"700\" src=\"https:\/\/isfd14-nqn.infd.edu.ar\/sitio\/wp-content\/uploads\/2025\/08\/capturaInscripciones.png\" alt=\"\" class=\"wp-image-8638\"\/><\/figure>\n<\/div>\n\n\n\n<div class=\"wp-block-column is-layout-flow\">\n<figure class=\"wp-block-image size-full\"><img decoding=\"async\" loading=\"lazy\" width=\"693\" height=\"798\" src=\"https:\/\/isfd14-nqn.infd.edu.ar\/sitio\/wp-content\/uploads\/2024\/12\/seleccionar-carrera.jpg\" alt=\"\" class=\"wp-image-5874\"\/><figcaption class=\"wp-element-caption\"><strong>Ejemplo:<\/strong> Se elige el prof. en Biolog\u00eda, c\u00f3d. 689<\/figcaption><\/figure>\n<\/div>\n<\/div>\n\n\n<figure class=\"wp-block-table alignright is-style-stripes has-small-font-size\">\n<table class=\"has-contrast-color has-text-color has-fixed-layout\" style=\"border-collapse: collapse; width: 100%; margin: 25px 0; background: #ffffff; border-radius: 10px; overflow: hidden; box-shadow: 0 3px 8px rgba(0,0,0,0.1);\">\n<thead>\n<tr style=\"background: #5f83d8; color: #fff; text-align: center;\">\n<th class=\"has-text-align-center\" data-align=\"center\">Plan 547<\/th>\n<th class=\"has-text-align-center\" data-align=\"center\">Plan 548<\/th>\n<th class=\"has-text-align-center\" data-align=\"center\">Plan 577<\/th>\n<th class=\"has-text-align-center\" data-align=\"center\">Plan 578<\/th>\n<th class=\"has-text-align-center\" data-align=\"center\">Plan 579<\/th>\n<th class=\"has-text-align-center\" data-align=\"center\">Plan 689<\/th>\n<th class=\"has-text-align-center\" data-align=\"center\">Plan 760<\/th>\n<\/tr>\n<\/thead>\n<tbody>\n<tr style=\"background: #f3f6ff;\">\n<td class=\"has-text-align-center\" data-align=\"center\">Qu\u00edmica<\/td>\n<td class=\"has-text-align-center\" data-align=\"center\">F\u00edsica<\/td>\n<td class=\"has-text-align-center\" data-align=\"center\">Matem\u00e1tica<\/td>\n<td class=\"has-text-align-center\" data-align=\"center\">Geograf\u00eda<\/td>\n<td class=\"has-text-align-center\" data-align=\"center\">Lengua y literatura<\/td>\n<td class=\"has-text-align-center\" data-align=\"center\">Biolog\u00eda<\/td>\n<td class=\"has-text-align-center\" data-align=\"center\">Filosof\u00eda<\/td>\n<\/tr>\n<\/tbody>\n<\/table>\n<\/figure>\n\n\n<p class=\"has-medium-font-size\">El sistema nos genera un acuse que se realiz\u00f3 con \u00e9xito la operaci\u00f3n, adem\u00e1s en ese momento se envi\u00f3 a la casilla de correo la operaci\u00f3n de pre-inscripci\u00f3n.<\/p>\n\n\n\n<hr class=\"wp-block-separator has-alpha-channel-opacity\"\/>\n\n\n\n<p class=\"has-medium-font-size\"><img decoding=\"async\" loading=\"lazy\" width=\"214\" height=\"195\" class=\"wp-image-8629\" style=\"width: 80px;\" src=\"https:\/\/isfd14-nqn.infd.edu.ar\/sitio\/wp-content\/uploads\/2025\/08\/PASO9ONLINE-1.png\" alt=\"\"><strong>PASO 5: IMPRIME LA SOLICITUD DE MATRICULA<\/strong><\/p>\n\n\n\n<p class=\"has-medium-font-size\">El sistema genera la solicitud de Pre-inscripci\u00f3n en formato <strong>.PDF<\/strong> donde la puedes descargar a tu computadora y adem\u00e1s imprimirlo. <br>Este documento debes imprimirlo y llevarlo al edificio central del <strong>IFD N\u00b0 14<\/strong>  junto con la documentaci\u00f3n restante para terminar el proceso de inscripci\u00f3n.<\/p>\n\n\n\n<div class=\"wp-block-columns is-layout-flex wp-container-7\">\n<div class=\"wp-block-column is-layout-flow\">\n<figure class=\"wp-block-image size-full is-resized\"><img decoding=\"async\" loading=\"lazy\" src=\"https:\/\/isfd14-nqn.infd.edu.ar\/sitio\/wp-content\/uploads\/2024\/12\/inscripcioncorrecta.png\" alt=\"\" class=\"wp-image-5865\" width=\"499\" height=\"288\"\/><\/figure>\n\n\n\n<p><strong>Hacer clic en Imprimir<\/strong><\/p>\n<\/div>\n\n\n\n<div class=\"wp-block-column is-layout-flow\">\n<figure class=\"wp-block-image size-full is-resized\"><img decoding=\"async\" loading=\"lazy\" src=\"https:\/\/isfd14-nqn.infd.edu.ar\/sitio\/wp-content\/uploads\/2024\/12\/recirteficha-2.jpg\" alt=\"\" class=\"wp-image-5867\" width=\"522\" height=\"382\" srcset=\"https:\/\/isfd14-nqn.infd.edu.ar\/sitio\/wp-content\/uploads\/2024\/12\/recirteficha-2.jpg 1044w, https:\/\/isfd14-nqn.infd.edu.ar\/sitio\/wp-content\/uploads\/2024\/12\/recirteficha-2-1000x731.jpg 1000w, https:\/\/isfd14-nqn.infd.edu.ar\/sitio\/wp-content\/uploads\/2024\/12\/recirteficha-2-768x561.jpg 768w\" sizes=\"(max-width: 522px) 100vw, 522px\" \/><\/figure>\n\n\n\n<p><strong>Ejemplo<\/strong>: <strong>Matricula de Pre-Inscripci\u00f3n<\/strong><\/p>\n<\/div>\n<\/div>\n\n\n\n<p class=\"has-text-color\" style=\"color:#ed3232\"><strong>RECORD\u00c1 QUE SI O SI DEBES LLEVAR ESTE FORMULARIO AL ESTABLECIMIENTO PARA TERMINAR EL PROCESO DE INSCRIPCI\u00d3N<\/strong><\/p>\n\n\n\n<hr class=\"wp-block-separator has-alpha-channel-opacity\"\/>\n\n\n\n<p class=\"has-medium-font-size\"><img decoding=\"async\" loading=\"lazy\" width=\"206\" height=\"224\" class=\"wp-image-8631\" style=\"width: 80px;\" src=\"https:\/\/isfd14-nqn.infd.edu.ar\/sitio\/wp-content\/uploads\/2025\/08\/Paso10online-1.png\" alt=\"\"><strong>PASO 6: REUN\u00cd LA DOCUMENTACI\u00d3N OBLIGATORIA<\/strong><\/p>\n\n\n\n<figure class=\"wp-block-table is-style-stripes\"><table class=\"has-fixed-layout\"><tbody><tr><td>-FORMULARIO DE PRE-INSCRIPCI\u00d3N OTORGADO POR SIUNED <\/td><\/tr><tr><td>-FOTOCOPIA DE TITULO SECUNDARIO (<strong>LEGALIZADO<\/strong>) O DE TITULO EN TRAMITE (<strong>SIN LEGALIZAR<\/strong>)<\/td><\/tr><tr><td>-FOTOCOPIA DE DNI (<strong>LEGALIZADO<\/strong>)<\/td><\/tr><tr><td>-FOTOCOPIA DE PARTIDA DE NACIMIENTO (<strong>LEGALIZADA<\/strong>)<\/td><\/tr><tr><td>-2 FOTO 4 X 4 (ACTUAL)<\/td><\/tr><tr><td>&#8211; 1 FOLIO<\/td><\/tr><tr><td>-CARPETIN COLGANTE <\/td><\/tr><\/tbody><\/table><\/figure>\n\n\n\n<hr class=\"wp-block-separator has-alpha-channel-opacity\"\/>\n\n\n\n<p class=\"has-medium-font-size\"><img decoding=\"async\" loading=\"lazy\" width=\"100\" height=\"100\" class=\"wp-image-8534\" style=\"width: 70px;\" src=\"https:\/\/isfd14-nqn.infd.edu.ar\/sitio\/wp-content\/uploads\/2025\/08\/icons8-place-marker-100.png\" alt=\"\"> <strong>PASO 7: DIRIGITE AL EDIFICIO DEL I.F.D N\u00b0 14<\/strong><\/p>\n\n\n\n<p class=\"has-medium-font-size\">Para terminar el proceso de inscripci\u00f3n, personal de bedel\u00eda recibir\u00e1 la documentaci\u00f3n obligatoria m\u00e1s el formulario de pre-inscripci\u00f3n otorgado por SIUNED y te entregar\u00e1 la constancia de Inscripci\u00f3n definitiva con sello del establecimiento.   <\/p>\n\n\n\n<p class=\"has-text-align-left\"><strong>Domicilio<\/strong>: Gregorio \u00c1lvarez 692 -Pueblo Nuevo<\/p>\n\n\n\n<div class=\"wp-block-columns is-layout-flex wp-container-11\">\n<div class=\"wp-block-column is-layout-flow\"><\/div>\n\n\n\n<div class=\"wp-block-column is-layout-flow\">\n<iframe src=\"https:\/\/www.google.com\/maps\/embed?pb=!1m18!1m12!1m3!1d3103.0223625223325!2d-69.21693402503657!3d-38.94631749960939!2m3!1f0!2f0!3f0!3m2!1i1024!2i768!4f13.1!3m3!1m2!1s0x960c692230848a4d%3A0x2ce5dce11bc0870d!2sGregorio%20%C3%81lvarez%20692%2C%20Q8322%20Cutral%20Co%2C%20Neuqu%C3%A9n!5e0!3m2!1ses!2sar!4v1727045852651!5m2!1ses!2sar\" width=\"600\" height=\"450\" style=\"border:0;\" allowfullscreen=\"\" loading=\"lazy\" referrerpolicy=\"no-referrer-when-downgrade\"><\/iframe>\n<\/div>\n\n\n\n<div class=\"wp-block-column is-layout-flow\"><\/div>\n<\/div>\n\n\n\n<p class=\"has-medium-font-size\"><img decoding=\"async\" loading=\"lazy\" width=\"50\" height=\"50\" class=\"wp-image-8546\" style=\"width: 60px;\" src=\"https:\/\/isfd14-nqn.infd.edu.ar\/sitio\/wp-content\/uploads\/2025\/08\/icons8-tiempo-de-reunion-50.png\" alt=\"\"> <strong>HORARIO DE ATENCI\u00d3N PARA ENTREGA DE DOCUMENTACI\u00d3N:<\/strong><\/p>\n\n\n<figure class=\"wp-block-table\">\n<table style=\"border-collapse: collapse; width: 100%; margin: 25px 0; background: #ffffff; border-radius: 10px; overflow: hidden; box-shadow: 0 3px 8px rgba(0,0,0,0.1);\">\n<thead>\n<tr style=\"background: #5f83d8; color: #fff; text-align: center;\">\n<th style=\"padding: 15px;\">Turno ma\u00f1ana<\/th>\n<th style=\"padding: 15px;\">Turno tarde<\/th>\n<th style=\"padding: 15px;\">Turno vespertino<\/th>\n<\/tr>\n<\/thead>\n<tbody>\n<tr style=\"background: #f3f6ff;\">\n<td style=\"padding: 14px; text-align: center;\">08:00 a 11:00<\/td>\n<td style=\"padding: 14px; text-align: center;\">14:00 a 17:00<\/td>\n<td style=\"padding: 14px; text-align: center;\">19:00 a 22:00<\/td>\n<\/tr>\n<\/tbody>\n<\/table>\n<\/figure>\n\n\n<hr class=\"wp-block-separator has-alpha-channel-opacity\"\/>\n\n\n\n<p class=\"has-medium-font-size\"><img decoding=\"async\" loading=\"lazy\" width=\"48\" height=\"48\" class=\"wp-image-8564\" style=\"width: 64px;\" src=\"https:\/\/isfd14-nqn.infd.edu.ar\/sitio\/wp-content\/uploads\/2025\/08\/icons8-importante-48.png\" alt=\"\"><strong>NO SE ACEPTAR\u00c1 DOCUMENTACI\u00d3N INCOMPLETA<\/strong><\/p>\n\n\n\n<p class=\"has-medium-font-size\"><strong>Para m\u00e1s informaci\u00f3n:<\/strong><\/p>\n\n\n<div class=\"wp-block-image\">\n<figure class=\"aligncenter size-full is-resized\"><img decoding=\"async\" loading=\"lazy\" src=\"https:\/\/isfd14-nqn.infd.edu.ar\/sitio\/wp-content\/uploads\/2025\/07\/direytel.png\" alt=\"\" class=\"wp-image-8391\" width=\"615\" height=\"72\" srcset=\"https:\/\/isfd14-nqn.infd.edu.ar\/sitio\/wp-content\/uploads\/2025\/07\/direytel.png 1414w, https:\/\/isfd14-nqn.infd.edu.ar\/sitio\/wp-content\/uploads\/2025\/07\/direytel-1000x117.png 1000w, https:\/\/isfd14-nqn.infd.edu.ar\/sitio\/wp-content\/uploads\/2025\/07\/direytel-768x90.png 768w\" sizes=\"(max-width: 615px) 100vw, 615px\" \/><\/figure><\/div>","protected":false},"excerpt":{"rendered":"<p>Si ya tenes usuario creado segu\u00ed los pasos: INFORMACI\u00d3N A TENER EN CUENTA Los aspirantes depende de la elecci\u00f3n de su profesorado, deber\u00e1n tener en cuenta que las clases se dictar\u00e1n en forma presencial en el edificio central organizado por turno de la siguiente manera: Turno ma\u00f1ana Turno tarde Turno vespertino Qu\u00edmica F\u00edsica Geograf\u00eda Matem\u00e1tica &#8230; <a title=\"USUARIO SIUNED\" class=\"read-more\" href=\"https:\/\/isfd14-nqn.infd.edu.ar\/sitio\/usuario-siuned\/\" aria-label=\"More on USUARIO SIUNED\">[+]<\/a><\/p>\n","protected":false},"author":1183,"featured_media":0,"parent":0,"menu_order":0,"comment_status":"closed","ping_status":"closed","template":"","meta":[],"acf":[],"_links":{"self":[{"href":"https:\/\/isfd14-nqn.infd.edu.ar\/sitio\/wp-json\/wp\/v2\/pages\/10551"}],"collection":[{"href":"https:\/\/isfd14-nqn.infd.edu.ar\/sitio\/wp-json\/wp\/v2\/pages"}],"about":[{"href":"https:\/\/isfd14-nqn.infd.edu.ar\/sitio\/wp-json\/wp\/v2\/types\/page"}],"author":[{"embeddable":true,"href":"https:\/\/isfd14-nqn.infd.edu.ar\/sitio\/wp-json\/wp\/v2\/users\/1183"}],"replies":[{"embeddable":true,"href":"https:\/\/isfd14-nqn.infd.edu.ar\/sitio\/wp-json\/wp\/v2\/comments?post=10551"}],"version-history":[{"count":25,"href":"https:\/\/isfd14-nqn.infd.edu.ar\/sitio\/wp-json\/wp\/v2\/pages\/10551\/revisions"}],"predecessor-version":[{"id":12508,"href":"https:\/\/isfd14-nqn.infd.edu.ar\/sitio\/wp-json\/wp\/v2\/pages\/10551\/revisions\/12508"}],"wp:attachment":[{"href":"https:\/\/isfd14-nqn.infd.edu.ar\/sitio\/wp-json\/wp\/v2\/media?parent=10551"}],"curies":[{"name":"wp","href":"https:\/\/api.w.org\/{rel}","templated":true}]}}