{"id":1058,"date":"2019-12-10T09:18:53","date_gmt":"2019-12-10T12:18:53","guid":{"rendered":"https:\/\/isfd14-nqn.infd.edu.ar\/sitio\/?page_id=1058"},"modified":"2024-10-07T14:47:05","modified_gmt":"2024-10-07T17:47:05","slug":"etapa-2017-2019","status":"publish","type":"page","link":"https:\/\/isfd14-nqn.infd.edu.ar\/sitio\/etapa-2017-2019\/","title":{"rendered":"ETAPA 2017-2019"},"content":{"rendered":"\n<div class=\"wp-block-cover is-light has-medium-font-size\" style=\"min-height:91px\"><span aria-hidden=\"true\" class=\"wp-block-cover__background has-background-dim-100 has-background-dim\" style=\"background-color:#5f83d8\"><\/span><div class=\"wp-block-cover__inner-container\">\n<p class=\"has-text-align-center has-base-3-color has-text-color has-medium-font-size\"><strong>ETAPA 2017-2019<\/strong><\/p>\n<\/div><\/div>\n\n\n<p style=\"text-align: left;\"><strong>PROYECTOS<\/strong><\/p>\n<ol>\n<li><strong>Propuestas did\u00e1cticas para la ense\u00f1anza de la f\u00edsica a partir de la conformaci\u00f3n de parejas pedag\u00f3gicas<\/strong> (Elizondo, A.; Hermosilla P.; Hermosilla M.; Campos R.; Schwindt, A). Inici\u00f3 en 2017. Etapa del proyecto finalizada, con informe final en mayo de 2021.<\/li>\n<li><strong>La interculturalidad en la escuela: tensiones y desaf\u00edos<\/strong> (Epherra, H; Mongel\u00f3s, R.; Contreras, E.; Ben\u00edtez, M.). Inici\u00f3 en 2017, entregan informe preliminar en diciembre de 2019, Proyecto finalizado, con entrega de informe final en mayo de 2021.<\/li>\n<li><strong>El rol de los datos y su an\u00e1lisis en la educaci\u00f3n contempor\u00e1nea <\/strong>(Biedma, N.; Fuentes J.; Van Diest, G.; Colligo, C.; estudiante: Almiron, N.) Inici\u00f3 en 2017. Proyecto finalizado, con entrega de informe final (versi\u00f3n preliminar) en diciembre de 2019.<\/li>\n<\/ol>\n<p style=\"margin: 0cm; margin-bottom: .0001pt; text-align: right;\" align=\"right\">Pedro Bascu\u00f1an<\/p>\n<p style=\"margin: 0cm; margin-bottom: .0001pt; text-align: right;\" align=\"right\">Secretario de investigaci\u00f3n<\/p>\n<hr \/>","protected":false},"excerpt":{"rendered":"<p>PROYECTOS Propuestas did\u00e1cticas para la ense\u00f1anza de la f\u00edsica a partir de la conformaci\u00f3n de parejas pedag\u00f3gicas (Elizondo, A.; Hermosilla P.; Hermosilla M.; Campos R.; Schwindt, A). Inici\u00f3 en 2017. Etapa del proyecto finalizada, con informe final en mayo de 2021. La interculturalidad en la escuela: tensiones y desaf\u00edos (Epherra, H; Mongel\u00f3s, R.; Contreras, E.; &#8230; <a title=\"ETAPA 2017-2019\" class=\"read-more\" href=\"https:\/\/isfd14-nqn.infd.edu.ar\/sitio\/etapa-2017-2019\/\" aria-label=\"More on ETAPA 2017-2019\">[+]<\/a><\/p>\n","protected":false},"author":612,"featured_media":0,"parent":0,"menu_order":0,"comment_status":"closed","ping_status":"closed","template":"","meta":[],"acf":[],"_links":{"self":[{"href":"https:\/\/isfd14-nqn.infd.edu.ar\/sitio\/wp-json\/wp\/v2\/pages\/1058"}],"collection":[{"href":"https:\/\/isfd14-nqn.infd.edu.ar\/sitio\/wp-json\/wp\/v2\/pages"}],"about":[{"href":"https:\/\/isfd14-nqn.infd.edu.ar\/sitio\/wp-json\/wp\/v2\/types\/page"}],"author":[{"embeddable":true,"href":"https:\/\/isfd14-nqn.infd.edu.ar\/sitio\/wp-json\/wp\/v2\/users\/612"}],"replies":[{"embeddable":true,"href":"https:\/\/isfd14-nqn.infd.edu.ar\/sitio\/wp-json\/wp\/v2\/comments?post=1058"}],"version-history":[{"count":10,"href":"https:\/\/isfd14-nqn.infd.edu.ar\/sitio\/wp-json\/wp\/v2\/pages\/1058\/revisions"}],"predecessor-version":[{"id":4205,"href":"https:\/\/isfd14-nqn.infd.edu.ar\/sitio\/wp-json\/wp\/v2\/pages\/1058\/revisions\/4205"}],"wp:attachment":[{"href":"https:\/\/isfd14-nqn.infd.edu.ar\/sitio\/wp-json\/wp\/v2\/media?parent=1058"}],"curies":[{"name":"wp","href":"https:\/\/api.w.org\/{rel}","templated":true}]}}