{"id":1068,"date":"2019-12-10T09:34:48","date_gmt":"2019-12-10T12:34:48","guid":{"rendered":"https:\/\/isfd14-nqn.infd.edu.ar\/sitio\/?page_id=1068"},"modified":"2024-10-07T14:24:46","modified_gmt":"2024-10-07T17:24:46","slug":"etapa-2019-2021","status":"publish","type":"page","link":"https:\/\/isfd14-nqn.infd.edu.ar\/sitio\/etapa-2019-2021\/","title":{"rendered":"ETAPA 2019\u20132021"},"content":{"rendered":"\n<div class=\"wp-block-cover is-light\" style=\"min-height:91px\"><span aria-hidden=\"true\" class=\"wp-block-cover__background has-background-dim-100 has-background-dim\" style=\"background-color:#5f83d8\"><\/span><div class=\"wp-block-cover__inner-container\">\n<p class=\"has-text-align-center has-base-3-color has-text-color has-medium-font-size\"><strong>ETAPA 2019-2021<\/strong><\/p>\n<\/div><\/div>\n\n\n<p style=\"text-align: left;\"><strong>PROYECTOS<\/strong><\/p>\n<ol>\n<li><strong>Noveles, el proceso de la profesionalizaci\u00f3n docente<\/strong> (Docentes: D\u00edaz S., Figueroa B., Ruiz R.,). Inici\u00f3 en marzo de 2019.<\/li>\n<li><strong>Los sentidos sociales de la educaci\u00f3n secundaria presentes en las instituciones educativas de Cutral-C\u00f3 y Plaza Huincul<\/strong> (Docentes: Colligo, C.; Reyes, V.; Rosales, P.; V\u00e1zquez, J.). Inici\u00f3 en marzo 2019.<\/li>\n<li><strong>Literaturas orales. Las cuatro estaciones y el viento susurran cantos, poemas y narraciones<\/strong> (Docentes: Dumigual, S.; Leiva, L.; Abarz\u00faa, J.). Iniciado en marzo 2019 y cerrado con informe de avance en mayo 2021.<\/li>\n<li><strong>El taller, una experiencia a ser pensada<\/strong> (Docentes: Bascu\u00f1an, P.; Dumigual, S.; Petronace, V.; Ramirez, A.; R\u00edos, K.). Inici\u00f3 en marzo de 2019 (proyecto derivado de una instancia de investigaci\u00f3n sobre el taller efectuada en el lapso 2016\u20132018).<\/li>\n<li><strong>El estr\u00e9s en la docencia <\/strong>(Docentes: Olmedo J., \u00c1lzaga, B.; Sandoval, R.; Baldi, F.) Iniciado en marzo de 2019 y cerrado con informe de avance en mayo 2021.<\/li>\n<li><strong>El desaf\u00edo de elaborar consignas <\/strong>(Docentes: Rosales, P.; Gutierrez, C.; Nu\u00f1ez, Paola; Ponce, C.; Raticelli, J.; Maglione, J.). Iniciado en marzo 2019 y suspendido provisoriamente en mayo 2021 (por emergentes relativos a la pandemia).<\/li>\n<li><strong>Capacitaci\u00f3n continua docente en la inclusi\u00f3n <\/strong>(Docentes: Sandoval R., Baldi F., Inostroza R., Puertas R.; Leiva, Luisa.). Iniciado en marzo 2019 y suspendido provisoriamente en mayo 2021 (por emergentes relativos a la pandemia).<\/li>\n<li><strong>La deserci\u00f3n estudiantil en el Profesorado de Lengua y Literatura<\/strong> (Docente: Lauman, N.; y estudiantes del Profesorado de Lengua y Literatura: Ins\u00faa, G.; Soto Gutierrez, N; Orozco, S.; Carrillo, L.; C\u00e1rdena, K.; Pedroso, D.; Duran, Y.; Aravena, A.). Iniciado en agosto de 2019, con informes de avance a finales de 2019 y en mayo 2021.<\/li>\n<\/ol>\n<p style=\"margin: 0cm; margin-bottom: .0001pt; text-align: right;\" align=\"right\">Pedro Bascu\u00f1an<\/p>\n<p style=\"margin: 0cm; margin-bottom: .0001pt; text-align: right;\" align=\"right\">Secretario de investigaci\u00f3n<\/p>","protected":false},"excerpt":{"rendered":"<p>PROYECTOS Noveles, el proceso de la profesionalizaci\u00f3n docente (Docentes: D\u00edaz S., Figueroa B., Ruiz R.,). Inici\u00f3 en marzo de 2019. Los sentidos sociales de la educaci\u00f3n secundaria presentes en las instituciones educativas de Cutral-C\u00f3 y Plaza Huincul (Docentes: Colligo, C.; Reyes, V.; Rosales, P.; V\u00e1zquez, J.). Inici\u00f3 en marzo 2019. Literaturas orales. Las cuatro estaciones &#8230; <a title=\"ETAPA 2019\u20132021\" class=\"read-more\" href=\"https:\/\/isfd14-nqn.infd.edu.ar\/sitio\/etapa-2019-2021\/\" aria-label=\"More on ETAPA 2019\u20132021\">[+]<\/a><\/p>\n","protected":false},"author":612,"featured_media":0,"parent":0,"menu_order":0,"comment_status":"closed","ping_status":"closed","template":"","meta":[],"acf":[],"_links":{"self":[{"href":"https:\/\/isfd14-nqn.infd.edu.ar\/sitio\/wp-json\/wp\/v2\/pages\/1068"}],"collection":[{"href":"https:\/\/isfd14-nqn.infd.edu.ar\/sitio\/wp-json\/wp\/v2\/pages"}],"about":[{"href":"https:\/\/isfd14-nqn.infd.edu.ar\/sitio\/wp-json\/wp\/v2\/types\/page"}],"author":[{"embeddable":true,"href":"https:\/\/isfd14-nqn.infd.edu.ar\/sitio\/wp-json\/wp\/v2\/users\/612"}],"replies":[{"embeddable":true,"href":"https:\/\/isfd14-nqn.infd.edu.ar\/sitio\/wp-json\/wp\/v2\/comments?post=1068"}],"version-history":[{"count":9,"href":"https:\/\/isfd14-nqn.infd.edu.ar\/sitio\/wp-json\/wp\/v2\/pages\/1068\/revisions"}],"predecessor-version":[{"id":4198,"href":"https:\/\/isfd14-nqn.infd.edu.ar\/sitio\/wp-json\/wp\/v2\/pages\/1068\/revisions\/4198"}],"wp:attachment":[{"href":"https:\/\/isfd14-nqn.infd.edu.ar\/sitio\/wp-json\/wp\/v2\/media?parent=1068"}],"curies":[{"name":"wp","href":"https:\/\/api.w.org\/{rel}","templated":true}]}}