{"id":10865,"date":"2026-03-03T22:39:25","date_gmt":"2026-03-04T01:39:25","guid":{"rendered":"https:\/\/isfd14-nqn.infd.edu.ar\/sitio\/?page_id=10865"},"modified":"2026-03-19T18:00:09","modified_gmt":"2026-03-19T21:00:09","slug":"matriculacion-manual-fisica","status":"publish","type":"page","link":"https:\/\/isfd14-nqn.infd.edu.ar\/sitio\/matriculacion-manual-fisica\/","title":{"rendered":"Matriculaci\u00f3n manual f\u00edsica"},"content":{"rendered":"\n<div class=\"wp-block-cover is-light\" style=\"min-height:91px\"><span aria-hidden=\"true\" class=\"wp-block-cover__background has-background-dim-100 has-background-dim\" style=\"background-color:#5f83d8\"><\/span><div class=\"wp-block-cover__inner-container\">\n<p class=\"has-text-align-center has-base-3-color has-text-color has-large-font-size\"><strong>FORMULARIOS MATRICULACI\u00d3N MANUAL F\u00cdSICA<\/strong><\/p>\n<\/div><\/div>\n\n\n\n<hr class=\"wp-block-separator has-text-color has-accent-color has-alpha-channel-opacity has-accent-background-color has-background\"\/>\n\n\n\n<p class=\"has-medium-font-size\">A continuaci\u00f3n podes seleccionar el formulario de inscripci\u00f3n a materias seg\u00fan cohorte<\/p>\n\n\n\n<p class=\"has-medium-font-size\"><img decoding=\"async\" loading=\"lazy\" width=\"1920\" height=\"1920\" class=\"wp-image-10092\" style=\"width: 50px;\" src=\"https:\/\/isfd14-nqn.infd.edu.ar\/sitio\/wp-content\/uploads\/2026\/02\/pngwing.com11.png\" alt=\"\" srcset=\"https:\/\/isfd14-nqn.infd.edu.ar\/sitio\/wp-content\/uploads\/2026\/02\/pngwing.com11.png 1920w, https:\/\/isfd14-nqn.infd.edu.ar\/sitio\/wp-content\/uploads\/2026\/02\/pngwing.com11-1000x1000.png 1000w, https:\/\/isfd14-nqn.infd.edu.ar\/sitio\/wp-content\/uploads\/2026\/02\/pngwing.com11-1900x1900.png 1900w, https:\/\/isfd14-nqn.infd.edu.ar\/sitio\/wp-content\/uploads\/2026\/02\/pngwing.com11-500x500.png 500w, https:\/\/isfd14-nqn.infd.edu.ar\/sitio\/wp-content\/uploads\/2026\/02\/pngwing.com11-768x768.png 768w, https:\/\/isfd14-nqn.infd.edu.ar\/sitio\/wp-content\/uploads\/2026\/02\/pngwing.com11-1536x1536.png 1536w\" sizes=\"(max-width: 1920px) 100vw, 1920px\" \/>Se debe descargar, completar y llevarlo a tu preceptor\/a: <\/p>\n\n\n\n<p class=\"has-medium-font-size\"><strong><strong>MATR\u00cdCULAS DE F\u00cdSICA COHORTE <\/strong>ANTERIORES<\/strong><br><img decoding=\"async\" loading=\"lazy\" width=\"48\" height=\"48\" class=\"wp-image-8754\" style=\"width: 48px;\" src=\"https:\/\/isfd14-nqn.infd.edu.ar\/sitio\/wp-content\/uploads\/2025\/08\/icons8-importante-481.png\" alt=\"\"> No olvides de revisar\/cambiar el a\u00f1o en que  te matriculas, es un archivo word editable cuando lo descargas<\/p>\n\n\n\n<figure class=\"wp-block-table is-style-stripes has-medium-font-size\"><table class=\"has-background\" style=\"background-color:#9eb1df\"><tbody><tr><td><img decoding=\"async\" loading=\"lazy\" width=\"80\" height=\"80\" class=\"wp-image-8485\" style=\"width: 70px;\" src=\"https:\/\/isfd14-nqn.infd.edu.ar\/sitio\/wp-content\/uploads\/2025\/08\/icons8-hojas-de-calculo-80.png\" alt=\"\">FORMULARIO<\/td><td><img decoding=\"async\" loading=\"lazy\" width=\"512\" height=\"512\" class=\"wp-image-10751\" style=\"width: 50px;\" src=\"https:\/\/isfd14-nqn.infd.edu.ar\/sitio\/wp-content\/uploads\/2026\/03\/descargar.png\" alt=\"\" srcset=\"https:\/\/isfd14-nqn.infd.edu.ar\/sitio\/wp-content\/uploads\/2026\/03\/descargar.png 512w, https:\/\/isfd14-nqn.infd.edu.ar\/sitio\/wp-content\/uploads\/2026\/03\/descargar-500x500.png 500w\" sizes=\"(max-width: 512px) 100vw, 512px\" \/>2026<\/td><td><img decoding=\"async\" loading=\"lazy\" width=\"512\" height=\"512\" class=\"wp-image-10751\" style=\"width: 50px;\" src=\"https:\/\/isfd14-nqn.infd.edu.ar\/sitio\/wp-content\/uploads\/2026\/03\/descargar.png\" alt=\"\" srcset=\"https:\/\/isfd14-nqn.infd.edu.ar\/sitio\/wp-content\/uploads\/2026\/03\/descargar.png 512w, https:\/\/isfd14-nqn.infd.edu.ar\/sitio\/wp-content\/uploads\/2026\/03\/descargar-500x500.png 500w\" sizes=\"(max-width: 512px) 100vw, 512px\" \/>2024<\/td><td><img decoding=\"async\" loading=\"lazy\" width=\"512\" height=\"512\" class=\"wp-image-10751\" style=\"width: 50px;\" src=\"https:\/\/isfd14-nqn.infd.edu.ar\/sitio\/wp-content\/uploads\/2026\/03\/descargar.png\" alt=\"\" srcset=\"https:\/\/isfd14-nqn.infd.edu.ar\/sitio\/wp-content\/uploads\/2026\/03\/descargar.png 512w, https:\/\/isfd14-nqn.infd.edu.ar\/sitio\/wp-content\/uploads\/2026\/03\/descargar-500x500.png 500w\" sizes=\"(max-width: 512px) 100vw, 512px\" \/>2023<\/td><\/tr><tr><td>1\u00b0 a 4\u00b0<\/td><td><a href=\"https:\/\/isfd14-nqn.infd.edu.ar\/sitio\/wp-content\/uploads\/2026\/03\/MATRICULAS-FISICA-2026.docx\" target=\"_blank\" rel=\"noreferrer noopener\"><img decoding=\"async\" loading=\"lazy\" width=\"1024\" height=\"1024\" class=\"wp-image-5657\" style=\"width: 80px;\" src=\"https:\/\/isfd14-nqn.infd.edu.ar\/sitio\/wp-content\/uploads\/2024\/11\/hojaword.png\" alt=\"\" srcset=\"https:\/\/isfd14-nqn.infd.edu.ar\/sitio\/wp-content\/uploads\/2024\/11\/hojaword.png 1024w, https:\/\/isfd14-nqn.infd.edu.ar\/sitio\/wp-content\/uploads\/2024\/11\/hojaword-1000x1000.png 1000w, https:\/\/isfd14-nqn.infd.edu.ar\/sitio\/wp-content\/uploads\/2024\/11\/hojaword-500x500.png 500w, https:\/\/isfd14-nqn.infd.edu.ar\/sitio\/wp-content\/uploads\/2024\/11\/hojaword-768x768.png 768w\" sizes=\"(max-width: 1024px) 100vw, 1024px\" \/><\/a><\/td><td> <a href=\"https:\/\/isfd14-nqn.infd.edu.ar\/sitio\/wp-content\/uploads\/2024\/09\/MATRICULAS-FISICA-1.docx\" target=\"_blank\" rel=\"noreferrer noopener\"><img decoding=\"async\" loading=\"lazy\" width=\"1024\" height=\"1024\" class=\"wp-image-5657\" style=\"width: 80px;\" src=\"https:\/\/isfd14-nqn.infd.edu.ar\/sitio\/wp-content\/uploads\/2024\/11\/hojaword.png\" alt=\"\" srcset=\"https:\/\/isfd14-nqn.infd.edu.ar\/sitio\/wp-content\/uploads\/2024\/11\/hojaword.png 1024w, https:\/\/isfd14-nqn.infd.edu.ar\/sitio\/wp-content\/uploads\/2024\/11\/hojaword-1000x1000.png 1000w, https:\/\/isfd14-nqn.infd.edu.ar\/sitio\/wp-content\/uploads\/2024\/11\/hojaword-500x500.png 500w, https:\/\/isfd14-nqn.infd.edu.ar\/sitio\/wp-content\/uploads\/2024\/11\/hojaword-768x768.png 768w\" sizes=\"(max-width: 1024px) 100vw, 1024px\" \/><\/a><\/td><td><a rel=\"noreferrer noopener\" href=\"https:\/\/isfd14-nqn.infd.edu.ar\/sitio\/wp-content\/uploads\/2024\/09\/MATRICULAFISICAANTERIORES.docx\" target=\"_blank\"><img decoding=\"async\" loading=\"lazy\" width=\"1024\" height=\"1024\" class=\"wp-image-5657\" style=\"width: 80px;\" src=\"https:\/\/isfd14-nqn.infd.edu.ar\/sitio\/wp-content\/uploads\/2024\/11\/hojaword.png\" alt=\"\" srcset=\"https:\/\/isfd14-nqn.infd.edu.ar\/sitio\/wp-content\/uploads\/2024\/11\/hojaword.png 1024w, https:\/\/isfd14-nqn.infd.edu.ar\/sitio\/wp-content\/uploads\/2024\/11\/hojaword-1000x1000.png 1000w, https:\/\/isfd14-nqn.infd.edu.ar\/sitio\/wp-content\/uploads\/2024\/11\/hojaword-500x500.png 500w, https:\/\/isfd14-nqn.infd.edu.ar\/sitio\/wp-content\/uploads\/2024\/11\/hojaword-768x768.png 768w\" sizes=\"(max-width: 1024px) 100vw, 1024px\" \/><\/a><\/td><\/tr><\/tbody><\/table><\/figure>\n","protected":false},"excerpt":{"rendered":"<p>A continuaci\u00f3n podes seleccionar el formulario de inscripci\u00f3n a materias seg\u00fan cohorte Se debe descargar, completar y llevarlo a tu preceptor\/a: MATR\u00cdCULAS DE F\u00cdSICA COHORTE ANTERIORES No olvides de revisar\/cambiar el a\u00f1o en que te matriculas, es un archivo word editable cuando lo descargas FORMULARIO 2026 2024 2023 1\u00b0 a 4\u00b0<\/p>\n","protected":false},"author":1183,"featured_media":0,"parent":0,"menu_order":0,"comment_status":"closed","ping_status":"closed","template":"","meta":[],"acf":[],"_links":{"self":[{"href":"https:\/\/isfd14-nqn.infd.edu.ar\/sitio\/wp-json\/wp\/v2\/pages\/10865"}],"collection":[{"href":"https:\/\/isfd14-nqn.infd.edu.ar\/sitio\/wp-json\/wp\/v2\/pages"}],"about":[{"href":"https:\/\/isfd14-nqn.infd.edu.ar\/sitio\/wp-json\/wp\/v2\/types\/page"}],"author":[{"embeddable":true,"href":"https:\/\/isfd14-nqn.infd.edu.ar\/sitio\/wp-json\/wp\/v2\/users\/1183"}],"replies":[{"embeddable":true,"href":"https:\/\/isfd14-nqn.infd.edu.ar\/sitio\/wp-json\/wp\/v2\/comments?post=10865"}],"version-history":[{"count":10,"href":"https:\/\/isfd14-nqn.infd.edu.ar\/sitio\/wp-json\/wp\/v2\/pages\/10865\/revisions"}],"predecessor-version":[{"id":11831,"href":"https:\/\/isfd14-nqn.infd.edu.ar\/sitio\/wp-json\/wp\/v2\/pages\/10865\/revisions\/11831"}],"wp:attachment":[{"href":"https:\/\/isfd14-nqn.infd.edu.ar\/sitio\/wp-json\/wp\/v2\/media?parent=10865"}],"curies":[{"name":"wp","href":"https:\/\/api.w.org\/{rel}","templated":true}]}}