{"id":1116,"date":"2019-12-12T05:29:45","date_gmt":"2019-12-12T08:29:45","guid":{"rendered":"https:\/\/isfd14-nqn.infd.edu.ar\/sitio\/?page_id=1116"},"modified":"2026-02-21T16:40:26","modified_gmt":"2026-02-21T19:40:26","slug":"consultas-y-solicitud-de-informacion","status":"publish","type":"page","link":"https:\/\/isfd14-nqn.infd.edu.ar\/sitio\/consultas-y-solicitud-de-informacion\/","title":{"rendered":"Ubicaci\u00f3n, y otras v\u00edas de contacto"},"content":{"rendered":"\n<div class=\"wp-block-cover is-light\" style=\"min-height:91px\"><span aria-hidden=\"true\" class=\"wp-block-cover__background has-background-dim-100 has-background-dim\" style=\"background-color:#5f83d8\"><\/span><div class=\"wp-block-cover__inner-container\">\n<p class=\"has-text-align-center has-base-3-color has-text-color has-large-font-size\"><strong>UBICACI\u00d3N, Y OTRAS V\u00cdAS DE CONTACTO<\/strong><\/p>\n<\/div><\/div>\n\n\n\n<hr class=\"wp-block-separator has-text-color has-accent-color has-alpha-channel-opacity has-accent-background-color has-background\"\/>\n\n\n\n<p class=\"has-medium-font-size\"><strong>Para m\u00e1s informaci\u00f3n:<\/strong><\/p>\n\n\n\n<div style=\"height:20px\" aria-hidden=\"true\" class=\"wp-block-spacer\"><\/div>\n\n\n\n<div class=\"wp-block-columns is-layout-flex wp-container-4\">\n<div class=\"wp-block-column is-layout-flow\">\n<p><img decoding=\"async\" loading=\"lazy\" width=\"100\" height=\"100\" class=\"wp-image-8534\" style=\"width: 50px;\" src=\"https:\/\/isfd14-nqn.infd.edu.ar\/sitio\/wp-content\/uploads\/2025\/08\/icons8-place-marker-100.png\" alt=\"\">Gregorio \u00c1lvarez 692<\/p>\n<\/div>\n\n\n\n<div class=\"wp-block-column is-layout-flow\">\n<p><img decoding=\"async\" loading=\"lazy\" width=\"96\" height=\"96\" class=\"wp-image-8531\" style=\"width: 50px;\" src=\"https:\/\/isfd14-nqn.infd.edu.ar\/sitio\/wp-content\/uploads\/2025\/08\/icons8-llamar-a-hombre-96.png\" alt=\"\">(0299) 4868858<\/p>\n<\/div>\n\n\n\n<div class=\"wp-block-column is-layout-flow\">\n<p><img decoding=\"async\" loading=\"lazy\" width=\"100\" height=\"100\" class=\"wp-image-8533\" style=\"width: 50px;\" src=\"https:\/\/isfd14-nqn.infd.edu.ar\/sitio\/wp-content\/uploads\/2025\/08\/icons8-sobre-circulado-100.png\" alt=\"\">  ifd14bedelia@gmail.com<\/p>\n<\/div>\n<\/div>\n\n\n\n<hr class=\"wp-block-separator has-text-color has-accent-color has-alpha-channel-opacity has-accent-background-color has-background is-style-dots\"\/>\n\n\n\n<p><img decoding=\"async\" loading=\"lazy\" width=\"64\" height=\"64\" class=\"wp-image-8554\" style=\"width: 64px;\" src=\"https:\/\/isfd14-nqn.infd.edu.ar\/sitio\/wp-content\/uploads\/2025\/08\/icons8-ruta.gif\" alt=\"\"><strong>MAPA DIGITAL:<\/strong><\/p>\n\n\n\n<div class=\"wp-block-columns has-small-font-size is-layout-flex wp-container-6\">\n<div class=\"wp-block-column is-layout-flow\" style=\"flex-basis:50%\">\n<iframe src=\"https:\/\/www.google.com\/maps\/embed?pb=!1m18!1m12!1m3!1d3103.0223625223325!2d-69.21693402503657!3d-38.94631749960939!2m3!1f0!2f0!3f0!3m2!1i1024!2i768!4f13.1!3m3!1m2!1s0x960c692230848a4d%3A0x2ce5dce11bc0870d!2sGregorio%20%C3%81lvarez%20692%2C%20Q8322%20Cutral%20Co%2C%20Neuqu%C3%A9n!5e0!3m2!1ses!2sar!4v1727045852651!5m2!1ses!2sar\" width=\"600\" height=\"450\" style=\"border:0;\" allowfullscreen=\"\" loading=\"lazy\" referrerpolicy=\"no-referrer-when-downgrade\"><\/iframe>\n<\/div>\n<\/div>\n\n\n\n<div style=\"height:39px\" aria-hidden=\"true\" class=\"wp-block-spacer\"><\/div>\n\n\n\n<p><\/p>\n","protected":false},"excerpt":{"rendered":"<p>Para m\u00e1s informaci\u00f3n: Gregorio \u00c1lvarez 692 (0299) 4868858 ifd14bedelia@gmail.com MAPA DIGITAL:<\/p>\n","protected":false},"author":1183,"featured_media":0,"parent":0,"menu_order":0,"comment_status":"closed","ping_status":"closed","template":"","meta":[],"acf":[],"_links":{"self":[{"href":"https:\/\/isfd14-nqn.infd.edu.ar\/sitio\/wp-json\/wp\/v2\/pages\/1116"}],"collection":[{"href":"https:\/\/isfd14-nqn.infd.edu.ar\/sitio\/wp-json\/wp\/v2\/pages"}],"about":[{"href":"https:\/\/isfd14-nqn.infd.edu.ar\/sitio\/wp-json\/wp\/v2\/types\/page"}],"author":[{"embeddable":true,"href":"https:\/\/isfd14-nqn.infd.edu.ar\/sitio\/wp-json\/wp\/v2\/users\/1183"}],"replies":[{"embeddable":true,"href":"https:\/\/isfd14-nqn.infd.edu.ar\/sitio\/wp-json\/wp\/v2\/comments?post=1116"}],"version-history":[{"count":60,"href":"https:\/\/isfd14-nqn.infd.edu.ar\/sitio\/wp-json\/wp\/v2\/pages\/1116\/revisions"}],"predecessor-version":[{"id":8852,"href":"https:\/\/isfd14-nqn.infd.edu.ar\/sitio\/wp-json\/wp\/v2\/pages\/1116\/revisions\/8852"}],"wp:attachment":[{"href":"https:\/\/isfd14-nqn.infd.edu.ar\/sitio\/wp-json\/wp\/v2\/media?parent=1116"}],"curies":[{"name":"wp","href":"https:\/\/api.w.org\/{rel}","templated":true}]}}