{"id":12211,"date":"2026-03-25T11:30:04","date_gmt":"2026-03-25T14:30:04","guid":{"rendered":"https:\/\/isfd14-nqn.infd.edu.ar\/sitio\/?page_id=12211"},"modified":"2026-04-23T18:47:37","modified_gmt":"2026-04-23T21:47:37","slug":"distribucion-de-aulas","status":"publish","type":"page","link":"https:\/\/isfd14-nqn.infd.edu.ar\/sitio\/distribucion-de-aulas\/","title":{"rendered":"Distribuci\u00f3n de aulas"},"content":{"rendered":"\n<div class=\"wp-block-cover alignwide is-light\" style=\"min-height:91px\"><span aria-hidden=\"true\" class=\"wp-block-cover__background has-background-dim-100 has-background-dim\" style=\"background-color:#5f83d8\"><\/span><div class=\"wp-block-cover__inner-container\">\n<p class=\"has-text-align-center has-base-3-color has-text-color has-large-font-size\"><strong>DISTRIBUCI\u00d3N DE AULAS<\/strong><\/p>\n<\/div><\/div>\n\n\n\n<hr class=\"wp-block-separator has-text-color has-accent-color has-alpha-channel-opacity has-accent-background-color has-background\"\/>\n\n\n<h2 style=\"margin-bottom: 10px;\">Organizaci\u00f3n de Aulas<\/h2>\n<p><\/p>\n<h3 style=\"border-left: 6px solid #5f83d8; padding-left: 10px;\">Preceptores Turno Ma\u00f1ana<\/h3>\n<table style=\"border-collapse: collapse; width: 100%; margin: 25px 0; background: #ffffff; border-radius: 6px; overflow: hidden; box-shadow: 0 2px 5px rgba(0,0,0,0.08);\">\n<tbody>\n<tr style=\"background: #5f83d8; color: white;\">\n<th style=\"padding: 12px;\">Preceptor\/a<\/th>\n<th style=\"padding: 12px;\">Profesorado<\/th>\n<th style=\"padding: 12px; text-align: center;\">A\u00f1o<\/th>\n<\/tr>\n<tr>\n<td style=\"padding: 12px; border-top: 1px solid #e5e5e5;\">Maximiliano Castillo<\/td>\n<td style=\"padding: 12px; border-top: 1px solid #e5e5e5;\">Qu\u00edmica<\/td>\n<td style=\"padding: 12px; border-top: 1px solid #e5e5e5; text-align: center;\">1\u00b0, 2\u00b0, 3\u00b0, 4\u00b0<\/td>\n<\/tr>\n<tr style=\"background: #f2f8fc;\">\n<td style=\"padding: 12px; border-top: 1px solid #e5e5e5;\">Yanet Morel<\/td>\n<td style=\"padding: 12px; border-top: 1px solid #e5e5e5;\">Matem\u00e1tica<\/td>\n<td style=\"padding: 12px; border-top: 1px solid #e5e5e5; text-align: center;\">1\u00b0, 2\u00b0, 3\u00b0, 4\u00b0<\/td>\n<\/tr>\n<\/tbody>\n<\/table>\n<p><!-- BEDEL\u00cdA --><\/p>\n<div style=\"background: #f8fbff; border-left: 5px solid #5f83d8; padding: 15px; border-radius: 6px; margin-top: 10px;\"><strong>Bedel\u00eda<\/strong><br>Eduardo L\u00f3pez<\/div>\n<p><\/p>\n\n\n<div class=\"wp-block-columns is-layout-flex wp-container-3\">\n<div class=\"wp-block-column is-layout-flow\">\n<div class=\"wp-block-cover has-custom-content-position is-position-top-center\" style=\"min-height:384px\"><span aria-hidden=\"true\" class=\"wp-block-cover__background has-base-2-background-color has-background-dim-100 has-background-dim\"><\/span><div class=\"wp-block-cover__inner-container\">\n<p class=\"has-text-align-center has-contrast-color has-text-color has-medium-font-size\"><img decoding=\"async\" loading=\"lazy\" width=\"512\" height=\"512\" class=\"wp-image-12225\" style=\"width: 50px;\" src=\"https:\/\/isfd14-nqn.infd.edu.ar\/sitio\/wp-content\/uploads\/2026\/03\/aula.png\" alt=\"\" srcset=\"https:\/\/isfd14-nqn.infd.edu.ar\/sitio\/wp-content\/uploads\/2026\/03\/aula.png 512w, https:\/\/isfd14-nqn.infd.edu.ar\/sitio\/wp-content\/uploads\/2026\/03\/aula-500x500.png 500w\" sizes=\"(max-width: 512px) 100vw, 512px\" \/><img decoding=\"async\" loading=\"lazy\" width=\"512\" height=\"512\" class=\"wp-image-10256\" style=\"width: 50px;\" src=\"https:\/\/isfd14-nqn.infd.edu.ar\/sitio\/wp-content\/uploads\/2026\/02\/tubo-de-ensayoqui.png\" alt=\"\" srcset=\"https:\/\/isfd14-nqn.infd.edu.ar\/sitio\/wp-content\/uploads\/2026\/02\/tubo-de-ensayoqui.png 512w, https:\/\/isfd14-nqn.infd.edu.ar\/sitio\/wp-content\/uploads\/2026\/02\/tubo-de-ensayoqui-500x500.png 500w\" sizes=\"(max-width: 512px) 100vw, 512px\" \/><br>QU\u00cdMICA<\/p>\n\n\n\n<hr class=\"wp-block-separator has-text-color has-alpha-channel-opacity has-background\" style=\"background-color:#1d80d7;color:#1d80d7\"\/>\n\n\n\n<figure class=\"wp-block-table is-style-stripes\"><table class=\"has-contrast-color has-text-color\"><tbody><tr><td>1\u00b0 A\u00f1o<\/td><td>Aula 5<\/td><\/tr><tr><td>2\u00b0 a\u00f1o<\/td><td>Aula 6<\/td><\/tr><tr><td>3\u00b0 A\u00f1o<\/td><td>Aula 4<\/td><\/tr><tr><td>4\u00b0 A\u00f1o<\/td><td>Aula 3<\/td><\/tr><\/tbody><\/table><\/figure>\n<\/div><\/div>\n<\/div>\n\n\n\n<div class=\"wp-block-column is-layout-flow\">\n<div class=\"wp-block-cover has-custom-content-position is-position-top-center\" style=\"min-height:396px\"><span aria-hidden=\"true\" class=\"wp-block-cover__background has-base-2-background-color has-background-dim-100 has-background-dim\"><\/span><div class=\"wp-block-cover__inner-container\">\n<p class=\"has-text-align-center has-contrast-color has-text-color has-medium-font-size\"><img decoding=\"async\" loading=\"lazy\" width=\"512\" height=\"512\" class=\"wp-image-12225\" style=\"width: 50px;\" src=\"https:\/\/isfd14-nqn.infd.edu.ar\/sitio\/wp-content\/uploads\/2026\/03\/aula.png\" alt=\"\" srcset=\"https:\/\/isfd14-nqn.infd.edu.ar\/sitio\/wp-content\/uploads\/2026\/03\/aula.png 512w, https:\/\/isfd14-nqn.infd.edu.ar\/sitio\/wp-content\/uploads\/2026\/03\/aula-500x500.png 500w\" sizes=\"(max-width: 512px) 100vw, 512px\" \/><img decoding=\"async\" loading=\"lazy\" width=\"512\" height=\"512\" class=\"wp-image-10253\" style=\"width: 50px;\" src=\"https:\/\/isfd14-nqn.infd.edu.ar\/sitio\/wp-content\/uploads\/2026\/02\/calculadoramate.png\" alt=\"\" srcset=\"https:\/\/isfd14-nqn.infd.edu.ar\/sitio\/wp-content\/uploads\/2026\/02\/calculadoramate.png 512w, https:\/\/isfd14-nqn.infd.edu.ar\/sitio\/wp-content\/uploads\/2026\/02\/calculadoramate-500x500.png 500w\" sizes=\"(max-width: 512px) 100vw, 512px\" \/><br>MATEM\u00c1TICA<\/p>\n\n\n\n<hr class=\"wp-block-separator has-text-color has-alpha-channel-opacity has-background\" style=\"background-color:#dd3920;color:#dd3920\"\/>\n\n\n\n<figure class=\"wp-block-table is-style-stripes\"><table class=\"has-contrast-color has-text-color\"><tbody><tr><td>1\u00b0 A\u00f1o<\/td><td>Aula 7<\/td><\/tr><tr><td>2\u00b0 a\u00f1o<\/td><td>Aula 1<\/td><\/tr><tr><td>3\u00b0 A\u00f1o<\/td><td>Aula 2<\/td><\/tr><tr><td>4\u00b0 A\u00f1o<\/td><td>Aula 8<\/td><\/tr><\/tbody><\/table><\/figure>\n<\/div><\/div>\n<\/div>\n<\/div>\n\n\n<h2 style=\"margin-bottom: 10px;\">Preceptores<\/h2>\n<h3 style=\"border-left: 6px solid #5f83d8; padding-left: 10px;\">Turno Tarde<\/h3>\n<table style=\"border-collapse: collapse; width: 100%; margin: 25px 0; background: #ffffff; border-radius: 6px; overflow: hidden; box-shadow: 0 2px 5px rgba(0,0,0,0.08);\">\n<tbody>\n<tr style=\"background: #5f83d8; color: white;\">\n<th style=\"padding: 12px;\">Preceptora<\/th>\n<th style=\"padding: 12px;\">Profesorado<\/th>\n<th style=\"padding: 12px; text-align: center;\">A\u00f1o<\/th>\n<\/tr>\n<tr>\n<td style=\"padding: 12px; border-top: 1px solid #e5e5e5;\">Kimy G\u00f3mez<\/td>\n<td style=\"padding: 12px; border-top: 1px solid #e5e5e5;\">Biolog\u00eda<\/td>\n<td style=\"padding: 12px; border-top: 1px solid #e5e5e5; text-align: center;\">1\u00b0 A, 2\u00b0 A<\/td>\n<\/tr>\n<tr style=\"background: #f2f8fc;\">\n<td style=\"padding: 12px; border-top: 1px solid #e5e5e5;\">Celia Lagos<\/td>\n<td style=\"padding: 12px; border-top: 1px solid #e5e5e5;\">Biolog\u00eda<\/td>\n<td style=\"padding: 12px; border-top: 1px solid #e5e5e5; text-align: center;\">1\u00b0 B, 2\u00b0 B<\/td>\n<\/tr>\n<tr>\n<td style=\"padding: 12px; border-top: 1px solid #e5e5e5;\">Jorgelina L\u00f3pez<\/td>\n<td style=\"padding: 12px; border-top: 1px solid #e5e5e5;\">F\u00edsica<\/td>\n<td style=\"padding: 12px; border-top: 1px solid #e5e5e5; text-align: center;\">1\u00b0, 2\u00b0, 3\u00b0, 4\u00b0<\/td>\n<\/tr>\n<\/tbody>\n<\/table>\n<p><!-- BEDEL\u00cdA --><\/p>\n<div style=\"background: #f8fbff; border-left: 5px solid #5f83d8; padding: 15px; border-radius: 6px; margin-top: 10px;\"><strong>Bedel\u00eda<\/strong><br>Magal\u00ed Bulhoes<\/div>\n\n\n<div style=\"height:23px\" aria-hidden=\"true\" class=\"wp-block-spacer\"><\/div>\n\n\n\n<div class=\"wp-block-columns is-layout-flex wp-container-6\">\n<div class=\"wp-block-column is-layout-flow\">\n<div class=\"wp-block-cover has-custom-content-position is-position-top-center\" style=\"min-height:404px\"><span aria-hidden=\"true\" class=\"wp-block-cover__background has-base-2-background-color has-background-dim-100 has-background-dim\"><\/span><div class=\"wp-block-cover__inner-container\">\n<p class=\"has-text-align-center has-contrast-color has-text-color has-medium-font-size\"><img decoding=\"async\" loading=\"lazy\" width=\"512\" height=\"512\" class=\"wp-image-12225\" style=\"width: 50px;\" src=\"https:\/\/isfd14-nqn.infd.edu.ar\/sitio\/wp-content\/uploads\/2026\/03\/aula.png\" alt=\"\" srcset=\"https:\/\/isfd14-nqn.infd.edu.ar\/sitio\/wp-content\/uploads\/2026\/03\/aula.png 512w, https:\/\/isfd14-nqn.infd.edu.ar\/sitio\/wp-content\/uploads\/2026\/03\/aula-500x500.png 500w\" sizes=\"(max-width: 512px) 100vw, 512px\" \/><img decoding=\"async\" loading=\"lazy\" width=\"50\" height=\"50\" class=\"wp-image-8482\" style=\"width: 50px;\" src=\"https:\/\/isfd14-nqn.infd.edu.ar\/sitio\/wp-content\/uploads\/2025\/08\/icons8-fisica-50.png\" alt=\"\"><br>F\u00cdSICA<\/p>\n\n\n\n<hr class=\"wp-block-separator has-text-color has-alpha-channel-opacity has-background\" style=\"background-color:#f7eb12;color:#f7eb12\"\/>\n\n\n\n<figure class=\"wp-block-table is-style-stripes\"><table class=\"has-contrast-color has-text-color\"><tbody><tr><td>1\u00b0 A\u00f1o<\/td><td>Aula 1<\/td><\/tr><tr><td>2\u00b0 a\u00f1o<\/td><td>Aula 2<\/td><\/tr><tr><td>3\u00b0 A\u00f1o<\/td><td>Aula 3<br>-Viernes 17:20 a 19:10 (tr\u00e1iler 9)<br>Mov. Ondulatorio<\/td><\/tr><tr><td>4\u00b0 A\u00f1o<\/td><td>Aula 8<\/td><\/tr><\/tbody><\/table><\/figure>\n<\/div><\/div>\n<\/div>\n\n\n\n<div class=\"wp-block-column is-layout-flow\">\n<div class=\"wp-block-cover has-custom-content-position is-position-top-center\" style=\"min-height:419px\"><span aria-hidden=\"true\" class=\"wp-block-cover__background has-base-2-background-color has-background-dim-100 has-background-dim\"><\/span><div class=\"wp-block-cover__inner-container\">\n<p class=\"has-text-align-center has-contrast-color has-text-color has-medium-font-size\"><img decoding=\"async\" loading=\"lazy\" width=\"512\" height=\"512\" class=\"wp-image-12225\" style=\"width: 50px;\" src=\"https:\/\/isfd14-nqn.infd.edu.ar\/sitio\/wp-content\/uploads\/2026\/03\/aula.png\" alt=\"\" srcset=\"https:\/\/isfd14-nqn.infd.edu.ar\/sitio\/wp-content\/uploads\/2026\/03\/aula.png 512w, https:\/\/isfd14-nqn.infd.edu.ar\/sitio\/wp-content\/uploads\/2026\/03\/aula-500x500.png 500w\" sizes=\"(max-width: 512px) 100vw, 512px\" \/><img decoding=\"async\" loading=\"lazy\" width=\"512\" height=\"512\" class=\"wp-image-10257\" style=\"width: 50px;\" src=\"https:\/\/isfd14-nqn.infd.edu.ar\/sitio\/wp-content\/uploads\/2026\/02\/biologicel.png\" alt=\"\" srcset=\"https:\/\/isfd14-nqn.infd.edu.ar\/sitio\/wp-content\/uploads\/2026\/02\/biologicel.png 512w, https:\/\/isfd14-nqn.infd.edu.ar\/sitio\/wp-content\/uploads\/2026\/02\/biologicel-500x500.png 500w\" sizes=\"(max-width: 512px) 100vw, 512px\" \/><br>BIOLOG\u00cdA<\/p>\n\n\n\n<hr class=\"wp-block-separator has-text-color has-alpha-channel-opacity has-background\" style=\"background-color:#93d551;color:#93d551\"\/>\n\n\n\n<figure class=\"wp-block-table is-style-stripes\"><table class=\"has-contrast-color has-text-color\"><tbody><tr><td>1\u00b0 A\u00f1o \u00abA\u00bb Aula 7<\/td><td>1\u00b0 A\u00f1o \u00abB\u00bb Aula 5<br>-(Mierc.17:20 a 19:10)<br>Ingl\u00e9s<\/td><\/tr><tr><td>2\u00b0 A\u00f1o \u00abA\u00bb Aula 4<\/td><td>2\u00b0 A\u00f1o \u00abB\u00bb Aula 9 (M\u00f3vil)<\/td><\/tr><tr><td>3\u00b0  A\u00f1o A <\/td><td>Aula 6<\/td><\/tr><tr><td>4\u00b0 A\u00f1o<\/td><td>Pr\u00f3x.-<\/td><\/tr><\/tbody><\/table><\/figure>\n<\/div><\/div>\n\n\n\n<p><\/p>\n<\/div>\n<\/div>\n\n\n\n<div style=\"height:26px\" aria-hidden=\"true\" class=\"wp-block-spacer\"><\/div>\n\n\n<h2 style=\"margin-bottom: 10px;\">Preceptores<\/h2>\n<h3 style=\"border-left: 6px solid #5f83d8; padding-left: 10px;\">Turno Vespertino<\/h3>\n<table style=\"border-collapse: collapse; width: 100%; margin: 25px 0; background: #ffffff; border-radius: 6px; overflow: hidden; box-shadow: 0 2px 5px rgba(0,0,0,0.08);\">\n<tbody>\n<tr style=\"background: #5f83d8; color: white;\">\n<th style=\"padding: 12px;\">Preceptora<\/th>\n<th style=\"padding: 12px;\">Profesorado<\/th>\n<th style=\"padding: 12px; text-align: center;\">A\u00f1o<\/th>\n<\/tr>\n<tr>\n<td style=\"padding: 12px; border-top: 1px solid #e5e5e5;\">Barros Mirian<\/td>\n<td style=\"padding: 12px; border-top: 1px solid #e5e5e5;\">Geograf\u00eda<\/td>\n<td style=\"padding: 12px; border-top: 1px solid #e5e5e5; text-align: center;\">1\u00b0 A, 2\u00b0 B<\/td>\n<\/tr>\n<tr style=\"background: #f2f8fc;\">\n<td style=\"padding: 12px; border-top: 1px solid #e5e5e5;\">Jessica Kuypers<\/td>\n<td style=\"padding: 12px; border-top: 1px solid #e5e5e5;\">Geograf\u00eda<\/td>\n<td style=\"padding: 12px; border-top: 1px solid #e5e5e5; text-align: center;\">2\u00b0, 3\u00b0, 4\u00b0<\/td>\n<\/tr>\n<tr>\n<td style=\"padding: 12px; border-top: 1px solid #e5e5e5;\">Sabrina Rold\u00e1n<\/td>\n<td style=\"padding: 12px; border-top: 1px solid #e5e5e5;\">Lengua y Literatura<\/td>\n<td style=\"padding: 12px; border-top: 1px solid #e5e5e5; text-align: center;\">1\u00b0, 2\u00b0<\/td>\n<\/tr>\n<tr style=\"background: #f2f8fc;\">\n<td style=\"padding: 12px; border-top: 1px solid #e5e5e5;\">Lorena Carrillo<\/td>\n<td style=\"padding: 12px; border-top: 1px solid #e5e5e5;\">Lengua y Literatura<\/td>\n<td style=\"padding: 12px; border-top: 1px solid #e5e5e5; text-align: center;\">3\u00b0, 4\u00b0<\/td>\n<\/tr>\n<tr>\n<td style=\"padding: 12px; border-top: 1px solid #e5e5e5;\">Julieta Vallejos<\/td>\n<td style=\"padding: 12px; border-top: 1px solid #e5e5e5;\">Filosof\u00eda<\/td>\n<td style=\"padding: 12px; border-top: 1px solid #e5e5e5; text-align: center;\">1\u00b0, 2\u00b0<\/td>\n<\/tr>\n<\/tbody>\n<\/table>\n<p><!-- BEDEL\u00cdA --><\/p>\n<div style=\"background: #f8fbff; border-left: 5px solid #5f83d8; padding: 15px; border-radius: 6px; margin-top: 10px;\"><strong>Bedel\u00eda<\/strong><br>Mariela Fuentes<\/div>\n\n\n<div style=\"height:19px\" aria-hidden=\"true\" class=\"wp-block-spacer\"><\/div>\n\n\n\n<div class=\"wp-block-columns is-layout-flex wp-container-10\">\n<div class=\"wp-block-column is-layout-flow\">\n<div class=\"wp-block-cover has-custom-content-position is-position-top-center\" style=\"min-height:452px\"><span aria-hidden=\"true\" class=\"wp-block-cover__background has-base-2-background-color has-background-dim-100 has-background-dim\"><\/span><div class=\"wp-block-cover__inner-container\">\n<p class=\"has-text-align-center has-contrast-color has-text-color has-medium-font-size\"><img decoding=\"async\" loading=\"lazy\" width=\"512\" height=\"512\" class=\"wp-image-12225\" style=\"width: 50px;\" src=\"https:\/\/isfd14-nqn.infd.edu.ar\/sitio\/wp-content\/uploads\/2026\/03\/aula.png\" alt=\"\" srcset=\"https:\/\/isfd14-nqn.infd.edu.ar\/sitio\/wp-content\/uploads\/2026\/03\/aula.png 512w, https:\/\/isfd14-nqn.infd.edu.ar\/sitio\/wp-content\/uploads\/2026\/03\/aula-500x500.png 500w\" sizes=\"(max-width: 512px) 100vw, 512px\" \/><img decoding=\"async\" loading=\"lazy\" width=\"512\" height=\"512\" class=\"wp-image-10917\" style=\"width: 50px;\" src=\"https:\/\/isfd14-nqn.infd.edu.ar\/sitio\/wp-content\/uploads\/2026\/03\/libros-1.png\" alt=\"\" srcset=\"https:\/\/isfd14-nqn.infd.edu.ar\/sitio\/wp-content\/uploads\/2026\/03\/libros-1.png 512w, https:\/\/isfd14-nqn.infd.edu.ar\/sitio\/wp-content\/uploads\/2026\/03\/libros-1-500x500.png 500w\" sizes=\"(max-width: 512px) 100vw, 512px\" \/><br>LENG. Y LIT<\/p>\n\n\n\n<hr class=\"wp-block-separator has-text-color has-alpha-channel-opacity has-background\" style=\"background-color:#e953b9;color:#e953b9\"\/>\n\n\n\n<figure class=\"wp-block-table is-style-stripes\"><table class=\"has-contrast-color has-text-color\"><tbody><tr><td>1\u00b0 A\u00f1o<\/td><td>Aula 1<\/td><\/tr><tr><td>2\u00b0 a\u00f1o<\/td><td>Aula 10 (M\u00f3vil)<\/td><\/tr><tr><td>3\u00b0 A\u00f1o<\/td><td>Aula 2<\/td><\/tr><tr><td>4\u00b0 A\u00f1o<\/td><td>Aula 8<\/td><\/tr><\/tbody><\/table><\/figure>\n<\/div><\/div>\n<\/div>\n\n\n\n<div class=\"wp-block-column is-layout-flow\">\n<div class=\"wp-block-cover has-custom-content-position is-position-top-center\" style=\"min-height:454px\"><span aria-hidden=\"true\" class=\"wp-block-cover__background has-base-2-background-color has-background-dim-100 has-background-dim\"><\/span><div class=\"wp-block-cover__inner-container\">\n<p class=\"has-text-align-center has-contrast-color has-text-color has-medium-font-size\"><img decoding=\"async\" loading=\"lazy\" width=\"512\" height=\"512\" class=\"wp-image-12225\" style=\"width: 50px;\" src=\"https:\/\/isfd14-nqn.infd.edu.ar\/sitio\/wp-content\/uploads\/2026\/03\/aula.png\" alt=\"\" srcset=\"https:\/\/isfd14-nqn.infd.edu.ar\/sitio\/wp-content\/uploads\/2026\/03\/aula.png 512w, https:\/\/isfd14-nqn.infd.edu.ar\/sitio\/wp-content\/uploads\/2026\/03\/aula-500x500.png 500w\" sizes=\"(max-width: 512px) 100vw, 512px\" \/><img decoding=\"async\" loading=\"lazy\" width=\"512\" height=\"512\" class=\"wp-image-10903\" style=\"width: 50px;\" src=\"https:\/\/isfd14-nqn.infd.edu.ar\/sitio\/wp-content\/uploads\/2026\/03\/gente.png\" alt=\"\" srcset=\"https:\/\/isfd14-nqn.infd.edu.ar\/sitio\/wp-content\/uploads\/2026\/03\/gente.png 512w, https:\/\/isfd14-nqn.infd.edu.ar\/sitio\/wp-content\/uploads\/2026\/03\/gente-500x500.png 500w\" sizes=\"(max-width: 512px) 100vw, 512px\" \/><br>FILOSOF\u00cdA<\/p>\n\n\n\n<hr class=\"wp-block-separator has-text-color has-alpha-channel-opacity has-background\" style=\"background-color:#af42d7;color:#af42d7\"\/>\n\n\n\n<figure class=\"wp-block-table is-style-stripes\"><table class=\"has-contrast-color has-text-color\"><tbody><tr><td>1\u00b0 A\u00f1o<\/td><td>Aula 7<\/td><\/tr><tr><td>2\u00b0 a\u00f1o<\/td><td>Aula 11 (M\u00f3vil)<\/td><\/tr><tr><td>3\u00b0 A\u00f1o<\/td><td>prox<\/td><\/tr><tr><td>4\u00b0 A\u00f1o<\/td><td>prox.<\/td><\/tr><\/tbody><\/table><\/figure>\n<\/div><\/div>\n<\/div>\n\n\n\n<div class=\"wp-block-column is-layout-flow\">\n<div class=\"wp-block-cover has-custom-content-position is-position-top-center\" style=\"min-height:210px\"><span aria-hidden=\"true\" class=\"wp-block-cover__background has-base-2-background-color has-background-dim-100 has-background-dim\"><\/span><div class=\"wp-block-cover__inner-container\">\n<p class=\"has-text-align-center has-contrast-color has-text-color has-medium-font-size\"><img decoding=\"async\" loading=\"lazy\" width=\"512\" height=\"512\" class=\"wp-image-12225\" style=\"width: 50px;\" src=\"https:\/\/isfd14-nqn.infd.edu.ar\/sitio\/wp-content\/uploads\/2026\/03\/aula.png\" alt=\"\" srcset=\"https:\/\/isfd14-nqn.infd.edu.ar\/sitio\/wp-content\/uploads\/2026\/03\/aula.png 512w, https:\/\/isfd14-nqn.infd.edu.ar\/sitio\/wp-content\/uploads\/2026\/03\/aula-500x500.png 500w\" sizes=\"(max-width: 512px) 100vw, 512px\" \/><img decoding=\"async\" loading=\"lazy\" width=\"512\" height=\"512\" class=\"wp-image-10252\" style=\"width: 50px;\" src=\"https:\/\/isfd14-nqn.infd.edu.ar\/sitio\/wp-content\/uploads\/2026\/02\/geografia-tierra.png\" alt=\"\" srcset=\"https:\/\/isfd14-nqn.infd.edu.ar\/sitio\/wp-content\/uploads\/2026\/02\/geografia-tierra.png 512w, https:\/\/isfd14-nqn.infd.edu.ar\/sitio\/wp-content\/uploads\/2026\/02\/geografia-tierra-500x500.png 500w\" sizes=\"(max-width: 512px) 100vw, 512px\" \/><br>GEOGRAF\u00cdA<\/p>\n\n\n\n<hr class=\"wp-block-separator has-text-color has-alpha-channel-opacity has-background\" style=\"background-color:#f87306;color:#f87306\"\/>\n\n\n\n<figure class=\"wp-block-table is-style-stripes\"><table class=\"has-contrast-color has-text-color\"><tbody><tr><td>1\u00b0 A\u00f1o \u00abA\u00bb <br>Aula 4<\/td><td>1\u00b0 A\u00f1o \u00abB\u00bb<br> Aula 3<\/td><\/tr><tr><td>2\u00b0 A\u00f1o <\/td><td> Aula 6<\/td><\/tr><tr><td>3\u00b0 A\u00f1o <\/td><td>Aula 5<\/td><\/tr><tr><td>4\u00b0 A\u00f1o<\/td><td>Aula 12 (M\u00f3vil)<\/td><\/tr><\/tbody><\/table><\/figure>\n<\/div><\/div>\n<\/div>\n<\/div>\n\n\n\n<hr class=\"wp-block-separator has-text-color has-accent-color has-alpha-channel-opacity has-accent-background-color has-background\"\/>\n\n\n\n<p><\/p>\n\n\n\n<p class=\"has-accent-background-color has-background has-medium-font-size\"><img decoding=\"async\" loading=\"lazy\" width=\"48\" height=\"48\" class=\"wp-image-8564\" style=\"width: 48px;\" src=\"https:\/\/isfd14-nqn.infd.edu.ar\/sitio\/wp-content\/uploads\/2025\/08\/icons8-importante-48.png\" alt=\"\">Observaci\u00f3n : 2\u00b0 de Lengua tiene una mayor carga horaria por ello el ingreso es a las 17:50 Hs. Todos los d\u00edas, las aulas m\u00f3viles se encuentran desocupadas en ese horario. <strong>(el horario no se modifica con respecto al a\u00f1o anterior)<\/strong><\/p>\n\n\n\n<p class=\"has-accent-background-color has-background has-medium-font-size\"><img decoding=\"async\" loading=\"lazy\" width=\"48\" height=\"48\" class=\"wp-image-8564\" style=\"width: 48px;\" src=\"https:\/\/isfd14-nqn.infd.edu.ar\/sitio\/wp-content\/uploads\/2025\/08\/icons8-importante-48.png\" alt=\"\">Observaci\u00f3n: se modifican horarios del turno tarde y noche, en funci\u00f3n de adecuar una jornada de 5 horas reloj de clases. Con dos recreos incluidos de 10 minutos cada uno. Solo se ver\u00e1n afectados los d\u00edas que la carga horaria supera las 5 Hs. Reloj. Para evitar confusiones se organizar\u00e1n los horarios indicando ingreso y egreso de cada c\u00e1tedra. En preceptor\u00eda estar\u00e1n los horarios disponibles. Tener en cuenta que esta modificaci\u00f3n no implica cambios en la Declaraci\u00f3n Jurada.<\/p>\n","protected":false},"excerpt":{"rendered":"<p>Organizaci\u00f3n de Aulas Preceptores Turno Ma\u00f1ana Preceptor\/a Profesorado A\u00f1o Maximiliano Castillo Qu\u00edmica 1\u00b0, 2\u00b0, 3\u00b0, 4\u00b0 Yanet Morel Matem\u00e1tica 1\u00b0, 2\u00b0, 3\u00b0, 4\u00b0 Bedel\u00edaEduardo L\u00f3pez Preceptores Turno Tarde Preceptora Profesorado A\u00f1o Kimy G\u00f3mez Biolog\u00eda 1\u00b0 A, 2\u00b0 A Celia Lagos Biolog\u00eda 1\u00b0 B, 2\u00b0 B Jorgelina L\u00f3pez F\u00edsica 1\u00b0, 2\u00b0, 3\u00b0, 4\u00b0 Bedel\u00edaMagal\u00ed Bulhoes Preceptores &#8230; <a title=\"Distribuci\u00f3n de aulas\" class=\"read-more\" href=\"https:\/\/isfd14-nqn.infd.edu.ar\/sitio\/distribucion-de-aulas\/\" aria-label=\"More on Distribuci\u00f3n de aulas\">[+]<\/a><\/p>\n","protected":false},"author":1183,"featured_media":0,"parent":0,"menu_order":0,"comment_status":"closed","ping_status":"closed","template":"","meta":[],"acf":[],"_links":{"self":[{"href":"https:\/\/isfd14-nqn.infd.edu.ar\/sitio\/wp-json\/wp\/v2\/pages\/12211"}],"collection":[{"href":"https:\/\/isfd14-nqn.infd.edu.ar\/sitio\/wp-json\/wp\/v2\/pages"}],"about":[{"href":"https:\/\/isfd14-nqn.infd.edu.ar\/sitio\/wp-json\/wp\/v2\/types\/page"}],"author":[{"embeddable":true,"href":"https:\/\/isfd14-nqn.infd.edu.ar\/sitio\/wp-json\/wp\/v2\/users\/1183"}],"replies":[{"embeddable":true,"href":"https:\/\/isfd14-nqn.infd.edu.ar\/sitio\/wp-json\/wp\/v2\/comments?post=12211"}],"version-history":[{"count":46,"href":"https:\/\/isfd14-nqn.infd.edu.ar\/sitio\/wp-json\/wp\/v2\/pages\/12211\/revisions"}],"predecessor-version":[{"id":12568,"href":"https:\/\/isfd14-nqn.infd.edu.ar\/sitio\/wp-json\/wp\/v2\/pages\/12211\/revisions\/12568"}],"wp:attachment":[{"href":"https:\/\/isfd14-nqn.infd.edu.ar\/sitio\/wp-json\/wp\/v2\/media?parent=12211"}],"curies":[{"name":"wp","href":"https:\/\/api.w.org\/{rel}","templated":true}]}}