{"id":1270,"date":"2021-06-14T05:50:48","date_gmt":"2021-06-14T08:50:48","guid":{"rendered":"https:\/\/isfd14-nqn.infd.edu.ar\/sitio\/?page_id=1270"},"modified":"2024-10-07T14:27:18","modified_gmt":"2024-10-07T17:27:18","slug":"etapa-2021-2022-y-2023","status":"publish","type":"page","link":"https:\/\/isfd14-nqn.infd.edu.ar\/sitio\/etapa-2021-2022-y-2023\/","title":{"rendered":"ETAPA 2021 &#8211; 2022 y 2023"},"content":{"rendered":"\n<div class=\"wp-block-cover is-light\" style=\"min-height:91px\"><span aria-hidden=\"true\" class=\"wp-block-cover__background has-background-dim-100 has-background-dim\" style=\"background-color:#5f83d8\"><\/span><div class=\"wp-block-cover__inner-container\">\n<p class=\"has-text-align-center has-base-3-color has-text-color has-medium-font-size\"><strong>ETAPA 2021-2020-2023<\/strong><\/p>\n<\/div><\/div>\n\n\n<p style=\"text-align: left;\"><strong>PROYECTOS<\/strong><\/p>\n<ol>\n<li><strong>Por una propuesta colectiva en la toma de decisiones de la planificaci\u00f3n anual<\/strong> (Docentes: Sandoval, Rosana; Petronace, Ver\u00f3nica; \u00c1yala, Carolina; y estudiantes de Literatura Argentina I, Plan N\u00b0 579).\u00a0 Proyecto iniciado en junio 2021. Culmina en 2022.<\/li>\n<li><strong>La Ense\u00f1anza de la F\u00edsica por Proyecto: una investigaci\u00f3n \u2013 acci\u00f3n en Pareja Pedag\u00f3gica<\/strong> (Docentes: Hermosilla, Patricia; Elizondo, \u00c1ngel; Hermosilla, Mario). Proyecto iniciado en junio 2021. Culmina en 2023.<\/li>\n<\/ol>","protected":false},"excerpt":{"rendered":"<p>PROYECTOS Por una propuesta colectiva en la toma de decisiones de la planificaci\u00f3n anual (Docentes: Sandoval, Rosana; Petronace, Ver\u00f3nica; \u00c1yala, Carolina; y estudiantes de Literatura Argentina I, Plan N\u00b0 579).\u00a0 Proyecto iniciado en junio 2021. Culmina en 2022. La Ense\u00f1anza de la F\u00edsica por Proyecto: una investigaci\u00f3n \u2013 acci\u00f3n en Pareja Pedag\u00f3gica (Docentes: Hermosilla, Patricia; &#8230; <a title=\"ETAPA 2021 &#8211; 2022 y 2023\" class=\"read-more\" href=\"https:\/\/isfd14-nqn.infd.edu.ar\/sitio\/etapa-2021-2022-y-2023\/\" aria-label=\"More on ETAPA 2021 &#8211; 2022 y 2023\">[+]<\/a><\/p>\n","protected":false},"author":612,"featured_media":0,"parent":0,"menu_order":0,"comment_status":"closed","ping_status":"closed","template":"","meta":[],"acf":[],"_links":{"self":[{"href":"https:\/\/isfd14-nqn.infd.edu.ar\/sitio\/wp-json\/wp\/v2\/pages\/1270"}],"collection":[{"href":"https:\/\/isfd14-nqn.infd.edu.ar\/sitio\/wp-json\/wp\/v2\/pages"}],"about":[{"href":"https:\/\/isfd14-nqn.infd.edu.ar\/sitio\/wp-json\/wp\/v2\/types\/page"}],"author":[{"embeddable":true,"href":"https:\/\/isfd14-nqn.infd.edu.ar\/sitio\/wp-json\/wp\/v2\/users\/612"}],"replies":[{"embeddable":true,"href":"https:\/\/isfd14-nqn.infd.edu.ar\/sitio\/wp-json\/wp\/v2\/comments?post=1270"}],"version-history":[{"count":5,"href":"https:\/\/isfd14-nqn.infd.edu.ar\/sitio\/wp-json\/wp\/v2\/pages\/1270\/revisions"}],"predecessor-version":[{"id":4203,"href":"https:\/\/isfd14-nqn.infd.edu.ar\/sitio\/wp-json\/wp\/v2\/pages\/1270\/revisions\/4203"}],"wp:attachment":[{"href":"https:\/\/isfd14-nqn.infd.edu.ar\/sitio\/wp-json\/wp\/v2\/media?parent=1270"}],"curies":[{"name":"wp","href":"https:\/\/api.w.org\/{rel}","templated":true}]}}