{"id":1430,"date":"2024-07-30T23:17:12","date_gmt":"2024-07-31T02:17:12","guid":{"rendered":"https:\/\/isfd14-nqn.infd.edu.ar\/sitio\/?page_id=1430"},"modified":"2026-04-12T19:18:44","modified_gmt":"2026-04-12T22:18:44","slug":"plan-de-estudio-biologia","status":"publish","type":"page","link":"https:\/\/isfd14-nqn.infd.edu.ar\/sitio\/plan-de-estudio-biologia\/","title":{"rendered":"PROFESORADO EN BIOLOG\u00cdA"},"content":{"rendered":"\n<div class=\"wp-block-cover alignwide is-light\" style=\"min-height:91px\"><span aria-hidden=\"true\" class=\"wp-block-cover__background has-background-dim-100 has-background-dim\" style=\"background-color:#5f83d8\"><\/span><div class=\"wp-block-cover__inner-container\">\n<p class=\"has-text-align-center has-base-3-color has-text-color has-large-font-size\"><strong>PROFESORADO EN BIOLOG\u00cdA<\/strong><\/p>\n<\/div><\/div>\n\n\n\n<hr class=\"wp-block-separator has-text-color has-accent-color has-alpha-channel-opacity has-accent-background-color has-background is-style-wide\"\/>\n\n\n<div style=\"background: #ffffff; border-left: 5px solid #56c849; border-radius: 6px; padding: 18px; margin: 25px 0; line-height: 1.7; font-size: 15px;\">\n<p style=\"margin: 0;\">El docente de Educaci\u00f3n Secundaria en Biolog\u00eda realizar\u00e1 un proceso de desarrollo personal que le permitir\u00e1 adquirir los conocimientos disciplinares propios del campo biol\u00f3gico, que se articular\u00e1n con saberes y habilidades imprescindibles para desempe\u00f1arse como profesor en la escuela secundaria: la formaci\u00f3n did\u00e1ctica, el desempe\u00f1o en espacios de producci\u00f3n y pensamiento colectivo y cooperativo, el desarrollo de buenas pr\u00e1cticas de evaluaci\u00f3n de los aprendizajes, la formaci\u00f3n para cumplir nuevas funciones en la escuela secundaria, la reflexi\u00f3n sobre la autoridad, la vida democr\u00e1tica y el respeto y la valoraci\u00f3n de la ley, el conocimiento de las distintas formas de ser joven en la actualidad, la inclusi\u00f3n de las TIC para potenciar las posibilidades de aprendizaje, la alfabetizaci\u00f3n acad\u00e9mica y la educaci\u00f3n sexual integral.<\/p>\n<\/div>\n\n\n<div style=\"height:14px\" aria-hidden=\"true\" class=\"wp-block-spacer\"><\/div>\n\n\n\n<div class=\"wp-block-cover alignwide is-light has-custom-content-position is-position-top-left\" style=\"min-height:60px\"><span aria-hidden=\"true\" class=\"wp-block-cover__background has-background-dim-100 has-background-dim\" style=\"background-color:#5f83d8\"><\/span><div class=\"wp-block-cover__inner-container\">\n<p class=\"has-text-align-left has-base-3-color has-text-color has-medium-font-size\"><strong>INFORMACI\u00d3N GENERAL<\/strong><\/p>\n<\/div><\/div>\n\n\n<div style=\"background: #ffffff; border: 1px solid #dbe5f1; border-top: 6px solid #5f83d8; border-radius: 8px; padding: 22px; margin: 25px 0; font-size: 15px; line-height: 1.7;\">\n<p><!-- DENOMINACI\u00d3N --><\/p>\n<div style=\"margin-bottom: 20px; padding-bottom: 10px; border-bottom: 1px solid #e5e5e5;\"><strong style=\"font-size: 16px;\">DENOMINACI\u00d3N DE LA CARRERA<\/strong><br \/>Profesorado de Educaci\u00f3n Secundaria en Biolog\u00eda<\/div>\n<p><!-- GRID --><\/p>\n<div style=\"display: flex; flex-wrap: wrap; gap: 25px;\">\n<p><!-- COLUMNA IZQUIERDA --><\/p>\n<div style=\"flex: 1; min-width: 260px;\">\n<div style=\"padding-bottom: 12px; margin-bottom: 12px; border-bottom: 1px solid #f0f0f0;\"><img decoding=\"async\" loading=\"lazy\" class=\"wp-image-10648\" src=\"https:\/\/isfd14-nqn.infd.edu.ar\/sitio\/wp-content\/uploads\/2026\/02\/genetic_11632287.png\" alt=\"\" width=\"70\" height=\"70\" srcset=\"https:\/\/isfd14-nqn.infd.edu.ar\/sitio\/wp-content\/uploads\/2026\/02\/genetic_11632287.png 512w, https:\/\/isfd14-nqn.infd.edu.ar\/sitio\/wp-content\/uploads\/2026\/02\/genetic_11632287-500x500.png 500w\" sizes=\"(max-width: 70px) 100vw, 70px\" \/><strong>Plan de Estudio: <\/strong>N\u00b0 689<br \/>Resoluci\u00f3n N\u00b0 0689<br \/>Expediente 7210-005264\/2017<\/div>\n<div style=\"padding-bottom: 12px; margin-bottom: 12px; border-bottom: 1px solid #f0f0f0;\"><img decoding=\"async\" class=\"\" style=\"width: 36px; vertical-align: middle; margin-right: 6px;\" src=\"https:\/\/isfd14-nqn.infd.edu.ar\/sitio\/wp-content\/uploads\/2026\/03\/calendario-2.png\" height=\"36\" \/><strong>Duraci\u00f3n:<\/strong> 4 a\u00f1os<br \/><strong>Carga Horaria:<\/strong><br \/>4240 hs c\u00e1tedra<br \/>2826 hs reloj<\/div>\n<div><img decoding=\"async\" class=\"\" style=\"width: 36px; vertical-align: middle; margin-right: 6px;\" src=\"https:\/\/isfd14-nqn.infd.edu.ar\/sitio\/wp-content\/uploads\/2026\/03\/ensenanzas.png\" height=\"36\" \/> <strong>Modalidad de Cursado:<br \/><\/strong> Presencial<\/div>\n<\/div>\n<p><!-- COLUMNA DERECHA --><\/p>\n<div style=\"flex: 1; min-width: 260px;\">\n<div style=\"padding-bottom: 12px; margin-bottom: 12px; border-bottom: 1px solid #f0f0f0;\"><img decoding=\"async\" class=\"\" style=\"width: 36px; vertical-align: middle; margin-right: 6px;\" src=\"https:\/\/isfd14-nqn.infd.edu.ar\/sitio\/wp-content\/uploads\/2026\/03\/calendario-mensual.png\" height=\"36\" \/> <strong>D\u00edas de<\/strong> <strong>Cursado:<\/strong><br \/>De Lunes a Viernes<\/div>\n<div style=\"padding-bottom: 12px; margin-bottom: 12px; border-bottom: 1px solid #f0f0f0;\"><img decoding=\"async\" class=\"\" style=\"width: 36px; vertical-align: middle; margin-right: 6px;\" src=\"https:\/\/isfd14-nqn.infd.edu.ar\/sitio\/wp-content\/uploads\/2026\/03\/turnos-de-trabajo.png\" height=\"36\" \/><strong>Turno: Tarde<\/strong><br \/>13:30 a 18:30 hs<\/div>\n<div style=\"margin-top: 10px; padding-top: 12px; border-top: 2px solid #5f83d8;\"><strong style=\"font-size: 16px;\"><img decoding=\"async\" loading=\"lazy\" class=\"wp-image-11071\" src=\"https:\/\/isfd14-nqn.infd.edu.ar\/sitio\/wp-content\/uploads\/2026\/03\/diploma-de-graduacion.png\" alt=\"\" width=\"36\" height=\"36\" srcset=\"https:\/\/isfd14-nqn.infd.edu.ar\/sitio\/wp-content\/uploads\/2026\/03\/diploma-de-graduacion.png 512w, https:\/\/isfd14-nqn.infd.edu.ar\/sitio\/wp-content\/uploads\/2026\/03\/diploma-de-graduacion-500x500.png 500w\" sizes=\"(max-width: 36px) 100vw, 36px\" \/> T\u00edtulo a otorgar:<\/strong><br \/>Profesor\/a de Educaci\u00f3n Secundaria en Biolog\u00eda<\/div>\n<p>\u00a0<\/p>\n<\/div>\n<\/div>\n<\/div>\n\n\n<div class=\"wp-block-cover alignwide is-light\" style=\"min-height:91px\"><span aria-hidden=\"true\" class=\"wp-block-cover__background has-background-dim-100 has-background-dim\" style=\"background-color:#5f83d8\"><\/span><div class=\"wp-block-cover__inner-container\">\n<p class=\"has-text-align-left has-base-3-color has-text-color has-medium-font-size\"><strong>ESTRUCTURA CURRICULAR<\/strong><\/p>\n<\/div><\/div>\n\n\n\n<div class=\"wp-block-columns is-layout-flex wp-container-7\">\n<div class=\"wp-block-column is-layout-flow\">\n<div class=\"wp-block-cover\" style=\"min-height:108px\"><span aria-hidden=\"true\" class=\"wp-block-cover__background has-base-background-color has-background-dim-100 has-background-dim\"><\/span><div class=\"wp-block-cover__inner-container\">\n<p class=\"has-text-align-center has-contrast-color has-text-color has-medium-font-size\"><img decoding=\"async\" loading=\"lazy\" width=\"512\" height=\"512\" class=\"wp-image-11074\" style=\"width: 70px;\" src=\"https:\/\/isfd14-nqn.infd.edu.ar\/sitio\/wp-content\/uploads\/2026\/03\/material-didactico.png\" alt=\"\" srcset=\"https:\/\/isfd14-nqn.infd.edu.ar\/sitio\/wp-content\/uploads\/2026\/03\/material-didactico.png 512w, https:\/\/isfd14-nqn.infd.edu.ar\/sitio\/wp-content\/uploads\/2026\/03\/material-didactico-500x500.png 500w\" sizes=\"(max-width: 512px) 100vw, 512px\" \/><\/p>\n\n\n\n<div class=\"wp-block-buttons has-custom-font-size has-medium-font-size is-content-justification-center is-layout-flex wp-container-1\">\n<div class=\"wp-block-button\"><a class=\"wp-block-button__link has-accent-background-color has-background wp-element-button\" href=\"https:\/\/isfd14-nqn.infd.edu.ar\/sitio\/wp-content\/uploads\/2025\/03\/PlanEstudioBiologia.pdf\" style=\"border-radius:10px\" target=\"_blank\" rel=\"noreferrer noopener\">Plan de estudio<\/a><\/div>\n<\/div>\n<\/div><\/div>\n<\/div>\n\n\n\n<div class=\"wp-block-column is-layout-flow\">\n<div class=\"wp-block-cover\" style=\"min-height:104px\"><span aria-hidden=\"true\" class=\"wp-block-cover__background has-base-background-color has-background-dim-100 has-background-dim\"><\/span><div class=\"wp-block-cover__inner-container\">\n<p class=\"has-text-align-center has-contrast-color has-text-color has-medium-font-size\"><img decoding=\"async\" loading=\"lazy\" width=\"512\" height=\"512\" class=\"wp-image-11076\" style=\"width: 70px;\" src=\"https:\/\/isfd14-nqn.infd.edu.ar\/sitio\/wp-content\/uploads\/2026\/03\/valor.png\" alt=\"\" srcset=\"https:\/\/isfd14-nqn.infd.edu.ar\/sitio\/wp-content\/uploads\/2026\/03\/valor.png 512w, https:\/\/isfd14-nqn.infd.edu.ar\/sitio\/wp-content\/uploads\/2026\/03\/valor-500x500.png 500w\" sizes=\"(max-width: 512px) 100vw, 512px\" \/><\/p>\n\n\n\n<div class=\"wp-block-buttons has-custom-font-size has-medium-font-size is-content-justification-center is-layout-flex wp-container-3\">\n<div class=\"wp-block-button\"><a class=\"wp-block-button__link has-accent-background-color has-background wp-element-button\" href=\"https:\/\/isfd14-nqn.infd.edu.ar\/sitio\/wp-content\/uploads\/2024\/09\/Correlatividades-689-Biologia-1.pdf\" style=\"border-radius:10px\" target=\"_blank\" rel=\"noreferrer noopener\">Correlativas<\/a><\/div>\n<\/div>\n<\/div><\/div>\n<\/div>\n\n\n\n<div class=\"wp-block-column is-layout-flow\">\n<div class=\"wp-block-cover\" style=\"min-height:104px\"><span aria-hidden=\"true\" class=\"wp-block-cover__background has-base-background-color has-background-dim-100 has-background-dim\"><\/span><div class=\"wp-block-cover__inner-container\">\n<p class=\"has-text-align-center has-contrast-color has-text-color has-medium-font-size\"><img decoding=\"async\" loading=\"lazy\" width=\"512\" height=\"512\" class=\"wp-image-11077\" style=\"width: 70px;\" src=\"https:\/\/isfd14-nqn.infd.edu.ar\/sitio\/wp-content\/uploads\/2026\/03\/sistema-de-archivos.png\" alt=\"\" srcset=\"https:\/\/isfd14-nqn.infd.edu.ar\/sitio\/wp-content\/uploads\/2026\/03\/sistema-de-archivos.png 512w, https:\/\/isfd14-nqn.infd.edu.ar\/sitio\/wp-content\/uploads\/2026\/03\/sistema-de-archivos-500x500.png 500w\" sizes=\"(max-width: 512px) 100vw, 512px\" \/><\/p>\n\n\n\n<div class=\"wp-block-buttons has-custom-font-size has-medium-font-size is-content-justification-center is-layout-flex wp-container-5\">\n<div class=\"wp-block-button\"><a class=\"wp-block-button__link has-accent-background-color has-background wp-element-button\" href=\"https:\/\/isfd14-nqn.infd.edu.ar\/sitio\/wp-content\/uploads\/2025\/07\/MapaCurricularBiologia.pdf\" style=\"border-radius:10px\" target=\"_blank\" rel=\"noreferrer noopener\">Mapa curricular<\/a><\/div>\n<\/div>\n<\/div><\/div>\n<\/div>\n<\/div>\n\n\n\n<div style=\"height:18px\" aria-hidden=\"true\" class=\"wp-block-spacer\"><\/div>\n\n\n\n<div style=\"height:36px\" aria-hidden=\"true\" class=\"wp-block-spacer\"><\/div>\n\n\n\n<p class=\"has-text-align-center has-large-font-size\"><img decoding=\"async\" loading=\"lazy\" width=\"512\" height=\"512\" class=\"wp-image-11264\" style=\"width: 50px;\" src=\"https:\/\/isfd14-nqn.infd.edu.ar\/sitio\/wp-content\/uploads\/2026\/03\/pregunta.png\" alt=\"\" srcset=\"https:\/\/isfd14-nqn.infd.edu.ar\/sitio\/wp-content\/uploads\/2026\/03\/pregunta.png 512w, https:\/\/isfd14-nqn.infd.edu.ar\/sitio\/wp-content\/uploads\/2026\/03\/pregunta-500x500.png 500w\" sizes=\"(max-width: 512px) 100vw, 512px\" \/><strong>\u00bfC\u00f3mo Inscribirme?<\/strong><\/p>\n\n\n<div class=\"wp-block-image\">\n<figure class=\"aligncenter size-full\"><img decoding=\"async\" loading=\"lazy\" width=\"50\" height=\"50\" src=\"https:\/\/isfd14-nqn.infd.edu.ar\/sitio\/wp-content\/uploads\/2025\/08\/icons8-chevron-abajo-50.png\" alt=\"\" class=\"wp-image-9182\"\/><\/figure><\/div>\n\n\n<div class=\"wp-block-columns has-medium-font-size is-layout-flex wp-container-10\">\n<div class=\"wp-block-column is-vertically-aligned-center is-layout-flow\">\n<div class=\"wp-block-buttons has-custom-font-size has-large-font-size is-content-justification-center is-nowrap is-layout-flex wp-container-8\">\n<div class=\"wp-block-button has-custom-width wp-block-button__width-50 has-custom-font-size is-style-fill has-medium-font-size\"><a class=\"wp-block-button__link has-contrast-color has-base-background-color has-text-color has-background wp-element-button\" href=\"https:\/\/isfd14-nqn.infd.edu.ar\/sitio\/inscripciones-modalidad-on-line\/\" style=\"border-radius:10px\" target=\"_blank\" rel=\"noreferrer noopener\"><img decoding=\"async\" loading=\"lazy\" width=\"344\" height=\"308\" class=\"wp-image-10683\" style=\"width: 80px;\" src=\"https:\/\/isfd14-nqn.infd.edu.ar\/sitio\/wp-content\/uploads\/2026\/02\/onlineboton.png\" alt=\"\"><br><img decoding=\"async\" loading=\"lazy\" width=\"48\" height=\"48\" class=\"wp-image-8780\" style=\"width: 30px;\" src=\"https:\/\/isfd14-nqn.infd.edu.ar\/sitio\/wp-content\/uploads\/2025\/08\/icons8-mano-48.png\" alt=\"\"><strong>MODALIDAD ONLINE    <\/strong>  <\/a><\/div>\n\n\n\n<div class=\"wp-block-button has-custom-width wp-block-button__width-50 has-custom-font-size is-style-fill has-medium-font-size\"><a class=\"wp-block-button__link has-contrast-color has-base-background-color has-text-color has-background wp-element-button\" href=\"https:\/\/isfd14-nqn.infd.edu.ar\/sitio\/bedelia\/\" style=\"border-radius:10px\" target=\"_blank\" rel=\"noreferrer noopener\"><img decoding=\"async\" loading=\"lazy\" width=\"404\" height=\"333\" class=\"wp-image-10684\" style=\"width: 80px;\" src=\"https:\/\/isfd14-nqn.infd.edu.ar\/sitio\/wp-content\/uploads\/2026\/02\/presencialboton.png\" alt=\"\"><br><img decoding=\"async\" loading=\"lazy\" width=\"48\" height=\"48\" class=\"wp-image-8780\" style=\"width: 30px;\" src=\"https:\/\/isfd14-nqn.infd.edu.ar\/sitio\/wp-content\/uploads\/2025\/08\/icons8-mano-48.png\" alt=\"\"><strong>MODALIDAD  PRESENCIAL<\/strong><\/a><\/div>\n<\/div>\n<\/div>\n<\/div>\n\n\n\n<div style=\"height:27px\" aria-hidden=\"true\" class=\"wp-block-spacer\"><\/div>\n\n\n\n<div class=\"wp-block-cover alignwide is-light\" style=\"min-height:91px\"><span aria-hidden=\"true\" class=\"wp-block-cover__background has-background-dim-100 has-background-dim\" style=\"background-color:#5f83d8\"><\/span><div class=\"wp-block-cover__inner-container\">\n<p class=\"has-text-align-left has-base-3-color has-text-color has-medium-font-size\"><strong>PERFIL PROFESIONAL<\/strong><\/p>\n<\/div><\/div>\n\n\n\n<p class=\"has-medium-font-size\">Biolog\u00eda general construye la primera aproximaci\u00f3n de los estudiantes a las asignaturas de la formaci\u00f3n especifica del Profesorado de Educaci\u00f3n Secundaria en Biolog\u00eda. La misma tiene por objetivo introducir al estudio de los grandes temas de la Biolog\u00eda y los marcos te\u00f3ricos  de esta disciplina cient\u00edfica. A partir de ella, el colectivo estudiantil podr\u00e1 elaborar modelos explicativos que permitan comprender la naturaleza de la vida desde diversas perspectivas  que la atraviesan, Ellas son:<\/p>\n\n\n\n<p class=\"has-medium-font-size\">La <strong>perspectiva evolutiva<\/strong>, considera los fundamentos de la evoluci\u00f3n y de la sistem\u00e1tica al explicar a la diversidad biol\u00f3gica como producto de una historia evolutiva que reconoce los patrones de distribuci\u00f3n  espacio-temporal y las relaciones filogen\u00e9ticas entre las especies.<\/p>\n\n\n\n<p class=\"has-medium-font-size\">La <strong>perspectiva fisiol\u00f3gica  <\/strong>considera los lineamientos de la biolog\u00eda celular y de los organismos a partir de la relaci\u00f3n estructura-funci\u00f3n. La manera en que se llevan a cabo las funciones responde al nivel de organizaci\u00f3n en que se ubica el organismo, teniendo en cuenta nuevas estructuras, nuevas interrelaciones y mayores requerimientos seg\u00fan el nivel de que se trate (propiedades emergentes)<\/p>\n\n\n\n<p class=\"has-medium-font-size\">La<strong> perspectiva gen\u00e9tica <\/strong>provee de un bagaje conceptual para comprender los mecanismos de la reproducci\u00f3n, la herencia y variabilidad gen\u00e9tica en los seres vivos.<\/p>\n\n\n\n<p class=\"has-medium-font-size\">El estudio te\u00f3rico de estos temas se complementa con el desarrollo de habilidades cient\u00edficas b\u00e1sicas como; la elaboraci\u00f3n sistem\u00e1tica; la utilizaci\u00f3n de instrumentos y material de laboratorio; la elaboraci\u00f3n, puesta en pr\u00e1ctica, registro, an\u00e1lisis y comunicaci\u00f3n de los resultados de dise\u00f1os experimentales sencillos. Este espacio curricular trabajar\u00e1 en forma conjunta con el de Pr\u00e1cticas experimentales para otorgarle sentido y retroalimentarse.<\/p>\n\n\n\n<div style=\"height:21px\" aria-hidden=\"true\" class=\"wp-block-spacer\"><\/div>\n\n\n\n<div style=\"height:24px\" aria-hidden=\"true\" class=\"wp-block-spacer\"><\/div>\n\n\n\n<div class=\"wp-block-columns is-layout-flex wp-container-13\">\n<div class=\"wp-block-column is-layout-flow\" style=\"flex-basis:66.66%\"><\/div>\n\n\n\n<div class=\"wp-block-column is-layout-flow\" style=\"flex-basis:33.33%\"><div class=\"wp-block-image\">\n<figure class=\"alignright size-full\"><a href=\"https:\/\/isfd14-nqn.infd.edu.ar\/sitio\/\"><img decoding=\"async\" loading=\"lazy\" width=\"67\" height=\"67\" src=\"https:\/\/isfd14-nqn.infd.edu.ar\/sitio\/wp-content\/uploads\/2025\/08\/icons8-arriba-67.png\" alt=\"\" class=\"wp-image-8966\"\/><\/a><\/figure><\/div><\/div>\n<\/div>\n","protected":false},"excerpt":{"rendered":"<p>El docente de Educaci\u00f3n Secundaria en Biolog\u00eda realizar\u00e1 un proceso de desarrollo personal que le permitir\u00e1 adquirir los conocimientos disciplinares propios del campo biol\u00f3gico, que se articular\u00e1n con saberes y habilidades imprescindibles para desempe\u00f1arse como profesor en la escuela secundaria: la formaci\u00f3n did\u00e1ctica, el desempe\u00f1o en espacios de producci\u00f3n y pensamiento colectivo y cooperativo, el &#8230; <a title=\"PROFESORADO EN BIOLOG\u00cdA\" class=\"read-more\" href=\"https:\/\/isfd14-nqn.infd.edu.ar\/sitio\/plan-de-estudio-biologia\/\" aria-label=\"More on PROFESORADO EN BIOLOG\u00cdA\">[+]<\/a><\/p>\n","protected":false},"author":1183,"featured_media":0,"parent":0,"menu_order":0,"comment_status":"closed","ping_status":"closed","template":"","meta":[],"acf":[],"_links":{"self":[{"href":"https:\/\/isfd14-nqn.infd.edu.ar\/sitio\/wp-json\/wp\/v2\/pages\/1430"}],"collection":[{"href":"https:\/\/isfd14-nqn.infd.edu.ar\/sitio\/wp-json\/wp\/v2\/pages"}],"about":[{"href":"https:\/\/isfd14-nqn.infd.edu.ar\/sitio\/wp-json\/wp\/v2\/types\/page"}],"author":[{"embeddable":true,"href":"https:\/\/isfd14-nqn.infd.edu.ar\/sitio\/wp-json\/wp\/v2\/users\/1183"}],"replies":[{"embeddable":true,"href":"https:\/\/isfd14-nqn.infd.edu.ar\/sitio\/wp-json\/wp\/v2\/comments?post=1430"}],"version-history":[{"count":67,"href":"https:\/\/isfd14-nqn.infd.edu.ar\/sitio\/wp-json\/wp\/v2\/pages\/1430\/revisions"}],"predecessor-version":[{"id":12503,"href":"https:\/\/isfd14-nqn.infd.edu.ar\/sitio\/wp-json\/wp\/v2\/pages\/1430\/revisions\/12503"}],"wp:attachment":[{"href":"https:\/\/isfd14-nqn.infd.edu.ar\/sitio\/wp-json\/wp\/v2\/media?parent=1430"}],"curies":[{"name":"wp","href":"https:\/\/api.w.org\/{rel}","templated":true}]}}