{"id":1461,"date":"2024-07-31T18:21:57","date_gmt":"2024-07-31T21:21:57","guid":{"rendered":"https:\/\/isfd14-nqn.infd.edu.ar\/sitio\/?page_id=1461"},"modified":"2026-04-14T22:02:15","modified_gmt":"2026-04-15T01:02:15","slug":"bedelia","status":"publish","type":"page","link":"https:\/\/isfd14-nqn.infd.edu.ar\/sitio\/bedelia\/","title":{"rendered":"INFORMACI\u00d3N PARA INSCRIPCI\u00d3N"},"content":{"rendered":"\n<div class=\"wp-block-cover alignfull is-light\" style=\"min-height:91px\"><span aria-hidden=\"true\" class=\"wp-block-cover__background has-background-dim-100 has-background-dim\" style=\"background-color:#5f83d8\"><\/span><div class=\"wp-block-cover__inner-container\">\n<p class=\"has-text-align-center has-base-3-color has-text-color has-large-font-size\"><strong>INFORMACI\u00d3N PARA INSCRIPCI\u00d3N<\/strong> <strong>MANUAL<\/strong><\/p>\n<\/div><\/div>\n\n\n\n<hr class=\"wp-block-separator alignfull has-text-color has-accent-color has-alpha-channel-opacity has-accent-background-color has-background is-style-wide\"\/>\n\n\n\n<figure class=\"wp-block-image size-full\"><img decoding=\"async\" loading=\"lazy\" width=\"1584\" height=\"396\" src=\"https:\/\/isfd14-nqn.infd.edu.ar\/sitio\/wp-content\/uploads\/2025\/08\/Verde-Monotono-Minimalista-Hambruna_Pobreza-Centro-de-Crisis-Redes-Sociales_20250802_021320_0001.png\" alt=\"\" class=\"wp-image-8687\" srcset=\"https:\/\/isfd14-nqn.infd.edu.ar\/sitio\/wp-content\/uploads\/2025\/08\/Verde-Monotono-Minimalista-Hambruna_Pobreza-Centro-de-Crisis-Redes-Sociales_20250802_021320_0001.png 1584w, https:\/\/isfd14-nqn.infd.edu.ar\/sitio\/wp-content\/uploads\/2025\/08\/Verde-Monotono-Minimalista-Hambruna_Pobreza-Centro-de-Crisis-Redes-Sociales_20250802_021320_0001-1000x250.png 1000w, https:\/\/isfd14-nqn.infd.edu.ar\/sitio\/wp-content\/uploads\/2025\/08\/Verde-Monotono-Minimalista-Hambruna_Pobreza-Centro-de-Crisis-Redes-Sociales_20250802_021320_0001-768x192.png 768w, https:\/\/isfd14-nqn.infd.edu.ar\/sitio\/wp-content\/uploads\/2025\/08\/Verde-Monotono-Minimalista-Hambruna_Pobreza-Centro-de-Crisis-Redes-Sociales_20250802_021320_0001-1536x384.png 1536w\" sizes=\"(max-width: 1584px) 100vw, 1584px\" \/><\/figure>\n\n\n\n<p class=\"has-medium-font-size\">Se informa a la comunidad que desde del<strong> 09 de febrero al 20 de marzo de 2026,<\/strong> se encuentran abiertas las inscripciones a los aspirantes a 1\u00b0 a\u00f1o, para el ciclo lectivo 2026<\/p>\n\n\n\n<p class=\"has-medium-font-size\"><img decoding=\"async\" loading=\"lazy\" width=\"1920\" height=\"1920\" class=\"wp-image-10092\" style=\"width: 50px;\" src=\"https:\/\/isfd14-nqn.infd.edu.ar\/sitio\/wp-content\/uploads\/2026\/02\/pngwing.com11.png\" alt=\"\" srcset=\"https:\/\/isfd14-nqn.infd.edu.ar\/sitio\/wp-content\/uploads\/2026\/02\/pngwing.com11.png 1920w, https:\/\/isfd14-nqn.infd.edu.ar\/sitio\/wp-content\/uploads\/2026\/02\/pngwing.com11-1000x1000.png 1000w, https:\/\/isfd14-nqn.infd.edu.ar\/sitio\/wp-content\/uploads\/2026\/02\/pngwing.com11-1900x1900.png 1900w, https:\/\/isfd14-nqn.infd.edu.ar\/sitio\/wp-content\/uploads\/2026\/02\/pngwing.com11-500x500.png 500w, https:\/\/isfd14-nqn.infd.edu.ar\/sitio\/wp-content\/uploads\/2026\/02\/pngwing.com11-768x768.png 768w, https:\/\/isfd14-nqn.infd.edu.ar\/sitio\/wp-content\/uploads\/2026\/02\/pngwing.com11-1536x1536.png 1536w\" sizes=\"(max-width: 1920px) 100vw, 1920px\" \/><strong> INFORMACI\u00d3N A TENER EN CUENTA<\/strong><\/p>\n\n\n\n<p class=\"has-medium-font-size\">Los aspirantes depende de la elecci\u00f3n de su profesorado, deber\u00e1n tener en cuenta que las clases se dictar\u00e1n en forma presencial en el edificio central organizado por turno de la siguiente manera:<\/p>\n\n\n<figure class=\"wp-block-table\">\n<table style=\"border-collapse: collapse; width: 100%; margin: 25px 0; background: #ffffff; border-radius: 10px; overflow: hidden; box-shadow: 0 3px 8px rgba(0,0,0,0.1);\">\n<thead>\n<tr style=\"background: #5f83d8; color: #fff; text-align: center;\">\n<th style=\"padding: 15px;\">Turno ma\u00f1ana<\/th>\n<th style=\"padding: 15px;\">Turno tarde<\/th>\n<th style=\"padding: 15px;\">Turno vespertino<\/th>\n<\/tr>\n<\/thead>\n<tbody>\n<tr>\n<td style=\"padding: 14px; font-weight: bold;\"><strong>Qu\u00edmica<\/strong><\/td>\n<td style=\"padding: 14px; font-weight: bold;\">F\u00edsica<\/td>\n<td style=\"padding: 14px; font-weight: bold;\">Geograf\u00eda<\/td>\n<\/tr>\n<tr style=\"background: #f3f6ff;\">\n<td style=\"padding: 14px; font-weight: bold;\">Matem\u00e1tica<\/td>\n<td style=\"padding: 14px; font-weight: bold;\">Biolog\u00eda<\/td>\n<td style=\"padding: 14px; font-weight: bold;\">Lengua y literatura<\/td>\n<\/tr>\n<tr>\n<td>&nbsp;<\/td>\n<td>&nbsp;<\/td>\n<td style=\"padding: 14px; font-weight: bold;\">Filosof\u00eda<\/td>\n<\/tr>\n<\/tbody>\n<\/table>\n<\/figure>\n\n\n<hr class=\"wp-block-separator has-alpha-channel-opacity\"\/>\n\n\n<div class=\"wp-block-image\">\n<figure class=\"aligncenter size-full\"><img decoding=\"async\" loading=\"lazy\" width=\"50\" height=\"50\" src=\"https:\/\/isfd14-nqn.infd.edu.ar\/sitio\/wp-content\/uploads\/2025\/08\/icons8-chevron-abajo-50.png\" alt=\"\" class=\"wp-image-9182\"\/><\/figure><\/div>\n\n\n<p class=\"has-medium-font-size\"><img decoding=\"async\" loading=\"lazy\" width=\"50\" height=\"50\" class=\"wp-image-8603\" style=\"width: 80px;\" src=\"https:\/\/isfd14-nqn.infd.edu.ar\/sitio\/wp-content\/uploads\/2025\/08\/icons8-cloud-print-50.png\" alt=\"\"> <strong>PASO 1: IMPRIMIR EL FORMULARIO DE INSCRIPCI\u00d3N<\/strong><\/p>\n\n\n\n<p class=\"has-medium-font-size\">Los aspirantes deben seleccionar el formulario de inscripci\u00f3n correspondiente de la carrera elegida,  imprimirlo y completarlo.  <\/p>\n\n\n\n<p class=\"has-medium-font-size\"><strong>FORMULARIOS DE INSCRIPCI\u00d3N:<\/strong><\/p>\n\n\n\n<div class=\"wp-block-columns\" style=\"font-size:22px; gap:30px;\">\n  <!-- COLUMNA 1 -->\n  <div class=\"wp-block-column\" style=\"gap:25px; display:flex; flex-direction:column;\">\n    <!-- LENGUA Y LITERATURA -->\n    <div class=\"wp-block-button edu-hover\" style=\"border-left:12px solid #e06eac;\">\n      <a href=\"https:\/\/isfd14-nqn.infd.edu.ar\/sitio\/wp-content\/uploads\/2024\/08\/SOLICITUD-DEINGRESO-LENGUA-Y-LITERATURA-3.pdf\">\n        PROFESORADO EN LENGUA Y LITERATURA\n      <\/a>\n    <\/div>\n    <!-- MATEM\u00c1TICA -->\n    <div class=\"wp-block-button edu-hover\" style=\"border-left:12px solid #e51d1d;\">\n      <a href=\"https:\/\/isfd14-nqn.infd.edu.ar\/sitio\/wp-content\/uploads\/2024\/08\/SOLICITUD-DEINGRESO-MATEMATICA.pdf\">\n        PROFESORADO EN MATEM\u00c1TICA\n      <\/a>\n    <\/div>\n    <!-- GEOGRAF\u00cdA -->\n    <div class=\"wp-block-button edu-hover\" style=\"border-left:12px solid #ed7a16;\">\n      <a href=\"https:\/\/isfd14-nqn.infd.edu.ar\/sitio\/wp-content\/uploads\/2024\/08\/SOLICITUD-DEINGRESO-PROFESORADO-EN-GEOGRAFIA-2020.pdf\">\n        PROFESORADO EN GEOGRAF\u00cdA\n      <\/a>\n    <\/div>\n  <\/div>\n  <!-- COLUMNA 2 -->\n  <div class=\"wp-block-column\" style=\"gap:25px; display:flex; flex-direction:column;\">\n    <!-- F\u00cdSICA -->\n    <div class=\"wp-block-button edu-hover\" style=\"border-left:12px solid #f2e036;\">\n      <a href=\"https:\/\/isfd14-nqn.infd.edu.ar\/sitio\/wp-content\/uploads\/2024\/08\/SOLICITUD-DE-INGRESO-PROFESORADO-EN-FISICA-2020.pdf\">PROFESORADO EN F\u00cdSICA<\/a>\n    <\/div>\n    <!-- QU\u00cdMICA -->\n    <div class=\"wp-block-button edu-hover\" style=\"border-left:12px solid #3498db;\">\n      <a href=\"https:\/\/isfd14-nqn.infd.edu.ar\/sitio\/wp-content\/uploads\/2024\/08\/SOLICITUD-DEINGRESO-QUIMICA.pdf\">PROFESORADO EN QU\u00cdMICA<\/a>\n    <\/div>\n    <!-- BIOLOG\u00cdA -->\n    <div class=\"wp-block-button edu-hover\" style=\"border-left:12px solid #2ecc71;\">\n      <a href=\"https:\/\/isfd14-nqn.infd.edu.ar\/sitio\/wp-content\/uploads\/2024\/08\/SOLICITUD-DEINGRESOBIOLOGIA.pdf\">PROFESORADO EN BIOLOG\u00cdA<\/a>\n    <\/div>\n  <\/div>\n<\/div>\n<!-- BOT\u00d3N 7 FILOSOF\u00cdA CENTRADO ABAJO -->\n<div style=\"display:flex; justify-content:center; margin-top:25px;\">\n  <div class=\"wp-block-button edu-hover\" style=\"border-left:12px solid #8e44ad;\">\n    <a href=\"https:\/\/isfd14-nqn.infd.edu.ar\/sitio\/wp-content\/uploads\/2025\/03\/SOLICITUD-DEINGRESO-FILOSOFIA.pdf\">PROFESORADO EN FILOSOF\u00cdA<\/a>\n  <\/div>\n<\/div>\n<!-- CSS estilo Educativa final con borde m\u00e1s grueso -->\n<style>\n.edu-hover a {\n  display: block;\n  padding: 16px 20px;\n  text-align: left;\n  font-weight: bold;\n  font-size: 22px;\n  background-color: #fff;\n  color: #000;\n  text-decoration: none;\n  transition: all 0.3s ease;\n  margin-bottom: 15px;\n  border-radius: 5px;\n}\n\/* Hover efecto: levanta y sombra *\/\n.edu-hover a:hover {\n  transform: translateY(-4px);\n  box-shadow: 0 6px 12px rgba(0,0,0,0.15);\n  color: #000;\n}\n\/* Responsive: en m\u00f3viles cada columna ocupa 100% *\/\n@media (max-width:600px){\n  .wp-block-columns { flex-direction: column !important; }\n  .wp-block-column { width: 100%; gap:20px; }\n}\n<\/style>\n\n\n\n<div style=\"height:14px\" aria-hidden=\"true\" class=\"wp-block-spacer\"><\/div>\n\n\n\n<hr class=\"wp-block-separator has-text-color has-contrast-2-color has-alpha-channel-opacity has-contrast-2-background-color has-background\"\/>\n\n\n\n<p class=\"has-medium-font-size\"><img decoding=\"async\" loading=\"lazy\" width=\"80\" height=\"80\" class=\"wp-image-8604\" style=\"width: 80px;\" src=\"https:\/\/isfd14-nqn.infd.edu.ar\/sitio\/wp-content\/uploads\/2025\/08\/icons8-test-aprobado-80.png\" alt=\"\"><strong>PASO 2: REUNIR LA DOCUMENTACI\u00d3N OBLIGATORIA <\/strong><\/p>\n\n\n\n<figure class=\"wp-block-table is-style-stripes\"><table class=\"has-fixed-layout\"><tbody><tr><td>-FORMULARIO DE INSCRIPCI\u00d3N <\/td><\/tr><tr><td>-FOTOCOPIA DE TITULO SECUNDARIO (<strong>LEGALIZADO<\/strong>) O DE TITULO EN TRAMITE (<strong>SIN LEGALIZAR<\/strong>)<\/td><\/tr><tr><td>-FOTOCOPIA DE DNI (<strong>LEGALIZADO<\/strong>)<\/td><\/tr><tr><td>-FOTOCOPIA DE PARTIDA DE NACIMIENTO (<strong>LEGALIZADA<\/strong>)<\/td><\/tr><tr><td>-2 FOTO 4 X 4  (ACTUAL)<\/td><\/tr><tr><td>&#8211; 1 FOLIO <\/td><\/tr><tr><td>-CARPETIN COLGANTE <\/td><\/tr><\/tbody><\/table><\/figure>\n\n\n\n<hr class=\"wp-block-separator has-text-color has-contrast-2-color has-alpha-channel-opacity has-contrast-2-background-color has-background\"\/>\n\n\n\n<p class=\"has-medium-font-size\"><img decoding=\"async\" loading=\"lazy\" width=\"64\" height=\"64\" class=\"wp-image-8508\" style=\"width: 80px;\" src=\"https:\/\/isfd14-nqn.infd.edu.ar\/sitio\/wp-content\/uploads\/2025\/08\/icons8-compra-entregada-64.png\" alt=\"\"><strong>PASO 3: DIRIGITE AL EDIFICIO CENTRAL <\/strong><\/p>\n\n\n\n<p class=\"has-medium-font-size\">Pres\u00e9ntate en el \u00c1rea de preceptoria del <strong>EDIFICIO CENTRAL<\/strong> del instituto I.F.D N\u00b0 14 con:<\/p>\n\n\n\n<p class=\"has-medium-font-size\"><img decoding=\"async\" loading=\"lazy\" width=\"512\" height=\"512\" class=\"wp-image-10561\" style=\"width: 50px;\" src=\"https:\/\/isfd14-nqn.infd.edu.ar\/sitio\/wp-content\/uploads\/2026\/02\/exito.png\" alt=\"\" srcset=\"https:\/\/isfd14-nqn.infd.edu.ar\/sitio\/wp-content\/uploads\/2026\/02\/exito.png 512w, https:\/\/isfd14-nqn.infd.edu.ar\/sitio\/wp-content\/uploads\/2026\/02\/exito-500x500.png 500w\" sizes=\"(max-width: 512px) 100vw, 512px\" \/>El formulario de inscripci\u00f3n<br><img decoding=\"async\" loading=\"lazy\" width=\"512\" height=\"512\" class=\"wp-image-10561\" style=\"width: 50px;\" src=\"https:\/\/isfd14-nqn.infd.edu.ar\/sitio\/wp-content\/uploads\/2026\/02\/exito.png\" alt=\"\" srcset=\"https:\/\/isfd14-nqn.infd.edu.ar\/sitio\/wp-content\/uploads\/2026\/02\/exito.png 512w, https:\/\/isfd14-nqn.infd.edu.ar\/sitio\/wp-content\/uploads\/2026\/02\/exito-500x500.png 500w\" sizes=\"(max-width: 512px) 100vw, 512px\" \/>La documentaci\u00f3n obligatoria<\/p>\n\n\n\n<p class=\"has-medium-font-size\"><\/p>\n\n\n\n<p class=\"has-text-align-center\"><strong>Domicilio: Edificio Central<\/strong> Gregorio \u00c1lvarez 692<\/p>\n\n\n\n<div class=\"wp-block-columns is-layout-flex wp-container-4\">\n<div class=\"wp-block-column is-layout-flow\"><\/div>\n\n\n\n<div class=\"wp-block-column is-layout-flow\">\n<iframe src=\"https:\/\/www.google.com\/maps\/embed?pb=!1m18!1m12!1m3!1d3103.0223625223325!2d-69.21693402503657!3d-38.94631749960939!2m3!1f0!2f0!3f0!3m2!1i1024!2i768!4f13.1!3m3!1m2!1s0x960c692230848a4d%3A0x2ce5dce11bc0870d!2sGregorio%20%C3%81lvarez%20692%2C%20Q8322%20Cutral%20Co%2C%20Neuqu%C3%A9n!5e0!3m2!1ses!2sar!4v1727045852651!5m2!1ses!2sar\" width=\"600\" height=\"450\" style=\"border:0;\" allowfullscreen=\"\" loading=\"lazy\" referrerpolicy=\"no-referrer-when-downgrade\"><\/iframe>\n<\/div>\n\n\n\n<div class=\"wp-block-column is-layout-flow\"><\/div>\n<\/div>\n\n\n\n<div style=\"height:21px\" aria-hidden=\"true\" class=\"wp-block-spacer\"><\/div>\n\n\n\n<p class=\"has-medium-font-size\"><img decoding=\"async\" loading=\"lazy\" width=\"50\" height=\"50\" class=\"wp-image-8546\" style=\"width: 50px;\" src=\"https:\/\/isfd14-nqn.infd.edu.ar\/sitio\/wp-content\/uploads\/2025\/08\/icons8-tiempo-de-reunion-50.png\" alt=\"\"> <strong>HORARIO DE ATENCI\u00d3N PARA ENTREGA DE DOCUMENTACI\u00d3N:<\/strong><\/p>\n\n\n<figure class=\"wp-block-table\">\n<table style=\"border-collapse: collapse; width: 100%; margin: 25px 0; background: #ffffff; border-radius: 10px; overflow: hidden; box-shadow: 0 3px 8px rgba(0,0,0,0.1);\">\n<thead>\n<tr style=\"background: #5f83d8; color: #fff; text-align: center;\">\n<th style=\"padding: 15px;\">Turno ma\u00f1ana<\/th>\n<th style=\"padding: 15px;\">Turno tarde<\/th>\n<th style=\"padding: 15px;\">Turno vespertino<\/th>\n<\/tr>\n<\/thead>\n<tbody>\n<tr style=\"background: #f3f6ff;\">\n<td style=\"padding: 14px; text-align: center;\">08:00 a 11:00<\/td>\n<td style=\"padding: 14px; text-align: center;\">14:00 a 17:00<\/td>\n<td style=\"padding: 14px; text-align: center;\">19:00 a 22:00<\/td>\n<\/tr>\n<\/tbody>\n<\/table>\n<\/figure>\n\n\n<p><img decoding=\"async\" loading=\"lazy\" width=\"48\" height=\"48\" class=\"wp-image-8564\" style=\"width: 50px;\" src=\"https:\/\/isfd14-nqn.infd.edu.ar\/sitio\/wp-content\/uploads\/2025\/08\/icons8-importante-48.png\" alt=\"\"><strong>NO SE ACEPTAR\u00c1 DOCUMENTACI\u00d3N INCOMPLETA<\/strong><\/p>\n\n\n\n<div style=\"height:23px\" aria-hidden=\"true\" class=\"wp-block-spacer\"><\/div>\n\n\n\n<p class=\"has-medium-font-size\"><strong>Para consultas y m\u00e1s informaci\u00f3n: <\/strong><\/p>\n\n\n<div class=\"wp-block-image\">\n<figure class=\"aligncenter size-full is-resized\"><img decoding=\"async\" loading=\"lazy\" src=\"https:\/\/isfd14-nqn.infd.edu.ar\/sitio\/wp-content\/uploads\/2024\/08\/direytel.png\" alt=\"\" class=\"wp-image-2235\" width=\"707\" height=\"83\" srcset=\"https:\/\/isfd14-nqn.infd.edu.ar\/sitio\/wp-content\/uploads\/2024\/08\/direytel.png 1414w, https:\/\/isfd14-nqn.infd.edu.ar\/sitio\/wp-content\/uploads\/2024\/08\/direytel-1000x117.png 1000w, https:\/\/isfd14-nqn.infd.edu.ar\/sitio\/wp-content\/uploads\/2024\/08\/direytel-768x90.png 768w\" sizes=\"(max-width: 707px) 100vw, 707px\" \/><\/figure><\/div>","protected":false},"excerpt":{"rendered":"<p>Se informa a la comunidad que desde del 09 de febrero al 20 de marzo de 2026, se encuentran abiertas las inscripciones a los aspirantes a 1\u00b0 a\u00f1o, para el ciclo lectivo 2026 INFORMACI\u00d3N A TENER EN CUENTA Los aspirantes depende de la elecci\u00f3n de su profesorado, deber\u00e1n tener en cuenta que las clases se &#8230; <a title=\"INFORMACI\u00d3N PARA INSCRIPCI\u00d3N\" class=\"read-more\" href=\"https:\/\/isfd14-nqn.infd.edu.ar\/sitio\/bedelia\/\" aria-label=\"More on INFORMACI\u00d3N PARA INSCRIPCI\u00d3N\">[+]<\/a><\/p>\n","protected":false},"author":1183,"featured_media":0,"parent":0,"menu_order":0,"comment_status":"closed","ping_status":"closed","template":"","meta":[],"acf":[],"_links":{"self":[{"href":"https:\/\/isfd14-nqn.infd.edu.ar\/sitio\/wp-json\/wp\/v2\/pages\/1461"}],"collection":[{"href":"https:\/\/isfd14-nqn.infd.edu.ar\/sitio\/wp-json\/wp\/v2\/pages"}],"about":[{"href":"https:\/\/isfd14-nqn.infd.edu.ar\/sitio\/wp-json\/wp\/v2\/types\/page"}],"author":[{"embeddable":true,"href":"https:\/\/isfd14-nqn.infd.edu.ar\/sitio\/wp-json\/wp\/v2\/users\/1183"}],"replies":[{"embeddable":true,"href":"https:\/\/isfd14-nqn.infd.edu.ar\/sitio\/wp-json\/wp\/v2\/comments?post=1461"}],"version-history":[{"count":213,"href":"https:\/\/isfd14-nqn.infd.edu.ar\/sitio\/wp-json\/wp\/v2\/pages\/1461\/revisions"}],"predecessor-version":[{"id":12520,"href":"https:\/\/isfd14-nqn.infd.edu.ar\/sitio\/wp-json\/wp\/v2\/pages\/1461\/revisions\/12520"}],"wp:attachment":[{"href":"https:\/\/isfd14-nqn.infd.edu.ar\/sitio\/wp-json\/wp\/v2\/media?parent=1461"}],"curies":[{"name":"wp","href":"https:\/\/api.w.org\/{rel}","templated":true}]}}