{"id":1492,"date":"2024-08-02T16:19:37","date_gmt":"2024-08-02T19:19:37","guid":{"rendered":"https:\/\/isfd14-nqn.infd.edu.ar\/sitio\/?page_id=1492"},"modified":"2026-04-12T19:14:54","modified_gmt":"2026-04-12T22:14:54","slug":"secretaria-de-extension","status":"publish","type":"page","link":"https:\/\/isfd14-nqn.infd.edu.ar\/sitio\/secretaria-de-extension\/","title":{"rendered":"SECRETAR\u00cdA DE EXTENSI\u00d3N"},"content":{"rendered":"\n<div class=\"wp-block-cover alignwide is-light\" style=\"min-height:91px\"><span aria-hidden=\"true\" class=\"wp-block-cover__background has-background-dim-100 has-background-dim\" style=\"background-color:#5f83d8\"><\/span><div class=\"wp-block-cover__inner-container\">\n<p class=\"has-text-align-center has-base-3-color has-text-color has-large-font-size\"><strong>SECRETAR\u00cdA DE EXTENSI\u00d3N<\/strong><\/p>\n<\/div><\/div>\n\n\n\n<hr class=\"wp-block-separator has-text-color has-accent-color has-alpha-channel-opacity has-accent-background-color has-background is-style-wide\"\/>\n\n\n<div style=\"background: #ffffff; border-left: 5px solid #5f83d8; padding: 18px; margin: 20px 0; border-radius: 6px; box-shadow: 0 2px 5px rgba(0,0,0,0.08);\">\n<h2 style=\"font-weight: 600; margin-bottom: 10px;\">Secretar\u00eda de Extensi\u00f3n<\/h2>\n<div style=\"background: #f2f8fc; padding: 14px; border-radius: 4px; margin-bottom: 12px;\">La Secretar\u00eda de Extensi\u00f3n es responsable de la coordinaci\u00f3n de las actividades acad\u00e9micas de extensi\u00f3n, en el marco de la formaci\u00f3n docente, y forma parte del Consejo Acad\u00e9mico de la instituci\u00f3n.<\/div>\n<div style=\"font-weight: 600; margin-bottom: 8px;\">Funciones:<\/div>\n<ul style=\"padding-left: 18px; margin: 0; margin-bottom: 12px;\">\n<li style=\"margin-bottom: 6px;\">Promover la comunicaci\u00f3n entre la instituci\u00f3n y la comunidad en torno a los conocimientos y pr\u00e1cticas culturales.<\/li>\n<li style=\"margin-bottom: 6px;\">Impulsar espacios interinstitucionales para democratizar los saberes cient\u00edficos y sociales.<\/li>\n<li style=\"margin-bottom: 6px;\">Generar redes de trabajo colaborativo con otras instituciones educativas.<\/li>\n<li style=\"margin-bottom: 6px;\">Fomentar la producci\u00f3n conjunta de conocimientos vinculados a la pr\u00e1ctica docente.<\/li>\n<li style=\"margin-bottom: 6px;\">Impulsar espacios de formaci\u00f3n docente continua.<\/li>\n<li style=\"margin-bottom: 6px;\">Promover instancias de intercambio, debate y divulgaci\u00f3n de proyectos de extensi\u00f3n.<\/li>\n<\/ul>\n<\/div>\n\n\n<hr class=\"wp-block-separator has-text-color has-accent-color has-alpha-channel-opacity has-accent-background-color has-background is-style-dots\"\/>\n\n\n\n<p class=\"has-medium-font-size\"><strong>Horario de atenci\u00f3n y secretario actual:<\/strong><\/p>\n\n\n<table style=\"width: 100%; border-collapse: collapse;\">\n<tbody>\n<tr style=\"background-color: #5f83d8;\">\n<td style=\"padding: 10px; text-align: center;\"><img decoding=\"async\" style=\"width: 40px; filter: brightness(0) invert(1);\" src=\"https:\/\/isfd14-nqn.infd.edu.ar\/sitio\/wp-content\/uploads\/2025\/08\/icons8-calendar-50.png\"><\/td>\n<td style=\"padding: 10px; text-align: center;\"><img decoding=\"async\" style=\"width: 40px; filter: brightness(0) invert(1);\" src=\"https:\/\/isfd14-nqn.infd.edu.ar\/sitio\/wp-content\/uploads\/2025\/08\/icons8-zona-horaria-utc-50.png\"><\/td>\n<td style=\"padding: 10px; text-align: center;\"><img decoding=\"async\" style=\"width: 40px; filter: brightness(0) invert(1);\" src=\"https:\/\/isfd14-nqn.infd.edu.ar\/sitio\/wp-content\/uploads\/2025\/08\/icons8-tiempo-48.png\"><\/td>\n<td style=\"padding: 10px; text-align: center;\"><img decoding=\"async\" style=\"width: 40px; filter: brightness(0) invert(1);\" src=\"https:\/\/isfd14-nqn.infd.edu.ar\/sitio\/wp-content\/uploads\/2025\/08\/icons8-usuario-96-1.png\"><\/td>\n<\/tr>\n<tr>\n<td style=\"padding: 10px;\"><b>Martes<\/b><\/td>\n<td style=\"padding: 10px;\"><b>Turno Ma\u00f1ana<\/b><\/td>\n<td style=\"padding: 10px;\">08:00 A 10:00 HS<\/td>\n<td style=\"padding: 10px;\">Jes\u00fas V\u00e1zquez<\/td>\n<\/tr>\n<tr style=\"background-color: #eef2fc;\">\n<td style=\"padding: 10px;\"><b>Lunes<\/b><\/td>\n<td style=\"padding: 10px;\"><b>Turno Tarde<\/b><\/td>\n<td style=\"padding: 10px;\">15:00 A 17:00 HS<\/td>\n<td style=\"padding: 10px;\">&nbsp;<\/td>\n<\/tr>\n<tr>\n<td style=\"padding: 10px;\"><b>Mi\u00e9rcoles<\/b><\/td>\n<td style=\"padding: 10px;\"><b>Turno Vespertino<\/b><\/td>\n<td style=\"padding: 10px;\">20:00 A 22:00 HS<\/td>\n<td style=\"padding: 10px;\">&nbsp;<\/td>\n<\/tr>\n<\/tbody>\n<\/table>\n\n\n<p class=\"has-medium-font-size\"><strong>Para m\u00e1s informaci\u00f3n<\/strong>, podes escribir: <\/p>\n\n\n\n<p><img decoding=\"async\" loading=\"lazy\" width=\"100\" height=\"100\" class=\"wp-image-8533\" style=\"width: 50px;\" src=\"https:\/\/isfd14-nqn.infd.edu.ar\/sitio\/wp-content\/uploads\/2025\/08\/icons8-sobre-circulado-100.png\" alt=\"\"><a href=\"mailto:extension.isfd14@gmail.com\" target=\"_blank\" rel=\"noreferrer noopener\">extension.isfd14@gmail.com<\/a><\/p>\n\n\n\n<div style=\"height:19px\" aria-hidden=\"true\" class=\"wp-block-spacer\"><\/div>\n\n\n\n<p><img decoding=\"async\" loading=\"lazy\" width=\"50\" height=\"50\" class=\"wp-image-8510\" style=\"width: 50px;\" src=\"https:\/\/isfd14-nqn.infd.edu.ar\/sitio\/wp-content\/uploads\/2025\/08\/icons8-calendar-50.png\" alt=\"\"> Para consultas sobre Proyectos de Extensi\u00f3n. Reservar con 24 hs de anticipaci\u00f3n m\u00ednima.<\/p>\n\n\n\n<div class=\"wp-block-buttons is-layout-flex\">\n<div class=\"wp-block-button\"><a class=\"wp-block-button__link has-accent-background-color has-background wp-element-button\" href=\"https:\/\/calendar.app.google\/rfkRk6oBQ12exz936\" target=\"_blank\" rel=\"noreferrer noopener\">Clic para reservar cita<\/a><\/div>\n<\/div>\n\n\n\n<hr class=\"wp-block-separator has-text-color has-accent-color has-alpha-channel-opacity has-accent-background-color has-background is-style-dots\"\/>\n\n\n\n<div class=\"wp-block-cover is-light\" style=\"min-height:91px\"><span aria-hidden=\"true\" class=\"wp-block-cover__background has-background-dim-100 has-background-dim\" style=\"background-color:#5f83d8\"><\/span><div class=\"wp-block-cover__inner-container\">\n<p class=\"has-base-color has-text-color has-medium-font-size\"> <strong>Pasos para la presentaci\u00f3n de un proyecto de extensi\u00f3n:<\/strong><\/p>\n<\/div><\/div>\n\n\n\n<p class=\"has-medium-font-size\">Informaci\u00f3n general y acceso a formularios:<\/p>\n\n\n\n<div class=\"wp-block-file\"><object class=\"wp-block-file__embed\" data=\"https:\/\/isfd14-nqn.infd.edu.ar\/sitio\/wp-content\/uploads\/2025\/07\/PASOS-PARA-LA-PRESENTACION-DE-UN-PROYECTO-1.pdf\" type=\"application\/pdf\" style=\"width:100%;height:600px\" aria-label=\"Incrustado de PASOS-PARA-LA-PRESENTACION-DE-UN-PROYECTO-1.\"><\/object><a id=\"wp-block-file--media-a5966403-92ad-4f5b-856f-c3108c27762d\" href=\"https:\/\/isfd14-nqn.infd.edu.ar\/sitio\/wp-content\/uploads\/2025\/07\/PASOS-PARA-LA-PRESENTACION-DE-UN-PROYECTO-1.pdf\">PASOS-PARA-LA-PRESENTACION-DE-UN-PROYECTO-1<\/a><a href=\"https:\/\/isfd14-nqn.infd.edu.ar\/sitio\/wp-content\/uploads\/2025\/07\/PASOS-PARA-LA-PRESENTACION-DE-UN-PROYECTO-1.pdf\" class=\"wp-block-file__button wp-element-button\" download aria-describedby=\"wp-block-file--media-a5966403-92ad-4f5b-856f-c3108c27762d\">Descarga<\/a><\/div>\n\n\n\n<p class=\"has-text-align-left has-base-3-color has-text-color has-medium-font-size\">HISTORIA<\/p>\n\n\n\n<div style=\"height:19px\" aria-hidden=\"true\" class=\"wp-block-spacer\"><\/div>\n\n\n\n<div class=\"wp-block-cover is-light has-small-font-size\" style=\"min-height:50px\"><span aria-hidden=\"true\" class=\"wp-block-cover__background has-background-dim-100 has-background-dim\" style=\"background-color:#5f83d8\"><\/span><div class=\"wp-block-cover__inner-container\">\n<p class=\"has-text-align-left has-base-3-color has-text-color has-medium-font-size\"><img decoding=\"async\" loading=\"lazy\" width=\"512\" height=\"512\" class=\"wp-image-10276\" style=\"width: 50px;\" src=\"https:\/\/isfd14-nqn.infd.edu.ar\/sitio\/wp-content\/uploads\/2026\/02\/entrevistaExtension.png\" alt=\"\" srcset=\"https:\/\/isfd14-nqn.infd.edu.ar\/sitio\/wp-content\/uploads\/2026\/02\/entrevistaExtension.png 512w, https:\/\/isfd14-nqn.infd.edu.ar\/sitio\/wp-content\/uploads\/2026\/02\/entrevistaExtension-500x500.png 500w\" sizes=\"(max-width: 512px) 100vw, 512px\" \/> <strong>PREGUNTAS FRECUENTES<\/strong><\/p>\n<\/div><\/div>\n\n\n\n<div class=\"wp-block-columns is-layout-flex wp-container-12\">\n<div class=\"wp-block-column is-layout-flow\">\n<div class=\"wp-block-cover has-custom-content-position is-position-top-center\" style=\"min-height:356px\"><span aria-hidden=\"true\" class=\"wp-block-cover__background has-base-background-color has-background-dim-100 has-background-dim\"><\/span><div class=\"wp-block-cover__inner-container\"><div class=\"wp-block-image\">\n<figure class=\"aligncenter size-full is-resized\"><img decoding=\"async\" loading=\"lazy\" src=\"https:\/\/isfd14-nqn.infd.edu.ar\/sitio\/wp-content\/uploads\/2026\/04\/presentacion-2.png\" alt=\"\" class=\"wp-image-12490\" width=\"80\" height=\"80\" srcset=\"https:\/\/isfd14-nqn.infd.edu.ar\/sitio\/wp-content\/uploads\/2026\/04\/presentacion-2.png 512w, https:\/\/isfd14-nqn.infd.edu.ar\/sitio\/wp-content\/uploads\/2026\/04\/presentacion-2-500x500.png 500w\" sizes=\"(max-width: 80px) 100vw, 80px\" \/><\/figure><\/div>\n\n\n<p class=\"has-text-align-center has-contrast-color has-text-color has-medium-font-size\">Presentaci\u00f3n Proyectos<\/p>\n\n\n\n<div class=\"wp-block-buttons has-custom-font-size has-medium-font-size is-content-justification-center is-layout-flex wp-container-2\">\n<div class=\"wp-block-button\"><a class=\"wp-block-button__link has-accent-background-color has-background wp-element-button\" href=\"https:\/\/docs.google.com\/document\/d\/1ovstFbk6E5YqX4DaaGurTEgvthKLdbq-\/edit\" style=\"border-radius:10px\" target=\"_blank\" rel=\"noreferrer noopener\">Formulario<\/a><\/div>\n<\/div>\n<\/div><\/div>\n<\/div>\n\n\n\n<div class=\"wp-block-column is-layout-flow\">\n<div class=\"wp-block-cover has-custom-content-position is-position-top-center\" style=\"min-height:356px\"><span aria-hidden=\"true\" class=\"wp-block-cover__background has-base-background-color has-background-dim-100 has-background-dim\"><\/span><div class=\"wp-block-cover__inner-container\"><div class=\"wp-block-image\">\n<figure class=\"aligncenter size-full is-resized\"><img decoding=\"async\" loading=\"lazy\" src=\"https:\/\/isfd14-nqn.infd.edu.ar\/sitio\/wp-content\/uploads\/2026\/02\/hoja-de-calculo.png\" alt=\"\" class=\"wp-image-10268\" width=\"78\" height=\"78\" srcset=\"https:\/\/isfd14-nqn.infd.edu.ar\/sitio\/wp-content\/uploads\/2026\/02\/hoja-de-calculo.png 512w, https:\/\/isfd14-nqn.infd.edu.ar\/sitio\/wp-content\/uploads\/2026\/02\/hoja-de-calculo-500x500.png 500w\" sizes=\"(max-width: 78px) 100vw, 78px\" \/><\/figure><\/div>\n\n\n<p class=\"has-text-align-center has-contrast-color has-text-color has-medium-font-size\">calcular h. Acreditables<\/p>\n\n\n\n<div class=\"wp-block-buttons has-custom-font-size has-medium-font-size is-content-justification-center is-layout-flex wp-container-4\">\n<div class=\"wp-block-button\"><a class=\"wp-block-button__link has-accent-background-color has-background wp-element-button\" href=\"https:\/\/isfd14-nqn.infd.edu.ar\/sitio\/wp-admin\/post.php?post=9834&amp;action=edit\" style=\"border-radius:10px\" target=\"_blank\" rel=\"noreferrer noopener\">calcular<\/a><\/div>\n<\/div>\n<\/div><\/div>\n<\/div>\n\n\n\n<div class=\"wp-block-column is-layout-flow\">\n<div class=\"wp-block-cover has-custom-content-position is-position-top-center\" style=\"min-height:358px\"><span aria-hidden=\"true\" class=\"wp-block-cover__background has-base-background-color has-background-dim-100 has-background-dim\"><\/span><div class=\"wp-block-cover__inner-container\"><div class=\"wp-block-image\">\n<figure class=\"aligncenter size-full is-resized\"><img decoding=\"async\" loading=\"lazy\" src=\"https:\/\/isfd14-nqn.infd.edu.ar\/sitio\/wp-content\/uploads\/2026\/02\/politicas.png\" alt=\"\" class=\"wp-image-10265\" width=\"78\" height=\"78\" srcset=\"https:\/\/isfd14-nqn.infd.edu.ar\/sitio\/wp-content\/uploads\/2026\/02\/politicas.png 512w, https:\/\/isfd14-nqn.infd.edu.ar\/sitio\/wp-content\/uploads\/2026\/02\/politicas-500x500.png 500w\" sizes=\"(max-width: 78px) 100vw, 78px\" \/><\/figure><\/div>\n\n\n<p class=\"has-text-align-center has-contrast-color has-text-color has-medium-font-size\">Disposici\u00f3n<br> de Aval<\/p>\n\n\n\n<div class=\"wp-block-buttons is-content-justification-center is-layout-flex wp-container-6\">\n<div class=\"wp-block-button has-custom-font-size has-medium-font-size\"><a class=\"wp-block-button__link has-accent-background-color has-background wp-element-button\" href=\"https:\/\/isfd14-nqn.infd.edu.ar\/sitio\/wp-admin\/post.php?post=9848&amp;action=edit\" style=\"border-radius:10px\" target=\"_blank\" rel=\"noreferrer noopener\">Disp.<\/a><\/div>\n<\/div>\n<\/div><\/div>\n<\/div>\n\n\n\n<div class=\"wp-block-column is-layout-flow\">\n<div class=\"wp-block-cover has-custom-content-position is-position-top-center\" style=\"min-height:353px\"><span aria-hidden=\"true\" class=\"wp-block-cover__background has-base-background-color has-background-dim-100 has-background-dim\"><\/span><div class=\"wp-block-cover__inner-container\"><div class=\"wp-block-image\">\n<figure class=\"aligncenter size-full is-resized\"><img decoding=\"async\" loading=\"lazy\" src=\"https:\/\/isfd14-nqn.infd.edu.ar\/sitio\/wp-content\/uploads\/2026\/02\/roles.png\" alt=\"\" class=\"wp-image-10266\" width=\"78\" height=\"78\" srcset=\"https:\/\/isfd14-nqn.infd.edu.ar\/sitio\/wp-content\/uploads\/2026\/02\/roles.png 512w, https:\/\/isfd14-nqn.infd.edu.ar\/sitio\/wp-content\/uploads\/2026\/02\/roles-500x500.png 500w\" sizes=\"(max-width: 78px) 100vw, 78px\" \/><\/figure><\/div>\n\n\n<p class=\"has-text-align-center has-contrast-color has-text-color has-medium-font-size\">Posibles<br> Roles<\/p>\n\n\n\n<div class=\"wp-block-buttons is-content-justification-center is-layout-flex wp-container-8\">\n<div class=\"wp-block-button has-custom-font-size has-medium-font-size\"><a class=\"wp-block-button__link has-accent-background-color has-background wp-element-button\" href=\"https:\/\/isfd14-nqn.infd.edu.ar\/sitio\/wp-admin\/post.php?post=9841&amp;action=edit\" style=\"border-radius:10px\" target=\"_blank\" rel=\"noreferrer noopener\">Roles<\/a><\/div>\n<\/div>\n<\/div><\/div>\n<\/div>\n\n\n\n<div class=\"wp-block-column is-layout-flow\">\n<div class=\"wp-block-cover has-custom-content-position is-position-top-center\" style=\"min-height:347px\"><span aria-hidden=\"true\" class=\"wp-block-cover__background has-base-background-color has-background-dim-100 has-background-dim\"><\/span><div class=\"wp-block-cover__inner-container\"><div class=\"wp-block-image\">\n<figure class=\"aligncenter size-full is-resized\"><img decoding=\"async\" loading=\"lazy\" src=\"https:\/\/isfd14-nqn.infd.edu.ar\/sitio\/wp-content\/uploads\/2026\/02\/certificado.png\" alt=\"\" class=\"wp-image-10267\" width=\"78\" height=\"78\" srcset=\"https:\/\/isfd14-nqn.infd.edu.ar\/sitio\/wp-content\/uploads\/2026\/02\/certificado.png 512w, https:\/\/isfd14-nqn.infd.edu.ar\/sitio\/wp-content\/uploads\/2026\/02\/certificado-500x500.png 500w\" sizes=\"(max-width: 78px) 100vw, 78px\" \/><\/figure><\/div>\n\n\n<p class=\"has-text-align-center has-contrast-color has-text-color has-medium-font-size\">Corroborar certificaciones<\/p>\n\n\n\n<div class=\"wp-block-buttons is-content-justification-center is-layout-flex wp-container-10\">\n<div class=\"wp-block-button has-custom-font-size has-medium-font-size\"><a class=\"wp-block-button__link has-accent-background-color has-background wp-element-button\" href=\"https:\/\/isfd14-nqn.infd.edu.ar\/sitio\/wp-admin\/post.php?post=9843&amp;action=edit\" style=\"border-radius:10px\" target=\"_blank\" rel=\"noreferrer noopener\">Certif.<\/a><\/div>\n<\/div>\n<\/div><\/div>\n<\/div>\n<\/div>\n\n\n\n<p class=\"has-medium-font-size\"><\/p>\n\n\n\n<hr class=\"wp-block-separator has-alpha-channel-opacity\"\/>\n\n\n\n<div class=\"wp-block-cover is-light\" style=\"min-height:91px\"><span aria-hidden=\"true\" class=\"wp-block-cover__background has-background-dim-100 has-background-dim\" style=\"background-color:#5f83d8\"><\/span><div class=\"wp-block-cover__inner-container\">\n<p class=\"has-base-color has-text-color has-medium-font-size\"><strong>PROYECTOS DE EXTENSI\u00d3N A\u00d1O 2024<\/strong><\/p>\n<\/div><\/div>\n\n\n\n<div class=\"wp-block-file\"><object class=\"wp-block-file__embed\" data=\"https:\/\/isfd14-nqn.infd.edu.ar\/sitio\/wp-content\/uploads\/2025\/03\/PROYECTOSiNVESTIGACION2024.pdf\" type=\"application\/pdf\" style=\"width:100%;height:600px\" aria-label=\"Incrustado de PROYECTOSiNVESTIGACION2024.\"><\/object><a id=\"wp-block-file--media-2e96c8a6-92a5-4d35-bdb4-74bf8d732ad2\" href=\"https:\/\/isfd14-nqn.infd.edu.ar\/sitio\/wp-content\/uploads\/2025\/03\/PROYECTOSiNVESTIGACION2024.pdf\">PROYECTOSiNVESTIGACION2024<\/a><a href=\"https:\/\/isfd14-nqn.infd.edu.ar\/sitio\/wp-content\/uploads\/2025\/03\/PROYECTOSiNVESTIGACION2024.pdf\" class=\"wp-block-file__button wp-element-button\" download aria-describedby=\"wp-block-file--media-2e96c8a6-92a5-4d35-bdb4-74bf8d732ad2\">Descarga<\/a><\/div>\n\n\n\n<div style=\"height:44px\" aria-hidden=\"true\" class=\"wp-block-spacer\"><\/div>\n\n\n\n<div class=\"wp-block-cover is-light has-small-font-size\" style=\"min-height:62px\"><span aria-hidden=\"true\" class=\"wp-block-cover__background has-background-dim-100 has-background-dim\" style=\"background-color:#5f83d8\"><\/span><div class=\"wp-block-cover__inner-container\">\n<p class=\"has-text-align-left has-base-3-color has-text-color has-medium-font-size\">HISTORIA<\/p>\n<\/div><\/div>\n\n\n\n<hr class=\"wp-block-separator has-text-color has-accent-color has-alpha-channel-opacity has-accent-background-color has-background\"\/>\n\n\n\n<p><\/p>\n\n\n\n<figure class=\"wp-block-table is-style-stripes\"><table class=\"has-background has-fixed-layout\" style=\"background-color:#f7f7fb\"><tbody><tr><td><img decoding=\"async\" loading=\"lazy\" width=\"50\" height=\"50\" class=\"wp-image-8510\" style=\"width: 50px;\" src=\"https:\/\/isfd14-nqn.infd.edu.ar\/sitio\/wp-content\/uploads\/2025\/08\/icons8-calendar-50.png\" alt=\"\"><\/td><td><img decoding=\"async\" loading=\"lazy\" width=\"50\" height=\"50\" class=\"wp-image-8731\" style=\"width: 50px;\" src=\"https:\/\/isfd14-nqn.infd.edu.ar\/sitio\/wp-content\/uploads\/2025\/08\/icons8-tarjeta-de-identificacion-50.png\" alt=\"\"><\/td><\/tr><tr><td>05\/11\/2025-CONTINUA<\/td><td>JES\u00daS V\u00c1ZQUEZ<\/td><\/tr><tr><td>01\/08\/2022 &#8211; 28\/08\/2025<\/td><td>TATIANA VAZQUEZ<\/td><\/tr><tr><td>2017-2021<\/td><td>LAURA VAZQUEZ<\/td><\/tr><tr><td>2015 -2017<\/td><td>CARLA PONCE<\/td><\/tr><tr><td>2013 al 3\/06\/2015<\/td><td>PABLO O&#8217; DWYER <\/td><\/tr><tr><td>2007<\/td><td>MARIELA DILL\u00d3N (COORDINADORA DE EXTENSI\u00d3N)<\/td><\/tr><\/tbody><\/table><\/figure>\n\n\n\n<div class=\"wp-block-columns alignwide has-small-font-size is-layout-flex wp-container-14\">\n<div class=\"wp-block-column is-vertically-aligned-center is-layout-flow\"><div class=\"wp-block-image is-style-rounded\">\n<figure class=\"alignleft size-full is-resized\"><img decoding=\"async\" loading=\"lazy\" src=\"https:\/\/isfd14-nqn.infd.edu.ar\/sitio\/wp-content\/uploads\/2024\/09\/LAURA-1.jpg\" alt=\"\" class=\"wp-image-3787\" width=\"209\" height=\"174\" srcset=\"https:\/\/isfd14-nqn.infd.edu.ar\/sitio\/wp-content\/uploads\/2024\/09\/LAURA-1.jpg 837w, https:\/\/isfd14-nqn.infd.edu.ar\/sitio\/wp-content\/uploads\/2024\/09\/LAURA-1-768x639.jpg 768w\" sizes=\"(max-width: 209px) 100vw, 209px\" \/><\/figure><\/div>\n\n\n<blockquote class=\"wp-block-quote is-style-plain\" style=\"font-size:21px\">\n<p class=\"has-text-align-left\" style=\"font-size:16px\">\u00abEstimados\/as compa\u00f1eros\/as: En el marco de las elecciones para el cargo de Secretaria\/o de extensi\u00f3n quiero en primer lugar celebrar este y todos los espacios democr\u00e1ticos que nos permiten las nuevas formas de gobierno de los institutos de formaci\u00f3n docente.<\/p>\n\n\n\n<p class=\"has-text-align-left\" style=\"font-size:16px\">Como ustedes saben, hace cuatro a\u00f1os tome la responsabilidad de este cargo. En este tiempo he aprendido junto a ustedes lo que significa esta tarea y lo que nos aporta a los\/as docentes la funci\u00f3n de extensi\u00f3n en el campo de la formaci\u00f3n continua, apoyo pedag\u00f3gico a las escuelas, el acompa\u00f1amiento a docentes noveles, el desarrollo profesional docente y muy especialmente el de la co-formaci\u00f3n como espacio de construcci\u00f3n colectiva de conocimientos y saberes, atendiendo, adem\u00e1s, la responsabilidad que implica como miembros de un instituto formador.<br>Tengo la certeza de que todo lo que hemos hecho, porque esta labor no fue desarrollada sino con el apoyo, la colaboraci\u00f3n y el aporte de todos ustedes, que seguramente tuvo aciertos y errores, pero quiero asegurarles que he trabajado desde el primer d\u00eda con responsabilidad y compromiso honrando siempre, la posibilidad que me otorgaron y de la que estoy absolutamente agradecida.<\/p>\n\n\n\n<p class=\"has-text-align-left\" style=\"font-size:16px\">En este acto, pongo a consideraci\u00f3n de ustedes mi desempe\u00f1o como secretaria de extensi\u00f3n durante el per\u00edodo 2017\/2021.<\/p>\n\n\n\n<p style=\"font-size:16px\">Los\/as invito visualizar los proyectos realizados en mi gesti\u00f3n:<\/p>\n\n\n\n<div class=\"wp-block-file\"><a id=\"wp-block-file--media-a48da460-4752-4b92-a88f-524e82b43946\" href=\"https:\/\/isfd14-nqn.infd.edu.ar\/sitio\/wp-content\/uploads\/2024\/10\/acciones-de-extension-2017-2021-vazquezLaura.xlsx\" target=\"_blank\" rel=\"noreferrer noopener\">acciones-de-extension-2017-2021-vazquezLaura<\/a><a href=\"https:\/\/isfd14-nqn.infd.edu.ar\/sitio\/wp-content\/uploads\/2024\/10\/acciones-de-extension-2017-2021-vazquezLaura.xlsx\" class=\"wp-block-file__button wp-element-button\" download aria-describedby=\"wp-block-file--media-a48da460-4752-4b92-a88f-524e82b43946\">Descarga<\/a><\/div>\n\n\n\n<p class=\"has-medium-font-size\">Saludos&nbsp;cordiales.<\/p>\n<\/blockquote>\n<\/div>\n<\/div>\n\n\n\n<figure class=\"wp-block-table is-style-stripes\"><table class=\"has-background has-fixed-layout\" style=\"background-color:#f7f7fb\"><thead><tr><th class=\"has-text-align-left\" data-align=\"left\">MIEMBROS DEPTO EXTENSI\u00d3N 1994<\/th><th><\/th><\/tr><\/thead><tbody><tr><td class=\"has-text-align-left\" data-align=\"left\">PROF. ORUSA CLAUDIA<\/td><td>PROF. BONHOURE LILIANA<\/td><\/tr><tr><td class=\"has-text-align-left\" data-align=\"left\">PROF. KUCAK ELENA<\/td><td>PROF. TUMMINIELO CARLOS<\/td><\/tr><tr><td class=\"has-text-align-left\" data-align=\"left\">PROF. D\u00cdAZ NORMA<\/td><td><\/td><\/tr><\/tbody><\/table><\/figure>\n","protected":false},"excerpt":{"rendered":"<p>Secretar\u00eda de Extensi\u00f3n La Secretar\u00eda de Extensi\u00f3n es responsable de la coordinaci\u00f3n de las actividades acad\u00e9micas de extensi\u00f3n, en el marco de la formaci\u00f3n docente, y forma parte del Consejo Acad\u00e9mico de la instituci\u00f3n. Funciones: Promover la comunicaci\u00f3n entre la instituci\u00f3n y la comunidad en torno a los conocimientos y pr\u00e1cticas culturales. Impulsar espacios interinstitucionales &#8230; <a title=\"SECRETAR\u00cdA DE EXTENSI\u00d3N\" class=\"read-more\" href=\"https:\/\/isfd14-nqn.infd.edu.ar\/sitio\/secretaria-de-extension\/\" aria-label=\"More on SECRETAR\u00cdA DE EXTENSI\u00d3N\">[+]<\/a><\/p>\n","protected":false},"author":1183,"featured_media":0,"parent":0,"menu_order":0,"comment_status":"closed","ping_status":"closed","template":"","meta":[],"acf":[],"_links":{"self":[{"href":"https:\/\/isfd14-nqn.infd.edu.ar\/sitio\/wp-json\/wp\/v2\/pages\/1492"}],"collection":[{"href":"https:\/\/isfd14-nqn.infd.edu.ar\/sitio\/wp-json\/wp\/v2\/pages"}],"about":[{"href":"https:\/\/isfd14-nqn.infd.edu.ar\/sitio\/wp-json\/wp\/v2\/types\/page"}],"author":[{"embeddable":true,"href":"https:\/\/isfd14-nqn.infd.edu.ar\/sitio\/wp-json\/wp\/v2\/users\/1183"}],"replies":[{"embeddable":true,"href":"https:\/\/isfd14-nqn.infd.edu.ar\/sitio\/wp-json\/wp\/v2\/comments?post=1492"}],"version-history":[{"count":168,"href":"https:\/\/isfd14-nqn.infd.edu.ar\/sitio\/wp-json\/wp\/v2\/pages\/1492\/revisions"}],"predecessor-version":[{"id":12497,"href":"https:\/\/isfd14-nqn.infd.edu.ar\/sitio\/wp-json\/wp\/v2\/pages\/1492\/revisions\/12497"}],"wp:attachment":[{"href":"https:\/\/isfd14-nqn.infd.edu.ar\/sitio\/wp-json\/wp\/v2\/media?parent=1492"}],"curies":[{"name":"wp","href":"https:\/\/api.w.org\/{rel}","templated":true}]}}