{"id":2156,"date":"2024-08-16T15:29:03","date_gmt":"2024-08-16T18:29:03","guid":{"rendered":"https:\/\/isfd14-nqn.infd.edu.ar\/sitio\/?page_id=2156"},"modified":"2026-03-22T11:39:10","modified_gmt":"2026-03-22T14:39:10","slug":"prensa","status":"publish","type":"page","link":"https:\/\/isfd14-nqn.infd.edu.ar\/sitio\/prensa\/","title":{"rendered":"PRENSA"},"content":{"rendered":"\n<div class=\"wp-block-cover is-light\" style=\"min-height:91px\"><span aria-hidden=\"true\" class=\"wp-block-cover__background has-background-dim-100 has-background-dim\" style=\"background-color:#5f83d8\"><\/span><div class=\"wp-block-cover__inner-container\">\n<p class=\"has-text-align-center has-base-3-color has-text-color has-large-font-size\"><strong>CANAL LA VOZ DEL 14<\/strong><\/p>\n<\/div><\/div>\n\n\n\n<hr class=\"wp-block-separator has-text-color has-accent-color has-alpha-channel-opacity has-accent-background-color has-background\"\/>\n\n\n\n<div class=\"wp-block-columns alignwide has-small-font-size is-layout-flex wp-container-3\">\n<div class=\"wp-block-column is-layout-flow\" style=\"flex-basis:15%\">\n<figure class=\"wp-block-image\"><img decoding=\"async\" loading=\"lazy\" width=\"160\" height=\"160\" src=\"https:\/\/isfd14-nqn.infd.edu.ar\/sitio\/wp-content\/uploads\/2024\/08\/logoprensa14.jpg\" alt=\"\" class=\"wp-image-2161\"\/><\/figure>\n<\/div>\n\n\n\n<div class=\"wp-block-column is-layout-flow\" style=\"flex-basis:85%\">\n<blockquote class=\"wp-block-quote has-text-align-center is-style-plain\" style=\"font-style:normal;font-weight:400\">\n<p class=\"has-text-align-left has-medium-font-size\"><\/p>\n\n\n\n<p class=\"has-text-align-left has-medium-font-size\">Es un proyecto de extensi\u00f3n creado por la prof. Luciana Caceres y el prof. Rub\u00e9n Ruiz.<\/p>\n<\/blockquote>\n\n\n\n<p><\/p>\n\n\n\n<p><\/p>\n<\/div>\n<\/div>\n\n\n\n<p class=\"has-medium-font-size\">Empez\u00f3 con&nbsp; el fundamento de que hoy en d\u00eda los medios de comunicaci\u00f3n audiovisuales crearon nuevas formas de interactuar en la vida diaria y se usan cada vez m\u00e1s en los sectores p\u00fablicos, privados y sociales. Por ello es muy importante que como establecimiento educativo p\u00fablico estemos presentes en diversos contenidos multimedia ya que estos forman parte del m\u00e1ximo consumo cultural.<br>Un canal de Youtube y las cuentas de Instagram y Facebook, expanden los l\u00edmites de una instituci\u00f3n tradicional y permiten la inserci\u00f3n de la escuela en la sociedad para que de esta manera no s\u00f3lo sean part\u00edcipes los que pertenecemos al IFD N\u00b014 sino que la comunidad en general. Por \u00faltimo, pensamos que el presente proyecto es importante porque significa pensar a los medios como:<\/p>\n\n\n\n<ul class=\"has-medium-font-size\">\n<li>Una herramienta pedag\u00f3gica y de inclusi\u00f3n educativa.<\/li>\n\n\n\n<li>Un espacio para la promoci\u00f3n de la participaci\u00f3n y del protagonismo juvenil.<\/li>\n\n\n\n<li>Un lugar de intercambio con la comunidad.<\/li>\n<\/ul>\n\n\n\n<hr class=\"wp-block-separator has-alpha-channel-opacity\"\/>\n\n\n\n<p class=\"has-medium-font-size\">Por eso te invitamos a que te unas al  canal:<strong> <\/strong><\/p>\n\n\n\n<ul class=\"wp-block-social-links aligncenter is-layout-flex\"><li class=\"wp-social-link wp-social-link-youtube wp-block-social-link\"><a href=\"https:\/\/www.youtube.com\/@ISFDN14AnibalPonce-Cutral-Co\" class=\"wp-block-social-link-anchor\"><svg width=\"24\" height=\"24\" viewBox=\"0 0 24 24\" version=\"1.1\" xmlns=\"http:\/\/www.w3.org\/2000\/svg\" aria-hidden=\"true\" focusable=\"false\"><path d=\"M21.8,8.001c0,0-0.195-1.378-0.795-1.985c-0.76-0.797-1.613-0.801-2.004-0.847c-2.799-0.202-6.997-0.202-6.997-0.202 h-0.009c0,0-4.198,0-6.997,0.202C4.608,5.216,3.756,5.22,2.995,6.016C2.395,6.623,2.2,8.001,2.2,8.001S2,9.62,2,11.238v1.517 c0,1.618,0.2,3.237,0.2,3.237s0.195,1.378,0.795,1.985c0.761,0.797,1.76,0.771,2.205,0.855c1.6,0.153,6.8,0.201,6.8,0.201 s4.203-0.006,7.001-0.209c0.391-0.047,1.243-0.051,2.004-0.847c0.6-0.607,0.795-1.985,0.795-1.985s0.2-1.618,0.2-3.237v-1.517 C22,9.62,21.8,8.001,21.8,8.001z M9.935,14.594l-0.001-5.62l5.404,2.82L9.935,14.594z\"><\/path><\/svg><span class=\"wp-block-social-link-label screen-reader-text\">YouTube<\/span><\/a><\/li><\/ul>\n\n\n\n<p class=\"has-base-background-color has-background has-medium-font-size\"><strong>\u00bfTe gustar\u00eda sumarte al canal?<\/strong><\/p>\n\n\n\n<p class=\"has-base-3-background-color has-background has-medium-font-size\">Debes enviar un correo electr\u00f3nico  a: <a rel=\"noreferrer noopener\" href=\"mailto:ruizruben709@gmail.com\" target=\"_blank\">ruizruben709@gmail.com<\/a> <\/p>\n\n\n\n<hr class=\"wp-block-separator has-alpha-channel-opacity\"\/>\n\n\n\n<p class=\"has-medium-font-size\"><img decoding=\"async\" loading=\"lazy\" width=\"1920\" height=\"1920\" class=\"wp-image-10092\" style=\"width: 50px;\" src=\"https:\/\/isfd14-nqn.infd.edu.ar\/sitio\/wp-content\/uploads\/2026\/02\/pngwing.com11.png\" alt=\"\" srcset=\"https:\/\/isfd14-nqn.infd.edu.ar\/sitio\/wp-content\/uploads\/2026\/02\/pngwing.com11.png 1920w, https:\/\/isfd14-nqn.infd.edu.ar\/sitio\/wp-content\/uploads\/2026\/02\/pngwing.com11-1000x1000.png 1000w, https:\/\/isfd14-nqn.infd.edu.ar\/sitio\/wp-content\/uploads\/2026\/02\/pngwing.com11-1900x1900.png 1900w, https:\/\/isfd14-nqn.infd.edu.ar\/sitio\/wp-content\/uploads\/2026\/02\/pngwing.com11-500x500.png 500w, https:\/\/isfd14-nqn.infd.edu.ar\/sitio\/wp-content\/uploads\/2026\/02\/pngwing.com11-768x768.png 768w, https:\/\/isfd14-nqn.infd.edu.ar\/sitio\/wp-content\/uploads\/2026\/02\/pngwing.com11-1536x1536.png 1536w\" sizes=\"(max-width: 1920px) 100vw, 1920px\" \/><strong>Ya se sumaron los profesores<\/strong>:<\/p>\n\n\n\n<figure class=\"wp-block-table is-style-stripes has-medium-font-size\"><table class=\"has-fixed-layout\"><tbody><tr><td>Prof. Nicol\u00e1s Monsalvez<\/td><\/tr><tr><td>Prof. Marconi Gianella<\/td><\/tr><\/tbody><\/table><\/figure>\n\n\n\n<p><br><\/p>\n","protected":false},"excerpt":{"rendered":"<p>Es un proyecto de extensi\u00f3n creado por la prof. Luciana Caceres y el prof. Rub\u00e9n Ruiz. Empez\u00f3 con&nbsp; el fundamento de que hoy en d\u00eda los medios de comunicaci\u00f3n audiovisuales crearon nuevas formas de interactuar en la vida diaria y se usan cada vez m\u00e1s en los sectores p\u00fablicos, privados y sociales. Por ello es &#8230; <a title=\"PRENSA\" class=\"read-more\" href=\"https:\/\/isfd14-nqn.infd.edu.ar\/sitio\/prensa\/\" aria-label=\"More on PRENSA\">[+]<\/a><\/p>\n","protected":false},"author":1183,"featured_media":0,"parent":0,"menu_order":0,"comment_status":"closed","ping_status":"closed","template":"","meta":[],"acf":[],"_links":{"self":[{"href":"https:\/\/isfd14-nqn.infd.edu.ar\/sitio\/wp-json\/wp\/v2\/pages\/2156"}],"collection":[{"href":"https:\/\/isfd14-nqn.infd.edu.ar\/sitio\/wp-json\/wp\/v2\/pages"}],"about":[{"href":"https:\/\/isfd14-nqn.infd.edu.ar\/sitio\/wp-json\/wp\/v2\/types\/page"}],"author":[{"embeddable":true,"href":"https:\/\/isfd14-nqn.infd.edu.ar\/sitio\/wp-json\/wp\/v2\/users\/1183"}],"replies":[{"embeddable":true,"href":"https:\/\/isfd14-nqn.infd.edu.ar\/sitio\/wp-json\/wp\/v2\/comments?post=2156"}],"version-history":[{"count":23,"href":"https:\/\/isfd14-nqn.infd.edu.ar\/sitio\/wp-json\/wp\/v2\/pages\/2156\/revisions"}],"predecessor-version":[{"id":11977,"href":"https:\/\/isfd14-nqn.infd.edu.ar\/sitio\/wp-json\/wp\/v2\/pages\/2156\/revisions\/11977"}],"wp:attachment":[{"href":"https:\/\/isfd14-nqn.infd.edu.ar\/sitio\/wp-json\/wp\/v2\/media?parent=2156"}],"curies":[{"name":"wp","href":"https:\/\/api.w.org\/{rel}","templated":true}]}}