{"id":2301,"date":"2024-09-05T17:35:44","date_gmt":"2024-09-05T20:35:44","guid":{"rendered":"https:\/\/isfd14-nqn.infd.edu.ar\/sitio\/?page_id=2301"},"modified":"2026-04-29T14:21:47","modified_gmt":"2026-04-29T17:21:47","slug":"bedelia-2","status":"publish","type":"page","link":"https:\/\/isfd14-nqn.infd.edu.ar\/sitio\/bedelia-2\/","title":{"rendered":"BEDEL\u00cdA"},"content":{"rendered":"\n<div class=\"wp-block-cover is-light\" style=\"min-height:91px\"><span aria-hidden=\"true\" class=\"wp-block-cover__background has-background-dim-100 has-background-dim\" style=\"background-color:#5f83d8\"><\/span><div class=\"wp-block-cover__inner-container\">\n<p class=\"has-text-align-center has-base-3-color has-text-color has-large-font-size\"><strong>BEDEL\u00cdA<\/strong><\/p>\n<\/div><\/div>\n\n\n<div style=\"background: #ffffff; border-left: 5px solid #5f83d8; padding: 18px; margin: 20px 0; border-radius: 6px; box-shadow: 0 2px 5px rgba(0,0,0,0.08);\">\n<h2 style=\"font-weight: 600; margin-bottom: 10px;\"><strong>Funciones:<\/strong><\/h2>\n<div style=\"background: #f2f8fc; padding: 14px; border-radius: 4px;\">\n<ul>\n<li>Gestionar administrativamente las trayectorias formativas de los\/as estudiantes, organizar la inscripci\u00f3n a instancias curriculares, mesas de ex\u00e1menes; y pedidos de constancias o certificaciones<\/li>\n<li>Registrar en el Libro Matriz los datos de los\/as estudiantes y sus calificaciones.<\/li>\n<li>Acompa\u00f1ar y asistir a los\/as estudiantes en aspectos relacionados con su recorrido en la vida institucional.<\/li>\n<li>Informar a los\/as estudiantes sobre cuestiones administrativas, reglamentarias y acad\u00e9micas.<\/li>\n<li>Relevar, en conjunto con la Coordinaci\u00f3n de Pol\u00edticas Estudiantiles, datos estad\u00edsticos, manteniendo actualizada la informaci\u00f3n sobre las trayectorias acad\u00e9micas de estudiantes y graduados, conforme a las pautas establecidas para los legajos de estudiantes.<\/li>\n<li>Asistir y colaborar con el\/la Secretario\/a Administrativo\/a en las actividades que se enmarquen en su funci\u00f3n.<\/li>\n<li>Colaborar en la organizaci\u00f3n de las acciones desarrolladas por la Instituci\u00f3n, en el marco de sus funciones.<\/li>\n<li>Llevar a cabo acciones, en articulaci\u00f3n con el Equipo Directivo y en particular con el\/la Coordinador\/a de Pol\u00edticas Estudiantiles, para colaborar en la mejora del clima de convivencia institucional, en los mecanismos de participaci\u00f3n y en toda actividad que favorezca los fines institucionales.<\/li>\n<li>Colaborar con los\/as docentes en aquello que se le requiera, en el marco de sus funciones.<\/li>\n<li>Confeccionar y mantener actualizado los padrones de estudiantes y graduados.<\/li>\n<\/ul>\n<\/div>\n<\/div>\n\n\n<hr class=\"wp-block-separator has-text-color has-accent-color has-alpha-channel-opacity has-accent-background-color has-background\"\/>\n\n\n\n<div style=\"height:21px\" aria-hidden=\"true\" class=\"wp-block-spacer\"><\/div>\n\n\n\n<div class=\"wp-block-cover is-light\" style=\"min-height:91px\"><span aria-hidden=\"true\" class=\"wp-block-cover__background has-background-dim-100 has-background-dim\" style=\"background-color:#5f83d8\"><\/span><div class=\"wp-block-cover__inner-container\">\n<p class=\"has-text-align-left has-base-3-color has-text-color has-medium-font-size\"><strong><strong>PROCEDIMIENTO PARA SOLICITAR DOCUMENTACI\u00d3N:<\/strong><\/strong><\/p>\n<\/div><\/div>\n\n\n<div style=\"background: #ffffff; border-left: 5px solid #5f83d8; padding: 18px; margin: 20px 0; border-radius: 6px; box-shadow: 0 2px 5px rgba(0,0,0,0.08);\">\n<h2 style=\"font-weight: 600; margin-bottom: 10px;\">Solicitud de Constancias<\/h2>\n<div style=\"background: #f2f8fc; padding: 14px; border-radius: 4px; margin-bottom: 12px;\">Para solicitar la constancia de alumno regular o de rendimiento acad\u00e9mico, los estudiantes deber\u00e1n realizar el pedido con <b>5 d\u00edas h\u00e1biles de anticipaci\u00f3n<\/b> al correo:<a href=\"mailto:ifd14bedelia@gmail.com\">ifd14bedelia@gmail.com<\/a><\/div>\n<div style=\"font-weight: 600; margin-bottom: 8px;\">Requisitos obligatorios:<\/div>\n<ul style=\"padding-left: 18px; margin: 0;\">\n<li style=\"margin-bottom: 6px;\">Nombre y apellido completo<\/li>\n<li style=\"margin-bottom: 6px;\">D.N.I<\/li>\n<li style=\"margin-bottom: 6px;\">Profesorado al que pertenece<\/li>\n<\/ul>\n<div style=\"background: #f2f8fc; padding: 12px; border-radius: 4px; margin-top: 12px;\">Los horarios para retirar la constancia se informan a continuaci\u00f3n.<\/div>\n<\/div>\n\n\n<p><strong>Horarios de atenci\u00f3n y personal a cargo: <\/strong><\/p>\n\n\n<figure class=\"wp-block-table\">\n<table style=\"border-collapse: collapse; width: 100%; margin: 25px 0; background: #ffffff; border-radius: 10px; overflow: hidden; box-shadow: 0 3px 8px rgba(0,0,0,0.1);\">\n<thead>\n<tr style=\"background: #5f83d8;\">\n<th style=\"padding: 15px; text-align: center;\"><img decoding=\"async\" style=\"width: 30px;\" src=\"https:\/\/img.icons8.com\/ios-filled\/50\/ffffff\/timezone.png\"><\/th>\n<th style=\"padding: 15px; text-align: center;\"><img decoding=\"async\" style=\"width: 30px;\" src=\"https:\/\/img.icons8.com\/ios-filled\/50\/ffffff\/clock.png\"><\/th>\n<th style=\"padding: 15px; text-align: center;\"><img decoding=\"async\" style=\"width: 30px;\" src=\"https:\/\/img.icons8.com\/ios-filled\/50\/ffffff\/user.png\"><\/th>\n<\/tr>\n<\/thead>\n<tbody>\n<tr>\n<td style=\"padding: 14px; border-top: 1px solid #e6e6e6; font-weight: bold;\">Turno Ma\u00f1ana&nbsp;<\/td>\n<td style=\"padding: 14px; border-top: 1px solid #e6e6e6; text-align: center;\">08:00 A 12:00 HS<\/td>\n<td style=\"padding: 14px; border-top: 1px solid #e6e6e6;\">&nbsp;L\u00f3pez Eduardo&nbsp;<\/td>\n<\/tr>\n<tr style=\"background: #f3f6ff;\">\n<td style=\"padding: 14px; border-top: 1px solid #e6e6e6; font-weight: bold;\">Turno Tarde<\/td>\n<td style=\"padding: 14px; border-top: 1px solid #e6e6e6; text-align: center;\">14:00 A 18:00 HS<\/td>\n<td style=\"padding: 14px; border-top: 1px solid #e6e6e6;\">&nbsp;Bulhoes Magali<\/td>\n<\/tr>\n<tr>\n<td style=\"padding: 14px; border-top: 1px solid #e6e6e6; font-weight: bold;\">Turno Vespertino<\/td>\n<td style=\"padding: 14px; border-top: 1px solid #e6e6e6; text-align: center;\">19:00 A 23:00 HS<\/td>\n<td style=\"padding: 14px; border-top: 1px solid #e6e6e6;\">Fuentes Mariela<\/td>\n<\/tr>\n<\/tbody>\n<\/table>\n<\/figure>\n\n\n<hr class=\"wp-block-separator has-text-color has-accent-color has-alpha-channel-opacity has-accent-background-color has-background is-style-dots\"\/>\n\n\n\n<p class=\"has-medium-font-size\"><img decoding=\"async\" loading=\"lazy\" width=\"48\" height=\"48\" class=\"wp-image-8754\" style=\"width: 48px;\" src=\"https:\/\/isfd14-nqn.infd.edu.ar\/sitio\/wp-content\/uploads\/2025\/08\/icons8-importante-481.png\" alt=\"\"><strong>\u00bfQu\u00e9 debo hacer si pierdo mi titulo?<\/strong><\/p>\n\n\n\n<figure class=\"wp-block-table is-style-stripes\"><table class=\"has-background\" style=\"background-color:#9eb1df\"><tbody><tr><td>-ENVIAR UNA NOTA A LA INSTITUCI\u00d3N ADJUNTADO: <\/td><\/tr><tr><td>-DENUNCIA POR EXTRAVI\u00d3 <\/td><\/tr><tr><td>-FOTOCOPIA DE DNI LEGALIZADO<\/td><\/tr><tr><td>-ACTA DE NACIMIENTO LEGALIZADA<\/td><\/tr><\/tbody><\/table><\/figure>\n\n\n\n<div class=\"wp-block-cover is-light has-small-font-size\" style=\"min-height:62px\"><span aria-hidden=\"true\" class=\"wp-block-cover__background has-background-dim-100 has-background-dim\" style=\"background-color:#5f83d8\"><\/span><div class=\"wp-block-cover__inner-container\">\n<p class=\"has-text-align-left has-base-3-color has-text-color has-medium-font-size\"><strong><br>HISTORIA DEL PERSONAL<\/strong><\/p>\n<\/div><\/div>\n\n\n\n<figure class=\"wp-block-table alignleft is-style-stripes\"><table class=\"has-background has-fixed-layout\" style=\"background-color:#f7f7fb\"><tbody><tr><td class=\"has-text-align-left\" data-align=\"left\"><img decoding=\"async\" loading=\"lazy\" width=\"50\" height=\"50\" class=\"wp-image-8510\" style=\"width: 50px;\" src=\"https:\/\/isfd14-nqn.infd.edu.ar\/sitio\/wp-content\/uploads\/2025\/08\/icons8-calendar-50.png\" alt=\"\"><\/td><td><img decoding=\"async\" loading=\"lazy\" width=\"50\" height=\"50\" class=\"wp-image-8731\" style=\"width: 55px;\" src=\"https:\/\/isfd14-nqn.infd.edu.ar\/sitio\/wp-content\/uploads\/2025\/08\/icons8-tarjeta-de-identificacion-50.png\" alt=\"\"><\/td><\/tr><tr><td class=\"has-text-align-left\" data-align=\"left\">06\/06\/2025-19\/09\/2025<\/td><td>KIMY G\u00d3MEZ (Supl. FUENTES MARIELA)<\/td><\/tr><tr><td class=\"has-text-align-left\" data-align=\"left\">10\/04\/2025-CONTINUA<\/td><td>EDUARDO LOPEZ<\/td><\/tr><tr><td class=\"has-text-align-left\" data-align=\"left\">02\/11\/2022-CONTINUA<\/td><td>MAGALI BULHOES<\/td><\/tr><tr><td class=\"has-text-align-left\" data-align=\"left\">27\/10\/2021-CONTINUA<\/td><td>MARIELA FUENTES<\/td><\/tr><tr><td class=\"has-text-align-left\" data-align=\"left\">02\/09\/2022 <\/td><td>YANET MOREL (COLABORACI\u00d3N)<\/td><\/tr><tr><td class=\"has-text-align-left\" data-align=\"left\">03\/04\/2019 AL 01\/05\/2024<\/td><td>SILVIA CARDOSO<\/td><\/tr><tr><td class=\"has-text-align-left\" data-align=\"left\"><\/td><td>AMORINA MONTES<\/td><\/tr><tr><td class=\"has-text-align-left\" data-align=\"left\">19\/08\/2013 AL 15\/03\/2019SZ<\/td><td>LILIANA  ROMERO<\/td><\/tr><tr><td class=\"has-text-align-left\" data-align=\"left\">8\/04\/21 AL 14\/09\/21<\/td><td>LUCIANA CACERES<\/td><\/tr><tr><td class=\"has-text-align-left\" data-align=\"left\">05\/05\/2016 AL 15\/06\/2017<\/td><td>TATIANA VAZQUEZ<\/td><\/tr><tr><td class=\"has-text-align-left\" data-align=\"left\">22\/06\/2012 AL 30\/10\/2016<\/td><td>ALEJANDRA RAMREZ<\/td><\/tr><tr><td class=\"has-text-align-left\" data-align=\"left\">20001<\/td><td>VIVIANA URIA<\/td><\/tr><tr><td class=\"has-text-align-left\" data-align=\"left\">1991 Y EN 23\/06\/2017<\/td><td>MONTES AMORINA<\/td><\/tr><tr><td class=\"has-text-align-left\" data-align=\"left\">1993<\/td><td>SUSANA BELLONI<\/td><\/tr><tr><td class=\"has-text-align-left\" data-align=\"left\">1989<\/td><td>AMALIA PACEK (!\u00b0 BEDEL)<\/td><\/tr><\/tbody><\/table><\/figure>\n","protected":false},"excerpt":{"rendered":"<p>Funciones: Gestionar administrativamente las trayectorias formativas de los\/as estudiantes, organizar la inscripci\u00f3n a instancias curriculares, mesas de ex\u00e1menes; y pedidos de constancias o certificaciones Registrar en el Libro Matriz los datos de los\/as estudiantes y sus calificaciones. Acompa\u00f1ar y asistir a los\/as estudiantes en aspectos relacionados con su recorrido en la vida institucional. Informar a &#8230; <a title=\"BEDEL\u00cdA\" class=\"read-more\" href=\"https:\/\/isfd14-nqn.infd.edu.ar\/sitio\/bedelia-2\/\" aria-label=\"More on BEDEL\u00cdA\">[+]<\/a><\/p>\n","protected":false},"author":1183,"featured_media":0,"parent":0,"menu_order":0,"comment_status":"closed","ping_status":"closed","template":"","meta":[],"acf":[],"_links":{"self":[{"href":"https:\/\/isfd14-nqn.infd.edu.ar\/sitio\/wp-json\/wp\/v2\/pages\/2301"}],"collection":[{"href":"https:\/\/isfd14-nqn.infd.edu.ar\/sitio\/wp-json\/wp\/v2\/pages"}],"about":[{"href":"https:\/\/isfd14-nqn.infd.edu.ar\/sitio\/wp-json\/wp\/v2\/types\/page"}],"author":[{"embeddable":true,"href":"https:\/\/isfd14-nqn.infd.edu.ar\/sitio\/wp-json\/wp\/v2\/users\/1183"}],"replies":[{"embeddable":true,"href":"https:\/\/isfd14-nqn.infd.edu.ar\/sitio\/wp-json\/wp\/v2\/comments?post=2301"}],"version-history":[{"count":98,"href":"https:\/\/isfd14-nqn.infd.edu.ar\/sitio\/wp-json\/wp\/v2\/pages\/2301\/revisions"}],"predecessor-version":[{"id":12653,"href":"https:\/\/isfd14-nqn.infd.edu.ar\/sitio\/wp-json\/wp\/v2\/pages\/2301\/revisions\/12653"}],"wp:attachment":[{"href":"https:\/\/isfd14-nqn.infd.edu.ar\/sitio\/wp-json\/wp\/v2\/media?parent=2301"}],"curies":[{"name":"wp","href":"https:\/\/api.w.org\/{rel}","templated":true}]}}