{"id":2335,"date":"2024-09-05T20:20:08","date_gmt":"2024-09-05T23:20:08","guid":{"rendered":"https:\/\/isfd14-nqn.infd.edu.ar\/sitio\/?page_id=2335"},"modified":"2026-04-29T14:20:52","modified_gmt":"2026-04-29T17:20:52","slug":"biblioteca","status":"publish","type":"page","link":"https:\/\/isfd14-nqn.infd.edu.ar\/sitio\/biblioteca\/","title":{"rendered":"BIBLIOTECA"},"content":{"rendered":"\n<div class=\"wp-block-cover is-light\" style=\"min-height:91px\"><span aria-hidden=\"true\" class=\"wp-block-cover__background has-background-dim-100 has-background-dim\" style=\"background-color:#5f83d8\"><\/span><div class=\"wp-block-cover__inner-container\">\n<p class=\"has-text-align-center has-base-3-color has-text-color has-large-font-size\"><strong>BIBLIOTECA<\/strong><\/p>\n<\/div><\/div>\n\n\n\n<hr class=\"wp-block-separator has-text-color has-accent-color has-alpha-channel-opacity has-accent-background-color has-background\"\/>\n\n\n<div style=\"background: #ffffff; border-left: 5px solid #5f83d8; padding: 18px; margin: 20px 0; border-radius: 6px; box-shadow: 0 2px 5px rgba(0,0,0,0.08);\">\n<h2 style=\"font-weight: 600; margin-bottom: 10px;\">Biblioteca<\/h2>\n<div style=\"background: #f2f8fc; padding: 14px; border-radius: 4px; margin-bottom: 12px;\">Es el \u00e1rea responsable de la organizaci\u00f3n, conservaci\u00f3n y distribuci\u00f3n de bibliograf\u00eda, documentaci\u00f3n e informaci\u00f3n vinculada a las actividades acad\u00e9mico-pedag\u00f3gicas de la instituci\u00f3n.<\/div>\n<div style=\"background: #f2f8fc; padding: 14px; border-radius: 4px;\">Asiste a estudiantes y docentes, facilitando el acceso a diversas fuentes de informaci\u00f3n, ya sea mediante recursos propios o a trav\u00e9s de v\u00ednculos con otros centros documentales. Funciona bajo la dependencia del equipo directivo.<\/div>\n<\/div>\n\n\n<p class=\"has-medium-font-size\"><\/p>\n\n\n<h5><strong>Horarios de atenci\u00f3n por turno y personal a cargo:<\/strong><\/h5>\n<figure class=\"wp-block-table\">\n<table style=\"border-collapse: collapse; width: 100%; margin: 25px 0; background: #ffffff; border-radius: 10px; overflow: hidden; box-shadow: 0 3px 8px rgba(0,0,0,0.1);\">\n<thead>\n<tr style=\"background: #5f83d8;\">\n<th style=\"padding: 15px; text-align: center;\"><img decoding=\"async\" style=\"width: 30px;\" src=\"https:\/\/img.icons8.com\/ios-filled\/50\/ffffff\/timezone.png\"><\/th>\n<th style=\"padding: 15px; text-align: center;\"><img decoding=\"async\" style=\"width: 30px;\" src=\"https:\/\/img.icons8.com\/ios-filled\/50\/ffffff\/clock.png\"><\/th>\n<th style=\"padding: 15px; text-align: center;\"><img decoding=\"async\" style=\"width: 30px;\" src=\"https:\/\/img.icons8.com\/ios-filled\/50\/ffffff\/user.png\"><\/th>\n<\/tr>\n<\/thead>\n<tbody>\n<tr>\n<td style=\"padding: 14px; border-top: 1px solid #e6e6e6; font-weight: bold;\">Turno Ma\u00f1ana<\/td>\n<td style=\"padding: 14px; border-top: 1px solid #e6e6e6; text-align: center;\">08:00 A 12:00 HS<\/td>\n<td style=\"padding: 14px; border-top: 1px solid #e6e6e6;\">Valenzuela Pedro<\/td>\n<\/tr>\n<tr style=\"background: #f3f6ff;\">\n<td style=\"padding: 14px; border-top: 1px solid #e6e6e6; font-weight: bold;\">Turno Tarde<\/td>\n<td style=\"padding: 14px; border-top: 1px solid #e6e6e6; text-align: center;\">14:00 A 18:00 HS<\/td>\n<td style=\"padding: 14px; border-top: 1px solid #e6e6e6;\">Roldan Sabrina<\/td>\n<\/tr>\n<tr>\n<td style=\"padding: 14px; border-top: 1px solid #e6e6e6; font-weight: bold;\">Turno Vespertino<\/td>\n<td style=\"padding: 14px; border-top: 1px solid #e6e6e6; text-align: center;\">19:00 A 23:00 HS<\/td>\n<td style=\"padding: 14px; border-top: 1px solid #e6e6e6;\">Villagra Perez Salvador Alfredo<\/td>\n<\/tr>\n<\/tbody>\n<\/table>\n<\/figure>\n\n\n<div class=\"wp-block-cover is-light\" style=\"min-height:75px\"><span aria-hidden=\"true\" class=\"wp-block-cover__background has-background-dim-100 has-background-dim\" style=\"background-color:#5f83d8\"><\/span><div class=\"wp-block-cover__inner-container\">\n<p class=\"has-text-align-left has-base-3-color has-text-color has-medium-font-size\"><strong>NOTICIAS DE INTER\u00c9S <\/strong><\/p>\n<\/div><\/div>\n\n\n\n<p class=\"has-medium-font-size\"><strong>\u00bfSabias que el I.F.D N\u00b0 14 posee una Biblioteca Digital?<\/strong><br>La biblioteca digital fue creada en el mes de agosto del a\u00f1o 2021 por la bibliotecaria Liliana Romero, y desde entonces esta disponible para todas aquellos que quieran utilizarla. <br>Su nombre es <strong>BIBLIOTECA DIGITAL I.F.D N\u00b0 14<\/strong> \u00ab<strong>JAVIER CASTRO<\/strong>\u00bb <\/p>\n\n\n<div class=\"wp-block-image\">\n<figure class=\"aligncenter size-full is-resized\"><img decoding=\"async\" loading=\"lazy\" src=\"https:\/\/isfd14-nqn.infd.edu.ar\/sitio\/wp-content\/uploads\/2025\/02\/imagenBiblioteca.jpg\" alt=\"\" class=\"wp-image-6154\" width=\"282\" height=\"297\"\/><\/figure><\/div>\n\n\n<p class=\"has-medium-font-size\"><strong>\u00bfHay alguna condici\u00f3n para poder acceder ?<\/strong><br>Si, debes tener creado un usuario en el campus virtual del instituto.<\/p>\n\n\n\n<p class=\"has-medium-font-size\"><strong>\u00bfC\u00f3mo hago para tener un usuario en campus virtual?<\/strong><br>Cuando ingresas al instituto por primera vez, se da de alta en el campus virtual, con ese mismo usuario esta disponible el acceso a la biblioteca digital.<br>En caso que no sepas como acceder ped\u00ed informaci\u00f3n al personal de tecnolog\u00eda del I.F.D 14. <br><br><strong>OTRA PLATAFORMA DIGITAL:<\/strong><\/p>\n\n\n\n<p class=\"has-medium-font-size\">Adem\u00e1s queremos comunicarte que, desde el Programa Nacional de Formaci\u00f3n Permanente \u00abNuestra Escuela\u00bb, se present\u00f3 la <strong>Biblioteca Nuestra Escuela.<\/strong><br>Esta iniciativa se trata de un repositorio digital desde donde se puede acceder, de manera gratuita, a diversos y variados recursos que fueron producidos en las distintas propuestas formativas del Programa \u00abNuestra Escuela\u00bb: Actualizaciones Acad\u00e9micas, Cursos nacionales, Tramos de formaci\u00f3n, Cursos para estudiantes de formaci\u00f3n docente y Trayectos formativos. Tambi\u00e9n se suman los aportes de las colecciones \u00abJ\u00f3venes que miran mundos\u00bb y \u00abCajita de m\u00fasica argentina\u00bb.<br>Podes acceder a la Biblioteca Nuestra Escuela:<\/p>\n\n\n\n<div class=\"wp-block-buttons is-content-justification-center is-layout-flex wp-container-1\">\n<div class=\"wp-block-button has-custom-font-size is-style-fill has-medium-font-size\"><a class=\"wp-block-button__link has-accent-background-color has-background has-text-align-center wp-element-button\" href=\"https:\/\/red.infd.edu.ar\/biblioteca-nuestra-escuela\/\" style=\"border-radius:5px\" target=\"_blank\" rel=\"noreferrer noopener\">BIBLIOTECA PEDAG\u00d3GICA INFoD<\/a><\/div>\n<\/div>\n\n\n\n<p class=\"has-medium-font-size\"><br><\/p>\n\n\n\n<div class=\"wp-block-cover is-light has-small-font-size\" style=\"min-height:62px\"><span aria-hidden=\"true\" class=\"wp-block-cover__background has-background-dim-100 has-background-dim\" style=\"background-color:#5f83d8\"><\/span><div class=\"wp-block-cover__inner-container\">\n<p class=\"has-text-align-left has-base-3-color has-text-color has-medium-font-size\"><strong><br>HISTORIA DEL PERSONAL<\/strong><\/p>\n<\/div><\/div>\n\n\n\n<hr class=\"wp-block-separator has-text-color has-accent-color has-alpha-channel-opacity has-accent-background-color has-background\"\/>\n\n\n\n<figure class=\"wp-block-table is-style-stripes\"><table class=\"has-background has-fixed-layout\" style=\"background-color:#f7f7fb\"><tbody><tr><td><img decoding=\"async\" loading=\"lazy\" width=\"50\" height=\"50\" class=\"wp-image-8510\" style=\"width: 50px;\" src=\"https:\/\/isfd14-nqn.infd.edu.ar\/sitio\/wp-content\/uploads\/2025\/08\/icons8-calendar-50.png\" alt=\"\"><\/td><td><img decoding=\"async\" loading=\"lazy\" width=\"50\" height=\"50\" class=\"wp-image-8731\" style=\"width: 55px;\" src=\"https:\/\/isfd14-nqn.infd.edu.ar\/sitio\/wp-content\/uploads\/2025\/08\/icons8-tarjeta-de-identificacion-50.png\" alt=\"\"><\/td><\/tr><tr><td>09\/05\/2025-CONTINUA<\/td><td>SABRINA ROLDAN<\/td><\/tr><tr><td>10\/04\/2025- CONTINUA<\/td><td>SALVADOR  ALFREDO VILLAGRA PEREZ<\/td><\/tr><tr><td>05\/04\/2024 -10\/04\/2025<\/td><td>VALERIA SALGUERO<\/td><\/tr><tr><td>25\/03\/2024 -CONTINUA<\/td><td>PEDRO VALENZUELA<\/td><\/tr><tr><td>2019 AL 2024<\/td><td>LILIANA ROMERO<\/td><\/tr><tr><td>2023 <\/td><td>VER\u00d3NICA PETRONACE (Ayudante por cambio de funciones)<\/td><\/tr><tr><td>1\/04\/.2023  al  31\/12\/2023<\/td><td>ALEJANDRA  TORRES<\/td><\/tr><tr><td>18\/04\/ 2012  AL 2019<\/td><td>NOEMI MOSCOSO<\/td><\/tr><tr><td><\/td><td>CLAUDIA RIVERA<\/td><\/tr><tr><td><\/td><td>LETICIA MONTECINO<\/td><\/tr><tr><td>2003<\/td><td>PEDRO MACIAS<\/td><\/tr><\/tbody><\/table><\/figure>\n","protected":false},"excerpt":{"rendered":"<p>Biblioteca Es el \u00e1rea responsable de la organizaci\u00f3n, conservaci\u00f3n y distribuci\u00f3n de bibliograf\u00eda, documentaci\u00f3n e informaci\u00f3n vinculada a las actividades acad\u00e9mico-pedag\u00f3gicas de la instituci\u00f3n. Asiste a estudiantes y docentes, facilitando el acceso a diversas fuentes de informaci\u00f3n, ya sea mediante recursos propios o a trav\u00e9s de v\u00ednculos con otros centros documentales. Funciona bajo la dependencia &#8230; <a title=\"BIBLIOTECA\" class=\"read-more\" href=\"https:\/\/isfd14-nqn.infd.edu.ar\/sitio\/biblioteca\/\" aria-label=\"More on BIBLIOTECA\">[+]<\/a><\/p>\n","protected":false},"author":1183,"featured_media":0,"parent":0,"menu_order":0,"comment_status":"closed","ping_status":"closed","template":"","meta":[],"acf":[],"_links":{"self":[{"href":"https:\/\/isfd14-nqn.infd.edu.ar\/sitio\/wp-json\/wp\/v2\/pages\/2335"}],"collection":[{"href":"https:\/\/isfd14-nqn.infd.edu.ar\/sitio\/wp-json\/wp\/v2\/pages"}],"about":[{"href":"https:\/\/isfd14-nqn.infd.edu.ar\/sitio\/wp-json\/wp\/v2\/types\/page"}],"author":[{"embeddable":true,"href":"https:\/\/isfd14-nqn.infd.edu.ar\/sitio\/wp-json\/wp\/v2\/users\/1183"}],"replies":[{"embeddable":true,"href":"https:\/\/isfd14-nqn.infd.edu.ar\/sitio\/wp-json\/wp\/v2\/comments?post=2335"}],"version-history":[{"count":83,"href":"https:\/\/isfd14-nqn.infd.edu.ar\/sitio\/wp-json\/wp\/v2\/pages\/2335\/revisions"}],"predecessor-version":[{"id":12650,"href":"https:\/\/isfd14-nqn.infd.edu.ar\/sitio\/wp-json\/wp\/v2\/pages\/2335\/revisions\/12650"}],"wp:attachment":[{"href":"https:\/\/isfd14-nqn.infd.edu.ar\/sitio\/wp-json\/wp\/v2\/media?parent=2335"}],"curies":[{"name":"wp","href":"https:\/\/api.w.org\/{rel}","templated":true}]}}