{"id":2364,"date":"2024-09-06T10:15:09","date_gmt":"2024-09-06T13:15:09","guid":{"rendered":"https:\/\/isfd14-nqn.infd.edu.ar\/sitio\/?page_id=2364"},"modified":"2026-04-29T14:23:10","modified_gmt":"2026-04-29T17:23:10","slug":"secretarios","status":"publish","type":"page","link":"https:\/\/isfd14-nqn.infd.edu.ar\/sitio\/secretarios\/","title":{"rendered":"SECRETAR\u00cdA GENERAL"},"content":{"rendered":"\n<div class=\"wp-block-cover is-light\" style=\"min-height:91px\"><span aria-hidden=\"true\" class=\"wp-block-cover__background has-background-dim-100 has-background-dim\" style=\"background-color:#5f83d8\"><\/span><div class=\"wp-block-cover__inner-container\">\n<p class=\"has-text-align-center has-base-3-color has-text-color has-large-font-size\"><strong>SECRETAR\u00cdA ADMINISTRATIVA<\/strong><\/p>\n<\/div><\/div>\n\n\n\n<hr class=\"wp-block-separator has-text-color has-accent-color has-alpha-channel-opacity has-accent-background-color has-background\"\/>\n\n\n<div style=\"background: #ffffff; border-left: 5px solid #5f83d8; padding: 18px; margin: 20px 0; border-radius: 6px; box-shadow: 0 2px 5px rgba(0,0,0,0.08);\">\n<h2 style=\"font-weight: 600; margin-bottom: 10px;\">Secretar\u00eda Administrativa<\/h2>\n<div style=\"background: #f2f8fc; padding: 14px; border-radius: 4px;\">Es el \u00f3rgano responsable de la coordinaci\u00f3n administrativa, la organizaci\u00f3n y el resguardo de la documentaci\u00f3n del establecimiento, as\u00ed como del personal estable.<\/div>\n<\/div>\n\n\n<p class=\"has-medium-font-size\"><strong>Horarios de atenci\u00f3n:<\/strong><\/p>\n\n\n<figure class=\"wp-block-table\">\n<p><!-- MA\u00d1ANA --><\/p>\n<p><!-- TARDE --><\/p>\n<p><!-- VESPERTINO --><\/p>\n<table style=\"border-collapse: collapse; width: 100%; margin: 25px 0; background: #ffffff; border-radius: 10px; overflow: hidden; box-shadow: 0 3px 8px rgba(0,0,0,0.1);\">\n<thead>\n<tr style=\"background: #5f83d8;\">\n<th style=\"padding: 15px; text-align: center;\"><img decoding=\"async\" style=\"width: 30px;\" src=\"https:\/\/img.icons8.com\/ios-filled\/50\/ffffff\/timezone.png\"><\/th>\n<th style=\"padding: 15px; text-align: center;\"><img decoding=\"async\" style=\"width: 30px;\" src=\"https:\/\/img.icons8.com\/ios-filled\/50\/ffffff\/clock.png\"><\/th>\n<th style=\"padding: 15px; text-align: center;\"><img decoding=\"async\" style=\"width: 30px;\" src=\"https:\/\/img.icons8.com\/ios-filled\/50\/ffffff\/conference-call.png\"><\/th>\n<\/tr>\n<\/thead>\n<tbody>\n<tr>\n<td style=\"padding: 14px; border-top: 1px solid #e6e6e6; font-weight: bold;\">TURNO MA\u00d1ANA<\/td>\n<td style=\"padding: 14px; border-top: 1px solid #e6e6e6; text-align: center;\">08:00 A 12:00 HS<\/td>\n<td style=\"padding: 14px; border-top: 1px solid #e6e6e6;\">-SALGUERO VALERIA<br>-RETAMAL ALEJANDRA<\/td>\n<\/tr>\n<tr style=\"background: #f3f6ff;\">\n<td style=\"padding: 14px; border-top: 1px solid #e6e6e6; font-weight: bold;\">TURNO TARDE<\/td>\n<td style=\"padding: 14px; border-top: 1px solid #e6e6e6; text-align: center;\">14:00 A 18:00 HS<\/td>\n<td style=\"padding: 14px; border-top: 1px solid #e6e6e6;\">-CROCHE LUCAS<br>-SALGUERO VALERIA<br>-LOVERDE MAR\u00cdA DE LOS ANGELES<\/td>\n<\/tr>\n<tr>\n<td style=\"padding: 14px; border-top: 1px solid #e6e6e6; font-weight: bold;\">TURNO VESPERTINO<\/td>\n<td style=\"padding: 14px; border-top: 1px solid #e6e6e6; text-align: center;\">19:00 A 23:00 HS<\/td>\n<td style=\"padding: 14px; border-top: 1px solid #e6e6e6;\">-MOREL YANET<br>-MARTINEZ ANA<br>-VOZZO LILIA<\/td>\n<\/tr>\n<\/tbody>\n<\/table>\n<\/figure>\n\n\n<p class=\"has-text-align-left has-base-3-color has-text-color has-medium-font-size\">HISTORIA<\/p>\n\n\n\n<div class=\"wp-block-cover is-light has-small-font-size\" style=\"min-height:62px\"><span aria-hidden=\"true\" class=\"wp-block-cover__background has-background-dim-100 has-background-dim\" style=\"background-color:#5f83d8\"><\/span><div class=\"wp-block-cover__inner-container\">\n<p class=\"has-text-align-left has-base-3-color has-text-color has-medium-font-size\"><strong><br>HISTORIA DEL PERSONAL<\/strong><\/p>\n<\/div><\/div>\n\n\n\n<hr class=\"wp-block-separator has-text-color has-accent-color has-alpha-channel-opacity has-accent-background-color has-background\"\/>\n\n\n\n<figure class=\"wp-block-table is-style-stripes has-small-font-size\"><table class=\"has-background has-fixed-layout\" style=\"background-color:#f7f7fb\"><tbody><tr><td class=\"has-text-align-left\" data-align=\"left\"><img decoding=\"async\" loading=\"lazy\" width=\"50\" height=\"50\" class=\"wp-image-8510\" style=\"width: 50px;\" src=\"https:\/\/isfd14-nqn.infd.edu.ar\/sitio\/wp-content\/uploads\/2025\/08\/icons8-calendar-50.png\" alt=\"\"><\/td><td class=\"has-text-align-left\" data-align=\"left\"><img decoding=\"async\" loading=\"lazy\" width=\"50\" height=\"50\" class=\"wp-image-8731\" style=\"width: 55px;\" src=\"https:\/\/isfd14-nqn.infd.edu.ar\/sitio\/wp-content\/uploads\/2025\/08\/icons8-tarjeta-de-identificacion-50.png\" alt=\"\"><\/td><\/tr><tr><td class=\"has-text-align-left\" data-align=\"left\"><\/td><td class=\"has-text-align-left\" data-align=\"left\"><\/td><\/tr><tr><td class=\"has-text-align-left\" data-align=\"left\">26\/08\/2025- CONTINUA<\/td><td class=\"has-text-align-left\" data-align=\"left\">LOVERDE MAR\u00cdA DE LOS \u00c1NGELES <\/td><\/tr><tr><td class=\"has-text-align-left\" data-align=\"left\">10\/04\/2025-22\/10\/2025<\/td><td class=\"has-text-align-left\" data-align=\"left\">BIASINI VIVIANA<\/td><\/tr><tr><td class=\"has-text-align-left\" data-align=\"left\">03\/05\/2024-06\/0272025<\/td><td class=\"has-text-align-left\" data-align=\"left\">BARRIENTOS M\u00d3NICA  (Supl. Yanet Morel)<\/td><\/tr><tr><td class=\"has-text-align-left\" data-align=\"left\">28\/08\/2024-CONTINUA<\/td><td class=\"has-text-align-left\" data-align=\"left\">RETAMAL ALEJANDRA (Supl. Flavia Sanhueza)<\/td><\/tr><tr><td class=\"has-text-align-left\" data-align=\"left\">27\/04\/2023- 22\/10\/2025<\/td><td class=\"has-text-align-left\" data-align=\"left\">SALGUERO VALERIA<\/td><\/tr><tr><td class=\"has-text-align-left\" data-align=\"left\">22\/10\/2025-CONTINUA<br>20\/04\/2017-07\/02\/2025 <\/td><td class=\"has-text-align-left\" data-align=\"left\">MORA MAR\u00cdA ROSA<\/td><\/tr><tr><td class=\"has-text-align-left\" data-align=\"left\">01\/08\/2007-CONTINUA<\/td><td class=\"has-text-align-left\" data-align=\"left\">SANHUEZA FLAVIA<\/td><\/tr><tr><td class=\"has-text-align-left\" data-align=\"left\">03\/05\/2023- CONTINUA<\/td><td class=\"has-text-align-left\" data-align=\"left\">MOREL YANET<\/td><\/tr><tr><td class=\"has-text-align-left\" data-align=\"left\">10\/2000-CONTINUA<\/td><td class=\"has-text-align-left\" data-align=\"left\">LUCAS CROCHE<\/td><\/tr><tr><td class=\"has-text-align-left\" data-align=\"left\">14\/09\/2021-CONTINUA<\/td><td class=\"has-text-align-left\" data-align=\"left\">VOZZO LILIA GLADYS<\/td><\/tr><tr><td class=\"has-text-align-left\" data-align=\"left\">28\/10\/2022<\/td><td class=\"has-text-align-left\" data-align=\"left\">PINILLA OSES PAULA NATALIA<\/td><\/tr><tr><td class=\"has-text-align-left\" data-align=\"left\"><\/td><td class=\"has-text-align-left\" data-align=\"left\">GODOY SUSANA<\/td><\/tr><tr><td class=\"has-text-align-left\" data-align=\"left\"><\/td><td class=\"has-text-align-left\" data-align=\"left\">RIOS ADRIANA<\/td><\/tr><tr><td class=\"has-text-align-left\" data-align=\"left\">07\/08\/2019<\/td><td class=\"has-text-align-left\" data-align=\"left\">FIGUEROA NANCY<\/td><\/tr><tr><td class=\"has-text-align-left\" data-align=\"left\">2016 AL 2022<\/td><td class=\"has-text-align-left\" data-align=\"left\">MARIELA GONZALEZ<\/td><\/tr><tr><td class=\"has-text-align-left\" data-align=\"left\">2016<\/td><td class=\"has-text-align-left\" data-align=\"left\">LAURA DE LOS RIOS<\/td><\/tr><tr><td class=\"has-text-align-left\" data-align=\"left\"><\/td><td class=\"has-text-align-left\" data-align=\"left\">MIGUEL CREMONA<\/td><\/tr><tr><td class=\"has-text-align-left\" data-align=\"left\">2015<\/td><td class=\"has-text-align-left\" data-align=\"left\">DANIEL PAEZ<\/td><\/tr><tr><td class=\"has-text-align-left\" data-align=\"left\">2015<\/td><td class=\"has-text-align-left\" data-align=\"left\">GODOY SILVANA<\/td><\/tr><tr><td class=\"has-text-align-left\" data-align=\"left\">1989<\/td><td class=\"has-text-align-left\" data-align=\"left\">ORTIZ  SILVIA<\/td><\/tr><tr><td class=\"has-text-align-left\" data-align=\"left\"><\/td><td class=\"has-text-align-left\" data-align=\"left\">ORTIZ MIRTA<\/td><\/tr><tr><td class=\"has-text-align-left\" data-align=\"left\">2005<\/td><td class=\"has-text-align-left\" data-align=\"left\">SAAVEDRA ROMINA<\/td><\/tr><tr><td class=\"has-text-align-left\" data-align=\"left\">1989<\/td><td class=\"has-text-align-left\" data-align=\"left\">HERRERA NESTOR<\/td><\/tr><\/tbody><\/table><\/figure>\n","protected":false},"excerpt":{"rendered":"<p>Secretar\u00eda Administrativa Es el \u00f3rgano responsable de la coordinaci\u00f3n administrativa, la organizaci\u00f3n y el resguardo de la documentaci\u00f3n del establecimiento, as\u00ed como del personal estable. Horarios de atenci\u00f3n: TURNO MA\u00d1ANA 08:00 A 12:00 HS -SALGUERO VALERIA-RETAMAL ALEJANDRA TURNO TARDE 14:00 A 18:00 HS -CROCHE LUCAS-SALGUERO VALERIA-LOVERDE MAR\u00cdA DE LOS ANGELES TURNO VESPERTINO 19:00 A 23:00 &#8230; <a title=\"SECRETAR\u00cdA GENERAL\" class=\"read-more\" href=\"https:\/\/isfd14-nqn.infd.edu.ar\/sitio\/secretarios\/\" aria-label=\"More on SECRETAR\u00cdA GENERAL\">[+]<\/a><\/p>\n","protected":false},"author":1183,"featured_media":0,"parent":0,"menu_order":0,"comment_status":"closed","ping_status":"closed","template":"","meta":[],"acf":[],"_links":{"self":[{"href":"https:\/\/isfd14-nqn.infd.edu.ar\/sitio\/wp-json\/wp\/v2\/pages\/2364"}],"collection":[{"href":"https:\/\/isfd14-nqn.infd.edu.ar\/sitio\/wp-json\/wp\/v2\/pages"}],"about":[{"href":"https:\/\/isfd14-nqn.infd.edu.ar\/sitio\/wp-json\/wp\/v2\/types\/page"}],"author":[{"embeddable":true,"href":"https:\/\/isfd14-nqn.infd.edu.ar\/sitio\/wp-json\/wp\/v2\/users\/1183"}],"replies":[{"embeddable":true,"href":"https:\/\/isfd14-nqn.infd.edu.ar\/sitio\/wp-json\/wp\/v2\/comments?post=2364"}],"version-history":[{"count":99,"href":"https:\/\/isfd14-nqn.infd.edu.ar\/sitio\/wp-json\/wp\/v2\/pages\/2364\/revisions"}],"predecessor-version":[{"id":12656,"href":"https:\/\/isfd14-nqn.infd.edu.ar\/sitio\/wp-json\/wp\/v2\/pages\/2364\/revisions\/12656"}],"wp:attachment":[{"href":"https:\/\/isfd14-nqn.infd.edu.ar\/sitio\/wp-json\/wp\/v2\/media?parent=2364"}],"curies":[{"name":"wp","href":"https:\/\/api.w.org\/{rel}","templated":true}]}}