{"id":2508,"date":"2024-09-08T17:47:45","date_gmt":"2024-09-08T20:47:45","guid":{"rendered":"https:\/\/isfd14-nqn.infd.edu.ar\/sitio\/?page_id=2508"},"modified":"2026-03-17T21:55:08","modified_gmt":"2026-03-18T00:55:08","slug":"consejo-acadedico","status":"publish","type":"page","link":"https:\/\/isfd14-nqn.infd.edu.ar\/sitio\/consejo-acadedico\/","title":{"rendered":"CONSEJO ACAD\u00c9MICO"},"content":{"rendered":"\n<div class=\"wp-block-cover alignwide is-light\" style=\"min-height:91px\"><span aria-hidden=\"true\" class=\"wp-block-cover__background has-background-dim-100 has-background-dim\" style=\"background-color:#5f83d8\"><\/span><div class=\"wp-block-cover__inner-container\">\n<p class=\"has-text-align-center has-base-3-color has-text-color has-large-font-size\"><strong>CONSEJO ACAD\u00c9MICO<\/strong><\/p>\n<\/div><\/div>\n\n\n\n<hr class=\"wp-block-separator has-text-color has-accent-color has-alpha-channel-opacity has-accent-background-color has-background\"\/>\n\n\n<p>Es el \u00f3rgano responsable de promover y favorecer la articulaci\u00f3n de las funciones de formaci\u00f3n inicial y continua, extensi\u00f3n e investigaci\u00f3n. Ser\u00e1 presidido por el Secretario o Secretaria Acad\u00e9mica.<\/p>\n<table style=\"width: 100%; border-collapse: collapse; font-size: 14px;\">\n<tbody>\n<tr style=\"background-color: #5f83d8; color: white;\">\n<td style=\"padding: 12px;\"><b>CA Noviembre 2025<\/b><\/td>\n<td>&nbsp;<\/td>\n<td>&nbsp;<\/td>\n<td>&nbsp;<\/td>\n<td>&nbsp;<\/td>\n<\/tr>\n<tr style=\"background-color: #dbe4fb;\">\n<td style=\"padding: 10px;\"><b>Claustro Estudiantes<\/b><\/td>\n<td style=\"padding: 10px;\"><b>Secretar\u00eda Acad\u00e9mica<\/b><\/td>\n<td style=\"padding: 10px;\"><b>Secretar\u00eda de Extensi\u00f3n<\/b><\/td>\n<td style=\"padding: 10px;\"><b>Secretar\u00eda de Investigaci\u00f3n<\/b><\/td>\n<td style=\"padding: 10px;\"><b>Claustro TAE<\/b><\/td>\n<\/tr>\n<tr>\n<td style=\"padding: 10px;\">V\u00e1zquez Joana Ayel\u00e9n<\/td>\n<td style=\"padding: 10px;\">Prof. Radulescu Natalia<\/td>\n<td style=\"padding: 10px;\">V\u00e1zquez Jes\u00fas<\/td>\n<td style=\"padding: 10px;\">Prof. Ben\u00edtez Marcos<\/td>\n<td style=\"padding: 10px;\">Bulhoes Magali Betania<\/td>\n<\/tr>\n<tr style=\"background-color: #eef2fc;\">\n<td style=\"padding: 10px;\">Sanzogni Aylin Estefan\u00eda<\/td>\n<td>&nbsp;<\/td>\n<td>&nbsp;<\/td>\n<td>&nbsp;<\/td>\n<td style=\"padding: 10px;\">Lagos Celia Mercedes<\/td>\n<\/tr>\n<tr>\n<td style=\"padding: 10px;\">D&#8217;Antonio Dami\u00e1n Nicol\u00e1s<\/td>\n<td>&nbsp;<\/td>\n<td>&nbsp;<\/td>\n<td>&nbsp;<\/td>\n<td>&nbsp;<\/td>\n<\/tr>\n<tr style=\"background-color: #eef2fc;\">\n<td style=\"padding: 10px;\">Pardo Castro Nicol\u00e1s<\/td>\n<td>&nbsp;<\/td>\n<td>&nbsp;<\/td>\n<td>&nbsp;<\/td>\n<td>&nbsp;<\/td>\n<\/tr>\n<\/tbody>\n<\/table>\n\n\n<div style=\"height:29px\" aria-hidden=\"true\" class=\"wp-block-spacer\"><\/div>\n\n\n\n<hr class=\"wp-block-separator has-alpha-channel-opacity\"\/>\n\n\n<table style=\"width: 100%; border-collapse: collapse; font-size: 14px;\">\n<tbody>\n<tr style=\"background-color: #5f83d8; color: white;\">\n<td style=\"padding: 12px;\"><b>CA Octubre 2025<\/b><\/td>\n<td>&nbsp;<\/td>\n<td>&nbsp;<\/td>\n<td>&nbsp;<\/td>\n<td>&nbsp;<\/td>\n<\/tr>\n<tr style=\"background-color: #dbe4fb;\">\n<td style=\"padding: 10px;\"><b>Claustro Estudiantes<\/b><\/td>\n<td style=\"padding: 10px;\"><b>Secretar\u00eda Acad\u00e9mica<\/b><\/td>\n<td style=\"padding: 10px;\"><b>Secretar\u00eda de Extensi\u00f3n<\/b><\/td>\n<td style=\"padding: 10px;\"><b>Secretar\u00eda de Investigaci\u00f3n<\/b><\/td>\n<td style=\"padding: 10px;\"><b>Claustro TAE<\/b><\/td>\n<\/tr>\n<tr>\n<td style=\"padding: 10px;\">V\u00e1zquez Joana Ayel\u00e9n<\/td>\n<td style=\"padding: 10px;\">Prof. Radulescu Natalia<\/td>\n<td style=\"padding: 10px;\">V\u00e1zquez Tatiana<\/td>\n<td style=\"padding: 10px;\">Prof. Ben\u00edtez Marcos<\/td>\n<td style=\"padding: 10px;\">Bulhoes Magali Betania<\/td>\n<\/tr>\n<tr style=\"background-color: #eef2fc;\">\n<td style=\"padding: 10px;\">Sanzogni Aylin Estefan\u00eda<\/td>\n<td>&nbsp;<\/td>\n<td>&nbsp;<\/td>\n<td>&nbsp;<\/td>\n<td style=\"padding: 10px;\">Lagos Celia Mercedes<\/td>\n<\/tr>\n<tr>\n<td style=\"padding: 10px;\">D&#8217;Antonio Dami\u00e1n Nicol\u00e1s<\/td>\n<td>&nbsp;<\/td>\n<td>&nbsp;<\/td>\n<td>&nbsp;<\/td>\n<td>&nbsp;<\/td>\n<\/tr>\n<tr style=\"background-color: #eef2fc;\">\n<td style=\"padding: 10px;\">Pardo Castro Nicol\u00e1s<\/td>\n<td>&nbsp;<\/td>\n<td>&nbsp;<\/td>\n<td>&nbsp;<\/td>\n<td>&nbsp;<\/td>\n<\/tr>\n<\/tbody>\n<\/table>\n\n\n<div style=\"height:30px\" aria-hidden=\"true\" class=\"wp-block-spacer\"><\/div>\n\n\n\n<hr class=\"wp-block-separator has-alpha-channel-opacity\"\/>\n\n\n<table style=\"width: 100%; border-collapse: collapse; font-size: 14px;\">\n<tbody>\n<tr style=\"background-color: #5f83d8; color: white;\">\n<td style=\"padding: 12px;\"><b>CA 2025<\/b><\/td>\n<td>&nbsp;<\/td>\n<td>&nbsp;<\/td>\n<td>&nbsp;<\/td>\n<td>&nbsp;<\/td>\n<\/tr>\n<tr style=\"background-color: #dbe4fb;\">\n<td style=\"padding: 10px;\"><b>Claustro Estudiantes<\/b><\/td>\n<td style=\"padding: 10px;\"><b>Secretar\u00eda Acad\u00e9mica<\/b><\/td>\n<td style=\"padding: 10px;\"><b>Secretar\u00eda de Extensi\u00f3n<\/b><\/td>\n<td style=\"padding: 10px;\"><b>Secretar\u00eda de Investigaci\u00f3n<\/b><\/td>\n<td style=\"padding: 10px;\"><b>Claustro TAE<\/b><\/td>\n<\/tr>\n<tr>\n<td style=\"padding: 10px;\">V\u00e1zquez Joana Ayel\u00e9n<\/td>\n<td style=\"padding: 10px;\">Prof. Radulescu Natalia<\/td>\n<td style=\"padding: 10px;\">V\u00e1zquez Tatiana<\/td>\n<td style=\"padding: 10px;\">Prof. Ben\u00edtez Marcos<\/td>\n<td style=\"padding: 10px;\">Bulhoes Magali Betania<\/td>\n<\/tr>\n<tr style=\"background-color: #eef2fc;\">\n<td style=\"padding: 10px;\">Sanzogni Aylin Estefan\u00eda<\/td>\n<td>&nbsp;<\/td>\n<td>&nbsp;<\/td>\n<td>&nbsp;<\/td>\n<td style=\"padding: 10px;\">Lagos Celia Mercedes<\/td>\n<\/tr>\n<tr>\n<td style=\"padding: 10px;\">D&#8217;Antonio Dami\u00e1n Nicol\u00e1s<\/td>\n<td>&nbsp;<\/td>\n<td>&nbsp;<\/td>\n<td>&nbsp;<\/td>\n<td>&nbsp;<\/td>\n<\/tr>\n<tr style=\"background-color: #eef2fc;\">\n<td style=\"padding: 10px;\">Pardo Castro Nicol\u00e1s<\/td>\n<td>&nbsp;<\/td>\n<td>&nbsp;<\/td>\n<td>&nbsp;<\/td>\n<td>&nbsp;<\/td>\n<\/tr>\n<\/tbody>\n<\/table>\n\n\n<div style=\"height:46px\" aria-hidden=\"true\" class=\"wp-block-spacer\"><\/div>\n\n\n\n<div class=\"wp-block-cover is-light has-small-font-size\" style=\"min-height:62px\"><span aria-hidden=\"true\" class=\"wp-block-cover__background has-background-dim-100 has-background-dim\" style=\"background-color:#5f83d8\"><\/span><div class=\"wp-block-cover__inner-container\">\n<p class=\"has-text-align-left has-base-3-color has-text-color has-medium-font-size\">HISTORIA<\/p>\n<\/div><\/div>\n\n\n\n<hr class=\"wp-block-separator has-text-color has-accent-color has-alpha-channel-opacity has-accent-background-color has-background\"\/>\n\n\n\n<div style=\"height:10px\" aria-hidden=\"true\" class=\"wp-block-spacer\"><\/div>\n\n\n<table style=\"width: 100%; border-collapse: collapse; font-size: 14px;\">\n<tbody>\n<tr style=\"background-color: #5f83d8; color: white;\">\n<td style=\"padding: 12px;\"><b>CA 2024<\/b><\/td>\n<td>&nbsp;<\/td>\n<td>&nbsp;<\/td>\n<td>&nbsp;<\/td>\n<td>&nbsp;<\/td>\n<\/tr>\n<tr style=\"background-color: #dbe4fb;\">\n<td style=\"padding: 10px;\"><b>Claustro Estudiantes<\/b><\/td>\n<td style=\"padding: 10px;\"><b>Secretar\u00eda Acad\u00e9mica<\/b><\/td>\n<td style=\"padding: 10px;\"><b>Secretar\u00eda de Extensi\u00f3n<\/b><\/td>\n<td style=\"padding: 10px;\"><b>Secretar\u00eda de Investigaci\u00f3n<\/b><\/td>\n<td style=\"padding: 10px;\"><b>Claustro TAE<\/b><\/td>\n<\/tr>\n<tr>\n<td style=\"padding: 10px;\">V\u00e1zquez Joana Ayel\u00e9n<\/td>\n<td style=\"padding: 10px;\">Prof. Radulescu Natalia<\/td>\n<td style=\"padding: 10px;\">Prof. V\u00e1zquez Tatiana<\/td>\n<td style=\"padding: 10px;\">Prof. Ben\u00edtez Marcos<\/td>\n<td style=\"padding: 10px;\">Bulhoes Magali Betania<\/td>\n<\/tr>\n<tr style=\"background-color: #eef2fc;\">\n<td style=\"padding: 10px;\">Sanzogni Aylin Estefan\u00eda<\/td>\n<td>&nbsp;<\/td>\n<td>&nbsp;<\/td>\n<td>&nbsp;<\/td>\n<td style=\"padding: 10px;\">Lagos Celia Mercedes<\/td>\n<\/tr>\n<tr>\n<td style=\"padding: 10px;\">D&#8217;Antonio Dami\u00e1n Nicol\u00e1s<\/td>\n<td>&nbsp;<\/td>\n<td>&nbsp;<\/td>\n<td>&nbsp;<\/td>\n<td>&nbsp;<\/td>\n<\/tr>\n<tr style=\"background-color: #eef2fc;\">\n<td style=\"padding: 10px;\">Pardo Castro Nicol\u00e1s<\/td>\n<td>&nbsp;<\/td>\n<td>&nbsp;<\/td>\n<td>&nbsp;<\/td>\n<td>&nbsp;<\/td>\n<\/tr>\n<\/tbody>\n<\/table>\n\n\n<hr class=\"wp-block-separator has-alpha-channel-opacity\"\/>\n\n\n<table style=\"width: 100%; border-collapse: collapse; font-size: 14px;\">\n<tbody>\n<tr style=\"background-color: #5f83d8; color: white;\">\n<td style=\"padding: 12px;\"><b>1er Consejo Acad\u00e9mico 2016<\/b><\/td>\n<td>&nbsp;<\/td>\n<td>&nbsp;<\/td>\n<td>&nbsp;<\/td>\n<\/tr>\n<tr style=\"background-color: #dbe4fb;\">\n<td style=\"padding: 10px;\"><b>Secretar\u00eda de Extensi\u00f3n<\/b><\/td>\n<td style=\"padding: 10px;\"><b>Secretar\u00eda de Investigaci\u00f3n<\/b><\/td>\n<td style=\"padding: 10px;\"><b>Profesores<\/b><\/td>\n<td style=\"padding: 10px;\"><b>Alumnos<\/b><\/td>\n<\/tr>\n<tr>\n<td style=\"padding: 10px;\">Prof. O&#8217;Dwyer Pablo<\/td>\n<td style=\"padding: 10px;\">Prof. Anchelerguez Laura<\/td>\n<td style=\"padding: 10px;\">Prof. Cerda Alejandra<\/td>\n<td style=\"padding: 10px;\">Puel Braian<\/td>\n<\/tr>\n<tr style=\"background-color: #eef2fc;\">\n<td>&nbsp;<\/td>\n<td>&nbsp;<\/td>\n<td style=\"padding: 10px;\">Prof. Fern\u00e1ndez \u00c1ngela<\/td>\n<td style=\"padding: 10px;\">Quesada Gabriela<\/td>\n<\/tr>\n<tr>\n<td>&nbsp;<\/td>\n<td>&nbsp;<\/td>\n<td style=\"padding: 10px;\">Prof. Schultz Nicol\u00e1s<\/td>\n<td style=\"padding: 10px;\">Ferreira Leopoldo<\/td>\n<\/tr>\n<tr style=\"background-color: #eef2fc;\">\n<td>&nbsp;<\/td>\n<td>&nbsp;<\/td>\n<td style=\"padding: 10px;\">Prof. Araneda Viviana<\/td>\n<td style=\"padding: 10px;\">Fuentes Bruno<\/td>\n<\/tr>\n<tr>\n<td>&nbsp;<\/td>\n<td>&nbsp;<\/td>\n<td style=\"padding: 10px;\">Prof. V\u00e1zquez Tatiana<\/td>\n<td>&nbsp;<\/td>\n<\/tr>\n<tr style=\"background-color: #eef2fc;\">\n<td>&nbsp;<\/td>\n<td>&nbsp;<\/td>\n<td style=\"padding: 10px;\">Prof. Van Diest Gisela<\/td>\n<td>&nbsp;<\/td>\n<\/tr>\n<tr>\n<td>&nbsp;<\/td>\n<td>&nbsp;<\/td>\n<td style=\"padding: 10px;\">Prof. Schwindt Alicia<\/td>\n<td>&nbsp;<\/td>\n<\/tr>\n<\/tbody>\n<\/table>\n\n\n<hr class=\"wp-block-separator has-alpha-channel-opacity\"\/>\n\n\n<table style=\"width: 100%; border-collapse: collapse; font-size: 14px;\">\n<tbody>\n<tr style=\"background-color: #5f83d8; color: white;\">\n<td style=\"padding: 12px;\"><b>1er Consejo Acad\u00e9mico 2014<\/b><\/td>\n<td>&nbsp;<\/td>\n<td>&nbsp;<\/td>\n<td>&nbsp;<\/td>\n<\/tr>\n<tr style=\"background-color: #dbe4fb;\">\n<td style=\"padding: 10px;\"><b>Secretar\u00eda de Extensi\u00f3n<\/b><\/td>\n<td style=\"padding: 10px;\"><b>Secretar\u00eda de Investigaci\u00f3n<\/b><\/td>\n<td style=\"padding: 10px;\"><b>Secretar\u00eda Administrativa<\/b><\/td>\n<td style=\"padding: 10px;\"><b>Coordinadores de Definici\u00f3n Institucional<\/b><\/td>\n<\/tr>\n<tr>\n<td style=\"padding: 10px;\">Prof. Supl. Ponce Carla<\/td>\n<td style=\"padding: 10px;\">Prof. Anchelerguez Laura<\/td>\n<td style=\"padding: 10px;\">Prof. Ortiz Silvia<\/td>\n<td style=\"padding: 10px;\">Prof. Araneda Viviana<\/td>\n<\/tr>\n<tr style=\"background-color: #eef2fc;\">\n<td>&nbsp;<\/td>\n<td>&nbsp;<\/td>\n<td>&nbsp;<\/td>\n<td style=\"padding: 10px;\">Prof. Cerda Alejandra<\/td>\n<\/tr>\n<tr>\n<td>&nbsp;<\/td>\n<td>&nbsp;<\/td>\n<td>&nbsp;<\/td>\n<td style=\"padding: 10px;\">Prof. Fern\u00e1ndez \u00c1ngela<\/td>\n<\/tr>\n<tr style=\"background-color: #eef2fc;\">\n<td>&nbsp;<\/td>\n<td>&nbsp;<\/td>\n<td>&nbsp;<\/td>\n<td style=\"padding: 10px;\">Prof. Orusa Claudia<\/td>\n<\/tr>\n<tr>\n<td>&nbsp;<\/td>\n<td>&nbsp;<\/td>\n<td>&nbsp;<\/td>\n<td style=\"padding: 10px;\">Prof. Schultz Nicol\u00e1s<\/td>\n<\/tr>\n<\/tbody>\n<\/table>\n\n\n<hr class=\"wp-block-separator has-alpha-channel-opacity\"\/>\n\n\n\n<!--nextpage-->\n\n\n<table style=\"width: 100%; border-collapse: collapse; font-size: 14px;\">\n<tbody>\n<tr style=\"background-color: #5f83d8; color: white;\">\n<td style=\"padding: 12px;\"><b>Estudiantes de los Profesorados<\/b><\/td>\n<td>\u00a0<\/td>\n<td>\u00a0<\/td>\n<\/tr>\n<tr style=\"background-color: #dbe4fb;\">\n<td style=\"padding: 10px;\"><b>Profesorado de Lengua y Literatura<\/b><\/td>\n<td style=\"padding: 10px;\"><b>Profesorado en Matem\u00e1tica<\/b><\/td>\n<td style=\"padding: 10px;\"><b>Profesorado en Geograf\u00eda<\/b><\/td>\n<\/tr>\n<tr>\n<td style=\"padding: 10px;\"><b>Titular:<\/b> Ferreira Leopoldo Maximiliano<\/td>\n<td style=\"padding: 10px;\"><b>Titular:<\/b> Hilario Braian<\/td>\n<td style=\"padding: 10px;\"><b>Titular:<\/b> Quesada Torres Roc\u00edo<\/td>\n<\/tr>\n<tr style=\"background-color: #eef2fc;\">\n<td style=\"padding: 10px;\"><b>Suplente:<\/b> Rodr\u00edguez Luca Mar\u00eda Soledad<\/td>\n<td style=\"padding: 10px;\"><b>Suplente:<\/b> Steinetz Adriana<\/td>\n<td style=\"padding: 10px;\"><b>Suplente:<\/b> Fern\u00e1ndez Carlos<\/td>\n<\/tr>\n<\/tbody>\n<\/table>","protected":false},"excerpt":{"rendered":"<p>Es el \u00f3rgano responsable de promover y favorecer la articulaci\u00f3n de las funciones de formaci\u00f3n inicial y continua, extensi\u00f3n e investigaci\u00f3n. Ser\u00e1 presidido por el Secretario o Secretaria Acad\u00e9mica. CA Noviembre 2025 &nbsp; &nbsp; &nbsp; &nbsp; Claustro Estudiantes Secretar\u00eda Acad\u00e9mica Secretar\u00eda de Extensi\u00f3n Secretar\u00eda de Investigaci\u00f3n Claustro TAE V\u00e1zquez Joana Ayel\u00e9n Prof. Radulescu Natalia V\u00e1zquez &#8230; <a title=\"CONSEJO ACAD\u00c9MICO\" class=\"read-more\" href=\"https:\/\/isfd14-nqn.infd.edu.ar\/sitio\/consejo-acadedico\/\" aria-label=\"More on CONSEJO ACAD\u00c9MICO\">[+]<\/a><\/p>\n","protected":false},"author":1183,"featured_media":0,"parent":0,"menu_order":0,"comment_status":"closed","ping_status":"closed","template":"","meta":[],"acf":[],"_links":{"self":[{"href":"https:\/\/isfd14-nqn.infd.edu.ar\/sitio\/wp-json\/wp\/v2\/pages\/2508"}],"collection":[{"href":"https:\/\/isfd14-nqn.infd.edu.ar\/sitio\/wp-json\/wp\/v2\/pages"}],"about":[{"href":"https:\/\/isfd14-nqn.infd.edu.ar\/sitio\/wp-json\/wp\/v2\/types\/page"}],"author":[{"embeddable":true,"href":"https:\/\/isfd14-nqn.infd.edu.ar\/sitio\/wp-json\/wp\/v2\/users\/1183"}],"replies":[{"embeddable":true,"href":"https:\/\/isfd14-nqn.infd.edu.ar\/sitio\/wp-json\/wp\/v2\/comments?post=2508"}],"version-history":[{"count":56,"href":"https:\/\/isfd14-nqn.infd.edu.ar\/sitio\/wp-json\/wp\/v2\/pages\/2508\/revisions"}],"predecessor-version":[{"id":11675,"href":"https:\/\/isfd14-nqn.infd.edu.ar\/sitio\/wp-json\/wp\/v2\/pages\/2508\/revisions\/11675"}],"wp:attachment":[{"href":"https:\/\/isfd14-nqn.infd.edu.ar\/sitio\/wp-json\/wp\/v2\/media?parent=2508"}],"curies":[{"name":"wp","href":"https:\/\/api.w.org\/{rel}","templated":true}]}}