{"id":2552,"date":"2024-09-08T23:04:20","date_gmt":"2024-09-09T02:04:20","guid":{"rendered":"https:\/\/isfd14-nqn.infd.edu.ar\/sitio\/?page_id=2552"},"modified":"2026-03-17T22:21:38","modified_gmt":"2026-03-18T01:21:38","slug":"junta-electoral-2","status":"publish","type":"page","link":"https:\/\/isfd14-nqn.infd.edu.ar\/sitio\/junta-electoral-2\/","title":{"rendered":"JUNTA ELECTORAL"},"content":{"rendered":"\n<div class=\"wp-block-cover is-light\" style=\"min-height:91px\"><span aria-hidden=\"true\" class=\"wp-block-cover__background has-background-dim-100 has-background-dim\" style=\"background-color:#5f83d8\"><\/span><div class=\"wp-block-cover__inner-container\">\n<p class=\"has-text-align-center has-base-3-color has-text-color has-large-font-size\"><strong>JUNTA ELECTORAL<\/strong><\/p>\n<\/div><\/div>\n\n\n\n<hr class=\"wp-block-separator has-text-color has-accent-color has-alpha-channel-opacity has-accent-background-color has-background\"\/>\n\n\n\n<p class=\"has-medium-font-size\">Las personas que conforman la junta electoral del I.F.D N\u00b0 14 estar\u00e1 sujeto  a revisiones y reformulaciones que den respuesta a las necesidades colectivas emergentes y resguardar\u00e1 un margen de decisi\u00f3n a nivel institucional, de acuerdo a las particularidades, acuerdos y condiciones institucionales e interinstitucionales plasmadas en un reglamento institucional.<\/p>\n\n\n\n<p><strong>PREGUNTAS FRECUENTES: <\/strong><\/p>\n\n\n\n<p class=\"has-medium-font-size\"><strong>\u00bfQU\u00c9 TENGO QUE TRAER PARA VOTAR?<\/strong><\/p>\n\n\n\n<p class=\"has-medium-font-size\">Para poder votar deber\u00e1s traer tu documento nacional de identidad (DNI).<\/p>\n\n\n\n<p class=\"has-medium-font-size\"><strong>\u00bfQU\u00c9 NO TENGO QUE TRAER?<\/strong><\/p>\n\n\n\n<p class=\"has-medium-font-size\">Folleteria, boletas impresas, material malicioso, entre otros.<\/p>\n\n\n\n<figure class=\"wp-block-table is-style-stripes\"><table><tbody><tr><td>CORREO ELECTR\u00d3NICO: &nbsp;<a rel=\"noreferrer noopener\" href=\"mailto:juntaelectoralisfd14@gmail.com\" target=\"_blank\">juntaelectoralisfd14@gmail.com<\/a><\/td><\/tr><\/tbody><\/table><\/figure>\n\n\n\n<p><\/p>\n\n\n\n<p class=\"has-medium-font-size\"><strong>INTEGRANTES  DE LA JUNTA ELECTORAL:<\/strong><\/p>\n\n\n<table style=\"width: 100%; border-collapse: collapse; font-size: 14px;\">\n<tbody>\n<tr style=\"background-color: #5f83d8; color: white;\">\n<td style=\"padding: 12px;\"><b>Junta Electoral 2025 (Octubre)<\/b><\/td>\n<td>&nbsp;<\/td>\n<td>&nbsp;<\/td>\n<td>&nbsp;<\/td>\n<\/tr>\n<tr style=\"background-color: #dbe4fb;\">\n<td style=\"padding: 10px;\"><b>Claustro Docentes<\/b><\/td>\n<td style=\"padding: 10px;\"><b>Claustro Estudiantes<\/b><\/td>\n<td style=\"padding: 10px;\"><b>Claustro TAE<\/b><\/td>\n<td style=\"padding: 10px;\"><b>Claustro Graduados<\/b><\/td>\n<\/tr>\n<tr>\n<td style=\"padding: 10px;\">Prof. Bulhoes Magaly Betania<\/td>\n<td style=\"padding: 10px;\">Fuentes Juan Manuel<\/td>\n<td style=\"padding: 10px;\">G\u00f3mez Kimy<\/td>\n<td style=\"padding: 10px;\">Prof. Hermosilla Patricia Viviana<\/td>\n<\/tr>\n<tr style=\"background-color: #eef2fc;\">\n<td style=\"padding: 10px;\">Prof. Keviin Augusto Le\u00f3n<\/td>\n<td style=\"padding: 10px;\">Hermosilla Luciana Hailen<\/td>\n<td>&nbsp;<\/td>\n<td style=\"padding: 10px;\">Prof. Campos Cristian Alberto<\/td>\n<\/tr>\n<\/tbody>\n<\/table>\n\n\n<div style=\"height:48px\" aria-hidden=\"true\" class=\"wp-block-spacer\"><\/div>\n\n\n\n<div class=\"wp-block-cover is-light has-small-font-size\" style=\"min-height:62px\"><span aria-hidden=\"true\" class=\"wp-block-cover__background has-background-dim-100 has-background-dim\" style=\"background-color:#5f83d8\"><\/span><div class=\"wp-block-cover__inner-container\">\n<p class=\"has-text-align-left has-base-3-color has-text-color has-medium-font-size\">HISTORIA<\/p>\n<\/div><\/div>\n\n\n\n<hr class=\"wp-block-separator has-text-color has-accent-color has-alpha-channel-opacity has-accent-background-color has-background\"\/>\n\n\n<table style=\"width: 100%; border-collapse: collapse; font-size: 14px;\">\n<tbody>\n<tr style=\"background-color: #5f83d8; color: white;\">\n<td style=\"padding: 12px;\"><b>Junta Electoral 2024 (Octubre)<\/b><\/td>\n<td>&nbsp;<\/td>\n<td>&nbsp;<\/td>\n<td>&nbsp;<\/td>\n<\/tr>\n<tr style=\"background-color: #dbe4fb;\">\n<td style=\"padding: 10px;\"><b>Claustro Docentes<\/b><\/td>\n<td style=\"padding: 10px;\"><b>Claustro Estudiantes<\/b><\/td>\n<td style=\"padding: 10px;\"><b>Claustro TAE<\/b><\/td>\n<td style=\"padding: 10px;\"><b>Claustro Graduados<\/b><\/td>\n<\/tr>\n<tr>\n<td style=\"padding: 10px;\">Prof. Zamudio Mar\u00eda Valentina<\/td>\n<td style=\"padding: 10px;\">Prof. Campos Cristian Alberto<\/td>\n<td style=\"padding: 10px;\">G\u00f3mez Kimy<\/td>\n<td style=\"padding: 10px;\">Prof. Hermosilla Patricia Viviana<\/td>\n<\/tr>\n<tr style=\"background-color: #eef2fc;\">\n<td style=\"padding: 10px;\">Prof. Keviin Augusto Le\u00f3n<\/td>\n<td style=\"padding: 10px;\">Prof. Cabezas Jos\u00e9 Alejandro<\/td>\n<td>&nbsp;<\/td>\n<td>&nbsp;<\/td>\n<\/tr>\n<\/tbody>\n<\/table>\n\n\n<hr class=\"wp-block-separator has-alpha-channel-opacity\"\/>\n\n\n<table style=\"width: 100%; border-collapse: collapse; font-size: 14px;\">\n<tbody>\n<tr style=\"background-color: #5f83d8; color: white;\">\n<td style=\"padding: 12px;\"><b>Junta Electoral 2024 (2 de julio)<\/b><\/td>\n<td>&nbsp;<\/td>\n<td>&nbsp;<\/td>\n<td>&nbsp;<\/td>\n<\/tr>\n<tr style=\"background-color: #dbe4fb;\">\n<td style=\"padding: 10px;\"><b>Claustro Docentes<\/b><\/td>\n<td style=\"padding: 10px;\"><b>Claustro Estudiantes<\/b><\/td>\n<td style=\"padding: 10px;\"><b>Claustro TAE<\/b><\/td>\n<td style=\"padding: 10px;\"><b>Claustro Graduados<\/b><\/td>\n<\/tr>\n<tr>\n<td style=\"padding: 10px;\">Prof. Zamudio Mar\u00eda Valentina<\/td>\n<td style=\"padding: 10px;\">Campos Cristian Alberto<\/td>\n<td style=\"padding: 10px;\">G\u00f3mez Kimy<\/td>\n<td style=\"padding: 10px;\">Prof. Hermosilla Patricia Viviana<\/td>\n<\/tr>\n<tr style=\"background-color: #eef2fc;\">\n<td style=\"padding: 10px;\">Prof. Kevin Augusto Le\u00f3n<\/td>\n<td style=\"padding: 10px;\">Cabezas Jos\u00e9 Alejandro<\/td>\n<td>&nbsp;<\/td>\n<td>&nbsp;<\/td>\n<\/tr>\n<\/tbody>\n<\/table>\n\n\n<hr class=\"wp-block-separator has-alpha-channel-opacity\"\/>\n\n\n<table style=\"width: 100%; border-collapse: collapse; font-size: 14px;\">\n<tbody>\n<tr style=\"background-color: #5f83d8; color: white;\">\n<td style=\"padding: 12px;\"><b>Junta Electoral 2014<\/b><\/td>\n<td>&nbsp;<\/td>\n<td>&nbsp;<\/td>\n<td>&nbsp;<\/td>\n<\/tr>\n<tr style=\"background-color: #dbe4fb;\">\n<td style=\"padding: 10px;\"><b>Claustro Docentes<\/b><\/td>\n<td style=\"padding: 10px;\"><b>Claustro Estudiantes<\/b><\/td>\n<td style=\"padding: 10px;\"><b>Claustro TAE<\/b><\/td>\n<td style=\"padding: 10px;\"><b>Claustro Graduados<\/b><\/td>\n<\/tr>\n<tr>\n<td style=\"padding: 10px;\"><b>Titular:<\/b> Prof. V\u00e1zquez Tatiana<\/td>\n<td style=\"padding: 10px;\"><b>Titular:<\/b> Linconao Daniel<\/td>\n<td style=\"padding: 10px;\"><b>Titular:<\/b> Parma Sandra<\/td>\n<td style=\"padding: 10px;\"><b>Titular:<\/b> Prof. Espinosa M\u00f3nica<\/td>\n<\/tr>\n<tr style=\"background-color: #eef2fc;\">\n<td style=\"padding: 10px;\">Prof. Ram\u00edrez Alejandra<\/td>\n<td>&nbsp;<\/td>\n<td style=\"padding: 10px;\">Prof. Gargini Fabrizio<\/td>\n<td>&nbsp;<\/td>\n<\/tr>\n<tr>\n<td style=\"padding: 10px;\">Prof. Schwindt Alicia<\/td>\n<td>&nbsp;<\/td>\n<td style=\"padding: 10px;\">Romero Liliana<\/td>\n<td>&nbsp;<\/td>\n<\/tr>\n<\/tbody>\n<\/table>\n\n\n<hr class=\"wp-block-separator has-alpha-channel-opacity\"\/>\n\n\n<table style=\"width: 100%; border-collapse: collapse; font-size: 14px;\">\n<tbody>\n<tr style=\"background-color: #5f83d8; color: white;\">\n<td style=\"padding: 12px;\"><b>Junta Electoral 2024 (Febrero)<\/b><\/td>\n<td>&nbsp;<\/td>\n<td>&nbsp;<\/td>\n<td>&nbsp;<\/td>\n<\/tr>\n<tr style=\"background-color: #dbe4fb;\">\n<td style=\"padding: 10px;\"><b>Claustro Docentes<\/b><\/td>\n<td style=\"padding: 10px;\"><b>Claustro Estudiantes<\/b><\/td>\n<td style=\"padding: 10px;\"><b>Claustro TAE<\/b><\/td>\n<td style=\"padding: 10px;\"><b>Claustro Graduados<\/b><\/td>\n<\/tr>\n<tr>\n<td style=\"padding: 10px;\">Prof. Zamudio Mar\u00eda Valentina<\/td>\n<td style=\"padding: 10px;\">Campos Cristian Alberto<\/td>\n<td style=\"padding: 10px;\">Prof. O\u00f1ate Pamela<\/td>\n<td style=\"padding: 10px;\">Prof. Hermosilla Patricia Viviana<\/td>\n<\/tr>\n<tr style=\"background-color: #eef2fc;\">\n<td style=\"padding: 10px;\">Prof. Kevin Augusto Le\u00f3n<\/td>\n<td style=\"padding: 10px;\">Cabezas Jos\u00e9 Alejandro<\/td>\n<td style=\"padding: 10px;\">Prof. Bulhoes Magali<\/td>\n<td>&nbsp;<\/td>\n<\/tr>\n<\/tbody>\n<\/table>\n\n\n<hr class=\"wp-block-separator has-alpha-channel-opacity\"\/>\n\n\n\n<p>A\u00d1O 2023:<\/p>\n\n\n<table style=\"width: 100%; border-collapse: collapse; font-size: 14px;\">\n<tbody>\n<tr style=\"background-color: #5f83d8; color: white;\">\n<td style=\"padding: 12px;\"><b>Junta Electoral 2023 (Agosto)<\/b><\/td>\n<td>&nbsp;<\/td>\n<td>&nbsp;<\/td>\n<td>&nbsp;<\/td>\n<\/tr>\n<tr style=\"background-color: #dbe4fb;\">\n<td style=\"padding: 10px;\"><b>Claustro Docentes<\/b><\/td>\n<td style=\"padding: 10px;\"><b>Claustro Estudiantes<\/b><\/td>\n<td style=\"padding: 10px;\"><b>Claustro TAE<\/b><\/td>\n<td style=\"padding: 10px;\"><b>Claustro Graduados<\/b><\/td>\n<\/tr>\n<tr>\n<td style=\"padding: 10px;\">Gonz\u00e1lez Eduardo Milton David<\/td>\n<td style=\"padding: 10px;\">Medel Eugenia Dariana<\/td>\n<td style=\"padding: 10px;\">Romero Liliana Ethel<\/td>\n<td style=\"padding: 10px;\">Barrionuevo Andr\u00e9s<\/td>\n<\/tr>\n<tr style=\"background-color: #eef2fc;\">\n<td style=\"padding: 10px;\">Aguilera Andrea Fabiana<\/td>\n<td style=\"padding: 10px;\">Vece Mariela Ivana<\/td>\n<td>&nbsp;<\/td>\n<td>&nbsp;<\/td>\n<\/tr>\n<\/tbody>\n<\/table>\n\n\n<hr class=\"wp-block-separator has-alpha-channel-opacity\"\/>\n\n\n<table style=\"width: 100%; border-collapse: collapse; font-size: 14px;\">\n<tbody>\n<tr style=\"background-color: #5f83d8; color: white;\">\n<td style=\"padding: 12px;\"><b>Junta Electoral Abril 2023<\/b><\/td>\n<td>&nbsp;<\/td>\n<td>&nbsp;<\/td>\n<td>&nbsp;<\/td>\n<\/tr>\n<tr style=\"background-color: #dbe4fb;\">\n<td style=\"padding: 10px;\"><b>Claustro Docentes<\/b><\/td>\n<td style=\"padding: 10px;\"><b>Claustro Estudiantes<\/b><\/td>\n<td style=\"padding: 10px;\"><b>Claustro TAE<\/b><\/td>\n<td style=\"padding: 10px;\"><b>Claustro Graduados<\/b><\/td>\n<\/tr>\n<tr>\n<td style=\"padding: 10px;\">Prof. Ben\u00edtez Marcos<\/td>\n<td style=\"padding: 10px;\">Medel Eugenia<\/td>\n<td style=\"padding: 10px;\">Romero Liliana<\/td>\n<td style=\"padding: 10px;\">Prof. Carrillo Lorena<\/td>\n<\/tr>\n<tr style=\"background-color: #eef2fc;\">\n<td style=\"padding: 10px;\">Prof. San Mart\u00edn Gisela<\/td>\n<td style=\"padding: 10px;\">Mu\u00f1oz Navarrete<\/td>\n<td style=\"padding: 10px;\">Torres Alejandra<\/td>\n<td style=\"padding: 10px;\">Prof. Hermosilla Patricia<\/td>\n<\/tr>\n<tr>\n<td>&nbsp;<\/td>\n<td>&nbsp;<\/td>\n<td style=\"padding: 10px;\">Romero Liliana<\/td>\n<td>&nbsp;<\/td>\n<\/tr>\n<\/tbody>\n<\/table>\n\n\n<hr class=\"wp-block-separator has-alpha-channel-opacity\"\/>\n\n\n<table style=\"width: 100%; border-collapse: collapse; font-size: 14px;\">\n<tbody>\n<tr style=\"background-color: #5f83d8; color: white;\">\n<td style=\"padding: 12px;\"><b>Junta Electoral Abril 2023<\/b><\/td>\n<td>&nbsp;<\/td>\n<td>&nbsp;<\/td>\n<td>&nbsp;<\/td>\n<\/tr>\n<tr style=\"background-color: #dbe4fb;\">\n<td style=\"padding: 10px;\"><b>Claustro Docentes<\/b><\/td>\n<td style=\"padding: 10px;\"><b>Claustro Estudiantes<\/b><\/td>\n<td style=\"padding: 10px;\"><b>Claustro TAE<\/b><\/td>\n<td style=\"padding: 10px;\"><b>Claustro Graduados<\/b><\/td>\n<\/tr>\n<tr>\n<td style=\"padding: 10px;\">Prof. Aguilera Andrea Fabiana<\/td>\n<td style=\"padding: 10px;\">Medel Eugenia Dariana<\/td>\n<td style=\"padding: 10px;\">Prof. Romero Liliana<\/td>\n<td style=\"padding: 10px;\">Prof. Barrionuevo Andr\u00e9s<\/td>\n<\/tr>\n<tr style=\"background-color: #eef2fc;\">\n<td style=\"padding: 10px;\">Prof. Gonz\u00e1lez Eduardo Milt\u00f3n Paulo<\/td>\n<td style=\"padding: 10px;\">Vece Mariela Ivana<\/td>\n<td style=\"padding: 10px;\">Torres Alejandra<\/td>\n<td>&nbsp;<\/td>\n<\/tr>\n<\/tbody>\n<\/table>\n\n\n<hr class=\"wp-block-separator has-alpha-channel-opacity\"\/>\n\n\n<table style=\"width: 100%; border-collapse: collapse; font-size: 14px;\">\n<tbody>\n<tr style=\"background-color: #5f83d8; color: white;\">\n<td style=\"padding: 12px;\"><b>Junta Electoral 2015<\/b><\/td>\n<td>&nbsp;<\/td>\n<td>&nbsp;<\/td>\n<td>&nbsp;<\/td>\n<\/tr>\n<tr style=\"background-color: #dbe4fb;\">\n<td style=\"padding: 10px;\"><b>Claustro Docentes<\/b><\/td>\n<td style=\"padding: 10px;\"><b>Claustro Estudiantes<\/b><\/td>\n<td style=\"padding: 10px;\"><b>Claustro TAE<\/b><\/td>\n<td style=\"padding: 10px;\"><b>Claustro Graduados<\/b><\/td>\n<\/tr>\n<tr>\n<td style=\"padding: 10px;\"><b>Titular:<\/b> Prof. Sarmiento Juan Carlos<\/td>\n<td style=\"padding: 10px;\"><b>Titular:<\/b> Jara Mat\u00edas<\/td>\n<td style=\"padding: 10px;\"><b>Titular:<\/b> Prof. C\u00e1ceres Luciana<\/td>\n<td style=\"padding: 10px;\"><b>Titular:<\/b> Prof. Vuillermet Miguel<\/td>\n<\/tr>\n<\/tbody>\n<\/table>\n\n\n<div style=\"height:22px\" aria-hidden=\"true\" class=\"wp-block-spacer\"><\/div>\n\n\n\n<hr class=\"wp-block-separator has-alpha-channel-opacity\"\/>\n\n\n<table style=\"width: 100%; border-collapse: collapse; font-size: 14px;\">\n<tbody>\n<tr style=\"background-color: #5f83d8; color: white;\">\n<td style=\"padding: 12px;\"><b>Junta Electoral 2014<\/b><\/td>\n<td>&nbsp;<\/td>\n<td>&nbsp;<\/td>\n<td>&nbsp;<\/td>\n<\/tr>\n<tr style=\"background-color: #dbe4fb;\">\n<td style=\"padding: 10px;\"><b>Claustro Docentes<\/b><\/td>\n<td style=\"padding: 10px;\"><b>Claustro Estudiantes<\/b><\/td>\n<td style=\"padding: 10px;\"><b>Claustro TAE<\/b><\/td>\n<td style=\"padding: 10px;\"><b>Claustro Graduados<\/b><\/td>\n<\/tr>\n<tr>\n<td style=\"padding: 10px;\"><b>Titular:<\/b> Prof. Ponce Carla<\/td>\n<td style=\"padding: 10px;\"><b>Titular:<\/b> Linconao Daniel<\/td>\n<td style=\"padding: 10px;\"><b>Titular:<\/b> San Mart\u00edn D\u00e9bora<\/td>\n<td style=\"padding: 10px;\"><b>Titular:<\/b> Espinosa M\u00f3nica<\/td>\n<\/tr>\n<\/tbody>\n<\/table>\n\n\n<div style=\"height:24px\" aria-hidden=\"true\" class=\"wp-block-spacer\"><\/div>\n\n\n\n<hr class=\"wp-block-separator has-alpha-channel-opacity\"\/>\n\n\n<table style=\"width:100%; border-collapse:collapse; font-size:14px;\">\n<tbody>\n<tr style=\"background-color:#5f83d8; color:white;\">\n<td style=\"padding:12px;\"><b>Junta Electoral 2013<\/b><\/td>\n<td><\/td>\n<\/tr>\n<tr style=\"background-color:#dbe4fb;\">\n<td style=\"padding:10px;\"><b>Integrantes<\/b><\/td>\n<td style=\"padding:10px;\"><b><\/b><\/td>\n<\/tr>\n<tr>\n<td style=\"padding:10px;\">Prof. Sep\u00falveda Hurlintong<\/td>\n<td style=\"padding:10px;\">Prof. Salvo Fernando<\/td>\n<\/tr>\n<tr>\n<td style=\"padding:10px;\">Prof. Jara Mat\u00edas<\/td>\n<td style=\"padding:10px;\"><\/td>\n<\/tr>\n<tr>\n<td style=\"padding:10px;\">Prof. Heredia Mart\u00edn<\/td>\n<td style=\"padding:10px;\"><\/td>\n<\/tr>\n<tr>\n<td style=\"padding:10px;\">Prof. Ortiz Silvia<\/td>\n<td style=\"padding:10px;\"><\/td>\n<\/tr>\n<\/tbody>\n<\/table>","protected":false},"excerpt":{"rendered":"<p>Las personas que conforman la junta electoral del I.F.D N\u00b0 14 estar\u00e1 sujeto a revisiones y reformulaciones que den respuesta a las necesidades colectivas emergentes y resguardar\u00e1 un margen de decisi\u00f3n a nivel institucional, de acuerdo a las particularidades, acuerdos y condiciones institucionales e interinstitucionales plasmadas en un reglamento institucional. PREGUNTAS FRECUENTES: \u00bfQU\u00c9 TENGO QUE &#8230; <a title=\"JUNTA ELECTORAL\" class=\"read-more\" href=\"https:\/\/isfd14-nqn.infd.edu.ar\/sitio\/junta-electoral-2\/\" aria-label=\"More on JUNTA ELECTORAL\">[+]<\/a><\/p>\n","protected":false},"author":1183,"featured_media":0,"parent":0,"menu_order":0,"comment_status":"closed","ping_status":"closed","template":"","meta":[],"acf":[],"_links":{"self":[{"href":"https:\/\/isfd14-nqn.infd.edu.ar\/sitio\/wp-json\/wp\/v2\/pages\/2552"}],"collection":[{"href":"https:\/\/isfd14-nqn.infd.edu.ar\/sitio\/wp-json\/wp\/v2\/pages"}],"about":[{"href":"https:\/\/isfd14-nqn.infd.edu.ar\/sitio\/wp-json\/wp\/v2\/types\/page"}],"author":[{"embeddable":true,"href":"https:\/\/isfd14-nqn.infd.edu.ar\/sitio\/wp-json\/wp\/v2\/users\/1183"}],"replies":[{"embeddable":true,"href":"https:\/\/isfd14-nqn.infd.edu.ar\/sitio\/wp-json\/wp\/v2\/comments?post=2552"}],"version-history":[{"count":116,"href":"https:\/\/isfd14-nqn.infd.edu.ar\/sitio\/wp-json\/wp\/v2\/pages\/2552\/revisions"}],"predecessor-version":[{"id":11693,"href":"https:\/\/isfd14-nqn.infd.edu.ar\/sitio\/wp-json\/wp\/v2\/pages\/2552\/revisions\/11693"}],"wp:attachment":[{"href":"https:\/\/isfd14-nqn.infd.edu.ar\/sitio\/wp-json\/wp\/v2\/media?parent=2552"}],"curies":[{"name":"wp","href":"https:\/\/api.w.org\/{rel}","templated":true}]}}