{"id":5004,"date":"2024-10-30T19:18:01","date_gmt":"2024-10-30T22:18:01","guid":{"rendered":"https:\/\/isfd14-nqn.infd.edu.ar\/sitio\/?page_id=5004"},"modified":"2026-03-18T19:01:05","modified_gmt":"2026-03-18T22:01:05","slug":"formulario-campus-virtual","status":"publish","type":"page","link":"https:\/\/isfd14-nqn.infd.edu.ar\/sitio\/formulario-campus-virtual\/","title":{"rendered":"FORMULARIO CAMPUS VIRTUAL"},"content":{"rendered":"\n<div class=\"wp-block-cover alignwide is-light\" style=\"min-height:91px\"><span aria-hidden=\"true\" class=\"wp-block-cover__background has-background-dim-100 has-background-dim\" style=\"background-color:#5f83d8\"><\/span><div class=\"wp-block-cover__inner-container\">\n<p class=\"has-text-align-center has-base-3-color has-text-color has-large-font-size\"><strong> USUARIO CAMPUS VIRTUAL<\/strong> <strong>DOCENTES<\/strong><\/p>\n<\/div><\/div>\n\n\n\n<hr class=\"wp-block-separator has-text-color has-accent-color has-alpha-channel-opacity has-accent-background-color has-background\"\/>\n\n\n\n<p class=\"has-base-background-color has-background has-medium-font-size\"><strong>El Campus<\/strong> <strong>Virtual<\/strong><\/p>\n\n\n\n<p class=\"has-medium-font-size\">Fue pensando para cubrir <strong>necesidades de informaci\u00f3n<\/strong> y <strong>comunicaci\u00f3n educativa<\/strong> y se inserta en la comunidad educativa creando un medio de comunicaci\u00f3n fluido.<br>Permite la interacci\u00f3n de Alumnos, Docentes e Instituci\u00f3n, y su utilizaci\u00f3n es indispensable en la actualidad. <br>Esto permite maximizar la colaboraci\u00f3n entre usuarios y las actividades a sincr\u00f3nicas de forma tal que cada integrante potencie la utilizaci\u00f3n de su tiempo.<br>Es un entorno de trabajo <strong>seguro<\/strong>, <strong>privado<\/strong> y <strong>amigable<\/strong> con servicios de informaci\u00f3n, novedades, mensajer\u00eda, Chat, etc.<br>Para poder acceder a el campus virtual del IFD N\u00b0 14 necesitas tener un <strong>usuario<\/strong>. <\/p>\n\n\n\n<p class=\"has-medium-font-size\"><strong>\u00bfC\u00f3mo hago para tener un usuario de campus virtual?<\/strong><\/p>\n\n\n\n<p class=\"has-medium-font-size\">Debes hacer clic en crear usuario, luego completar el formulario que aparece en pantalla, con esa esa informaci\u00f3n el referente t\u00e9cnico te dar\u00e1 de alta en el campus virtual. La notificaci\u00f3n de alta te llegar\u00e1 por correo electr\u00f3nico. <br><img decoding=\"async\" loading=\"lazy\" width=\"48\" height=\"48\" class=\"wp-image-8754\" style=\"width: 48px;\" src=\"https:\/\/isfd14-nqn.infd.edu.ar\/sitio\/wp-content\/uploads\/2025\/08\/icons8-importante-481.png\" alt=\"\"> Al completar el formulario mira bien los datos introducidos, la carga se hace autom\u00e1tica por lo que como figura en el formulario as\u00ed se crear\u00e1 tu usuario.  <\/p>\n\n\n\n<div class=\"wp-block-columns is-layout-flex wp-container-7\">\n<div class=\"wp-block-column is-layout-flow\">\n<div class=\"wp-block-cover\" style=\"min-height:108px\"><span aria-hidden=\"true\" class=\"wp-block-cover__background has-base-background-color has-background-dim-100 has-background-dim\"><\/span><div class=\"wp-block-cover__inner-container\">\n<p class=\"has-text-align-center has-contrast-color has-text-color has-medium-font-size\"><img decoding=\"async\" loading=\"lazy\" width=\"512\" height=\"512\" class=\"wp-image-10546\" style=\"width: 90px;\" src=\"https:\/\/isfd14-nqn.infd.edu.ar\/sitio\/wp-content\/uploads\/2026\/02\/agregar-usuario-1.png\" alt=\"\" srcset=\"https:\/\/isfd14-nqn.infd.edu.ar\/sitio\/wp-content\/uploads\/2026\/02\/agregar-usuario-1.png 512w, https:\/\/isfd14-nqn.infd.edu.ar\/sitio\/wp-content\/uploads\/2026\/02\/agregar-usuario-1-500x500.png 500w\" sizes=\"(max-width: 512px) 100vw, 512px\" \/><\/p>\n\n\n\n<div class=\"wp-block-buttons has-custom-font-size has-medium-font-size is-content-justification-center is-layout-flex wp-container-1\">\n<div class=\"wp-block-button\"><a class=\"wp-block-button__link has-accent-background-color has-background wp-element-button\" href=\"https:\/\/docs.google.com\/forms\/d\/e\/1FAIpQLSf6MAtF98UFMWXsPjDpdo4grfzv-thGJmMoqDEHTZi2bMyiJA\/viewform?embedded=true%22%20width=%22640%22%20height=%22988%22%20frameborder=%220%22%20marginheight=%220%22%20marginwidth=%220%22%3ECargando%E2%80%A6%3C\/iframe%3E\" target=\"_blank\" rel=\"noreferrer noopener\">CREAR USUARIO<\/a><\/div>\n<\/div>\n<\/div><\/div>\n<\/div>\n\n\n\n<div class=\"wp-block-column is-layout-flow\">\n<div class=\"wp-block-cover\" style=\"min-height:104px\"><span aria-hidden=\"true\" class=\"wp-block-cover__background has-base-background-color has-background-dim-100 has-background-dim\"><\/span><div class=\"wp-block-cover__inner-container\">\n<p class=\"has-text-align-center has-contrast-color has-text-color has-medium-font-size\"><img decoding=\"async\" loading=\"lazy\" width=\"512\" height=\"512\" class=\"wp-image-10580\" style=\"width: 90px;\" src=\"https:\/\/isfd14-nqn.infd.edu.ar\/sitio\/wp-content\/uploads\/2026\/02\/usuario-1.png\" alt=\"\" srcset=\"https:\/\/isfd14-nqn.infd.edu.ar\/sitio\/wp-content\/uploads\/2026\/02\/usuario-1.png 512w, https:\/\/isfd14-nqn.infd.edu.ar\/sitio\/wp-content\/uploads\/2026\/02\/usuario-1-500x500.png 500w\" sizes=\"(max-width: 512px) 100vw, 512px\" \/><\/p>\n\n\n\n<div class=\"wp-block-buttons has-custom-font-size has-medium-font-size is-content-justification-center is-layout-flex wp-container-3\">\n<div class=\"wp-block-button\"><a class=\"wp-block-button__link has-accent-background-color has-background wp-element-button\" href=\"mailto:desbloqueosifd14@gmail.com\" target=\"_blank\" rel=\"noreferrer noopener\">MODIFICAR USUARIO<\/a><\/div>\n<\/div>\n<\/div><\/div>\n<\/div>\n\n\n\n<div class=\"wp-block-column is-layout-flow\">\n<div class=\"wp-block-cover\" style=\"min-height:104px\"><span aria-hidden=\"true\" class=\"wp-block-cover__background has-base-background-color has-background-dim-100 has-background-dim\"><\/span><div class=\"wp-block-cover__inner-container\">\n<p class=\"has-text-align-center has-contrast-color has-text-color has-medium-font-size\"><img decoding=\"async\" loading=\"lazy\" width=\"512\" height=\"512\" class=\"wp-image-10581\" style=\"width: 90px;\" src=\"https:\/\/isfd14-nqn.infd.edu.ar\/sitio\/wp-content\/uploads\/2026\/02\/eliminar-usuario.png\" alt=\"\" srcset=\"https:\/\/isfd14-nqn.infd.edu.ar\/sitio\/wp-content\/uploads\/2026\/02\/eliminar-usuario.png 512w, https:\/\/isfd14-nqn.infd.edu.ar\/sitio\/wp-content\/uploads\/2026\/02\/eliminar-usuario-500x500.png 500w\" sizes=\"(max-width: 512px) 100vw, 512px\" \/><\/p>\n\n\n\n<div class=\"wp-block-buttons has-custom-font-size has-medium-font-size is-content-justification-center is-layout-flex wp-container-5\">\n<div class=\"wp-block-button\"><a class=\"wp-block-button__link has-accent-background-color has-background wp-element-button\" href=\"mailto:desbloqueosifd14@gmail.com\" target=\"_blank\" rel=\"noreferrer noopener\">ELIMINAR USUARIO<\/a><\/div>\n<\/div>\n<\/div><\/div>\n<\/div>\n<\/div>\n\n\n\n<hr class=\"wp-block-separator has-alpha-channel-opacity\"\/>\n\n\n\n<p class=\"has-medium-font-size\"><img decoding=\"async\" loading=\"lazy\" width=\"1920\" height=\"1920\" class=\"wp-image-10092\" style=\"width: 50px;\" src=\"https:\/\/isfd14-nqn.infd.edu.ar\/sitio\/wp-content\/uploads\/2026\/02\/pngwing.com11.png\" alt=\"\" srcset=\"https:\/\/isfd14-nqn.infd.edu.ar\/sitio\/wp-content\/uploads\/2026\/02\/pngwing.com11.png 1920w, https:\/\/isfd14-nqn.infd.edu.ar\/sitio\/wp-content\/uploads\/2026\/02\/pngwing.com11-1000x1000.png 1000w, https:\/\/isfd14-nqn.infd.edu.ar\/sitio\/wp-content\/uploads\/2026\/02\/pngwing.com11-1900x1900.png 1900w, https:\/\/isfd14-nqn.infd.edu.ar\/sitio\/wp-content\/uploads\/2026\/02\/pngwing.com11-500x500.png 500w, https:\/\/isfd14-nqn.infd.edu.ar\/sitio\/wp-content\/uploads\/2026\/02\/pngwing.com11-768x768.png 768w, https:\/\/isfd14-nqn.infd.edu.ar\/sitio\/wp-content\/uploads\/2026\/02\/pngwing.com11-1536x1536.png 1536w\" sizes=\"(max-width: 1920px) 100vw, 1920px\" \/> <strong>Para modificar o eliminar el usuario<\/strong>:<\/p>\n\n\n\n<p class=\"has-medium-font-size\">Debes escribir al correo <em><strong><a href=\"mailto:desbloqueosifd14@gmail.com\" target=\"_blank\" rel=\"noreferrer noopener\">desbloqueosifd14@gmail.com<\/a><\/strong> <\/em> detallando en el cuerpo del mensaje el <strong>nuevo correo<\/strong> o pedir <strong>desactivar <\/strong>el usuario porque ya no perteneces mas al instituto, y dejaras de recibir informaci\u00f3n. <\/p>\n\n\n\n<hr class=\"wp-block-separator has-text-color has-accent-color has-alpha-channel-opacity has-accent-background-color has-background is-style-dots\"\/>\n\n\n\n<p class=\"has-base-background-color has-background has-medium-font-size\"><img decoding=\"async\" loading=\"lazy\" width=\"512\" height=\"512\" class=\"wp-image-11234\" style=\"width: 50px;\" src=\"https:\/\/isfd14-nqn.infd.edu.ar\/sitio\/wp-content\/uploads\/2026\/03\/alfiler.png\" alt=\"\" srcset=\"https:\/\/isfd14-nqn.infd.edu.ar\/sitio\/wp-content\/uploads\/2026\/03\/alfiler.png 512w, https:\/\/isfd14-nqn.infd.edu.ar\/sitio\/wp-content\/uploads\/2026\/03\/alfiler-500x500.png 500w\" sizes=\"(max-width: 512px) 100vw, 512px\" \/><strong>Instructivos<\/strong>:<br><br><img decoding=\"async\" loading=\"lazy\" width=\"512\" height=\"512\" class=\"wp-image-11438\" style=\"width: 50px;\" src=\"https:\/\/isfd14-nqn.infd.edu.ar\/sitio\/wp-content\/uploads\/2026\/03\/flechas-a-la-derecha.png\" alt=\"\" srcset=\"https:\/\/isfd14-nqn.infd.edu.ar\/sitio\/wp-content\/uploads\/2026\/03\/flechas-a-la-derecha.png 512w, https:\/\/isfd14-nqn.infd.edu.ar\/sitio\/wp-content\/uploads\/2026\/03\/flechas-a-la-derecha-500x500.png 500w\" sizes=\"(max-width: 512px) 100vw, 512px\" \/><strong>Primer Ingreso: <\/strong><\/p>\n\n\n\n<div class=\"wp-block-file\"><object class=\"wp-block-file__embed\" data=\"https:\/\/isfd14-nqn.infd.edu.ar\/sitio\/wp-content\/uploads\/2026\/03\/Manual-de-Ingreso-al-IFDn\u00b014-1.pdf\" type=\"application\/pdf\" style=\"width:100%;height:600px\" aria-label=\"Incrustado de Manual de Ingreso al IFDn\u00b014.\"><\/object><a id=\"wp-block-file--media-088b4ad7-118b-4ac3-998a-eb5d952fb4cb\" href=\"https:\/\/isfd14-nqn.infd.edu.ar\/sitio\/wp-content\/uploads\/2026\/03\/Manual-de-Ingreso-al-IFDn\u00b014-1.pdf\">Manual de Ingreso al IFDn\u00b014<\/a><a href=\"https:\/\/isfd14-nqn.infd.edu.ar\/sitio\/wp-content\/uploads\/2026\/03\/Manual-de-Ingreso-al-IFDn\u00b014-1.pdf\" class=\"wp-block-file__button wp-element-button\" download aria-describedby=\"wp-block-file--media-088b4ad7-118b-4ac3-998a-eb5d952fb4cb\">Descarga<\/a><\/div>\n\n\n<div class=\"wp-block-image\">\n<figure class=\"aligncenter size-full\"><img decoding=\"async\" loading=\"lazy\" width=\"50\" height=\"50\" src=\"https:\/\/isfd14-nqn.infd.edu.ar\/sitio\/wp-content\/uploads\/2025\/08\/icons8-chevron-abajo-50-1.png\" alt=\"\" class=\"wp-image-9246\"\/><\/figure><\/div>\n\n\n<iframe loading=\"lazy\" width=\"560\" height=\"315\" src=\"https:\/\/www.youtube.com\/embed\/QYb0pSdkvKI?si=zfMhSNB4ln9U3H_s\" title=\"YouTube video player\" frameborder=\"0\" allow=\"accelerometer; autoplay; clipboard-write; encrypted-media; gyroscope; picture-in-picture; web-share\" referrerpolicy=\"strict-origin-when-cross-origin\" allowfullscreen=\"\"><\/iframe>\n\n\n\n<hr class=\"wp-block-separator has-alpha-channel-opacity\"\/>\n\n\n\n<p class=\"has-base-background-color has-background\"><img decoding=\"async\" loading=\"lazy\" width=\"512\" height=\"512\" class=\"wp-image-11735\" style=\"width: 50px;\" src=\"https:\/\/isfd14-nqn.infd.edu.ar\/sitio\/wp-content\/uploads\/2026\/03\/editar.png\" alt=\"\" srcset=\"https:\/\/isfd14-nqn.infd.edu.ar\/sitio\/wp-content\/uploads\/2026\/03\/editar.png 512w, https:\/\/isfd14-nqn.infd.edu.ar\/sitio\/wp-content\/uploads\/2026\/03\/editar-500x500.png 500w\" sizes=\"(max-width: 512px) 100vw, 512px\" \/> <strong>Modificar datos de tu perfil:<\/strong><br><\/p>\n\n\n\n<iframe loading=\"lazy\" width=\"560\" height=\"315\" src=\"https:\/\/www.youtube.com\/embed\/fwn10dPV0EM?si=9hkVE3BgovXkGdiO\" title=\"YouTube video player\" frameborder=\"0\" allow=\"accelerometer; autoplay; clipboard-write; encrypted-media; gyroscope; picture-in-picture; web-share\" referrerpolicy=\"strict-origin-when-cross-origin\" allowfullscreen><\/iframe>\n\n\n\n<hr class=\"wp-block-separator has-text-color has-accent-color has-alpha-channel-opacity has-accent-background-color has-background is-style-dots\"\/>\n\n\n\n<p class=\"has-base-background-color has-background has-medium-font-size\"><img decoding=\"async\" loading=\"lazy\" width=\"512\" height=\"512\" class=\"wp-image-11706\" style=\"width: 50px;\" src=\"https:\/\/isfd14-nqn.infd.edu.ar\/sitio\/wp-content\/uploads\/2026\/03\/llave-de-casa.png\" alt=\"\" srcset=\"https:\/\/isfd14-nqn.infd.edu.ar\/sitio\/wp-content\/uploads\/2026\/03\/llave-de-casa.png 512w, https:\/\/isfd14-nqn.infd.edu.ar\/sitio\/wp-content\/uploads\/2026\/03\/llave-de-casa-500x500.png 500w\" sizes=\"(max-width: 512px) 100vw, 512px\" \/> <strong>Modificar contrase\u00f1a:<\/strong><br><\/p>\n\n\n\n<iframe loading=\"lazy\" width=\"560\" height=\"315\" src=\"https:\/\/www.youtube.com\/embed\/3LCQJclLxu4?si=wvHajrhHbrTfofsW\" title=\"YouTube video player\" frameborder=\"0\" allow=\"accelerometer; autoplay; clipboard-write; encrypted-media; gyroscope; picture-in-picture; web-share\" referrerpolicy=\"strict-origin-when-cross-origin\" allowfullscreen><\/iframe>\n\n\n\n<p class=\"has-medium-font-size\"><img decoding=\"async\" loading=\"lazy\" width=\"48\" height=\"48\" class=\"wp-image-8564\" style=\"width: 48px;\" src=\"https:\/\/isfd14-nqn.infd.edu.ar\/sitio\/wp-content\/uploads\/2025\/08\/icons8-importante-48.png\" alt=\"\">Consideraciones  al cambiar la contrase\u00f1a:<\/p>\n\n\n\n<figure class=\"wp-block-table is-style-stripes has-medium-font-size\"><table><tbody><tr><td>Al menos 8 caracteres<\/td><\/tr><tr><td>Debe contener al menos 1 may\u00fascula<\/td><\/tr><tr><td>Al menos 1 min\u00fascula<\/td><\/tr><tr><td>Al menos 1 n\u00famero<\/td><\/tr><tr><td>1 s\u00edmbolo (# @ ? !  $ % ^  &amp; * . -)<\/td><\/tr><\/tbody><\/table><\/figure>\n\n\n\n<p class=\"has-medium-font-size\"><br><\/p>\n\n\n\n<hr class=\"wp-block-separator has-text-color has-accent-color has-alpha-channel-opacity has-accent-background-color has-background is-style-dots\"\/>\n\n\n\n<p class=\"has-base-background-color has-background has-medium-font-size\"><img decoding=\"async\" loading=\"lazy\" width=\"512\" height=\"512\" class=\"wp-image-11718\" style=\"width: 50px;\" src=\"https:\/\/isfd14-nqn.infd.edu.ar\/sitio\/wp-content\/uploads\/2026\/03\/enviar-correo.png\" alt=\"\" srcset=\"https:\/\/isfd14-nqn.infd.edu.ar\/sitio\/wp-content\/uploads\/2026\/03\/enviar-correo.png 512w, https:\/\/isfd14-nqn.infd.edu.ar\/sitio\/wp-content\/uploads\/2026\/03\/enviar-correo-500x500.png 500w\" sizes=\"(max-width: 512px) 100vw, 512px\" \/><strong>\u00bfC\u00f3mo enviar un mensaje?<\/strong><\/p>\n\n\n\n<iframe loading=\"lazy\" width=\"560\" height=\"315\" src=\"https:\/\/www.youtube.com\/embed\/J2DRfvtChXM?si=imG1RdSUkquThHZr\" title=\"YouTube video player\" frameborder=\"0\" allow=\"accelerometer; autoplay; clipboard-write; encrypted-media; gyroscope; picture-in-picture; web-share\" referrerpolicy=\"strict-origin-when-cross-origin\" allowfullscreen><\/iframe>\n\n\n\n<hr class=\"wp-block-separator has-text-color has-accent-color has-alpha-channel-opacity has-accent-background-color has-background is-style-dots\"\/>\n","protected":false},"excerpt":{"rendered":"<p>El Campus Virtual Fue pensando para cubrir necesidades de informaci\u00f3n y comunicaci\u00f3n educativa y se inserta en la comunidad educativa creando un medio de comunicaci\u00f3n fluido.Permite la interacci\u00f3n de Alumnos, Docentes e Instituci\u00f3n, y su utilizaci\u00f3n es indispensable en la actualidad. Esto permite maximizar la colaboraci\u00f3n entre usuarios y las actividades a sincr\u00f3nicas de forma &#8230; <a title=\"FORMULARIO CAMPUS VIRTUAL\" class=\"read-more\" href=\"https:\/\/isfd14-nqn.infd.edu.ar\/sitio\/formulario-campus-virtual\/\" aria-label=\"More on FORMULARIO CAMPUS VIRTUAL\">[+]<\/a><\/p>\n","protected":false},"author":1183,"featured_media":0,"parent":0,"menu_order":0,"comment_status":"closed","ping_status":"closed","template":"","meta":[],"acf":[],"_links":{"self":[{"href":"https:\/\/isfd14-nqn.infd.edu.ar\/sitio\/wp-json\/wp\/v2\/pages\/5004"}],"collection":[{"href":"https:\/\/isfd14-nqn.infd.edu.ar\/sitio\/wp-json\/wp\/v2\/pages"}],"about":[{"href":"https:\/\/isfd14-nqn.infd.edu.ar\/sitio\/wp-json\/wp\/v2\/types\/page"}],"author":[{"embeddable":true,"href":"https:\/\/isfd14-nqn.infd.edu.ar\/sitio\/wp-json\/wp\/v2\/users\/1183"}],"replies":[{"embeddable":true,"href":"https:\/\/isfd14-nqn.infd.edu.ar\/sitio\/wp-json\/wp\/v2\/comments?post=5004"}],"version-history":[{"count":54,"href":"https:\/\/isfd14-nqn.infd.edu.ar\/sitio\/wp-json\/wp\/v2\/pages\/5004\/revisions"}],"predecessor-version":[{"id":11768,"href":"https:\/\/isfd14-nqn.infd.edu.ar\/sitio\/wp-json\/wp\/v2\/pages\/5004\/revisions\/11768"}],"wp:attachment":[{"href":"https:\/\/isfd14-nqn.infd.edu.ar\/sitio\/wp-json\/wp\/v2\/media?parent=5004"}],"curies":[{"name":"wp","href":"https:\/\/api.w.org\/{rel}","templated":true}]}}