{"id":5331,"date":"2024-11-16T12:35:25","date_gmt":"2024-11-16T15:35:25","guid":{"rendered":"https:\/\/isfd14-nqn.infd.edu.ar\/sitio\/?page_id=5331"},"modified":"2026-04-14T22:02:51","modified_gmt":"2026-04-15T01:02:51","slug":"inscripciones-modalidad-on-line","status":"publish","type":"page","link":"https:\/\/isfd14-nqn.infd.edu.ar\/sitio\/inscripciones-modalidad-on-line\/","title":{"rendered":"INSCRIPCIONES MODALIDAD ON-LINE"},"content":{"rendered":"\n<div class=\"wp-block-cover alignfull is-light\" style=\"min-height:91px\"><span aria-hidden=\"true\" class=\"wp-block-cover__background has-background-dim-100 has-background-dim\" style=\"background-color:#5f83d8\"><\/span><div class=\"wp-block-cover__inner-container\">\n<p class=\"has-text-align-center has-base-3-color has-text-color has-large-font-size\"><strong>INFORMACI\u00d3N PARA INSCRIPCI\u00d3N<\/strong> <strong>DIGITAL<\/strong><\/p>\n<\/div><\/div>\n\n\n\n<hr class=\"wp-block-separator alignfull has-text-color has-accent-color has-alpha-channel-opacity has-accent-background-color has-background\"\/>\n\n\n\n<figure class=\"wp-block-image size-full\"><img decoding=\"async\" loading=\"lazy\" width=\"1584\" height=\"396\" src=\"https:\/\/isfd14-nqn.infd.edu.ar\/sitio\/wp-content\/uploads\/2025\/08\/Verde-Monotono-Minimalista-Hambruna_Pobreza-Centro-de-Crisis-Redes-Sociales_20250802_021821_0000.png\" alt=\"\" class=\"wp-image-8691\" srcset=\"https:\/\/isfd14-nqn.infd.edu.ar\/sitio\/wp-content\/uploads\/2025\/08\/Verde-Monotono-Minimalista-Hambruna_Pobreza-Centro-de-Crisis-Redes-Sociales_20250802_021821_0000.png 1584w, https:\/\/isfd14-nqn.infd.edu.ar\/sitio\/wp-content\/uploads\/2025\/08\/Verde-Monotono-Minimalista-Hambruna_Pobreza-Centro-de-Crisis-Redes-Sociales_20250802_021821_0000-1000x250.png 1000w, https:\/\/isfd14-nqn.infd.edu.ar\/sitio\/wp-content\/uploads\/2025\/08\/Verde-Monotono-Minimalista-Hambruna_Pobreza-Centro-de-Crisis-Redes-Sociales_20250802_021821_0000-768x192.png 768w, https:\/\/isfd14-nqn.infd.edu.ar\/sitio\/wp-content\/uploads\/2025\/08\/Verde-Monotono-Minimalista-Hambruna_Pobreza-Centro-de-Crisis-Redes-Sociales_20250802_021821_0000-1536x384.png 1536w\" sizes=\"(max-width: 1584px) 100vw, 1584px\" \/><\/figure>\n\n\n\n<p class=\"has-medium-font-size\">Se informa a la comunidad que desde del<strong> 09 de febrero al 20 de marzo de 2026<\/strong>, se encuentran abiertas las inscripciones a los aspirantes a 1\u00b0 a\u00f1o, para el ciclo lectivo 2026<br>Ser\u00e1 a trav\u00e9s del portal <strong>Autogesti\u00f3n Estudiantes Nivel Superior<\/strong> <strong>S.I.Un.Ed<\/strong> (Sistema Integral de Unidades Educativas),  para  poder acceder al sistema necesitas crearte un usuario, con lo cual se necesita una <strong>casilla de correo<\/strong> y <strong>conexi\u00f3n a internet.<\/strong><\/p>\n\n\n\n<p class=\"has-text-color has-medium-font-size\" style=\"color:#f6301a\"><strong>Record\u00e1 que esta forma de inscripci\u00f3n se completa llevando al establecimiento el formulario de pre-inscripci\u00f3n otorgado por S.I.Un.E.D m\u00e1s la documentaci\u00f3n obligatoria.<\/strong><\/p>\n\n\n\n<p class=\"has-medium-font-size\"><img decoding=\"async\" loading=\"lazy\" width=\"48\" height=\"48\" class=\"wp-image-8754\" style=\"width: 48px;\" src=\"https:\/\/isfd14-nqn.infd.edu.ar\/sitio\/wp-content\/uploads\/2025\/08\/icons8-importante-481.png\" alt=\"\">Para poder inscribirte debes tener creado tu usuario dentro de la plataforma.<\/p>\n\n\n\n<p class=\"has-medium-font-size\"><img decoding=\"async\" loading=\"lazy\" width=\"48\" height=\"48\" class=\"wp-image-8780\" style=\"width: 48px;\" src=\"https:\/\/isfd14-nqn.infd.edu.ar\/sitio\/wp-content\/uploads\/2025\/08\/icons8-mano-48.png\" alt=\"\">Eleg\u00ed seg\u00fan tu condici\u00f3n y continua los pasos:<\/p>\n\n\n\n<div class=\"wp-block-columns is-layout-flex wp-container-5\">\n<div class=\"wp-block-column is-layout-flow\">\n<div class=\"wp-block-cover\" style=\"min-height:108px\"><span aria-hidden=\"true\" class=\"wp-block-cover__background has-base-background-color has-background-dim-100 has-background-dim\"><\/span><div class=\"wp-block-cover__inner-container\">\n<p class=\"has-text-align-center has-contrast-color has-text-color has-medium-font-size\"><img decoding=\"async\" loading=\"lazy\" width=\"512\" height=\"512\" class=\"wp-image-10546\" style=\"width: 90px;\" src=\"https:\/\/isfd14-nqn.infd.edu.ar\/sitio\/wp-content\/uploads\/2026\/02\/agregar-usuario-1.png\" alt=\"\" srcset=\"https:\/\/isfd14-nqn.infd.edu.ar\/sitio\/wp-content\/uploads\/2026\/02\/agregar-usuario-1.png 512w, https:\/\/isfd14-nqn.infd.edu.ar\/sitio\/wp-content\/uploads\/2026\/02\/agregar-usuario-1-500x500.png 500w\" sizes=\"(max-width: 512px) 100vw, 512px\" \/><\/p>\n\n\n\n<div class=\"wp-block-buttons has-custom-font-size has-medium-font-size is-content-justification-center is-layout-flex wp-container-1\">\n<div class=\"wp-block-button\"><a class=\"wp-block-button__link has-accent-background-color has-background wp-element-button\" href=\"https:\/\/isfd14-nqn.infd.edu.ar\/sitio\/crear-usuario-en-siuned\/\" target=\"_blank\" rel=\"noreferrer noopener\">Crear Usuario<\/a><\/div>\n<\/div>\n<\/div><\/div>\n<\/div>\n\n\n\n<div class=\"wp-block-column is-layout-flow\">\n<div class=\"wp-block-cover\" style=\"min-height:104px\"><span aria-hidden=\"true\" class=\"wp-block-cover__background has-base-background-color has-background-dim-100 has-background-dim\"><\/span><div class=\"wp-block-cover__inner-container\">\n<p class=\"has-text-align-center has-contrast-color has-text-color has-medium-font-size\"><img decoding=\"async\" loading=\"lazy\" width=\"512\" height=\"512\" class=\"wp-image-10547\" style=\"width: 90px;\" src=\"https:\/\/isfd14-nqn.infd.edu.ar\/sitio\/wp-content\/uploads\/2026\/02\/usuario.png\" alt=\"\" srcset=\"https:\/\/isfd14-nqn.infd.edu.ar\/sitio\/wp-content\/uploads\/2026\/02\/usuario.png 512w, https:\/\/isfd14-nqn.infd.edu.ar\/sitio\/wp-content\/uploads\/2026\/02\/usuario-500x500.png 500w\" sizes=\"(max-width: 512px) 100vw, 512px\" \/><\/p>\n\n\n\n<div class=\"wp-block-buttons has-custom-font-size has-medium-font-size is-content-justification-center is-layout-flex wp-container-3\">\n<div class=\"wp-block-button\"><a class=\"wp-block-button__link has-accent-background-color has-background wp-element-button\" href=\"https:\/\/isfd14-nqn.infd.edu.ar\/sitio\/usuario-siuned\/\" target=\"_blank\" rel=\"noreferrer noopener\">Tengo Usuario<\/a><\/div>\n<\/div>\n<\/div><\/div>\n<\/div>\n<\/div>\n","protected":false},"excerpt":{"rendered":"<p>Se informa a la comunidad que desde del 09 de febrero al 20 de marzo de 2026, se encuentran abiertas las inscripciones a los aspirantes a 1\u00b0 a\u00f1o, para el ciclo lectivo 2026Ser\u00e1 a trav\u00e9s del portal Autogesti\u00f3n Estudiantes Nivel Superior S.I.Un.Ed (Sistema Integral de Unidades Educativas), para poder acceder al sistema necesitas crearte un &#8230; <a title=\"INSCRIPCIONES MODALIDAD ON-LINE\" class=\"read-more\" href=\"https:\/\/isfd14-nqn.infd.edu.ar\/sitio\/inscripciones-modalidad-on-line\/\" aria-label=\"More on INSCRIPCIONES MODALIDAD ON-LINE\">[+]<\/a><\/p>\n","protected":false},"author":1183,"featured_media":0,"parent":0,"menu_order":0,"comment_status":"closed","ping_status":"closed","template":"","meta":[],"acf":[],"_links":{"self":[{"href":"https:\/\/isfd14-nqn.infd.edu.ar\/sitio\/wp-json\/wp\/v2\/pages\/5331"}],"collection":[{"href":"https:\/\/isfd14-nqn.infd.edu.ar\/sitio\/wp-json\/wp\/v2\/pages"}],"about":[{"href":"https:\/\/isfd14-nqn.infd.edu.ar\/sitio\/wp-json\/wp\/v2\/types\/page"}],"author":[{"embeddable":true,"href":"https:\/\/isfd14-nqn.infd.edu.ar\/sitio\/wp-json\/wp\/v2\/users\/1183"}],"replies":[{"embeddable":true,"href":"https:\/\/isfd14-nqn.infd.edu.ar\/sitio\/wp-json\/wp\/v2\/comments?post=5331"}],"version-history":[{"count":185,"href":"https:\/\/isfd14-nqn.infd.edu.ar\/sitio\/wp-json\/wp\/v2\/pages\/5331\/revisions"}],"predecessor-version":[{"id":12521,"href":"https:\/\/isfd14-nqn.infd.edu.ar\/sitio\/wp-json\/wp\/v2\/pages\/5331\/revisions\/12521"}],"wp:attachment":[{"href":"https:\/\/isfd14-nqn.infd.edu.ar\/sitio\/wp-json\/wp\/v2\/media?parent=5331"}],"curies":[{"name":"wp","href":"https:\/\/api.w.org\/{rel}","templated":true}]}}