{"id":6015,"date":"2025-02-13T10:45:07","date_gmt":"2025-02-13T13:45:07","guid":{"rendered":"https:\/\/isfd14-nqn.infd.edu.ar\/sitio\/?page_id=6015"},"modified":"2026-03-03T17:15:00","modified_gmt":"2026-03-03T20:15:00","slug":"inscripcion-a-materias-2","status":"publish","type":"page","link":"https:\/\/isfd14-nqn.infd.edu.ar\/sitio\/inscripcion-a-materias-2\/","title":{"rendered":"INSCRIPCI\u00d3N A MATERIAS"},"content":{"rendered":"\n<div class=\"wp-block-cover is-light\" style=\"min-height:91px\"><span aria-hidden=\"true\" class=\"wp-block-cover__background has-background-dim-100 has-background-dim\" style=\"background-color:#5f83d8\"><\/span><div class=\"wp-block-cover__inner-container\">\n<p class=\"has-text-align-center has-base-3-color has-text-color has-large-font-size\"><strong>S.I.Un.E.D <\/strong>I<strong>NSCRIPCI\u00d3N A MATERIAS <\/strong><\/p>\n<\/div><\/div>\n\n\n\n<hr class=\"wp-block-separator has-text-color has-accent-color has-alpha-channel-opacity has-accent-background-color has-background\"\/>\n\n\n\n<p class=\"has-medium-font-size\">EL Sistema Integral de Unidades Educativas (S.I.Un.E.D) ofrece a los alumnos la posibilidad de realizar tr\u00e1mites en l\u00ednea a trav\u00e9s del sistema de Autogesti\u00f3n, que antes requer\u00edan una visita presencial al establecimiento.<br>Para inscribirse a materias, los estudiantes deben acceder al men\u00fa <strong>inscripci\u00f3n a materias <\/strong>dentro del sistema.<br>En esta secci\u00f3n, pueden ver todas las materias disponibles para su inscripci\u00f3n y seleccionar aquellas que deseen cursar, siempre <strong>respetando<\/strong> sus <strong>correlativas<\/strong> y que la <strong>fecha este habilitada<\/strong>.<\/p>\n\n\n\n<p><strong>INSCRIPCIONES POR CUATRIMESTRES:<\/strong><\/p>\n\n\n\n<figure class=\"wp-block-table is-style-stripes has-medium-font-size\"><table><tbody><tr><td><strong>1\u00b0 CUATRIMESTRE<\/strong><\/td><td><strong>09 de marzo al 03 de abril de 2026<\/strong><\/td><\/tr><tr><td><strong>2\u00b0 CUATRIMESTRE<\/strong><\/td><td>&#8211;<\/td><\/tr><\/tbody><\/table><\/figure>\n\n\n\n<p class=\"has-medium-font-size\">A Continuaci\u00f3n se describe los pasos para poder realizarlo: <\/p>\n\n\n<div class=\"wp-block-image\">\n<figure class=\"aligncenter size-full\"><img decoding=\"async\" loading=\"lazy\" width=\"50\" height=\"50\" src=\"https:\/\/isfd14-nqn.infd.edu.ar\/sitio\/wp-content\/uploads\/2025\/08\/icons8-chevron-abajo-50-1.png\" alt=\"\" class=\"wp-image-9246\"\/><\/figure><\/div>\n\n\n<hr class=\"wp-block-separator has-text-color has-accent-color has-alpha-channel-opacity has-accent-background-color has-background\"\/>\n\n\n\n<p class=\"has-medium-font-size\"><img decoding=\"async\" loading=\"lazy\" width=\"240\" height=\"186\" class=\"wp-image-8625\" style=\"width: 80px;\" src=\"https:\/\/isfd14-nqn.infd.edu.ar\/sitio\/wp-content\/uploads\/2025\/08\/paso5online.png\" alt=\"\"> PASO 1: INGRESA A S.I.Un.Ed CON TU USUARIO CREADO<\/p>\n\n\n<div class=\"wp-block-image\">\n<figure class=\"aligncenter size-full\"><img decoding=\"async\" loading=\"lazy\" width=\"586\" height=\"354\" src=\"https:\/\/isfd14-nqn.infd.edu.ar\/sitio\/wp-content\/uploads\/2024\/11\/EntrarSistema.jpg\" alt=\"\" class=\"wp-image-5433\"\/><\/figure><\/div>\n\n\n<hr class=\"wp-block-separator has-alpha-channel-opacity\"\/>\n\n\n\n<p class=\"has-medium-font-size\"> <img decoding=\"async\" loading=\"lazy\" width=\"241\" height=\"255\" class=\"wp-image-8626\" style=\"width: 80px;\" src=\"https:\/\/isfd14-nqn.infd.edu.ar\/sitio\/wp-content\/uploads\/2025\/08\/PASO6ONLINE-1.png\" alt=\"\"> <strong>PASO 2: <\/strong>ELIGE EL MEN\u00da INSCRIPCI\u00d3N A MATERIAS<\/p>\n\n\n<div class=\"wp-block-image\">\n<figure class=\"aligncenter size-full\"><img decoding=\"async\" loading=\"lazy\" width=\"816\" height=\"305\" src=\"https:\/\/isfd14-nqn.infd.edu.ar\/sitio\/wp-content\/uploads\/2024\/12\/iNSCRIPCIONMATERIAS2024.jpg\" alt=\"\" class=\"wp-image-5905\" srcset=\"https:\/\/isfd14-nqn.infd.edu.ar\/sitio\/wp-content\/uploads\/2024\/12\/iNSCRIPCIONMATERIAS2024.jpg 816w, https:\/\/isfd14-nqn.infd.edu.ar\/sitio\/wp-content\/uploads\/2024\/12\/iNSCRIPCIONMATERIAS2024-768x287.jpg 768w\" sizes=\"(max-width: 816px) 100vw, 816px\" \/><\/figure><\/div>\n\n\n<hr class=\"wp-block-separator has-alpha-channel-opacity\"\/>\n\n\n\n<p class=\"has-medium-font-size\"><img decoding=\"async\" loading=\"lazy\" width=\"250\" height=\"250\" class=\"wp-image-8627\" style=\"width: 80px;\" src=\"https:\/\/isfd14-nqn.infd.edu.ar\/sitio\/wp-content\/uploads\/2025\/08\/PASO7ONLINE.png\" alt=\"\"> <strong>PASO 3: <\/strong>SELECCIONA EL PROFESORADO EN EL CUAL ME VOY A MATRICULAR<\/p>\n\n\n\n<p class=\"has-medium-font-size\">Se muestra los distintos profesorados a los cuales estoy anotado, se debe seleccionar en el link del profesorado al cual me voy a matricular:<\/p>\n\n\n<div class=\"wp-block-image\">\n<figure class=\"aligncenter size-full is-resized\"><img decoding=\"async\" loading=\"lazy\" src=\"https:\/\/isfd14-nqn.infd.edu.ar\/sitio\/wp-content\/uploads\/2025\/03\/SeleccionProfesoradoIM.jpg\" alt=\"\" class=\"wp-image-6347\" width=\"553\" height=\"491\"\/><figcaption class=\"wp-element-caption\"><strong>Ejemplo de selecci\u00f3n profesorado en Biolog\u00eda<\/strong><\/figcaption><\/figure><\/div>\n\n\n<hr class=\"wp-block-separator has-alpha-channel-opacity\"\/>\n\n\n\n<p class=\"has-medium-font-size\">Luego me mostrar\u00e1 una pantalla en donde podemos ver un listado con todas las materias  que tiene ese profesorado, adem\u00e1s puedo hacer un filtro por a\u00f1o. <br>Se debe tener en cuenta que cada materia va a tener un icono identificado con color:<br>-El icono que tiene una <strong>carpeta en color azul<\/strong> significa que son las materias a las cuales puedo inscribirme y <br>-El icono con una <strong>carpeta en color rojo con un candado <\/strong>son las materias en las que no puedo. <\/p>\n\n\n<div class=\"wp-block-image\">\n<figure class=\"aligncenter size-full is-resized\"><img decoding=\"async\" loading=\"lazy\" src=\"https:\/\/isfd14-nqn.infd.edu.ar\/sitio\/wp-content\/uploads\/2025\/03\/Filtroyano.jpg\" alt=\"\" class=\"wp-image-6350\" width=\"912\" height=\"450\" srcset=\"https:\/\/isfd14-nqn.infd.edu.ar\/sitio\/wp-content\/uploads\/2025\/03\/Filtroyano.jpg 1080w, https:\/\/isfd14-nqn.infd.edu.ar\/sitio\/wp-content\/uploads\/2025\/03\/Filtroyano-1000x494.jpg 1000w, https:\/\/isfd14-nqn.infd.edu.ar\/sitio\/wp-content\/uploads\/2025\/03\/Filtroyano-768x379.jpg 768w\" sizes=\"(max-width: 912px) 100vw, 912px\" \/><figcaption class=\"wp-element-caption\"><strong>Ejemplo de filtrar a\u00f1o,  y significado de color de carpeta<\/strong><\/figcaption><\/figure><\/div>\n\n\n<p class=\"has-medium-font-size\"><br><img decoding=\"async\" loading=\"lazy\" width=\"48\" height=\"48\" class=\"wp-image-8564\" style=\"width: 48px;\" src=\"https:\/\/isfd14-nqn.infd.edu.ar\/sitio\/wp-content\/uploads\/2025\/08\/icons8-importante-48.png\" alt=\"\">Si haces clic en la materia que tiene un icono de carpeta de <strong>color rojo<\/strong> con un candado te mostrar\u00e1 un cartel que no cumple con la correlatividad, y no te dejar\u00e1 inscribirte<\/p>\n\n\n<div class=\"wp-block-image\">\n<figure class=\"aligncenter size-full is-resized\"><img decoding=\"async\" loading=\"lazy\" src=\"https:\/\/isfd14-nqn.infd.edu.ar\/sitio\/wp-content\/uploads\/2025\/03\/NocumpleCorrelatividad.jpg\" alt=\"\" class=\"wp-image-6379\" width=\"782\" height=\"484\" srcset=\"https:\/\/isfd14-nqn.infd.edu.ar\/sitio\/wp-content\/uploads\/2025\/03\/NocumpleCorrelatividad.jpg 1042w, https:\/\/isfd14-nqn.infd.edu.ar\/sitio\/wp-content\/uploads\/2025\/03\/NocumpleCorrelatividad-1000x619.jpg 1000w, https:\/\/isfd14-nqn.infd.edu.ar\/sitio\/wp-content\/uploads\/2025\/03\/NocumpleCorrelatividad-768x475.jpg 768w\" sizes=\"(max-width: 782px) 100vw, 782px\" \/><figcaption class=\"wp-element-caption\"><strong>Ejemplo donde se selecciono una carpeta en color rojo<\/strong>; <strong>Qu\u00edmica Biol\u00f3gica<\/strong><\/figcaption><\/figure><\/div>\n\n\n<p class=\"has-medium-font-size\"><img decoding=\"async\" loading=\"lazy\" width=\"1920\" height=\"1920\" class=\"wp-image-10092\" style=\"width: 50px;\" src=\"https:\/\/isfd14-nqn.infd.edu.ar\/sitio\/wp-content\/uploads\/2026\/02\/pngwing.com11.png\" alt=\"\" srcset=\"https:\/\/isfd14-nqn.infd.edu.ar\/sitio\/wp-content\/uploads\/2026\/02\/pngwing.com11.png 1920w, https:\/\/isfd14-nqn.infd.edu.ar\/sitio\/wp-content\/uploads\/2026\/02\/pngwing.com11-1000x1000.png 1000w, https:\/\/isfd14-nqn.infd.edu.ar\/sitio\/wp-content\/uploads\/2026\/02\/pngwing.com11-1900x1900.png 1900w, https:\/\/isfd14-nqn.infd.edu.ar\/sitio\/wp-content\/uploads\/2026\/02\/pngwing.com11-500x500.png 500w, https:\/\/isfd14-nqn.infd.edu.ar\/sitio\/wp-content\/uploads\/2026\/02\/pngwing.com11-768x768.png 768w, https:\/\/isfd14-nqn.infd.edu.ar\/sitio\/wp-content\/uploads\/2026\/02\/pngwing.com11-1536x1536.png 1536w\" sizes=\"(max-width: 1920px) 100vw, 1920px\" \/>Si ingresas a la materia que tiene una carpeta con <strong>color azul<\/strong> es porque podes inscribirte, entonces debes presionar el <strong>bot\u00f3n INSCRIBIRSE<\/strong> para oficializar la inscripci\u00f3n, ah\u00ed tambi\u00e9n se detalla el turno en la cual se debe cursar.  <br> <\/p>\n\n\n<div class=\"wp-block-image\">\n<figure class=\"aligncenter size-full\"><img decoding=\"async\" loading=\"lazy\" width=\"1080\" height=\"515\" src=\"https:\/\/isfd14-nqn.infd.edu.ar\/sitio\/wp-content\/uploads\/2025\/03\/carpetaAzulInscripcion.jpg\" alt=\"\" class=\"wp-image-6357\" srcset=\"https:\/\/isfd14-nqn.infd.edu.ar\/sitio\/wp-content\/uploads\/2025\/03\/carpetaAzulInscripcion.jpg 1080w, https:\/\/isfd14-nqn.infd.edu.ar\/sitio\/wp-content\/uploads\/2025\/03\/carpetaAzulInscripcion-1000x477.jpg 1000w, https:\/\/isfd14-nqn.infd.edu.ar\/sitio\/wp-content\/uploads\/2025\/03\/carpetaAzulInscripcion-768x366.jpg 768w\" sizes=\"(max-width: 1080px) 100vw, 1080px\" \/><figcaption class=\"wp-element-caption\"><strong>Ejemplo de elegir la materia Pedagog\u00eda, en la secci\u00f3n B<\/strong><\/figcaption><\/figure><\/div>\n\n\n<p class=\"has-medium-font-size\"><img decoding=\"async\" loading=\"lazy\" width=\"48\" height=\"48\" class=\"wp-image-8772\" style=\"width: 48px;\" src=\"https:\/\/isfd14-nqn.infd.edu.ar\/sitio\/wp-content\/uploads\/2025\/08\/icons8-recordatorios-de-citas-48.png\" alt=\"\">Este paso lo vas a repetir para todas las materias en la cual necesitas inscribirte.<\/p>\n\n\n\n<hr class=\"wp-block-separator has-alpha-channel-opacity\"\/>\n\n\n\n<p class=\"has-medium-font-size\"><img decoding=\"async\" loading=\"lazy\" width=\"214\" height=\"195\" class=\"wp-image-8629\" style=\"width: 80px;\" src=\"https:\/\/isfd14-nqn.infd.edu.ar\/sitio\/wp-content\/uploads\/2025\/08\/PASO9ONLINE-1.png\" alt=\"\"><strong>PASO 4: <\/strong>IMPRIME O DESCARGA EL COMPROBANTE DE MATRICULACI\u00d3N<\/p>\n\n\n\n<p class=\"has-medium-font-size\">Al presionar el <strong>bot\u00f3n<\/strong> <strong>INSCRIBIRSE <\/strong>si es correcto nos mostrar\u00e1 un cartel que la  operaci\u00f3n fue un \u00e9xito, y podremos  guardar y\/o  imprimir el comprobante en formato .PDF. <\/p>\n\n\n\n<p class=\"has-medium-font-size\"><img decoding=\"async\" loading=\"lazy\" width=\"48\" height=\"48\" class=\"wp-image-8754\" style=\"width: 48px;\" src=\"https:\/\/isfd14-nqn.infd.edu.ar\/sitio\/wp-content\/uploads\/2025\/08\/icons8-importante-481.png\" alt=\"\">No hace falta llevar el comprobante a tu preceptor\\a ya que queda en el sistema cargado.<\/p>\n\n\n\n<div class=\"wp-block-columns is-layout-flex wp-container-3\">\n<div class=\"wp-block-column is-layout-flow\">\n<figure class=\"wp-block-image size-full\"><img decoding=\"async\" loading=\"lazy\" width=\"830\" height=\"470\" src=\"https:\/\/isfd14-nqn.infd.edu.ar\/sitio\/wp-content\/uploads\/2025\/03\/inscripcionconexito-1.jpg\" alt=\"\" class=\"wp-image-6370\" srcset=\"https:\/\/isfd14-nqn.infd.edu.ar\/sitio\/wp-content\/uploads\/2025\/03\/inscripcionconexito-1.jpg 830w, https:\/\/isfd14-nqn.infd.edu.ar\/sitio\/wp-content\/uploads\/2025\/03\/inscripcionconexito-1-768x435.jpg 768w\" sizes=\"(max-width: 830px) 100vw, 830px\" \/><\/figure>\n\n\n\n<p><strong>Ejemplo de inscripci\u00f3n de materia <\/strong><\/p>\n<\/div>\n\n\n\n<div class=\"wp-block-column is-layout-flow\">\n<figure class=\"wp-block-image size-full is-resized\"><img decoding=\"async\" loading=\"lazy\" src=\"https:\/\/isfd14-nqn.infd.edu.ar\/sitio\/wp-content\/uploads\/2025\/03\/comprobantebmterias.jpg\" alt=\"\" class=\"wp-image-6366\" width=\"595\" height=\"247\" srcset=\"https:\/\/isfd14-nqn.infd.edu.ar\/sitio\/wp-content\/uploads\/2025\/03\/comprobantebmterias.jpg 1281w, https:\/\/isfd14-nqn.infd.edu.ar\/sitio\/wp-content\/uploads\/2025\/03\/comprobantebmterias-1000x416.jpg 1000w, https:\/\/isfd14-nqn.infd.edu.ar\/sitio\/wp-content\/uploads\/2025\/03\/comprobantebmterias-768x320.jpg 768w\" sizes=\"(max-width: 595px) 100vw, 595px\" \/><\/figure>\n\n\n\n<p><strong>Ejemplo de comprobante de inscripci\u00f3n a materia.  <\/strong><\/p>\n<\/div>\n<\/div>\n\n\n\n<hr class=\"wp-block-separator has-alpha-channel-opacity\"\/>\n\n\n\n<div class=\"wp-block-cover is-light\" style=\"min-height:91px\"><span aria-hidden=\"true\" class=\"wp-block-cover__background has-background-dim-100 has-background-dim\" style=\"background-color:#5f83d8\"><\/span><div class=\"wp-block-cover__inner-container\">\n<p class=\"has-text-align-left has-base-3-color has-text-color has-medium-font-size\"><strong>MENSAJES DE ERROR A TENER EN CUENTA:<\/strong><\/p>\n<\/div><\/div>\n\n\n\n<p class=\"has-medium-font-size\"><img decoding=\"async\" loading=\"lazy\" width=\"48\" height=\"48\" class=\"wp-image-8754\" style=\"width: 48px;\" src=\"https:\/\/isfd14-nqn.infd.edu.ar\/sitio\/wp-content\/uploads\/2025\/08\/icons8-importante-481.png\" alt=\"\">Si te sale el cartel que a\u00fan no esta confirmada la inscripci\u00f3n, dir\u00edjase a la instituci\u00f3n<br>Es porque no llevaste la documentaci\u00f3n al establecimiento, y por lo cual no se completo la inscripci\u00f3n y no est\u00e1s registrado dentro del sistema<\/p>\n\n\n\n<figure class=\"wp-block-image size-full\"><img decoding=\"async\" loading=\"lazy\" width=\"1003\" height=\"159\" src=\"https:\/\/isfd14-nqn.infd.edu.ar\/sitio\/wp-content\/uploads\/2026\/03\/nocompletoRegistro.png\" alt=\"\" class=\"wp-image-10804\" srcset=\"https:\/\/isfd14-nqn.infd.edu.ar\/sitio\/wp-content\/uploads\/2026\/03\/nocompletoRegistro.png 1003w, https:\/\/isfd14-nqn.infd.edu.ar\/sitio\/wp-content\/uploads\/2026\/03\/nocompletoRegistro-1000x159.png 1000w, https:\/\/isfd14-nqn.infd.edu.ar\/sitio\/wp-content\/uploads\/2026\/03\/nocompletoRegistro-768x122.png 768w\" sizes=\"(max-width: 1003px) 100vw, 1003px\" \/><\/figure>\n\n\n\n<hr class=\"wp-block-separator has-alpha-channel-opacity\"\/>\n\n\n\n<p class=\"has-medium-font-size\"><img decoding=\"async\" loading=\"lazy\" width=\"48\" height=\"48\" class=\"wp-image-8754\" style=\"width: 48px;\" src=\"https:\/\/isfd14-nqn.infd.edu.ar\/sitio\/wp-content\/uploads\/2025\/08\/icons8-importante-481.png\" alt=\"\">En caso que nuevamente selecciones una materia en donde ya te inscribiste, te mostrar\u00e1 un cartel que te indica que ya lo hiciste.<\/p>\n\n\n<div class=\"wp-block-image\">\n<figure class=\"aligncenter size-full is-resized\"><img decoding=\"async\" loading=\"lazy\" src=\"https:\/\/isfd14-nqn.infd.edu.ar\/sitio\/wp-content\/uploads\/2025\/03\/materiayainscripta.jpg\" alt=\"\" class=\"wp-image-6373\" width=\"546\" height=\"289\" srcset=\"https:\/\/isfd14-nqn.infd.edu.ar\/sitio\/wp-content\/uploads\/2025\/03\/materiayainscripta.jpg 1092w, https:\/\/isfd14-nqn.infd.edu.ar\/sitio\/wp-content\/uploads\/2025\/03\/materiayainscripta-1000x529.jpg 1000w, https:\/\/isfd14-nqn.infd.edu.ar\/sitio\/wp-content\/uploads\/2025\/03\/materiayainscripta-768x407.jpg 768w\" sizes=\"(max-width: 546px) 100vw, 546px\" \/><figcaption class=\"wp-element-caption\"><strong>Ejemplo de materia inscrita<\/strong><\/figcaption><\/figure><\/div>","protected":false},"excerpt":{"rendered":"<p>EL Sistema Integral de Unidades Educativas (S.I.Un.E.D) ofrece a los alumnos la posibilidad de realizar tr\u00e1mites en l\u00ednea a trav\u00e9s del sistema de Autogesti\u00f3n, que antes requer\u00edan una visita presencial al establecimiento.Para inscribirse a materias, los estudiantes deben acceder al men\u00fa inscripci\u00f3n a materias dentro del sistema.En esta secci\u00f3n, pueden ver todas las materias disponibles &#8230; <a title=\"INSCRIPCI\u00d3N A MATERIAS\" class=\"read-more\" href=\"https:\/\/isfd14-nqn.infd.edu.ar\/sitio\/inscripcion-a-materias-2\/\" aria-label=\"More on INSCRIPCI\u00d3N A MATERIAS\">[+]<\/a><\/p>\n","protected":false},"author":1183,"featured_media":0,"parent":0,"menu_order":0,"comment_status":"closed","ping_status":"closed","template":"","meta":[],"acf":[],"_links":{"self":[{"href":"https:\/\/isfd14-nqn.infd.edu.ar\/sitio\/wp-json\/wp\/v2\/pages\/6015"}],"collection":[{"href":"https:\/\/isfd14-nqn.infd.edu.ar\/sitio\/wp-json\/wp\/v2\/pages"}],"about":[{"href":"https:\/\/isfd14-nqn.infd.edu.ar\/sitio\/wp-json\/wp\/v2\/types\/page"}],"author":[{"embeddable":true,"href":"https:\/\/isfd14-nqn.infd.edu.ar\/sitio\/wp-json\/wp\/v2\/users\/1183"}],"replies":[{"embeddable":true,"href":"https:\/\/isfd14-nqn.infd.edu.ar\/sitio\/wp-json\/wp\/v2\/comments?post=6015"}],"version-history":[{"count":105,"href":"https:\/\/isfd14-nqn.infd.edu.ar\/sitio\/wp-json\/wp\/v2\/pages\/6015\/revisions"}],"predecessor-version":[{"id":10826,"href":"https:\/\/isfd14-nqn.infd.edu.ar\/sitio\/wp-json\/wp\/v2\/pages\/6015\/revisions\/10826"}],"wp:attachment":[{"href":"https:\/\/isfd14-nqn.infd.edu.ar\/sitio\/wp-json\/wp\/v2\/media?parent=6015"}],"curies":[{"name":"wp","href":"https:\/\/api.w.org\/{rel}","templated":true}]}}