{"id":6439,"date":"2025-03-06T08:48:21","date_gmt":"2025-03-06T11:48:21","guid":{"rendered":"https:\/\/isfd14-nqn.infd.edu.ar\/sitio\/?page_id=6439"},"modified":"2026-03-18T17:47:08","modified_gmt":"2026-03-18T20:47:08","slug":"tramite-de-equivalencias","status":"publish","type":"page","link":"https:\/\/isfd14-nqn.infd.edu.ar\/sitio\/tramite-de-equivalencias\/","title":{"rendered":"TR\u00c1MITE DE EQUIVALENCIAS"},"content":{"rendered":"\n<div class=\"wp-block-cover is-light\" style=\"min-height:91px\"><span aria-hidden=\"true\" class=\"wp-block-cover__background has-background-dim-100 has-background-dim\" style=\"background-color:#5f83d8\"><\/span><div class=\"wp-block-cover__inner-container\">\n<p class=\"has-text-align-center has-base-3-color has-text-color has-large-font-size\"><strong>TR\u00c1MITE DE<\/strong> <strong>EQUIVALENCIAS<\/strong><\/p>\n<\/div><\/div>\n\n\n\n<hr class=\"wp-block-separator has-text-color has-accent-color has-alpha-channel-opacity has-accent-background-color has-background\"\/>\n\n\n\n<p><strong>FECHA DE RECEPCI\u00d3N  PARA PODER ENTREGAR LA DOCUMENTACI\u00d3N:<\/strong><br><\/p>\n\n\n\n<figure class=\"wp-block-table is-style-stripes\"><table class=\"has-background has-fixed-layout\" style=\"background-color:#9eb1df\"><tbody><tr><td><img decoding=\"async\" loading=\"lazy\" width=\"50\" height=\"50\" class=\"wp-image-8510\" style=\"width: 50px;\" src=\"https:\/\/isfd14-nqn.infd.edu.ar\/sitio\/wp-content\/uploads\/2025\/08\/icons8-calendar-50.png\" alt=\"\"><\/td><td><img decoding=\"async\" loading=\"lazy\" width=\"64\" height=\"64\" class=\"wp-image-8483\" style=\"width: 50px;\" src=\"https:\/\/isfd14-nqn.infd.edu.ar\/sitio\/wp-content\/uploads\/2025\/08\/icons8-tiempo-641.png\" alt=\"\"><\/td><\/tr><tr><td><strong>1\u00b0 CUATRIMESTRE<\/strong><\/td><td>14\/04\/2026 al 4\/05\/2026<\/td><\/tr><tr><td><strong>2\u00b0 CUATRIMESTRE<\/strong><\/td><td>03\/08\/2026 al 24\/08\/2026<\/td><\/tr><\/tbody><\/table><\/figure>\n\n\n\n<p><\/p>\n\n\n\n<div class=\"wp-block-columns is-layout-flex wp-container-2\">\n<div class=\"wp-block-column is-layout-flow\">\n<p class=\"has-text-align-center has-medium-font-size\"><strong>VER EL<\/strong> <strong>PROCEDIMIENTO A SEGUIR CON EL TR\u00c1MITE EQUIVALENCIAS<\/strong><\/p>\n\n\n<div class=\"wp-block-image\">\n<figure class=\"aligncenter size-full\"><img decoding=\"async\" loading=\"lazy\" width=\"50\" height=\"50\" src=\"https:\/\/isfd14-nqn.infd.edu.ar\/sitio\/wp-content\/uploads\/2025\/08\/icons8-chevron-abajo-50-1.png\" alt=\"\" class=\"wp-image-9246\"\/><\/figure><\/div><\/div>\n<\/div>\n\n\n\n<div style=\"height:18px\" aria-hidden=\"true\" class=\"wp-block-spacer\"><\/div>\n\n\n\n<p><img decoding=\"async\" loading=\"lazy\" width=\"512\" height=\"512\" class=\"wp-image-11234\" style=\"width: 50px;\" src=\"https:\/\/isfd14-nqn.infd.edu.ar\/sitio\/wp-content\/uploads\/2026\/03\/alfiler.png\" alt=\"\" srcset=\"https:\/\/isfd14-nqn.infd.edu.ar\/sitio\/wp-content\/uploads\/2026\/03\/alfiler.png 512w, https:\/\/isfd14-nqn.infd.edu.ar\/sitio\/wp-content\/uploads\/2026\/03\/alfiler-500x500.png 500w\" sizes=\"(max-width: 512px) 100vw, 512px\" \/><strong>DOCUMENTACI\u00d3N PARA SOLICITAR PASE DE UN IFD A OTRO IFD<\/strong><\/p>\n\n\n\n<figure class=\"wp-block-table is-style-stripes\"><table class=\"has-background has-fixed-layout\" style=\"background-color:#9eb1df\"><tbody><tr><td class=\"has-text-align-left\" data-align=\"left\">-Copia del legajo, con la documentaci\u00f3n autenticada.<\/td><\/tr><tr><td class=\"has-text-align-left\" data-align=\"left\">-Rendimiento acad\u00e9mico certificado por autoridad competente.<\/td><\/tr><tr><td class=\"has-text-align-left\" data-align=\"left\">-Recibo que deje constancia de lo remitido para la firma de la autoridad receptora. <\/td><\/tr><tr><td class=\"has-text-align-left\" data-align=\"left\">-Nota dirigida a la Direcci\u00f3n del Instituto de Formaci\u00f3n Docente en la cual se solicita el pase.<\/td><\/tr><tr><td class=\"has-text-align-left\" data-align=\"left\"><\/td><\/tr><\/tbody><\/table><\/figure>\n\n\n\n<div style=\"height:14px\" aria-hidden=\"true\" class=\"wp-block-spacer\"><\/div>\n\n\n\n<p><img decoding=\"async\" loading=\"lazy\" width=\"512\" height=\"512\" class=\"wp-image-11234\" style=\"width: 50px;\" src=\"https:\/\/isfd14-nqn.infd.edu.ar\/sitio\/wp-content\/uploads\/2026\/03\/alfiler.png\" alt=\"\" srcset=\"https:\/\/isfd14-nqn.infd.edu.ar\/sitio\/wp-content\/uploads\/2026\/03\/alfiler.png 512w, https:\/\/isfd14-nqn.infd.edu.ar\/sitio\/wp-content\/uploads\/2026\/03\/alfiler-500x500.png 500w\" sizes=\"(max-width: 512px) 100vw, 512px\" \/><strong>CAMBIO DE PLAN<\/strong><\/p>\n\n\n\n<figure class=\"wp-block-table is-style-stripes\"><table class=\"has-background has-fixed-layout\" style=\"background-color:#9eb1df\"><tbody><tr><td class=\"has-text-align-left\" data-align=\"left\">-Nota dirigida a la Direcci\u00f3n del Instituto de Formaci\u00f3n Docente en la cual se solicita cambio de plan<\/td><\/tr><tr><td class=\"has-text-align-left\" data-align=\"left\">-Rendimiento acad\u00e9mico certificado por autoridad competente.<\/td><\/tr><tr><td class=\"has-text-align-left\" data-align=\"left\"><\/td><\/tr><\/tbody><\/table><\/figure>\n\n\n\n<div style=\"height:11px\" aria-hidden=\"true\" class=\"wp-block-spacer\"><\/div>\n\n\n\n<p><strong><img decoding=\"async\" loading=\"lazy\" width=\"512\" height=\"512\" class=\"wp-image-11234\" style=\"width: 50px;\" src=\"https:\/\/isfd14-nqn.infd.edu.ar\/sitio\/wp-content\/uploads\/2026\/03\/alfiler.png\" alt=\"\" srcset=\"https:\/\/isfd14-nqn.infd.edu.ar\/sitio\/wp-content\/uploads\/2026\/03\/alfiler.png 512w, https:\/\/isfd14-nqn.infd.edu.ar\/sitio\/wp-content\/uploads\/2026\/03\/alfiler-500x500.png 500w\" sizes=\"(max-width: 512px) 100vw, 512px\" \/>DOCUMENTACI\u00d3N PARA SOLICITAR EQUIVALENCIAS DE OTRA INSTITUCI\u00d3N A UN IFD<\/strong><\/p>\n\n\n\n<figure class=\"wp-block-table is-style-stripes\"><table class=\"has-background has-fixed-layout\" style=\"background-color:#9eb1df\"><tbody><tr><td class=\"has-text-align-left\" data-align=\"left\">-Nota dirigida a la Direcci\u00f3n del INSTITUTO DE FORMACI\u00d3N DOCENTE, por la cual se solicita la equivalencia, con indicaci\u00f3n de la carrera a la que se desea ingresar.<\/td><\/tr><tr><td class=\"has-text-align-left\" data-align=\"left\">-Fotocopia autenticada del t\u00edtulo del Nivel Medio.<\/td><\/tr><tr><td class=\"has-text-align-left\" data-align=\"left\">-Fotocopia autenticada del documento de identidad (datos de identificaci\u00f3n y domicilio)<\/td><\/tr><tr><td class=\"has-text-align-left\" data-align=\"left\">&#8211; 2 (dos) Fotos 4 x 4.<\/td><\/tr><tr><td class=\"has-text-align-left\" data-align=\"left\">-Rendimiento acad\u00e9mico actualizado.<\/td><\/tr><tr><td class=\"has-text-align-left\" data-align=\"left\">-Plan de estudios de la carrera de origen, legalizado por autoridad competente.<\/td><\/tr><tr><td class=\"has-text-align-left\" data-align=\"left\">-Programa de estudios de cada asignatura o espacio curricular acreditado con una antig\u00fcedad menor o igual a (8) a\u00f1os. Estos programas deben corresponder al a\u00f1o de acreditaci\u00f3n y estar legalizados por la Direcci\u00f3n del Establecimiento Educativo de origen.<\/td><\/tr><\/tbody><\/table><\/figure>\n\n\n\n<hr class=\"wp-block-separator has-text-color has-accent-color has-alpha-channel-opacity has-accent-background-color has-background is-style-dots\"\/>\n\n\n\n<p class=\"has-medium-font-size\"><strong>Notas para descargar:<\/strong><\/p>\n\n\n\n<figure class=\"wp-block-table is-style-stripes has-small-font-size\"><table class=\"has-background\" style=\"background-color:#9eb1df\"><tbody><tr><td><img decoding=\"async\" loading=\"lazy\" width=\"80\" height=\"80\" class=\"wp-image-8485\" style=\"width: 70px;\" src=\"https:\/\/isfd14-nqn.infd.edu.ar\/sitio\/wp-content\/uploads\/2025\/08\/icons8-hojas-de-calculo-80.png\" alt=\"\"><\/td><td><img decoding=\"async\" loading=\"lazy\" width=\"512\" height=\"512\" class=\"wp-image-10751\" style=\"width: 70px;\" src=\"https:\/\/isfd14-nqn.infd.edu.ar\/sitio\/wp-content\/uploads\/2026\/03\/descargar.png\" alt=\"\" srcset=\"https:\/\/isfd14-nqn.infd.edu.ar\/sitio\/wp-content\/uploads\/2026\/03\/descargar.png 512w, https:\/\/isfd14-nqn.infd.edu.ar\/sitio\/wp-content\/uploads\/2026\/03\/descargar-500x500.png 500w\" sizes=\"(max-width: 512px) 100vw, 512px\" \/><\/td><\/tr><tr><td>Modelo de nota de solicitud de equivalencia-<strong>Cambio de plan<\/strong><\/td><td><a href=\"https:\/\/isfd14-nqn.infd.edu.ar\/sitio\/wp-content\/uploads\/2025\/03\/Copia-de-solitud-de-equivalencia-POR-CAMBIO-DE-PLAN.docx\" target=\"_blank\" rel=\"noreferrer noopener\"><img decoding=\"async\" loading=\"lazy\" width=\"1024\" height=\"1024\" class=\"wp-image-5657\" style=\"width: 80px;\" src=\"https:\/\/isfd14-nqn.infd.edu.ar\/sitio\/wp-content\/uploads\/2024\/11\/hojaword.png\" alt=\"\" srcset=\"https:\/\/isfd14-nqn.infd.edu.ar\/sitio\/wp-content\/uploads\/2024\/11\/hojaword.png 1024w, https:\/\/isfd14-nqn.infd.edu.ar\/sitio\/wp-content\/uploads\/2024\/11\/hojaword-1000x1000.png 1000w, https:\/\/isfd14-nqn.infd.edu.ar\/sitio\/wp-content\/uploads\/2024\/11\/hojaword-500x500.png 500w, https:\/\/isfd14-nqn.infd.edu.ar\/sitio\/wp-content\/uploads\/2024\/11\/hojaword-768x768.png 768w\" sizes=\"(max-width: 1024px) 100vw, 1024px\" \/><\/a><\/td><\/tr><tr><td>Modelo de nota solicitud de equivalencia- <strong>A otra Instituci\u00f3n<\/strong><\/td><td><a href=\"https:\/\/isfd14-nqn.infd.edu.ar\/sitio\/wp-content\/uploads\/2025\/03\/Copia-de-solitud-de-equivalencia-DESDE-OTRA-INSTITUCIONdocx-1.docx\" target=\"_blank\" rel=\"noreferrer noopener\"><img decoding=\"async\" loading=\"lazy\" width=\"1024\" height=\"1024\" class=\"wp-image-5657\" style=\"width: 80px;\" src=\"https:\/\/isfd14-nqn.infd.edu.ar\/sitio\/wp-content\/uploads\/2024\/11\/hojaword.png\" alt=\"\" srcset=\"https:\/\/isfd14-nqn.infd.edu.ar\/sitio\/wp-content\/uploads\/2024\/11\/hojaword.png 1024w, https:\/\/isfd14-nqn.infd.edu.ar\/sitio\/wp-content\/uploads\/2024\/11\/hojaword-1000x1000.png 1000w, https:\/\/isfd14-nqn.infd.edu.ar\/sitio\/wp-content\/uploads\/2024\/11\/hojaword-500x500.png 500w, https:\/\/isfd14-nqn.infd.edu.ar\/sitio\/wp-content\/uploads\/2024\/11\/hojaword-768x768.png 768w\" sizes=\"(max-width: 1024px) 100vw, 1024px\" \/><\/a><\/td><\/tr><\/tbody><\/table><\/figure>\n","protected":false},"excerpt":{"rendered":"<p>FECHA DE RECEPCI\u00d3N PARA PODER ENTREGAR LA DOCUMENTACI\u00d3N: 1\u00b0 CUATRIMESTRE 14\/04\/2026 al 4\/05\/2026 2\u00b0 CUATRIMESTRE 03\/08\/2026 al 24\/08\/2026 VER EL PROCEDIMIENTO A SEGUIR CON EL TR\u00c1MITE EQUIVALENCIAS DOCUMENTACI\u00d3N PARA SOLICITAR PASE DE UN IFD A OTRO IFD -Copia del legajo, con la documentaci\u00f3n autenticada. -Rendimiento acad\u00e9mico certificado por autoridad competente. -Recibo que deje constancia de &#8230; <a title=\"TR\u00c1MITE DE EQUIVALENCIAS\" class=\"read-more\" href=\"https:\/\/isfd14-nqn.infd.edu.ar\/sitio\/tramite-de-equivalencias\/\" aria-label=\"More on TR\u00c1MITE DE EQUIVALENCIAS\">[+]<\/a><\/p>\n","protected":false},"author":1183,"featured_media":0,"parent":0,"menu_order":0,"comment_status":"closed","ping_status":"closed","template":"","meta":[],"acf":[],"_links":{"self":[{"href":"https:\/\/isfd14-nqn.infd.edu.ar\/sitio\/wp-json\/wp\/v2\/pages\/6439"}],"collection":[{"href":"https:\/\/isfd14-nqn.infd.edu.ar\/sitio\/wp-json\/wp\/v2\/pages"}],"about":[{"href":"https:\/\/isfd14-nqn.infd.edu.ar\/sitio\/wp-json\/wp\/v2\/types\/page"}],"author":[{"embeddable":true,"href":"https:\/\/isfd14-nqn.infd.edu.ar\/sitio\/wp-json\/wp\/v2\/users\/1183"}],"replies":[{"embeddable":true,"href":"https:\/\/isfd14-nqn.infd.edu.ar\/sitio\/wp-json\/wp\/v2\/comments?post=6439"}],"version-history":[{"count":40,"href":"https:\/\/isfd14-nqn.infd.edu.ar\/sitio\/wp-json\/wp\/v2\/pages\/6439\/revisions"}],"predecessor-version":[{"id":12470,"href":"https:\/\/isfd14-nqn.infd.edu.ar\/sitio\/wp-json\/wp\/v2\/pages\/6439\/revisions\/12470"}],"wp:attachment":[{"href":"https:\/\/isfd14-nqn.infd.edu.ar\/sitio\/wp-json\/wp\/v2\/media?parent=6439"}],"curies":[{"name":"wp","href":"https:\/\/api.w.org\/{rel}","templated":true}]}}