{"id":6511,"date":"2025-03-10T13:15:00","date_gmt":"2025-03-10T16:15:00","guid":{"rendered":"https:\/\/isfd14-nqn.infd.edu.ar\/sitio\/?page_id=6511"},"modified":"2025-10-24T14:26:40","modified_gmt":"2025-10-24T17:26:40","slug":"constancia-alumno-regular","status":"publish","type":"page","link":"https:\/\/isfd14-nqn.infd.edu.ar\/sitio\/constancia-alumno-regular\/","title":{"rendered":"CONSTANCIA ALUMNO REGULAR"},"content":{"rendered":"\n<div class=\"wp-block-cover is-light\" style=\"min-height:57px\"><span aria-hidden=\"true\" class=\"wp-block-cover__background has-background-dim-100 has-background-dim\" style=\"background-color:#5f83d8\"><\/span><div class=\"wp-block-cover__inner-container\">\n<p class=\"has-text-align-center has-base-3-color has-text-color has-large-font-size\"><strong>AUTOGESTI\u00d3N CONSTANCIA ALUMNO REGULAR<\/strong><\/p>\n<\/div><\/div>\n\n\n\n<hr class=\"wp-block-separator has-text-color has-accent-color has-alpha-channel-opacity has-accent-background-color has-background\"\/>\n\n\n\n<p class=\"has-medium-font-size\">Para autogestionar una constancia de alumno regular se debe en primer lugar ingresar al portal de la provincia de Neuqu\u00e9n.<br>Para poder realizarlo como condici\u00f3n deben estar cargado a 1 c\u00e1tedra, que es condici\u00f3n para ser alumno regular.<\/p>\n\n\n\n<p class=\"has-medium-font-size\">Para ingresar al sitio podes hacer clic:<\/p>\n\n\n<div class=\"wp-block-image\">\n<figure class=\"aligncenter size-full is-resized\"><img decoding=\"async\" loading=\"lazy\" src=\"https:\/\/isfd14-nqn.infd.edu.ar\/sitio\/wp-content\/uploads\/2024\/11\/pngwing.com1_.png\" alt=\"\" class=\"wp-image-5253\" width=\"78\" height=\"78\"\/><\/figure><\/div>\n\n\n<div class=\"wp-block-buttons is-content-justification-center is-layout-flex wp-container-1\">\n<div class=\"wp-block-button has-custom-font-size is-style-fill has-medium-font-size\"><a class=\"wp-block-button__link has-accent-background-color has-background wp-element-button\" href=\"https:\/\/regular.neuquen.gov.ar\/Regular\/servlet\/com.certiregu.hnuevareg\" style=\"border-radius:0px\" target=\"_blank\" rel=\"noreferrer noopener\">PORTAL S.I.Un.E.D NEUQU\u00c9N<\/a><\/div>\n<\/div>\n\n\n\n<p class=\"has-medium-font-size\">Una vez en la p\u00e1gina, se debe seleccionar el <strong>nivel de la escuela<\/strong> (ver 1), en este caso es <strong>Superior<\/strong>, luego el <strong>DNI <\/strong>del alumno (solo n\u00fameros sin puntos) del cual se solicita la constancia (ver 2) y presionar el bot\u00f3n <strong>Buscar<\/strong>. (ver3), Seguidamente la pantalla mostrar\u00e1 los datos del alumno recuperados desde el Sistema SI.Un.Ed, la herramienta de gesti\u00f3n de los establecimientos escolares de la Provincia del Neuqu\u00e9n.<br><\/p>\n\n\n<div class=\"wp-block-image\">\n<figure class=\"aligncenter size-full\"><img decoding=\"async\" loading=\"lazy\" width=\"1080\" height=\"490\" src=\"https:\/\/isfd14-nqn.infd.edu.ar\/sitio\/wp-content\/uploads\/2025\/03\/rellenarconstaciaregular.jpg\" alt=\"\" class=\"wp-image-6514\" srcset=\"https:\/\/isfd14-nqn.infd.edu.ar\/sitio\/wp-content\/uploads\/2025\/03\/rellenarconstaciaregular.jpg 1080w, https:\/\/isfd14-nqn.infd.edu.ar\/sitio\/wp-content\/uploads\/2025\/03\/rellenarconstaciaregular-1000x454.jpg 1000w, https:\/\/isfd14-nqn.infd.edu.ar\/sitio\/wp-content\/uploads\/2025\/03\/rellenarconstaciaregular-768x348.jpg 768w\" sizes=\"(max-width: 1080px) 100vw, 1080px\" \/><figcaption class=\"wp-element-caption\"><strong>Ejemplo de como el sistema trae los datos desde S.I.Un.Ed ingresando un D.N.I<\/strong><\/figcaption><\/figure><\/div>\n\n\n<p class=\"has-medium-font-size\">A continuaci\u00f3n, y de forma opcional, se pueden ingresar datos adicionales para el certificado como el <strong>Destinatario (ver1)<\/strong> que es a qui\u00e9n va dirigido el mismo (ente, empleador, organismo, etc.),  el <strong>Nombre del solicitante <\/strong>(ver 2) y el <strong>Parentesco <\/strong>(ver 3) que \u00e9ste tiene con el alumno del cual se solicita el certificado.<br>Por \u00faltimo, presionando el bot\u00f3n \u201c<strong>Generar<\/strong>\u201d y se emitir\u00e1 el certificado en una nueva ventana emergente del navegador.<\/p>\n\n\n<div class=\"wp-block-image\">\n<figure class=\"aligncenter size-full\"><img decoding=\"async\" loading=\"lazy\" width=\"1054\" height=\"487\" src=\"https:\/\/isfd14-nqn.infd.edu.ar\/sitio\/wp-content\/uploads\/2025\/03\/3-1.jpg\" alt=\"\" class=\"wp-image-6518\" srcset=\"https:\/\/isfd14-nqn.infd.edu.ar\/sitio\/wp-content\/uploads\/2025\/03\/3-1.jpg 1054w, https:\/\/isfd14-nqn.infd.edu.ar\/sitio\/wp-content\/uploads\/2025\/03\/3-1-1000x462.jpg 1000w, https:\/\/isfd14-nqn.infd.edu.ar\/sitio\/wp-content\/uploads\/2025\/03\/3-1-768x355.jpg 768w\" sizes=\"(max-width: 1054px) 100vw, 1054px\" \/><\/figure><\/div>\n\n\n<hr class=\"wp-block-separator has-alpha-channel-opacity\"\/>\n\n\n\n<p class=\"has-medium-font-size\">Una vez emitido una constancia de Alumno regular cualquier entidad que reciba la misma podr\u00e1 comprobar la <strong>veracidad <\/strong>y <strong>correctitud<\/strong> de los datos ingresados. Para ello, cada certificado generado desde la web del Consejo Provincial de Educaci\u00f3n contiene un c\u00f3digo verificador al final del mismo.<\/p>\n\n\n\n<p class=\"has-medium-font-size\"><img decoding=\"async\" loading=\"lazy\" width=\"48\" height=\"48\" class=\"wp-image-8754\" style=\"width: 48px;\" src=\"https:\/\/isfd14-nqn.infd.edu.ar\/sitio\/wp-content\/uploads\/2025\/08\/icons8-importante-481.png\" alt=\"\">La constancia emitida <strong>No hace falta<\/strong> que sea firmada ni sellada en el instituto 14. <\/p>\n\n\n\n<p class=\"has-medium-font-size\">En el siguiente ejemplo se muestra que el c\u00f3digo es <strong>644362<\/strong>,  pero para cada constancia emitida el c\u00f3digo verificador cambiara. Y adem\u00e1s tambi\u00e9n se indica la p\u00e1gina en donde la entidad debe ingresar para poder verificarla.<\/p>\n\n\n<div class=\"wp-block-image\">\n<figure class=\"aligncenter size-full\"><img decoding=\"async\" loading=\"lazy\" width=\"892\" height=\"736\" src=\"https:\/\/isfd14-nqn.infd.edu.ar\/sitio\/wp-content\/uploads\/2025\/03\/codigoVerificar.jpg\" alt=\"\" class=\"wp-image-6526\" srcset=\"https:\/\/isfd14-nqn.infd.edu.ar\/sitio\/wp-content\/uploads\/2025\/03\/codigoVerificar.jpg 892w, https:\/\/isfd14-nqn.infd.edu.ar\/sitio\/wp-content\/uploads\/2025\/03\/codigoVerificar-768x634.jpg 768w\" sizes=\"(max-width: 892px) 100vw, 892px\" \/><\/figure><\/div>\n\n\n<hr class=\"wp-block-separator has-alpha-channel-opacity\"\/>\n\n\n\n<p class=\"has-medium-font-size\"><strong>\u00bfC\u00f3mo Verifica la entidad ?<\/strong><\/p>\n\n\n\n<p class=\"has-medium-font-size\">Cada entidad debe ir al sitio <strong>https:\/\/regular.neuquen.gov.ar<\/strong>, y en el recuadro <strong>Verificador<\/strong> introducir el <strong>c\u00f3digo <\/strong>, luego presionar el <strong>bot\u00f3n<\/strong> <strong>Verificador,<\/strong> se abrir\u00e1 nuevamente una ventana emergente mostrando los datos a quien pertenece el certificado con el c\u00f3digo de verificaci\u00f3n ingresado. Si los datos coinciden con la certificaci\u00f3n presentada, dicho documento es correcto y v\u00e1lido.<\/p>\n\n\n<div class=\"wp-block-image\">\n<figure class=\"aligncenter size-full\"><img decoding=\"async\" loading=\"lazy\" width=\"744\" height=\"234\" src=\"https:\/\/isfd14-nqn.infd.edu.ar\/sitio\/wp-content\/uploads\/2025\/03\/verificadorNumero-1.jpg\" alt=\"\" class=\"wp-image-6533\"\/><figcaption class=\"wp-element-caption\"><strong>Ejemplo de verificar el c\u00f3digo 644362<\/strong><\/figcaption><\/figure><\/div>\n\n<div class=\"wp-block-image\">\n<figure class=\"aligncenter size-full\"><img decoding=\"async\" loading=\"lazy\" width=\"1893\" height=\"388\" src=\"https:\/\/isfd14-nqn.infd.edu.ar\/sitio\/wp-content\/uploads\/2025\/03\/resulatdoVerificacion.png\" alt=\"\" class=\"wp-image-6529\" srcset=\"https:\/\/isfd14-nqn.infd.edu.ar\/sitio\/wp-content\/uploads\/2025\/03\/resulatdoVerificacion.png 1893w, https:\/\/isfd14-nqn.infd.edu.ar\/sitio\/wp-content\/uploads\/2025\/03\/resulatdoVerificacion-1000x205.png 1000w, https:\/\/isfd14-nqn.infd.edu.ar\/sitio\/wp-content\/uploads\/2025\/03\/resulatdoVerificacion-768x157.png 768w, https:\/\/isfd14-nqn.infd.edu.ar\/sitio\/wp-content\/uploads\/2025\/03\/resulatdoVerificacion-1536x315.png 1536w\" sizes=\"(max-width: 1893px) 100vw, 1893px\" \/><figcaption class=\"wp-element-caption\"><strong>Ejemplo donde se muestra que el c\u00f3digo de la constancia 644362 esta dentro de SIUnED.<\/strong><\/figcaption><\/figure><\/div>\n\n\n<div style=\"height:38px\" aria-hidden=\"true\" class=\"wp-block-spacer\"><\/div>\n\n\n\n<hr class=\"wp-block-separator has-alpha-channel-opacity\"\/>\n\n\n\n<p><strong>PROBLEMAS FRECUENTES<\/strong> <strong>A TENER EN CUENTA:<\/strong><\/p>\n\n\n\n<ul>\n<li><strong>Al ingresar un DNI y presionar el bot\u00f3n \u201cbuscar\u201d se genera un mensaje de que los datos del estudiante encontrados pertenecen a un ciclo lectivo anterior o \u201calumno no encontrado\u201d: <\/strong><br>Cada constancia de regularidad se genera a partir de datos cargados por cada escuela en el Sistema Integral de Unidades Educativas (S.I.Un.Ed), por lo que es posible que una demora en la actualizaci\u00f3n de la informaci\u00f3n por parte del   establecimiento impida visibilizar los datos del presente ciclo lectivo para alg\u00fan estudiante. Otra posible causa es el intentar generar un certificado para un estudiante de alg\u00fan nivel o modalidad aun no habilitada para emisi\u00f3n de certificados digitales (verificarlo en el inicio de la p\u00e1gina web). En ambos casos comunicarse si es posible con el establecimiento o en su defecto al correo ayudasiuned@neuquen.gov.ar.<\/li>\n\n\n\n<li><strong>Veo los datos del estudiante luego de presionar el bot\u00f3n \u201cbuscar\u201d pero al hacer clic en \u201cgenerar\u201d no se emite el certificado.<\/strong><br>Verificar que el navegador no tiene bloqueadas las ventanas emergentes o Si la consulta es desde un tel\u00e9fono iphone, no utilizar el navegador por defecto (safari). <\/li>\n\n\n\n<li><strong>Debe ingresarse alg\u00fan valor en el campo \u201cverificador\u201d para generar un certificado?<\/strong> <br>No, este campo solo se utiliza si se desea comprobar la veracidad de un certificado ya emitido<br><\/li>\n<\/ul>\n","protected":false},"excerpt":{"rendered":"<p>Para autogestionar una constancia de alumno regular se debe en primer lugar ingresar al portal de la provincia de Neuqu\u00e9n.Para poder realizarlo como condici\u00f3n deben estar cargado a 1 c\u00e1tedra, que es condici\u00f3n para ser alumno regular. Para ingresar al sitio podes hacer clic: Una vez en la p\u00e1gina, se debe seleccionar el nivel de &#8230; <a title=\"CONSTANCIA ALUMNO REGULAR\" class=\"read-more\" href=\"https:\/\/isfd14-nqn.infd.edu.ar\/sitio\/constancia-alumno-regular\/\" aria-label=\"More on CONSTANCIA ALUMNO REGULAR\">[+]<\/a><\/p>\n","protected":false},"author":1183,"featured_media":0,"parent":0,"menu_order":0,"comment_status":"closed","ping_status":"closed","template":"","meta":[],"acf":[],"_links":{"self":[{"href":"https:\/\/isfd14-nqn.infd.edu.ar\/sitio\/wp-json\/wp\/v2\/pages\/6511"}],"collection":[{"href":"https:\/\/isfd14-nqn.infd.edu.ar\/sitio\/wp-json\/wp\/v2\/pages"}],"about":[{"href":"https:\/\/isfd14-nqn.infd.edu.ar\/sitio\/wp-json\/wp\/v2\/types\/page"}],"author":[{"embeddable":true,"href":"https:\/\/isfd14-nqn.infd.edu.ar\/sitio\/wp-json\/wp\/v2\/users\/1183"}],"replies":[{"embeddable":true,"href":"https:\/\/isfd14-nqn.infd.edu.ar\/sitio\/wp-json\/wp\/v2\/comments?post=6511"}],"version-history":[{"count":49,"href":"https:\/\/isfd14-nqn.infd.edu.ar\/sitio\/wp-json\/wp\/v2\/pages\/6511\/revisions"}],"predecessor-version":[{"id":9688,"href":"https:\/\/isfd14-nqn.infd.edu.ar\/sitio\/wp-json\/wp\/v2\/pages\/6511\/revisions\/9688"}],"wp:attachment":[{"href":"https:\/\/isfd14-nqn.infd.edu.ar\/sitio\/wp-json\/wp\/v2\/media?parent=6511"}],"curies":[{"name":"wp","href":"https:\/\/api.w.org\/{rel}","templated":true}]}}