{"id":6788,"date":"2025-03-21T19:42:48","date_gmt":"2025-03-21T22:42:48","guid":{"rendered":"https:\/\/isfd14-nqn.infd.edu.ar\/sitio\/?page_id=6788"},"modified":"2025-03-21T19:42:50","modified_gmt":"2025-03-21T22:42:50","slug":"aulas-moviles-ampliacion-del-ifd","status":"publish","type":"page","link":"https:\/\/isfd14-nqn.infd.edu.ar\/sitio\/aulas-moviles-ampliacion-del-ifd\/","title":{"rendered":"Aulas m\u00f3viles-Ampliaci\u00f3n del IFD"},"content":{"rendered":"\n<p><strong>INSTALACI\u00d3N DE AULAS M\u00d3VILES&nbsp;<\/strong><\/p>\n\n\n\n<p>El d\u00eda jueves 20 de marzo se finaliz\u00f3 la instalaci\u00f3n de 4 unidades modulares \u00e1ulicas en el edificio central sobre calle G. \u00c1lvarez. Las mismas estar\u00e1n disponibles para su uso en el transcurso de las pr\u00f3ximas semanas dado a que faltan obras complementarias.&nbsp;<\/p>\n\n\n\n<p><strong>OBRA DE AMPLIACI\u00d3N DEL IFD N\u00b014. Continuidad de fase de proyecci\u00f3n.<\/strong><\/p>\n\n\n\n<p>En el d\u00eda de la fecha viernes 21 funcionarios y t\u00e9cnicos del ejecutivo provincial Ministerio de Obras P\u00fablicas, la Arq. Tania Coletti, Cristian Diorio y en representaci\u00f3n del Ejecutivo Municipal, el ingeniero Eduardo Skop y Daniel Mayo, estuvieron realizando un relevamiento de la arquitectura&nbsp; e instalaciones de la obra construida y proyecciones de la obra de ampliaci\u00f3n. Es la tercera visita y relevamiento t\u00e9cnico que se realiza y seg\u00fan nos expres\u00f3 la funcionaria Coletti el objetivo es incorporar algunas mejoras en la proyecci\u00f3n de la obra nueva para posteriormente finalizar toda la tramitaci\u00f3n administrativa y t\u00e9cnica requerida para la firma del convenio.&nbsp;<\/p>\n","protected":false},"excerpt":{"rendered":"<p>INSTALACI\u00d3N DE AULAS M\u00d3VILES&nbsp; El d\u00eda jueves 20 de marzo se finaliz\u00f3 la instalaci\u00f3n de 4 unidades modulares \u00e1ulicas en el edificio central sobre calle G. \u00c1lvarez. Las mismas estar\u00e1n disponibles para su uso en el transcurso de las pr\u00f3ximas semanas dado a que faltan obras complementarias.&nbsp; OBRA DE AMPLIACI\u00d3N DEL IFD N\u00b014. Continuidad de &#8230; <a title=\"Aulas m\u00f3viles-Ampliaci\u00f3n del IFD\" class=\"read-more\" href=\"https:\/\/isfd14-nqn.infd.edu.ar\/sitio\/aulas-moviles-ampliacion-del-ifd\/\" aria-label=\"More on Aulas m\u00f3viles-Ampliaci\u00f3n del IFD\">[+]<\/a><\/p>\n","protected":false},"author":472,"featured_media":0,"parent":0,"menu_order":0,"comment_status":"closed","ping_status":"closed","template":"","meta":[],"acf":[],"_links":{"self":[{"href":"https:\/\/isfd14-nqn.infd.edu.ar\/sitio\/wp-json\/wp\/v2\/pages\/6788"}],"collection":[{"href":"https:\/\/isfd14-nqn.infd.edu.ar\/sitio\/wp-json\/wp\/v2\/pages"}],"about":[{"href":"https:\/\/isfd14-nqn.infd.edu.ar\/sitio\/wp-json\/wp\/v2\/types\/page"}],"author":[{"embeddable":true,"href":"https:\/\/isfd14-nqn.infd.edu.ar\/sitio\/wp-json\/wp\/v2\/users\/472"}],"replies":[{"embeddable":true,"href":"https:\/\/isfd14-nqn.infd.edu.ar\/sitio\/wp-json\/wp\/v2\/comments?post=6788"}],"version-history":[{"count":1,"href":"https:\/\/isfd14-nqn.infd.edu.ar\/sitio\/wp-json\/wp\/v2\/pages\/6788\/revisions"}],"predecessor-version":[{"id":6789,"href":"https:\/\/isfd14-nqn.infd.edu.ar\/sitio\/wp-json\/wp\/v2\/pages\/6788\/revisions\/6789"}],"wp:attachment":[{"href":"https:\/\/isfd14-nqn.infd.edu.ar\/sitio\/wp-json\/wp\/v2\/media?parent=6788"}],"curies":[{"name":"wp","href":"https:\/\/api.w.org\/{rel}","templated":true}]}}