{"id":7214,"date":"2025-04-14T10:16:08","date_gmt":"2025-04-14T13:16:08","guid":{"rendered":"https:\/\/isfd14-nqn.infd.edu.ar\/sitio\/?page_id=7214"},"modified":"2026-03-23T13:03:28","modified_gmt":"2026-03-23T16:03:28","slug":"preguntas-frecuentes","status":"publish","type":"page","link":"https:\/\/isfd14-nqn.infd.edu.ar\/sitio\/preguntas-frecuentes\/","title":{"rendered":"PREGUNTAS FRECUENTES"},"content":{"rendered":"\n<div class=\"wp-block-cover alignwide is-light\" style=\"min-height:91px\"><span aria-hidden=\"true\" class=\"wp-block-cover__background has-background-dim-100 has-background-dim\" style=\"background-color:#5f83d8\"><\/span><div class=\"wp-block-cover__inner-container\">\n<p class=\"has-text-align-center has-base-3-color has-text-color has-large-font-size\"><strong>PREGUNTAS DEL INGRESANTE<\/strong><\/p>\n<\/div><\/div>\n\n\n\n<hr class=\"wp-block-separator has-text-color has-accent-color has-alpha-channel-opacity has-accent-background-color has-background\"\/>\n\n\n<div style=\"margin: 20px 0;\">\n<p><!-- ITEM --><\/p>\n<div style=\"background: #ffffff; border-left: 5px solid #5f83d8; padding: 15px; margin-bottom: 12px; border-radius: 6px; box-shadow: 0 2px 5px rgba(0,0,0,0.08);\">\n<div style=\"font-weight: 600; margin-bottom: 8px;\"><strong>\u00bfQu\u00e9 oferta acad\u00e9mica ofrece el IFD N\u00b0 14?<\/strong><\/div>\n<div style=\"background: #f2f8fc; padding: 10px; border-radius: 4px;\">1- Profesorado en educaci\u00f3n secundaria en lengua y literatura<br \/>2- Profesorado en educaci\u00f3n secundaria en geograf\u00eda<br \/>3- Profesorado en educaci\u00f3n secundaria en f\u00edsica<br \/>4- Profesorado en educaci\u00f3n secundaria en qu\u00edmica<br \/>5- Profesorado en educaci\u00f3n secundaria en matem\u00e1tica<br \/>6-Profesorado en educaci\u00f3n secundaria en biolog\u00eda<br \/>7-Profesorado en educaci\u00f3n secundaria en filosof\u00eda<\/div>\n<\/div>\n<\/div>\n\n<p><!-- ITEM --><\/p>\n<div style=\"background: #ffffff; border-left: 5px solid #5f83d8; padding: 15px; margin-bottom: 12px; border-radius: 6px; box-shadow: 0 2px 5px rgba(0,0,0,0.08);\">\n<div style=\"font-weight: 600; margin-bottom: 8px;\"><strong>\u00bfTengo que abonar matr\u00edcula o cuota para estudiar en el IFD?<\/strong><\/div>\n<div style=\"background: #f2f8fc; padding: 10px; border-radius: 4px;\">No, el IFD N\u00b0 14 es una instituci\u00f3n de car\u00e1cter p\u00fablico y gratuito, por lo tanto no ten\u00e9s que abonar ni matr\u00edcula ni cuota mensual.<\/div>\n<\/div>\n<p><!-- ITEM --><\/p>\n<div style=\"background: #ffffff; border-left: 5px solid #5f83d8; padding: 15px; margin-bottom: 12px; border-radius: 6px; box-shadow: 0 2px 5px rgba(0,0,0,0.08);\">\n<div style=\"font-weight: 600; margin-bottom: 8px;\">\u00bfCu\u00e1nto dura el profesorado?<\/div>\n<div style=\"background: #f2f8fc; padding: 10px; border-radius: 4px;\">Todos los Profesorados de nuestra instituci\u00f3n tienen una duraci\u00f3n m\u00ednima de 4 a\u00f1os.<\/div>\n<\/div>\n<div style=\"margin: 20px 0;\">\n<p><!-- ITEM --><\/p>\n<div style=\"background: #ffffff; border-left: 5px solid #5f83d8; padding: 15px; margin-bottom: 12px; border-radius: 6px; box-shadow: 0 2px 5px rgba(0,0,0,0.08);\">\n<div style=\"font-weight: 600; margin-bottom: 8px;\"><strong>\u00bfQu\u00e9 documentaci\u00f3n se debe traer para poder inscribirse?<\/strong><\/div>\n<div style=\"background: #f2f8fc; padding: 10px; border-radius: 4px;\">-FORMULARIO DE PRE-INSCRIPCI\u00d3N OTORGADO POR SIUNED o FORMULARIO DE INSCRIPCI\u00d3N DEL PROFESORADO ELEGIDO\n<div>-FOTOCOPIA DE TITULO SECUNDARIO (<strong>LEGALIZADO<\/strong>) O DE TITULO EN TRAMITE (<strong>SIN LEGALIZAR<\/strong>)<\/div>\n<div>-FOTOCOPIA DE DNI (<strong>LEGALIZADO<\/strong>)<\/div>\n<div>-FOTOCOPIA DE PARTIDA DE NACIMIENTO (<strong>LEGALIZADA<\/strong>)<\/div>\n<div>-2 FOTO 4 X 4 (ACTUAL)<\/div>\n<div>-CARPETIN COLGANTE<\/div>\n<\/div>\n<div>\n<div>\u00a0<\/div>\n<\/div>\n<\/div>\n<\/div>\n<p><!-- ITEM --><\/p>\n<div style=\"background: #ffffff; border-left: 5px solid #5f83d8; padding: 15px; margin-bottom: 12px; border-radius: 6px; box-shadow: 0 2px 5px rgba(0,0,0,0.08);\">\n<div style=\"font-weight: 600; margin-bottom: 8px;\"><strong>\u00bfQu\u00e9 modalidad de cursada tiene el IFD?<\/strong><\/div>\n<div style=\"background: #f2f8fc; padding: 10px; border-radius: 4px;\">Todas los profesorados son con modalidad presencial.<\/div>\n<\/div>\n<p><!-- ITEM --><\/p>\n<div style=\"background: #ffffff; border-left: 5px solid #5f83d8; padding: 15px; margin-bottom: 12px; border-radius: 6px; box-shadow: 0 2px 5px rgba(0,0,0,0.08);\">\n<div style=\"font-weight: 600; margin-bottom: 8px;\"><strong>\u00bfHay l\u00edmite de edad para estudiar?<\/strong><\/div>\n<div style=\"background: #f2f8fc; padding: 10px; border-radius: 4px;\">No hay limite para estudiar, despu\u00e9s el sistema si tiene limite de edad para entrar.<\/div>\n<\/div>\n<div style=\"margin: 20px 0;\">\n<p><!-- ITEM --><\/p>\n<div style=\"background: #ffffff; border-left: 5px solid #5f83d8; padding: 15px; margin-bottom: 12px; border-radius: 6px; box-shadow: 0 2px 5px rgba(0,0,0,0.08);\">\n<div style=\"font-weight: 600; margin-bottom: 8px;\"><strong>\u00bfCu\u00e1ndo me tengo me puedo inscribir en el profesorado que eleg\u00ed?<\/strong><\/div>\n<div style=\"background: #f2f8fc; padding: 10px; border-radius: 4px;\">Las inscripciones se realizan en el mes de febrero, julio y diciembre, las fechas con los horarios de atenci\u00f3n se publican en la web y en nuestras redes sociales.\u00a0<\/div>\n<\/div>\n<\/div>\n<p><!-- ITEM --><\/p>\n<div style=\"background: #ffffff; border-left: 5px solid #5f83d8; padding: 15px; margin-bottom: 12px; border-radius: 6px; box-shadow: 0 2px 5px rgba(0,0,0,0.08);\">\n<div style=\"font-weight: 600; margin-bottom: 8px;\"><strong>\u00bfC\u00f3mo me inscribo a la carrera?<\/strong><\/div>\n<div style=\"background: #f2f8fc; padding: 10px; border-radius: 4px;\"><strong>El instituto tiene 2 formas para inscribirse:<\/strong> (En el inicio del sitio WEB se explican las 2 maneras y la documentaci\u00f3n a presentar)<br \/>1: <strong>MODALIDAD PRESENCIAL<\/strong><br \/>2: <strong>MODALIDAD ON-LINE<\/strong> ( A trav\u00e9s del Sistema Siuned), la misma tiene fecha limitadas.<\/div>\n<div>\u00a0<\/div>\n<\/div>\n<p><!-- ITEM --><\/p>\n<div style=\"background: #ffffff; border-left: 5px solid #5f83d8; padding: 15px; margin-bottom: 12px; border-radius: 6px; box-shadow: 0 2px 5px rgba(0,0,0,0.08);\">\n<div style=\"font-weight: 600; margin-bottom: 8px;\"><strong>\u00bfHay curso de ingreso?<\/strong><\/div>\n<div style=\"background: #f2f8fc; padding: 10px; border-radius: 4px;\">No, lo que hay son talleres de inicio que los mismos son de car\u00e1cter obligatorio, y la fecha siempre se publican en el sitio web y redes sociales.<\/div>\n<\/div>\n<div style=\"margin: 20px 0;\">\n<p><!-- ITEM --><\/p>\n<div style=\"background: #ffffff; border-left: 5px solid #5f83d8; padding: 15px; margin-bottom: 12px; border-radius: 6px; box-shadow: 0 2px 5px rgba(0,0,0,0.08);\">\n<div style=\"font-weight: 600; margin-bottom: 8px;\">\u00bf<strong>Hay condiciones de Ingreso?<\/strong><\/div>\n<div style=\"background: #f2f8fc; padding: 10px; border-radius: 4px;\">La inscripci\u00f3n para carreras de formaci\u00f3n docente es abierta a todo aspirante argentino, nativo o por opci\u00f3n y extranjero que haya culminado estudios secundarios y los que se encuadran en el Art\u00edculo 7<sub><sup>o<\/sup><\/sub> de la Ley 24.521 de Educaci\u00f3n Superior, cumplimentando con los requisitos administrativos y acad\u00e9micos del sistema de ingreso determinado por el Consejo Provincial de Educaci\u00f3n del Neuqu\u00e9n.<br \/>Los extranjeros deber\u00e1n cumplir, adem\u00e1s, con los tr\u00e1mites exigidos por la Resoluci\u00f3n No 645\/2007 y modificaciones del Ministerio de Educaci\u00f3n Nacional como as\u00ed tambi\u00e9n con las exigencias jur\u00eddicas de radicaci\u00f3n y permanencia en el pa\u00eds.<\/div>\n<\/div>\n<\/div>\n<p><!-- ITEM --><\/p>\n<div style=\"background: #ffffff; border-left: 5px solid #5f83d8; padding: 15px; margin-bottom: 12px; border-radius: 6px; box-shadow: 0 2px 5px rgba(0,0,0,0.08);\">\n<div style=\"font-weight: 600; margin-bottom: 8px;\"><strong>\u00bfPuedo inscribirme y cursar si a\u00fan adeudo materias del secundario?<\/strong><\/div>\n<div style=\"background: #f2f8fc; padding: 10px; border-radius: 4px;\">Quienes adeuden materias del Nivel Secundario para la finalizaci\u00f3n de estos estudios podr\u00e1n matricularse provisoriamente debiendo aprobar las materias adeudadas hasta el comienzo del cuatrimestre posterior al de su fecha de inscripci\u00f3n (Art\u00edculo 4o del Anexo I de la Resoluci\u00f3n No 1011\/2011 del Consejo Provincial de Educaci\u00f3n)<\/div>\n<\/div>\n<p><!-- ITEM --><\/p>\n<div style=\"background: #ffffff; border-left: 5px solid #5f83d8; padding: 15px; margin-bottom: 12px; border-radius: 6px; box-shadow: 0 2px 5px rgba(0,0,0,0.08);\">\n<div style=\"font-weight: 600; margin-bottom: 8px;\"><strong>\u00bfQu\u00e9 es el plan de estudios?<\/strong><\/div>\n<div style=\"background: #f2f8fc; padding: 10px; border-radius: 4px;\">El plan de estudios establece el conjunto de unidades curriculares (materias) que es necesario aprobar para completar una carrera. En general, las materias se clasifican en anuales y cuatrimestrales dependiendo de la duraci\u00f3n.<\/div>\n<\/div>\n<div style=\"margin: 20px 0;\">\n<p><!-- ITEM --><\/p>\n<div style=\"background: #ffffff; border-left: 5px solid #5f83d8; padding: 15px; margin-bottom: 12px; border-radius: 6px; box-shadow: 0 2px 5px rgba(0,0,0,0.08);\">\n<div style=\"font-weight: 600; margin-bottom: 8px;\"><strong>\u00bfQu\u00e9 es una materia correlativa?<\/strong><\/div>\n<div style=\"background: #f2f8fc; padding: 10px; border-radius: 4px;\">Una materia correlativa es una restricci\u00f3n que exige tener aprobado el cursado o el final de una asignatura para poder cursar o rendir el final de otra. Consult\u00e1 el plan de correlatividades de tu Profesorado seg\u00fan tu profesorado dentro del sitio web en el men\u00fa oferta acad\u00e9mica.<\/div>\n<\/div>\n<\/div>\n<p><!-- ITEM --><\/p>\n<div style=\"background: #ffffff; border-left: 5px solid #5f83d8; padding: 15px; margin-bottom: 12px; border-radius: 6px; box-shadow: 0 2px 5px rgba(0,0,0,0.08);\">\n<div style=\"font-weight: 600; margin-bottom: 8px;\"><strong>Si ya curs\u00e9 otra carrera con materias afines \u00bfme las reconocen?<\/strong><\/div>\n<p>Si, si ya cursaste o curs\u00e1s otra carrera y ten\u00e9s materias aprobadas afines a la carrera que te quer\u00e9s inscribir, pod\u00e9s tramitar solicitud de equivalencias. Para ello, es importante que consultes los requisitos y el r\u00e9gimen de equivalencias que encontrar\u00e1s en el apartado del sitio web:<br \/><a href=\"https:\/\/isfd14-nqn.infd.edu.ar\/sitio\/tramite-de-equivalencias\/\" target=\"_blank\" rel=\"noreferrer noopener\">Equivalencias<\/a><br \/>La misma tiene una fecha limite de recepci\u00f3n.<\/p>\n<\/div>\n<p><!-- ITEM --><\/p>\n<div style=\"background: #ffffff; border-left: 5px solid #5f83d8; padding: 15px; margin-bottom: 12px; border-radius: 6px; box-shadow: 0 2px 5px rgba(0,0,0,0.08);\">\n<div style=\"font-weight: 600; margin-bottom: 8px;\"><strong>\u00bfCon qui\u00e9n consulto si tengo dudas sobre la inscripci\u00f3n?<\/strong><\/div>\n<div style=\"background: #f2f8fc; padding: 10px; border-radius: 4px;\">Podes ir personalmente al edificio central, o enviar un correo electr\u00f3nico <a href=\"mailto:ifd14bedelia@gmail.com\">ifd14bedelia@gmail.com<\/a><\/div>\n<\/div>","protected":false},"excerpt":{"rendered":"<p>\u00bfQu\u00e9 oferta acad\u00e9mica ofrece el IFD N\u00b0 14? 1- Profesorado en educaci\u00f3n secundaria en lengua y literatura2- Profesorado en educaci\u00f3n secundaria en geograf\u00eda3- Profesorado en educaci\u00f3n secundaria en f\u00edsica4- Profesorado en educaci\u00f3n secundaria en qu\u00edmica5- Profesorado en educaci\u00f3n secundaria en matem\u00e1tica6-Profesorado en educaci\u00f3n secundaria en biolog\u00eda7-Profesorado en educaci\u00f3n secundaria en filosof\u00eda \u00bfTengo que abonar matr\u00edcula &#8230; <a title=\"PREGUNTAS FRECUENTES\" class=\"read-more\" href=\"https:\/\/isfd14-nqn.infd.edu.ar\/sitio\/preguntas-frecuentes\/\" aria-label=\"More on PREGUNTAS FRECUENTES\">[+]<\/a><\/p>\n","protected":false},"author":1183,"featured_media":0,"parent":0,"menu_order":0,"comment_status":"closed","ping_status":"closed","template":"","meta":[],"acf":[],"_links":{"self":[{"href":"https:\/\/isfd14-nqn.infd.edu.ar\/sitio\/wp-json\/wp\/v2\/pages\/7214"}],"collection":[{"href":"https:\/\/isfd14-nqn.infd.edu.ar\/sitio\/wp-json\/wp\/v2\/pages"}],"about":[{"href":"https:\/\/isfd14-nqn.infd.edu.ar\/sitio\/wp-json\/wp\/v2\/types\/page"}],"author":[{"embeddable":true,"href":"https:\/\/isfd14-nqn.infd.edu.ar\/sitio\/wp-json\/wp\/v2\/users\/1183"}],"replies":[{"embeddable":true,"href":"https:\/\/isfd14-nqn.infd.edu.ar\/sitio\/wp-json\/wp\/v2\/comments?post=7214"}],"version-history":[{"count":72,"href":"https:\/\/isfd14-nqn.infd.edu.ar\/sitio\/wp-json\/wp\/v2\/pages\/7214\/revisions"}],"predecessor-version":[{"id":12138,"href":"https:\/\/isfd14-nqn.infd.edu.ar\/sitio\/wp-json\/wp\/v2\/pages\/7214\/revisions\/12138"}],"wp:attachment":[{"href":"https:\/\/isfd14-nqn.infd.edu.ar\/sitio\/wp-json\/wp\/v2\/media?parent=7214"}],"curies":[{"name":"wp","href":"https:\/\/api.w.org\/{rel}","templated":true}]}}