{"id":8122,"date":"2025-06-11T17:35:56","date_gmt":"2025-06-11T20:35:56","guid":{"rendered":"https:\/\/isfd14-nqn.infd.edu.ar\/sitio\/?page_id=8122"},"modified":"2026-03-18T16:15:36","modified_gmt":"2026-03-18T19:15:36","slug":"aplicacion-mobile","status":"publish","type":"page","link":"https:\/\/isfd14-nqn.infd.edu.ar\/sitio\/aplicacion-mobile\/","title":{"rendered":"Aplicaci\u00f3n Mobile"},"content":{"rendered":"\n<div class=\"wp-block-cover is-light\" style=\"min-height:91px\"><span aria-hidden=\"true\" class=\"wp-block-cover__background has-background-dim-100 has-background-dim\" style=\"background-color:#5f83d8\"><\/span><div class=\"wp-block-cover__inner-container\">\n<p class=\"has-text-align-center has-base-3-color has-text-color has-large-font-size\"><img decoding=\"async\" loading=\"lazy\" width=\"50\" height=\"119\" class=\"wp-image-423\" style=\"width: 50px;\" src=\"https:\/\/isfd14-nqn.infd.edu.ar\/sitio\/wp-content\/uploads\/2016\/10\/educativa_iso.png\" alt=\"\"><strong> APLICACI\u00d3N EDUCATIVA MOBILE<\/strong><\/p>\n<\/div><\/div>\n\n\n\n<hr class=\"wp-block-separator has-text-color has-accent-color has-alpha-channel-opacity has-accent-background-color has-background\"\/>\n\n\n\n<p><img decoding=\"async\" loading=\"lazy\" width=\"512\" height=\"512\" class=\"wp-image-11750\" style=\"width: 50px;\" src=\"https:\/\/isfd14-nqn.infd.edu.ar\/sitio\/wp-content\/uploads\/2026\/03\/telefono-movil.png\" alt=\"\" srcset=\"https:\/\/isfd14-nqn.infd.edu.ar\/sitio\/wp-content\/uploads\/2026\/03\/telefono-movil.png 512w, https:\/\/isfd14-nqn.infd.edu.ar\/sitio\/wp-content\/uploads\/2026\/03\/telefono-movil-500x500.png 500w\" sizes=\"(max-width: 512px) 100vw, 512px\" \/><strong>INSTALACI\u00d3N:<\/strong><\/p>\n\n\n\n<p class=\"has-medium-font-size\">Se puede utilizar tanto en <strong>Android <\/strong>como en <strong>IOS.<\/strong><\/p>\n\n\n\n<figure class=\"wp-block-image size-full\"><img decoding=\"async\" loading=\"lazy\" width=\"841\" height=\"343\" src=\"https:\/\/isfd14-nqn.infd.edu.ar\/sitio\/wp-content\/uploads\/2025\/08\/EducativaMobileQR-2.png\" alt=\"\" class=\"wp-image-8865\" srcset=\"https:\/\/isfd14-nqn.infd.edu.ar\/sitio\/wp-content\/uploads\/2025\/08\/EducativaMobileQR-2.png 841w, https:\/\/isfd14-nqn.infd.edu.ar\/sitio\/wp-content\/uploads\/2025\/08\/EducativaMobileQR-2-768x313.png 768w\" sizes=\"(max-width: 841px) 100vw, 841px\" \/><\/figure>\n\n\n\n<hr class=\"wp-block-separator has-alpha-channel-opacity\"\/>\n\n\n\n<div class=\"wp-block-columns is-layout-flex wp-container-3\">\n<div class=\"wp-block-column is-layout-flow\">\n<p class=\"has-text-color has-medium-font-size\" style=\"color:#f00e0e\">Requerimientos:<br><\/p>\n\n\n\n<ul>\n<li class=\"has-medium-font-size\">M\u00f3vil con Android 7.0 o superior.<\/li>\n\n\n\n<li class=\"has-medium-font-size\">Campus educativa al que te conectes en versi\u00f3n 9 o superior.<\/li>\n<\/ul>\n<\/div>\n\n\n\n<div class=\"wp-block-column is-layout-flow\">\n<p class=\"has-text-color has-medium-font-size\" style=\"color:#f00e0e\">Requerimientos<br><\/p>\n\n\n\n<ul>\n<li class=\"has-medium-font-size\">iOS 11.2 o posterior. Usando iPhone, iPad o iPod touch.<\/li>\n\n\n\n<li class=\"has-medium-font-size\">Que el Campus sea versi\u00f3n 9 o superior.<\/li>\n<\/ul>\n<\/div>\n<\/div>\n\n\n\n<hr class=\"wp-block-separator has-text-color has-accent-color has-alpha-channel-opacity has-accent-background-color has-background is-style-dots\"\/>\n\n\n\n<p class=\"has-medium-font-size\">Lo primero que debemos hacer es ir a Play Store\\App Store y descargar la aplicaci\u00f3n (App) Educativa Mobile.<br>Una vez instalada, se debe asociar el campus virtual del I.F.D N\u00b0 14.<br>Para ello pod\u00e9s realizarlo de 2 maneras:<\/p>\n\n\n\n<div class=\"wp-block-columns is-layout-flex wp-container-6\">\n<div class=\"wp-block-column is-layout-flow\">\n<p class=\"has-text-align-left has-accent-background-color has-background has-medium-font-size\"><img decoding=\"async\" loading=\"lazy\" width=\"50\" height=\"50\" class=\"wp-image-8895\" style=\"width: 50px;\" src=\"https:\/\/isfd14-nqn.infd.edu.ar\/sitio\/wp-content\/uploads\/2025\/08\/icons8-manual-50.png\" alt=\"\"><strong>1\u00b0 Forma de manera manual<\/strong><\/p>\n\n\n\n<hr class=\"wp-block-separator has-text-color has-accent-color has-alpha-channel-opacity has-accent-background-color has-background\"\/>\n\n\n\n<p class=\"has-medium-font-size\">Configurando los datos manualmente.<\/p>\n\n\n\n<div style=\"height:22px\" aria-hidden=\"true\" class=\"wp-block-spacer\"><\/div>\n\n\n\n<p class=\"has-medium-font-size\"><strong>\u00bfC\u00f3mo se hace?<\/strong><\/p>\n\n\n\n<p class=\"has-medium-font-size\">Abr\u00eds la app Educaci\u00f3n Mobile, En el primer cuadro se debe colocar la direcci\u00f3n de la p\u00e1gina web del instituto, que es <strong> https:\/\/isfd14-nqn.infd.edu.ar<\/strong>, en el siguiente introducir tu usuario del campus virtual, posteriormente la contrase\u00f1a del campus virtual, aceptar los t\u00e9rminos de pol\u00edtica de privacidad, y Finalmente presionar el bot\u00f3n <strong>INGRESAR<\/strong>.<\/p>\n\n\n<div class=\"wp-block-image\">\n<figure class=\"aligncenter size-full is-resized\"><img decoding=\"async\" loading=\"lazy\" src=\"https:\/\/isfd14-nqn.infd.edu.ar\/sitio\/wp-content\/uploads\/2025\/08\/ConfigurarManualEducativa.png\" alt=\"\" class=\"wp-image-8885\" width=\"303\" height=\"380\"\/><\/figure><\/div><\/div>\n\n\n\n<div class=\"wp-block-column is-layout-flow\">\n<p class=\"has-accent-background-color has-background has-medium-font-size\"><img decoding=\"async\" loading=\"lazy\" width=\"50\" height=\"50\" class=\"wp-image-8897\" style=\"width: 50px;\" src=\"https:\/\/isfd14-nqn.infd.edu.ar\/sitio\/wp-content\/uploads\/2025\/08\/icons8-codigo-qr-50.png\" alt=\"\"> <strong>2\u00b0 Forma<\/strong> <strong>con c\u00f3digo QR<\/strong><\/p>\n\n\n\n<hr class=\"wp-block-separator has-text-color has-accent-color has-alpha-channel-opacity has-accent-background-color has-background\"\/>\n\n\n\n<p class=\"has-medium-font-size\">Mediante el c\u00f3digo QR utilizando la APP de Educativa Mobile.<\/p>\n\n\n\n<p class=\"has-medium-font-size\"><strong>\u00bfC\u00f3mo se hace?<\/strong><br><br>Previamente estando logueado en el campus desde una notebook\/pc, hacer clic en tu Perfil personal y luego ir a \u00abEducativa Mobile\u00ab, a continuaci\u00f3n vas a tu celu, abr\u00eds la APP Educativa Mobile, <strong>clic <\/strong>en Utilizar QR y autom\u00e1ticamente en la pantalla de la notebook\/pc te mostrar\u00e1 el c\u00f3digo QR que deber\u00e1s escanear con tu celular, y listo!, ya tendr\u00e1s la sesi\u00f3n iniciada en tu m\u00f3vil, sin necesidad de ingresar usuario y contrase\u00f1a.<\/p>\n\n\n<div class=\"wp-block-image\">\n<figure class=\"aligncenter size-full\"><img decoding=\"async\" loading=\"lazy\" width=\"1033\" height=\"761\" src=\"https:\/\/isfd14-nqn.infd.edu.ar\/sitio\/wp-content\/uploads\/2025\/08\/QRConfiguracion.png\" alt=\"\" class=\"wp-image-8887\" srcset=\"https:\/\/isfd14-nqn.infd.edu.ar\/sitio\/wp-content\/uploads\/2025\/08\/QRConfiguracion.png 1033w, https:\/\/isfd14-nqn.infd.edu.ar\/sitio\/wp-content\/uploads\/2025\/08\/QRConfiguracion-1000x737.png 1000w, https:\/\/isfd14-nqn.infd.edu.ar\/sitio\/wp-content\/uploads\/2025\/08\/QRConfiguracion-768x566.png 768w\" sizes=\"(max-width: 1033px) 100vw, 1033px\" \/><\/figure><\/div><\/div>\n<\/div>\n\n\n\n<hr class=\"wp-block-separator has-text-color has-accent-color has-alpha-channel-opacity has-accent-background-color has-background is-style-dots\"\/>\n\n\n\n<p class=\"has-medium-font-size\"><img decoding=\"async\" loading=\"lazy\" width=\"48\" height=\"48\" class=\"wp-image-8772\" style=\"width: 48px;\" src=\"https:\/\/isfd14-nqn.infd.edu.ar\/sitio\/wp-content\/uploads\/2025\/08\/icons8-recordatorios-de-citas-48.png\" alt=\"\">Una vez adentro, en la esquina superior derecha, si haces clic sobre los tres puntos arriba de tu foto de tu perfil podas configurar activar o desactivar las notificaciones. (viene por defecto activadas) y adem\u00e1s cerrar tu sesi\u00f3n activa.<\/p>\n\n\n\n<p class=\"has-medium-font-size\"><img decoding=\"async\" loading=\"lazy\" width=\"48\" height=\"48\" class=\"wp-image-8564\" style=\"width: 48px;\" src=\"https:\/\/isfd14-nqn.infd.edu.ar\/sitio\/wp-content\/uploads\/2025\/08\/icons8-importante-48.png\" alt=\"\"> Como medida de seguridad siempre te va a llegar un correo electr\u00f3nico, avis\u00e1ndote que se inici\u00f3 sesi\u00f3n m\u00e1s all\u00e1 que utilices cualquiera de las dos formas de configuraci\u00f3n.<br>y adem\u00e1s no se puede acceder al panel de administrador, en caso de serlo.<\/p>\n\n\n\n<p><\/p>\n\n\n\n<hr class=\"wp-block-separator has-alpha-channel-opacity\"\/>\n\n\n\n<p> <\/p>\n\n\n\n<p><\/p>\n","protected":false},"excerpt":{"rendered":"<p>INSTALACI\u00d3N: Se puede utilizar tanto en Android como en IOS. Requerimientos: Requerimientos Lo primero que debemos hacer es ir a Play Store\\App Store y descargar la aplicaci\u00f3n (App) Educativa Mobile.Una vez instalada, se debe asociar el campus virtual del I.F.D N\u00b0 14.Para ello pod\u00e9s realizarlo de 2 maneras: 1\u00b0 Forma de manera manual Configurando los &#8230; <a title=\"Aplicaci\u00f3n Mobile\" class=\"read-more\" href=\"https:\/\/isfd14-nqn.infd.edu.ar\/sitio\/aplicacion-mobile\/\" aria-label=\"More on Aplicaci\u00f3n Mobile\">[+]<\/a><\/p>\n","protected":false},"author":1183,"featured_media":0,"parent":0,"menu_order":0,"comment_status":"closed","ping_status":"closed","template":"","meta":[],"acf":[],"_links":{"self":[{"href":"https:\/\/isfd14-nqn.infd.edu.ar\/sitio\/wp-json\/wp\/v2\/pages\/8122"}],"collection":[{"href":"https:\/\/isfd14-nqn.infd.edu.ar\/sitio\/wp-json\/wp\/v2\/pages"}],"about":[{"href":"https:\/\/isfd14-nqn.infd.edu.ar\/sitio\/wp-json\/wp\/v2\/types\/page"}],"author":[{"embeddable":true,"href":"https:\/\/isfd14-nqn.infd.edu.ar\/sitio\/wp-json\/wp\/v2\/users\/1183"}],"replies":[{"embeddable":true,"href":"https:\/\/isfd14-nqn.infd.edu.ar\/sitio\/wp-json\/wp\/v2\/comments?post=8122"}],"version-history":[{"count":50,"href":"https:\/\/isfd14-nqn.infd.edu.ar\/sitio\/wp-json\/wp\/v2\/pages\/8122\/revisions"}],"predecessor-version":[{"id":11752,"href":"https:\/\/isfd14-nqn.infd.edu.ar\/sitio\/wp-json\/wp\/v2\/pages\/8122\/revisions\/11752"}],"wp:attachment":[{"href":"https:\/\/isfd14-nqn.infd.edu.ar\/sitio\/wp-json\/wp\/v2\/media?parent=8122"}],"curies":[{"name":"wp","href":"https:\/\/api.w.org\/{rel}","templated":true}]}}