{"id":8313,"date":"2025-07-03T13:55:25","date_gmt":"2025-07-03T16:55:25","guid":{"rendered":"https:\/\/isfd14-nqn.infd.edu.ar\/sitio\/?page_id=8313"},"modified":"2026-03-19T23:22:15","modified_gmt":"2026-03-20T02:22:15","slug":"aula-virtual","status":"publish","type":"page","link":"https:\/\/isfd14-nqn.infd.edu.ar\/sitio\/aula-virtual\/","title":{"rendered":"AULA VIRTUAL"},"content":{"rendered":"\n<div class=\"wp-block-cover is-light\" style=\"min-height:91px\"><span aria-hidden=\"true\" class=\"wp-block-cover__background has-background-dim-100 has-background-dim\" style=\"background-color:#5f83d8\"><\/span><div class=\"wp-block-cover__inner-container\">\n<p class=\"has-text-align-center has-base-3-color has-text-color has-large-font-size\">CREACI\u00d3N DE AULAS VIRTUALES<\/p>\n<\/div><\/div>\n\n\n\n<hr class=\"wp-block-separator has-text-color has-accent-color has-alpha-channel-opacity has-accent-background-color has-background\"\/>\n\n\n\n<p class=\"has-text-align-center has-base-background-color has-background has-medium-font-size\"><strong>\u00bfNecesitas crear un Aula Virtual?<\/strong><\/p>\n\n\n\n<p class=\"has-medium-font-size\">Para crear un aula virtual debes escribir al referente t\u00e9cnico de la instituci\u00f3n, ya sea mediante el campus virtual o al correo <a rel=\"noreferrer noopener\" href=\"mailto:desbloqueosifd14@gmail.com\" target=\"_blank\">desbloqueosifd14@gmail.com<\/a> (solo esos medios de comunicaci\u00f3n) <br>En el cuerpo del mensaje debes especificar:<br> <img decoding=\"async\" loading=\"lazy\" width=\"512\" height=\"512\" class=\"wp-image-11234\" style=\"width: 50px;\" src=\"https:\/\/isfd14-nqn.infd.edu.ar\/sitio\/wp-content\/uploads\/2026\/03\/alfiler.png\" alt=\"\" srcset=\"https:\/\/isfd14-nqn.infd.edu.ar\/sitio\/wp-content\/uploads\/2026\/03\/alfiler.png 512w, https:\/\/isfd14-nqn.infd.edu.ar\/sitio\/wp-content\/uploads\/2026\/03\/alfiler-500x500.png 500w\" sizes=\"(max-width: 512px) 100vw, 512px\" \/>El o los administradores del aula.<br><img decoding=\"async\" loading=\"lazy\" width=\"512\" height=\"512\" class=\"wp-image-11234\" style=\"width: 50px;\" src=\"https:\/\/isfd14-nqn.infd.edu.ar\/sitio\/wp-content\/uploads\/2026\/03\/alfiler.png\" alt=\"\" srcset=\"https:\/\/isfd14-nqn.infd.edu.ar\/sitio\/wp-content\/uploads\/2026\/03\/alfiler.png 512w, https:\/\/isfd14-nqn.infd.edu.ar\/sitio\/wp-content\/uploads\/2026\/03\/alfiler-500x500.png 500w\" sizes=\"(max-width: 512px) 100vw, 512px\" \/>Nombre del profesorado.<br><img decoding=\"async\" loading=\"lazy\" width=\"512\" height=\"512\" class=\"wp-image-11234\" style=\"width: 50px;\" src=\"https:\/\/isfd14-nqn.infd.edu.ar\/sitio\/wp-content\/uploads\/2026\/03\/alfiler.png\" alt=\"\" srcset=\"https:\/\/isfd14-nqn.infd.edu.ar\/sitio\/wp-content\/uploads\/2026\/03\/alfiler.png 512w, https:\/\/isfd14-nqn.infd.edu.ar\/sitio\/wp-content\/uploads\/2026\/03\/alfiler-500x500.png 500w\" sizes=\"(max-width: 512px) 100vw, 512px\" \/>A\u00f1o de la materia.<br><img decoding=\"async\" loading=\"lazy\" width=\"512\" height=\"512\" class=\"wp-image-11234\" style=\"width: 50px;\" src=\"https:\/\/isfd14-nqn.infd.edu.ar\/sitio\/wp-content\/uploads\/2026\/03\/alfiler.png\" alt=\"\" srcset=\"https:\/\/isfd14-nqn.infd.edu.ar\/sitio\/wp-content\/uploads\/2026\/03\/alfiler.png 512w, https:\/\/isfd14-nqn.infd.edu.ar\/sitio\/wp-content\/uploads\/2026\/03\/alfiler-500x500.png 500w\" sizes=\"(max-width: 512px) 100vw, 512px\" \/>Nombre de la materia.<br><img decoding=\"async\" loading=\"lazy\" width=\"512\" height=\"512\" class=\"wp-image-11234\" style=\"width: 50px;\" src=\"https:\/\/isfd14-nqn.infd.edu.ar\/sitio\/wp-content\/uploads\/2026\/03\/alfiler.png\" alt=\"\" srcset=\"https:\/\/isfd14-nqn.infd.edu.ar\/sitio\/wp-content\/uploads\/2026\/03\/alfiler.png 512w, https:\/\/isfd14-nqn.infd.edu.ar\/sitio\/wp-content\/uploads\/2026\/03\/alfiler-500x500.png 500w\" sizes=\"(max-width: 512px) 100vw, 512px\" \/>Listado de estudiantes por DNI y nombre completo. (es esencial que el DNI sea especificado, ya que un nombre\\apellido se puede repetir)<br><\/p>\n\n\n\n<p class=\"has-medium-font-size\"><img decoding=\"async\" loading=\"lazy\" width=\"512\" height=\"512\" class=\"wp-image-11837\" style=\"width: 50px;\" src=\"https:\/\/isfd14-nqn.infd.edu.ar\/sitio\/wp-content\/uploads\/2026\/03\/reloj.png\" alt=\"\" srcset=\"https:\/\/isfd14-nqn.infd.edu.ar\/sitio\/wp-content\/uploads\/2026\/03\/reloj.png 512w, https:\/\/isfd14-nqn.infd.edu.ar\/sitio\/wp-content\/uploads\/2026\/03\/reloj-500x500.png 500w\" sizes=\"(max-width: 512px) 100vw, 512px\" \/>Luego debes esperar por el medio que elegiste la confirmaci\u00f3n de la creaci\u00f3n, que son entre 24 a 48 hs.<br><\/p>\n\n\n\n<p class=\"has-base-background-color has-background has-medium-font-size\">\u00bfNecesitas asesoramiento? <\/p>\n\n\n\n<figure class=\"wp-block-table is-style-stripes has-medium-font-size\"><table class=\"has-fixed-layout\"><thead><tr><th class=\"has-text-align-left\" data-align=\"left\">EDIFICIO CENTRAL<\/th><th class=\"has-text-align-left\" data-align=\"left\"><\/th><\/tr><\/thead><tbody><tr><td class=\"has-text-align-left\" data-align=\"left\"><strong>CARGO ATP<\/strong><\/td><td class=\"has-text-align-left\" data-align=\"left\"><strong>F.R.E.T.A.E<\/strong><\/td><\/tr><tr><td class=\"has-text-align-left\" data-align=\"left\">LUNES A VIERNES DE 13:30 A 17:30<\/td><td class=\"has-text-align-left\" data-align=\"left\">MARTES Y JUEVES DE 19:00 A 22:30 HS<\/td><\/tr><\/tbody><\/table><figcaption class=\"wp-element-caption\">Horarios de atenci\u00f3n presencial y online.<\/figcaption><\/figure>\n\n\n\n<div style=\"height:37px\" aria-hidden=\"true\" class=\"wp-block-spacer\"><\/div>\n\n\n\n<div class=\"wp-block-cover is-light\" style=\"min-height:91px\"><span aria-hidden=\"true\" class=\"wp-block-cover__background has-background-dim-100 has-background-dim\" style=\"background-color:#5f83d8\"><\/span><div class=\"wp-block-cover__inner-container\">\n<p class=\"has-text-align-left has-base-3-color has-text-color has-large-font-size\">Algunos Tutoriales<\/p>\n<\/div><\/div>\n\n\n\n<p class=\"has-medium-font-size\"><a href=\"https:\/\/red.infd.edu.ar\/como-ingresar-al-aula-virtual\/\" target=\"_blank\" rel=\"noreferrer noopener\">\u00bfC\u00f3mo ingreso al aula?<\/a><\/p>\n\n\n\n<p class=\"has-medium-font-size\"><a href=\"https:\/\/red.infd.edu.ar\/configuracion-del-perfil-de-usuario\/\" target=\"_blank\" rel=\"noreferrer noopener\">Cambios en el perfil de usuario<\/a><\/p>\n\n\n\n<p class=\"has-medium-font-size\"><a href=\"https:\/\/red.infd.edu.ar\/como-es-la-estructura-del-aula\/\" target=\"_blank\" rel=\"noreferrer noopener\">\u00bfC\u00f3mo es la estructura del aula?<\/a><\/p>\n\n\n\n<p class=\"has-medium-font-size\"><a href=\"https:\/\/red.infd.edu.ar\/como-es-la-estructura-del-aula\/\" target=\"_blank\" rel=\"noreferrer noopener\">\u00bfC\u00f3mo es la estructura del aula?<\/a><\/p>\n\n\n\n<p class=\"has-medium-font-size\"><a rel=\"noreferrer noopener\" href=\"https:\/\/red.infd.edu.ar\/como-crear-las-clases\/\" target=\"_blank\">\u00bfC\u00f3mo crear las clases?<\/a><\/p>\n\n\n\n<p class=\"has-medium-font-size\"><a href=\"https:\/\/red.infd.edu.ar\/como-navegar-los-contenidos-de-las-clases\/\" target=\"_blank\" rel=\"noreferrer noopener\">\u00bfC\u00f3mo navegar los contenidos de las clases?<\/a><\/p>\n\n\n\n<p class=\"has-medium-font-size\"><a href=\"https:\/\/red.infd.edu.ar\/como-se-envian-y-reciben-mensajes-dentro-del-campus\/\" target=\"_blank\" rel=\"noreferrer noopener\">\u00bfC\u00f3mo se env\u00eda mensajer\u00eda? <\/a><\/p>\n\n\n\n<p class=\"has-medium-font-size\">Tambi\u00e9n dentro del campus virtual vas a encontrar un aula de auto-capacitaci\u00f3n llamada  Aulas virtuales en el Nivel Superior<\/p>\n\n\n\n<p><img decoding=\"async\" loading=\"lazy\" width=\"37\" height=\"32\" class=\"wp-image-8136\" style=\"width: 37px;\" src=\"https:\/\/isfd14-nqn.infd.edu.ar\/sitio\/wp-content\/uploads\/2025\/06\/imagen-4.png\" alt=\"\"> Si no llegas a tener acceso, debes solicitarlo al referente t\u00e9cnico de la instituci\u00f3n.<\/p>\n\n\n<div class=\"wp-block-image\">\n<figure class=\"aligncenter size-full\"><img decoding=\"async\" loading=\"lazy\" width=\"307\" height=\"313\" src=\"https:\/\/isfd14-nqn.infd.edu.ar\/sitio\/wp-content\/uploads\/2025\/07\/nivelSuperiro.png\" alt=\"\" class=\"wp-image-8332\"\/><\/figure><\/div>","protected":false},"excerpt":{"rendered":"<p>\u00bfNecesitas crear un Aula Virtual? Para crear un aula virtual debes escribir al referente t\u00e9cnico de la instituci\u00f3n, ya sea mediante el campus virtual o al correo desbloqueosifd14@gmail.com (solo esos medios de comunicaci\u00f3n) En el cuerpo del mensaje debes especificar: El o los administradores del aula.Nombre del profesorado.A\u00f1o de la materia.Nombre de la materia.Listado de &#8230; <a title=\"AULA VIRTUAL\" class=\"read-more\" href=\"https:\/\/isfd14-nqn.infd.edu.ar\/sitio\/aula-virtual\/\" aria-label=\"More on AULA VIRTUAL\">[+]<\/a><\/p>\n","protected":false},"author":1183,"featured_media":0,"parent":0,"menu_order":0,"comment_status":"closed","ping_status":"closed","template":"","meta":[],"acf":[],"_links":{"self":[{"href":"https:\/\/isfd14-nqn.infd.edu.ar\/sitio\/wp-json\/wp\/v2\/pages\/8313"}],"collection":[{"href":"https:\/\/isfd14-nqn.infd.edu.ar\/sitio\/wp-json\/wp\/v2\/pages"}],"about":[{"href":"https:\/\/isfd14-nqn.infd.edu.ar\/sitio\/wp-json\/wp\/v2\/types\/page"}],"author":[{"embeddable":true,"href":"https:\/\/isfd14-nqn.infd.edu.ar\/sitio\/wp-json\/wp\/v2\/users\/1183"}],"replies":[{"embeddable":true,"href":"https:\/\/isfd14-nqn.infd.edu.ar\/sitio\/wp-json\/wp\/v2\/comments?post=8313"}],"version-history":[{"count":17,"href":"https:\/\/isfd14-nqn.infd.edu.ar\/sitio\/wp-json\/wp\/v2\/pages\/8313\/revisions"}],"predecessor-version":[{"id":11840,"href":"https:\/\/isfd14-nqn.infd.edu.ar\/sitio\/wp-json\/wp\/v2\/pages\/8313\/revisions\/11840"}],"wp:attachment":[{"href":"https:\/\/isfd14-nqn.infd.edu.ar\/sitio\/wp-json\/wp\/v2\/media?parent=8313"}],"curies":[{"name":"wp","href":"https:\/\/api.w.org\/{rel}","templated":true}]}}