{"id":847,"date":"2018-08-31T13:43:33","date_gmt":"2018-08-31T16:43:33","guid":{"rendered":"https:\/\/isfd14-nqn.infd.edu.ar\/sitio\/profesorado-en-lengua-y-literatura\/"},"modified":"2026-04-12T19:17:09","modified_gmt":"2026-04-12T22:17:09","slug":"profesorado-en-lengua-y-literatura","status":"publish","type":"page","link":"https:\/\/isfd14-nqn.infd.edu.ar\/sitio\/profesorado-en-lengua-y-literatura\/","title":{"rendered":"PROFESORADO EN LENGUA Y LITERATURA"},"content":{"rendered":"\n<div class=\"wp-block-cover alignwide is-light\" style=\"min-height:91px\"><span aria-hidden=\"true\" class=\"wp-block-cover__background has-background-dim-100 has-background-dim\" style=\"background-color:#5f83d8\"><\/span><div class=\"wp-block-cover__inner-container\">\n<p class=\"has-text-align-center has-base-3-color has-text-color has-large-font-size\"><strong>PROFESORADO EN LENGUA Y LITERATURA<\/strong><\/p>\n<\/div><\/div>\n\n\n\n<hr class=\"wp-block-separator has-text-color has-accent-color has-alpha-channel-opacity has-accent-background-color has-background is-style-wide\"\/>\n\n\n<div style=\"background: #ffffff; border-left: 5px solid #f061cc; border-radius: 6px; padding: 18px; margin: 25px 0; line-height: 1.7; font-size: 15px;\">\n<p style=\"margin: 0;\">Esta formaci\u00f3n te habilita para ense\u00f1ar la materia en escuelas secundarias, donde podr\u00e1s impartir clases relacionadas con la lengua (gram\u00e1tica, ortograf\u00eda, redacci\u00f3n) y la literatura (an\u00e1lisis de textos, historia de la literatura, teor\u00eda literaria, etc.).<br>Como docente, estar\u00e1s capacitado para fomentar la comprensi\u00f3n cr\u00edtica y creativa de los textos, as\u00ed como desarrollar las habilidades de comunicaci\u00f3n y expresi\u00f3n escrita en tus alumnos. Adem\u00e1s, es posible que tambi\u00e9n adquieras herramientas para promover la lectura y el an\u00e1lisis cr\u00edtico del contexto literario y cultural<\/p>\n<\/div>\n\n\n<div style=\"height:15px\" aria-hidden=\"true\" class=\"wp-block-spacer\"><\/div>\n\n\n\n<div class=\"wp-block-cover alignwide is-light has-custom-content-position is-position-top-left\" style=\"min-height:60px\"><span aria-hidden=\"true\" class=\"wp-block-cover__background has-background-dim-100 has-background-dim\" style=\"background-color:#5f83d8\"><\/span><div class=\"wp-block-cover__inner-container\">\n<p class=\"has-text-align-left has-base-3-color has-text-color has-medium-font-size\"><strong>INFORMACI\u00d3N GENERAL<\/strong><\/p>\n<\/div><\/div>\n\n\n<div style=\"background: #ffffff; border: 1px solid #dbe5f1; border-top: 6px solid #5f83d8; border-radius: 8px; padding: 22px; margin: 25px 0; font-size: 15px; line-height: 1.7;\">\n<p><!-- DENOMINACI\u00d3N --><\/p>\n<div style=\"margin-bottom: 20px; padding-bottom: 10px; border-bottom: 1px solid #e5e5e5;\"><strong style=\"font-size: 16px;\">DENOMINACI\u00d3N DE LA CARRERA<\/strong><br \/>Profesorado de Educaci\u00f3n Secundaria en Lengua y Literatura<\/div>\n<p><!-- GRID --><\/p>\n<div style=\"display: flex; flex-wrap: wrap; gap: 25px;\">\n<p><!-- COLUMNA IZQUIERDA --><\/p>\n<div style=\"flex: 1; min-width: 260px;\">\n<div style=\"padding-bottom: 12px; margin-bottom: 12px; border-bottom: 1px solid #f0f0f0;\"><img decoding=\"async\" loading=\"lazy\" class=\"wp-image-10937\" src=\"https:\/\/isfd14-nqn.infd.edu.ar\/sitio\/wp-content\/uploads\/2026\/03\/libro-de-historia.png\" alt=\"\" width=\"67\" height=\"67\" srcset=\"https:\/\/isfd14-nqn.infd.edu.ar\/sitio\/wp-content\/uploads\/2026\/03\/libro-de-historia.png 512w, https:\/\/isfd14-nqn.infd.edu.ar\/sitio\/wp-content\/uploads\/2026\/03\/libro-de-historia-500x500.png 500w\" sizes=\"(max-width: 67px) 100vw, 67px\" \/><strong>Plan de Estudio: <\/strong>N\u00b0 579<br \/>Resoluci\u00f3n N\u00b0 0196<br \/>Expediente 5721-007451\/2014<\/div>\n<div style=\"padding-bottom: 12px; margin-bottom: 12px; border-bottom: 1px solid #f0f0f0;\"><img decoding=\"async\" class=\"\" style=\"width: 36px; vertical-align: middle; margin-right: 6px;\" src=\"https:\/\/isfd14-nqn.infd.edu.ar\/sitio\/wp-content\/uploads\/2026\/03\/calendario-2.png\" height=\"36\" \/> <strong>Duraci\u00f3n:<\/strong> 4 a\u00f1os<br \/><strong>Carga Horaria:<\/strong><br \/>4032 hs c\u00e1tedra<br \/>2688 hs reloj<\/div>\n<div><img decoding=\"async\" class=\"\" style=\"width: 36px; vertical-align: middle; margin-right: 6px;\" src=\"https:\/\/isfd14-nqn.infd.edu.ar\/sitio\/wp-content\/uploads\/2026\/03\/ensenanzas.png\" height=\"36\" \/> <strong>Modalidad de Cursado:<\/strong> <br \/>Presencial<\/div>\n<\/div>\n<p><!-- COLUMNA DERECHA --><\/p>\n<div style=\"flex: 1; min-width: 260px;\">\n<div style=\"padding-bottom: 12px; margin-bottom: 12px; border-bottom: 1px solid #f0f0f0;\"><img decoding=\"async\" class=\"\" style=\"width: 36px; vertical-align: middle; margin-right: 6px;\" src=\"https:\/\/isfd14-nqn.infd.edu.ar\/sitio\/wp-content\/uploads\/2026\/03\/calendario-mensual.png\" height=\"36\" \/> <strong>D\u00edas de<\/strong> <strong>Cursado:<\/strong><br \/>De Lunes a Viernes<\/div>\n<div style=\"padding-bottom: 12px; margin-bottom: 12px; border-bottom: 1px solid #f0f0f0;\"><img decoding=\"async\" class=\"\" style=\"width: 36px; vertical-align: middle; margin-right: 6px;\" src=\"https:\/\/isfd14-nqn.infd.edu.ar\/sitio\/wp-content\/uploads\/2026\/03\/turnos-de-trabajo.png\" height=\"36\" \/><strong>Turno Vespertino:<\/strong><br \/>18:30 a 23:30 hs<\/div>\n<div style=\"margin-top: 10px; padding-top: 12px; border-top: 2px solid #5f83d8;\"><strong style=\"font-size: 16px;\"><strong><img decoding=\"async\" loading=\"lazy\" class=\"wp-image-11071\" src=\"https:\/\/isfd14-nqn.infd.edu.ar\/sitio\/wp-content\/uploads\/2026\/03\/diploma-de-graduacion.png\" alt=\"\" width=\"36\" height=\"36\" srcset=\"https:\/\/isfd14-nqn.infd.edu.ar\/sitio\/wp-content\/uploads\/2026\/03\/diploma-de-graduacion.png 512w, https:\/\/isfd14-nqn.infd.edu.ar\/sitio\/wp-content\/uploads\/2026\/03\/diploma-de-graduacion-500x500.png 500w\" sizes=\"(max-width: 36px) 100vw, 36px\" \/><\/strong> T\u00edtulo a otorgar:<\/strong><br \/>Profesor\/a de Educaci\u00f3n Secundaria en Lengua y Literatura<\/div>\n<p>\u00a0<\/p>\n<\/div>\n<\/div>\n<\/div>\n\n\n<div class=\"wp-block-cover alignwide is-light\" style=\"min-height:91px\"><span aria-hidden=\"true\" class=\"wp-block-cover__background has-background-dim-100 has-background-dim\" style=\"background-color:#5f83d8\"><\/span><div class=\"wp-block-cover__inner-container\">\n<p class=\"has-text-align-left has-base-3-color has-text-color has-medium-font-size\"><strong>ESTRUCTURA CURRICULAR<\/strong><\/p>\n<\/div><\/div>\n\n\n\n<div class=\"wp-block-columns is-layout-flex wp-container-7\">\n<div class=\"wp-block-column is-layout-flow\">\n<div class=\"wp-block-cover\" style=\"min-height:108px\"><span aria-hidden=\"true\" class=\"wp-block-cover__background has-base-background-color has-background-dim-100 has-background-dim\"><\/span><div class=\"wp-block-cover__inner-container\">\n<p class=\"has-text-align-center has-contrast-color has-text-color has-medium-font-size\"><img decoding=\"async\" loading=\"lazy\" width=\"512\" height=\"512\" class=\"wp-image-11074\" style=\"width: 70px;\" src=\"https:\/\/isfd14-nqn.infd.edu.ar\/sitio\/wp-content\/uploads\/2026\/03\/material-didactico.png\" alt=\"\" srcset=\"https:\/\/isfd14-nqn.infd.edu.ar\/sitio\/wp-content\/uploads\/2026\/03\/material-didactico.png 512w, https:\/\/isfd14-nqn.infd.edu.ar\/sitio\/wp-content\/uploads\/2026\/03\/material-didactico-500x500.png 500w\" sizes=\"(max-width: 512px) 100vw, 512px\" \/><\/p>\n\n\n\n<div class=\"wp-block-buttons has-custom-font-size has-medium-font-size is-content-justification-center is-layout-flex wp-container-1\">\n<div class=\"wp-block-button\"><a class=\"wp-block-button__link has-accent-background-color has-background wp-element-button\" href=\"https:\/\/isfd14-nqn.infd.edu.ar\/sitio\/wp-content\/uploads\/2025\/03\/PLANLENGUAYLITERATURA.pdf\" style=\"border-radius:10px\" target=\"_blank\" rel=\"noreferrer noopener\">Plan de estudio<\/a><\/div>\n<\/div>\n<\/div><\/div>\n<\/div>\n\n\n\n<div class=\"wp-block-column is-layout-flow\">\n<div class=\"wp-block-cover\" style=\"min-height:104px\"><span aria-hidden=\"true\" class=\"wp-block-cover__background has-base-background-color has-background-dim-100 has-background-dim\"><\/span><div class=\"wp-block-cover__inner-container\">\n<p class=\"has-text-align-center has-contrast-color has-text-color has-medium-font-size\"><img decoding=\"async\" loading=\"lazy\" width=\"512\" height=\"512\" class=\"wp-image-11076\" style=\"width: 70px;\" src=\"https:\/\/isfd14-nqn.infd.edu.ar\/sitio\/wp-content\/uploads\/2026\/03\/valor.png\" alt=\"\" srcset=\"https:\/\/isfd14-nqn.infd.edu.ar\/sitio\/wp-content\/uploads\/2026\/03\/valor.png 512w, https:\/\/isfd14-nqn.infd.edu.ar\/sitio\/wp-content\/uploads\/2026\/03\/valor-500x500.png 500w\" sizes=\"(max-width: 512px) 100vw, 512px\" \/><\/p>\n\n\n\n<div class=\"wp-block-buttons has-custom-font-size has-medium-font-size is-content-justification-center is-layout-flex wp-container-3\">\n<div class=\"wp-block-button\"><a class=\"wp-block-button__link has-accent-background-color has-background wp-element-button\" href=\"https:\/\/isfd14-nqn.infd.edu.ar\/sitio\/wp-content\/uploads\/2025\/04\/CorrelativasLenguaLiteratura.pdf\" style=\"border-radius:10px\" target=\"_blank\" rel=\"noreferrer noopener\">Correlativas<\/a><\/div>\n<\/div>\n<\/div><\/div>\n<\/div>\n\n\n\n<div class=\"wp-block-column is-layout-flow\">\n<div class=\"wp-block-cover\" style=\"min-height:104px\"><span aria-hidden=\"true\" class=\"wp-block-cover__background has-base-background-color has-background-dim-100 has-background-dim\"><\/span><div class=\"wp-block-cover__inner-container\">\n<p class=\"has-text-align-center has-contrast-color has-text-color has-medium-font-size\"><img decoding=\"async\" loading=\"lazy\" width=\"512\" height=\"512\" class=\"wp-image-11077\" style=\"width: 70px;\" src=\"https:\/\/isfd14-nqn.infd.edu.ar\/sitio\/wp-content\/uploads\/2026\/03\/sistema-de-archivos.png\" alt=\"\" srcset=\"https:\/\/isfd14-nqn.infd.edu.ar\/sitio\/wp-content\/uploads\/2026\/03\/sistema-de-archivos.png 512w, https:\/\/isfd14-nqn.infd.edu.ar\/sitio\/wp-content\/uploads\/2026\/03\/sistema-de-archivos-500x500.png 500w\" sizes=\"(max-width: 512px) 100vw, 512px\" \/><\/p>\n\n\n\n<div class=\"wp-block-buttons has-custom-font-size has-medium-font-size is-content-justification-center is-layout-flex wp-container-5\">\n<div class=\"wp-block-button\"><a class=\"wp-block-button__link has-accent-background-color has-background wp-element-button\" href=\"https:\/\/isfd14-nqn.infd.edu.ar\/sitio\/wp-content\/uploads\/2025\/07\/MapaCurricularLenguayLiteratura.pdf\" style=\"border-radius:10px\" target=\"_blank\" rel=\"noreferrer noopener\">Mapa curricular<\/a><\/div>\n<\/div>\n<\/div><\/div>\n<\/div>\n<\/div>\n\n\n\n<div style=\"height:22px\" aria-hidden=\"true\" class=\"wp-block-spacer\"><\/div>\n\n\n\n<div style=\"height:33px\" aria-hidden=\"true\" class=\"wp-block-spacer\"><\/div>\n\n\n\n<p class=\"has-text-align-center has-large-font-size\"><img decoding=\"async\" loading=\"lazy\" width=\"512\" height=\"512\" class=\"wp-image-11264\" style=\"width: 50px;\" src=\"https:\/\/isfd14-nqn.infd.edu.ar\/sitio\/wp-content\/uploads\/2026\/03\/pregunta.png\" alt=\"\" srcset=\"https:\/\/isfd14-nqn.infd.edu.ar\/sitio\/wp-content\/uploads\/2026\/03\/pregunta.png 512w, https:\/\/isfd14-nqn.infd.edu.ar\/sitio\/wp-content\/uploads\/2026\/03\/pregunta-500x500.png 500w\" sizes=\"(max-width: 512px) 100vw, 512px\" \/><strong>\u00bfC\u00f3mo Inscribirme?<\/strong><\/p>\n\n\n<div class=\"wp-block-image\">\n<figure class=\"aligncenter size-full\"><img decoding=\"async\" loading=\"lazy\" width=\"50\" height=\"50\" src=\"https:\/\/isfd14-nqn.infd.edu.ar\/sitio\/wp-content\/uploads\/2025\/08\/icons8-chevron-abajo-50.png\" alt=\"\" class=\"wp-image-9182\"\/><\/figure><\/div>\n\n\n<div class=\"wp-block-columns has-medium-font-size is-layout-flex wp-container-10\">\n<div class=\"wp-block-column is-vertically-aligned-center is-layout-flow\">\n<div class=\"wp-block-buttons has-custom-font-size has-large-font-size is-content-justification-center is-nowrap is-layout-flex wp-container-8\">\n<div class=\"wp-block-button has-custom-width wp-block-button__width-50 has-custom-font-size is-style-fill has-medium-font-size\"><a class=\"wp-block-button__link has-contrast-color has-base-background-color has-text-color has-background wp-element-button\" href=\"https:\/\/isfd14-nqn.infd.edu.ar\/sitio\/inscripciones-modalidad-on-line\/\" style=\"border-radius:10px\" target=\"_blank\" rel=\"noreferrer noopener\"><img decoding=\"async\" loading=\"lazy\" width=\"344\" height=\"308\" class=\"wp-image-10683\" style=\"width: 80px;\" src=\"https:\/\/isfd14-nqn.infd.edu.ar\/sitio\/wp-content\/uploads\/2026\/02\/onlineboton.png\" alt=\"\"><br><img decoding=\"async\" loading=\"lazy\" width=\"48\" height=\"48\" class=\"wp-image-8780\" style=\"width: 30px;\" src=\"https:\/\/isfd14-nqn.infd.edu.ar\/sitio\/wp-content\/uploads\/2025\/08\/icons8-mano-48.png\" alt=\"\"><strong>MODALIDAD ONLINE    <\/strong>  <\/a><\/div>\n\n\n\n<div class=\"wp-block-button has-custom-width wp-block-button__width-50 has-custom-font-size is-style-fill has-medium-font-size\"><a class=\"wp-block-button__link has-contrast-color has-base-background-color has-text-color has-background wp-element-button\" href=\"https:\/\/isfd14-nqn.infd.edu.ar\/sitio\/bedelia\/\" style=\"border-radius:10px\" target=\"_blank\" rel=\"noreferrer noopener\"><img decoding=\"async\" loading=\"lazy\" width=\"404\" height=\"333\" class=\"wp-image-10684\" style=\"width: 80px;\" src=\"https:\/\/isfd14-nqn.infd.edu.ar\/sitio\/wp-content\/uploads\/2026\/02\/presencialboton.png\" alt=\"\"><br><img decoding=\"async\" loading=\"lazy\" width=\"48\" height=\"48\" class=\"wp-image-8780\" style=\"width: 30px;\" src=\"https:\/\/isfd14-nqn.infd.edu.ar\/sitio\/wp-content\/uploads\/2025\/08\/icons8-mano-48.png\" alt=\"\"><strong>MODALIDAD  PRESENCIAL<\/strong><\/a><\/div>\n<\/div>\n<\/div>\n<\/div>\n\n\n\n<div style=\"height:30px\" aria-hidden=\"true\" class=\"wp-block-spacer\"><\/div>\n\n\n\n<div class=\"wp-block-cover alignwide is-light\" style=\"min-height:91px\"><span aria-hidden=\"true\" class=\"wp-block-cover__background has-background-dim-100 has-background-dim\" style=\"background-color:#5f83d8\"><\/span><div class=\"wp-block-cover__inner-container\">\n<p class=\"has-text-align-left has-base-3-color has-text-color has-medium-font-size\"><strong>PERFIL PROFESIONAL<\/strong><\/p>\n<\/div><\/div>\n\n\n\n<p class=\"has-medium-font-size\">La direcci\u00f3n general de Educaci\u00f3n Superior propicia el fortalecimiento de la formaci\u00f3n integral de los futuros egresados, en tanto es necesario  \u00abhacer consciente en ellos, desde el comienzo de su carrera, precisamente su especificidad de carrera docente\u00bb. Un egresado dotado de una fuerte identidad docente construida gradualmente, a trav\u00e9s de un contacto m\u00e1s bien temprano del futuro egresado con la realidad del aula. Esta fuerte identidad docente, reposa sobre una s\u00f3lida formaci\u00f3n b\u00e1sica en la especialidad y sobre la adquisici\u00f3n de una perspectiva pedag\u00f3gica y did\u00e1ctica que suministre elementos de juicio para evaluar la pertenencia , adaptaci\u00f3n y transposici\u00f3n a la escuela secundaria de los saberes disciplinares en el contexto diverso y complejo que supone hoy la realidad educativa del pa\u00eds. Es un momento en que la educaci\u00f3n secundaria se encentra en crisis  a la vez obligatoria y excluyente, orientada al mundo del trabajo y el desarrollo personales sin poder garantizarlos y en el que las representaciones sobre los j\u00f3venes, sobre la educaci\u00f3n p\u00fablica  y sobre la figura misma del profesor como trabajador y como profesional est\u00e1n devaluadas, se aspira a formar docentes que, con perspectiva cr\u00edtica  y actitud flexible, pueden encontrar en las instituciones educativas su espacio de desarrollo personal y constituirse, a la vez, en agentes de cambio. Si bien alcanzar estas metas no depende solo de la formaci\u00f3n de grado, pues est\u00e1n vinculadas con condiciones estructurales de la educaci\u00f3n,  \u00abel grado\u00bb es la instancia de fundaci\u00f3n de saberes, convicciones y perspectivas.<br>El titulo obtenido deber\u00e1 habilitar el egresado para la ense\u00f1anza de la lengua y de la literatura en lengua espa\u00f1ola en la educaci\u00f3n secundaria. Asimismo, se prefigura una imagen de egresado competente para desenvolverse en \u00e1mbitos de educaci\u00f3n no formal, en el campo disciplinario que le corresponde por su formaci\u00f3n. <\/p>\n\n\n\n<div style=\"height:26px\" aria-hidden=\"true\" class=\"wp-block-spacer\"><\/div>\n\n\n\n<div style=\"height:16px\" aria-hidden=\"true\" class=\"wp-block-spacer\"><\/div>\n\n\n\n<div class=\"wp-block-columns is-layout-flex wp-container-13\">\n<div class=\"wp-block-column is-layout-flow\" style=\"flex-basis:66.66%\"><\/div>\n\n\n\n<div class=\"wp-block-column is-layout-flow\" style=\"flex-basis:33.33%\"><div class=\"wp-block-image\">\n<figure class=\"alignright size-full\"><a href=\"https:\/\/isfd14-nqn.infd.edu.ar\/sitio\/\"><img decoding=\"async\" loading=\"lazy\" width=\"67\" height=\"67\" src=\"https:\/\/isfd14-nqn.infd.edu.ar\/sitio\/wp-content\/uploads\/2025\/08\/icons8-arriba-67.png\" alt=\"\" class=\"wp-image-8966\"\/><\/a><\/figure><\/div><\/div>\n<\/div>\n\n\n<p><!-- \/wp:paragraph --><br>\n<!-- \/wp:paragraph --><\/p>","protected":false},"excerpt":{"rendered":"<p>Esta formaci\u00f3n te habilita para ense\u00f1ar la materia en escuelas secundarias, donde podr\u00e1s impartir clases relacionadas con la lengua (gram\u00e1tica, ortograf\u00eda, redacci\u00f3n) y la literatura (an\u00e1lisis de textos, historia de la literatura, teor\u00eda literaria, etc.).Como docente, estar\u00e1s capacitado para fomentar la comprensi\u00f3n cr\u00edtica y creativa de los textos, as\u00ed como desarrollar las habilidades de comunicaci\u00f3n &#8230; <a title=\"PROFESORADO EN LENGUA Y LITERATURA\" class=\"read-more\" href=\"https:\/\/isfd14-nqn.infd.edu.ar\/sitio\/profesorado-en-lengua-y-literatura\/\" aria-label=\"More on PROFESORADO EN LENGUA Y LITERATURA\">[+]<\/a><\/p>\n","protected":false},"author":403,"featured_media":0,"parent":0,"menu_order":0,"comment_status":"closed","ping_status":"closed","template":"","meta":[],"acf":[],"_links":{"self":[{"href":"https:\/\/isfd14-nqn.infd.edu.ar\/sitio\/wp-json\/wp\/v2\/pages\/847"}],"collection":[{"href":"https:\/\/isfd14-nqn.infd.edu.ar\/sitio\/wp-json\/wp\/v2\/pages"}],"about":[{"href":"https:\/\/isfd14-nqn.infd.edu.ar\/sitio\/wp-json\/wp\/v2\/types\/page"}],"author":[{"embeddable":true,"href":"https:\/\/isfd14-nqn.infd.edu.ar\/sitio\/wp-json\/wp\/v2\/users\/403"}],"replies":[{"embeddable":true,"href":"https:\/\/isfd14-nqn.infd.edu.ar\/sitio\/wp-json\/wp\/v2\/comments?post=847"}],"version-history":[{"count":78,"href":"https:\/\/isfd14-nqn.infd.edu.ar\/sitio\/wp-json\/wp\/v2\/pages\/847\/revisions"}],"predecessor-version":[{"id":12500,"href":"https:\/\/isfd14-nqn.infd.edu.ar\/sitio\/wp-json\/wp\/v2\/pages\/847\/revisions\/12500"}],"wp:attachment":[{"href":"https:\/\/isfd14-nqn.infd.edu.ar\/sitio\/wp-json\/wp\/v2\/media?parent=847"}],"curies":[{"name":"wp","href":"https:\/\/api.w.org\/{rel}","templated":true}]}}