{"id":864,"date":"2018-08-31T13:43:41","date_gmt":"2018-08-31T16:43:41","guid":{"rendered":"https:\/\/isfd14-nqn.infd.edu.ar\/sitio\/profesorado-en-fisica\/"},"modified":"2026-04-12T19:17:49","modified_gmt":"2026-04-12T22:17:49","slug":"profesorado-en-fisica","status":"publish","type":"page","link":"https:\/\/isfd14-nqn.infd.edu.ar\/sitio\/profesorado-en-fisica\/","title":{"rendered":"PROFESORADO EN F\u00cdSICA"},"content":{"rendered":"\n<div class=\"wp-block-cover alignwide is-light\" style=\"min-height:91px\"><span aria-hidden=\"true\" class=\"wp-block-cover__background has-background-dim-100 has-background-dim\" style=\"background-color:#5f83d8\"><\/span><div class=\"wp-block-cover__inner-container\">\n<p class=\"has-text-align-center has-base-3-color has-text-color has-large-font-size\"><strong>PROFESORADO EN F\u00cdSICA<\/strong><\/p>\n<\/div><\/div>\n\n\n\n<hr class=\"wp-block-separator has-text-color has-accent-color has-alpha-channel-opacity has-accent-background-color has-background is-style-wide\"\/>\n\n\n<div style=\"background: #ffffff; border-left: 5px solid #e4f00a; border-radius: 6px; padding: 18px; margin: 25px 0; line-height: 1.7; font-size: 15px;\">\n<p style=\"margin: 0;\">El profesorado de f\u00edsica capacita en el dominio de modelos y teor\u00edas para la comprensi\u00f3n y el an\u00e1lisis de los fen\u00f3menos naturales y los procesos y productos tecnol\u00f3gicos del mundo que nos rodea. Adem\u00e1s, lo formar\u00e1 en competencias pedag\u00f3gicas did\u00e1cticas para dise\u00f1ar, ejecutar y evaluar procesos de ense\u00f1anza-aprendizaje sobre la base de un conocimiento actualizado en el \u00e1mbito de la F\u00edsica y la investigaci\u00f3n educativa.<\/p>\n<\/div>\n\n\n<div style=\"height:18px\" aria-hidden=\"true\" class=\"wp-block-spacer\"><\/div>\n\n\n\n<div class=\"wp-block-cover alignwide is-light has-custom-content-position is-position-top-left\" style=\"min-height:60px\"><span aria-hidden=\"true\" class=\"wp-block-cover__background has-background-dim-100 has-background-dim\" style=\"background-color:#5f83d8\"><\/span><div class=\"wp-block-cover__inner-container\">\n<p class=\"has-text-align-left has-base-3-color has-text-color has-medium-font-size\"><strong>INFORMACI\u00d3N GENERAL<\/strong><\/p>\n<\/div><\/div>\n\n\n<div style=\"background: #ffffff; border: 1px solid #dbe5f1; border-top: 6px solid #5f83d8; border-radius: 8px; padding: 22px; margin: 25px 0; font-size: 15px; line-height: 1.7;\">\n<p><!-- DENOMINACI\u00d3N --><\/p>\n<div style=\"margin-bottom: 20px; padding-bottom: 10px; border-bottom: 1px solid #e5e5e5;\"><strong style=\"font-size: 16px;\">DENOMINACI\u00d3N DE LA CARRERA<\/strong><br \/>Profesorado de Educaci\u00f3n Secundaria en F\u00edsica<\/div>\n<p><!-- GRID --><\/p>\n<div style=\"display: flex; flex-wrap: wrap; gap: 25px;\">\n<p><!-- COLUMNA IZQUIERDA --><\/p>\n<div style=\"flex: 1; min-width: 260px;\">\n<div style=\"padding-bottom: 12px; margin-bottom: 12px; border-bottom: 1px solid #f0f0f0;\"><img decoding=\"async\" loading=\"lazy\" class=\"wp-image-10942\" src=\"https:\/\/isfd14-nqn.infd.edu.ar\/sitio\/wp-content\/uploads\/2026\/03\/atomoweb.png\" alt=\"\" width=\"57\" height=\"57\" srcset=\"https:\/\/isfd14-nqn.infd.edu.ar\/sitio\/wp-content\/uploads\/2026\/03\/atomoweb.png 512w, https:\/\/isfd14-nqn.infd.edu.ar\/sitio\/wp-content\/uploads\/2026\/03\/atomoweb-500x500.png 500w\" sizes=\"(max-width: 57px) 100vw, 57px\" \/> <strong>Plan de Estudio: <\/strong>N\u00b0 548<br \/>Resoluci\u00f3n N\u00b0 2143<br \/>Expediente 5721-007066\/2014<\/div>\n<div style=\"padding-bottom: 12px; margin-bottom: 12px; border-bottom: 1px solid #f0f0f0;\"><img decoding=\"async\" class=\"\" style=\"width: 36px; vertical-align: middle; margin-right: 6px;\" src=\"https:\/\/isfd14-nqn.infd.edu.ar\/sitio\/wp-content\/uploads\/2026\/03\/calendario-2.png\" height=\"36\" \/><br \/><strong>Duraci\u00f3n:<\/strong> 4 a\u00f1os<br \/><strong>Carga Horaria:<\/strong><br \/>4128 hs c\u00e1tedra<br \/>2753 hs reloj<\/div>\n<div><img decoding=\"async\" class=\"\" style=\"width: 36px; vertical-align: middle; margin-right: 6px;\" src=\"https:\/\/isfd14-nqn.infd.edu.ar\/sitio\/wp-content\/uploads\/2026\/03\/ensenanzas.png\" height=\"36\" \/> <strong>Modalidad de cursado:<br \/><\/strong> Presencial<\/div>\n<\/div>\n<p><!-- COLUMNA DERECHA --><\/p>\n<div style=\"flex: 1; min-width: 260px;\">\n<div style=\"padding-bottom: 12px; margin-bottom: 12px; border-bottom: 1px solid #f0f0f0;\"><img decoding=\"async\" class=\"\" style=\"width: 36px; vertical-align: middle; margin-right: 6px;\" src=\"https:\/\/isfd14-nqn.infd.edu.ar\/sitio\/wp-content\/uploads\/2026\/03\/calendario-mensual.png\" height=\"36\" \/> <strong>D\u00edas de<\/strong> <strong>Cursado:<\/strong><br \/>De Lunes a Viernes<\/div>\n<div style=\"padding-bottom: 12px; margin-bottom: 12px; border-bottom: 1px solid #f0f0f0;\"><img decoding=\"async\" class=\"\" style=\"width: 36px; vertical-align: middle; margin-right: 6px;\" src=\"https:\/\/isfd14-nqn.infd.edu.ar\/sitio\/wp-content\/uploads\/2026\/03\/turnos-de-trabajo.png\" height=\"36\" \/><strong>Turno: Tarde<\/strong><br \/>13:30 a 18:30 hs<\/div>\n<div style=\"margin-top: 10px; padding-top: 12px; border-top: 2px solid #5f83d8;\"><strong style=\"font-size: 16px;\"><strong><img decoding=\"async\" loading=\"lazy\" class=\"wp-image-11071\" src=\"https:\/\/isfd14-nqn.infd.edu.ar\/sitio\/wp-content\/uploads\/2026\/03\/diploma-de-graduacion.png\" alt=\"\" width=\"36\" height=\"36\" srcset=\"https:\/\/isfd14-nqn.infd.edu.ar\/sitio\/wp-content\/uploads\/2026\/03\/diploma-de-graduacion.png 512w, https:\/\/isfd14-nqn.infd.edu.ar\/sitio\/wp-content\/uploads\/2026\/03\/diploma-de-graduacion-500x500.png 500w\" sizes=\"(max-width: 36px) 100vw, 36px\" \/><\/strong> T\u00edtulo a otorgar:<\/strong><br \/>Profesor\/a de Educaci\u00f3n Secundaria en F\u00edsica<\/div>\n<\/div>\n<\/div>\n<\/div>\n\n\n<div class=\"wp-block-cover is-light\" style=\"min-height:91px\"><span aria-hidden=\"true\" class=\"wp-block-cover__background has-background-dim-100 has-background-dim\" style=\"background-color:#5f83d8\"><\/span><div class=\"wp-block-cover__inner-container\">\n<p class=\"has-text-align-left has-base-3-color has-text-color has-medium-font-size\"><strong>ESTRUCTURA CURRICULAR<\/strong><\/p>\n<\/div><\/div>\n\n\n\n<div class=\"wp-block-columns is-layout-flex wp-container-7\">\n<div class=\"wp-block-column is-layout-flow\">\n<div class=\"wp-block-cover\" style=\"min-height:108px\"><span aria-hidden=\"true\" class=\"wp-block-cover__background has-base-background-color has-background-dim-100 has-background-dim\"><\/span><div class=\"wp-block-cover__inner-container\">\n<p class=\"has-text-align-center has-contrast-color has-text-color has-medium-font-size\"><img decoding=\"async\" loading=\"lazy\" width=\"512\" height=\"512\" class=\"wp-image-11074\" style=\"width: 70px;\" src=\"https:\/\/isfd14-nqn.infd.edu.ar\/sitio\/wp-content\/uploads\/2026\/03\/material-didactico.png\" alt=\"\" srcset=\"https:\/\/isfd14-nqn.infd.edu.ar\/sitio\/wp-content\/uploads\/2026\/03\/material-didactico.png 512w, https:\/\/isfd14-nqn.infd.edu.ar\/sitio\/wp-content\/uploads\/2026\/03\/material-didactico-500x500.png 500w\" sizes=\"(max-width: 512px) 100vw, 512px\" \/><\/p>\n\n\n\n<div class=\"wp-block-buttons has-custom-font-size has-medium-font-size is-content-justification-center is-layout-flex wp-container-1\">\n<div class=\"wp-block-button\"><a class=\"wp-block-button__link has-accent-background-color has-background wp-element-button\" href=\"https:\/\/isfd14-nqn.infd.edu.ar\/sitio\/wp-content\/uploads\/2025\/09\/Estructura-curricularFisica.pdf\" style=\"border-radius:10px\" target=\"_blank\" rel=\"noreferrer noopener\">Plan de estudio<\/a><\/div>\n<\/div>\n<\/div><\/div>\n<\/div>\n\n\n\n<div class=\"wp-block-column is-layout-flow\">\n<div class=\"wp-block-cover\" style=\"min-height:104px\"><span aria-hidden=\"true\" class=\"wp-block-cover__background has-base-background-color has-background-dim-100 has-background-dim\"><\/span><div class=\"wp-block-cover__inner-container\">\n<p class=\"has-text-align-center has-contrast-color has-text-color has-medium-font-size\"><img decoding=\"async\" loading=\"lazy\" width=\"512\" height=\"512\" class=\"wp-image-11076\" style=\"width: 70px;\" src=\"https:\/\/isfd14-nqn.infd.edu.ar\/sitio\/wp-content\/uploads\/2026\/03\/valor.png\" alt=\"\" srcset=\"https:\/\/isfd14-nqn.infd.edu.ar\/sitio\/wp-content\/uploads\/2026\/03\/valor.png 512w, https:\/\/isfd14-nqn.infd.edu.ar\/sitio\/wp-content\/uploads\/2026\/03\/valor-500x500.png 500w\" sizes=\"(max-width: 512px) 100vw, 512px\" \/><\/p>\n\n\n\n<div class=\"wp-block-buttons has-custom-font-size has-medium-font-size is-content-justification-center is-layout-flex wp-container-3\">\n<div class=\"wp-block-button\"><a class=\"wp-block-button__link has-accent-background-color has-background wp-element-button\" href=\"https:\/\/isfd14-nqn.infd.edu.ar\/sitio\/wp-content\/uploads\/2024\/09\/Plan-548-Fisica.pdf\" style=\"border-radius:10px\" target=\"_blank\" rel=\"noreferrer noopener\">Correlativas<\/a><\/div>\n<\/div>\n<\/div><\/div>\n<\/div>\n\n\n\n<div class=\"wp-block-column is-layout-flow\">\n<div class=\"wp-block-cover\" style=\"min-height:104px\"><span aria-hidden=\"true\" class=\"wp-block-cover__background has-base-background-color has-background-dim-100 has-background-dim\"><\/span><div class=\"wp-block-cover__inner-container\">\n<p class=\"has-text-align-center has-contrast-color has-text-color has-medium-font-size\"><img decoding=\"async\" loading=\"lazy\" width=\"512\" height=\"512\" class=\"wp-image-11077\" style=\"width: 70px;\" src=\"https:\/\/isfd14-nqn.infd.edu.ar\/sitio\/wp-content\/uploads\/2026\/03\/sistema-de-archivos.png\" alt=\"\" srcset=\"https:\/\/isfd14-nqn.infd.edu.ar\/sitio\/wp-content\/uploads\/2026\/03\/sistema-de-archivos.png 512w, https:\/\/isfd14-nqn.infd.edu.ar\/sitio\/wp-content\/uploads\/2026\/03\/sistema-de-archivos-500x500.png 500w\" sizes=\"(max-width: 512px) 100vw, 512px\" \/><\/p>\n\n\n\n<div class=\"wp-block-buttons has-custom-font-size has-medium-font-size is-content-justification-center is-layout-flex wp-container-5\">\n<div class=\"wp-block-button\"><a class=\"wp-block-button__link has-accent-background-color has-background wp-element-button\" href=\"https:\/\/isfd14-nqn.infd.edu.ar\/sitio\/wp-content\/uploads\/2025\/07\/MapaCurricularFisica.pdf\" style=\"border-radius:10px\" target=\"_blank\" rel=\"noreferrer noopener\">Mapa curricular<\/a><\/div>\n<\/div>\n<\/div><\/div>\n<\/div>\n<\/div>\n\n\n\n<div style=\"height:23px\" aria-hidden=\"true\" class=\"wp-block-spacer\"><\/div>\n\n\n\n<p class=\"has-text-align-left has-base-3-color has-text-color has-medium-font-size\"><strong>PERFIL PROFESIONAL<\/strong><\/p>\n\n\n\n<div style=\"height:34px\" aria-hidden=\"true\" class=\"wp-block-spacer\"><\/div>\n\n\n\n<p class=\"has-text-align-center has-large-font-size\"><img decoding=\"async\" loading=\"lazy\" width=\"512\" height=\"512\" class=\"wp-image-11264\" style=\"width: 50px;\" src=\"https:\/\/isfd14-nqn.infd.edu.ar\/sitio\/wp-content\/uploads\/2026\/03\/pregunta.png\" alt=\"\" srcset=\"https:\/\/isfd14-nqn.infd.edu.ar\/sitio\/wp-content\/uploads\/2026\/03\/pregunta.png 512w, https:\/\/isfd14-nqn.infd.edu.ar\/sitio\/wp-content\/uploads\/2026\/03\/pregunta-500x500.png 500w\" sizes=\"(max-width: 512px) 100vw, 512px\" \/><strong>\u00bfC\u00f3mo Inscribirme?<\/strong><\/p>\n\n\n<div class=\"wp-block-image\">\n<figure class=\"aligncenter size-full\"><img decoding=\"async\" loading=\"lazy\" width=\"50\" height=\"50\" src=\"https:\/\/isfd14-nqn.infd.edu.ar\/sitio\/wp-content\/uploads\/2025\/08\/icons8-chevron-abajo-50.png\" alt=\"\" class=\"wp-image-9182\"\/><\/figure><\/div>\n\n\n<div class=\"wp-block-columns has-medium-font-size is-layout-flex wp-container-10\">\n<div class=\"wp-block-column is-vertically-aligned-center is-layout-flow\">\n<div class=\"wp-block-buttons has-custom-font-size has-large-font-size is-content-justification-center is-nowrap is-layout-flex wp-container-8\">\n<div class=\"wp-block-button has-custom-width wp-block-button__width-50 has-custom-font-size is-style-fill has-medium-font-size\"><a class=\"wp-block-button__link has-contrast-color has-base-background-color has-text-color has-background wp-element-button\" href=\"https:\/\/isfd14-nqn.infd.edu.ar\/sitio\/inscripciones-modalidad-on-line\/\" style=\"border-radius:10px\" target=\"_blank\" rel=\"noreferrer noopener\"><img decoding=\"async\" loading=\"lazy\" width=\"344\" height=\"308\" class=\"wp-image-10683\" style=\"width: 80px;\" src=\"https:\/\/isfd14-nqn.infd.edu.ar\/sitio\/wp-content\/uploads\/2026\/02\/onlineboton.png\" alt=\"\"><br><img decoding=\"async\" loading=\"lazy\" width=\"48\" height=\"48\" class=\"wp-image-8780\" style=\"width: 30px;\" src=\"https:\/\/isfd14-nqn.infd.edu.ar\/sitio\/wp-content\/uploads\/2025\/08\/icons8-mano-48.png\" alt=\"\"><strong>MODALIDAD ONLINE    <\/strong>  <\/a><\/div>\n\n\n\n<div class=\"wp-block-button has-custom-width wp-block-button__width-50 has-custom-font-size is-style-fill has-medium-font-size\"><a class=\"wp-block-button__link has-contrast-color has-base-background-color has-text-color has-background wp-element-button\" href=\"https:\/\/isfd14-nqn.infd.edu.ar\/sitio\/bedelia\/\" style=\"border-radius:10px\" target=\"_blank\" rel=\"noreferrer noopener\"><img decoding=\"async\" loading=\"lazy\" width=\"404\" height=\"333\" class=\"wp-image-10684\" style=\"width: 80px;\" src=\"https:\/\/isfd14-nqn.infd.edu.ar\/sitio\/wp-content\/uploads\/2026\/02\/presencialboton.png\" alt=\"\"><br><img decoding=\"async\" loading=\"lazy\" width=\"48\" height=\"48\" class=\"wp-image-8780\" style=\"width: 30px;\" src=\"https:\/\/isfd14-nqn.infd.edu.ar\/sitio\/wp-content\/uploads\/2025\/08\/icons8-mano-48.png\" alt=\"\"><strong>MODALIDAD  PRESENCIAL<\/strong><\/a><\/div>\n<\/div>\n<\/div>\n<\/div>\n\n\n\n<div style=\"height:36px\" aria-hidden=\"true\" class=\"wp-block-spacer\"><\/div>\n\n\n\n<div class=\"wp-block-cover is-light\" style=\"min-height:91px\"><span aria-hidden=\"true\" class=\"wp-block-cover__background has-background-dim-100 has-background-dim\" style=\"background-color:#5f83d8\"><\/span><div class=\"wp-block-cover__inner-container\">\n<p class=\"has-text-align-left has-base-3-color has-text-color has-medium-font-size\"><strong>PERFIL PROFESIONAL<\/strong><\/p>\n<\/div><\/div>\n\n\n\n<p class=\"has-medium-font-size\">El acceso masivo de j\u00f3venes a la Educaci\u00f3n Secundaria plantea el desaf\u00edo de resignificar no s\u00f3lo este nivel de escolarizaci\u00f3n, hoy obligatorio, sino tambi\u00e9n a la docencia como profesi\u00f3n, tendiendo a la formaci\u00f3n de profesionales capaces de garantizar desempe\u00f1os que se adecuen a diferentes contextos, a sujetos singulares y diversidad de pr\u00e1cticas socio-culturales<br>Por ello. esta propuesta curricular  recupera los acuerdos federales plasmados en los Lineamientos Curriculares Nacionales donde se define a la docencia como una pr\u00e1ctica profesional de mediaci\u00f3n cultural, institucionalizada, cr\u00edtica  y reflexiva, que se caracteriza por la capacidad para contextualizar  las situaciones de ense\u00f1anza, de apoyar procesos democr\u00e1ticos en el interior de las instituciones educativas y de las aulas as\u00ed como por construir y participar de espacios de producci\u00f3n compartida y colaborativa.<br>De este modo, el profesor de Educaci\u00f3n en F\u00edsica ha de ser un profesional  con s\u00f3lido conocimiento disciplinar, comprometido con la disciplina y su ense\u00f1anza, mediador intercultural, que desde la compresi\u00f3n de la disciplina, tome decisiones que contribuyan a formar ciudadanos cient\u00edficamente alfabetizados al tiempo que se integra a equipos de trabajo inter e intra-institucionales. <br>Dado que la formaci\u00f3n inicial se organiza en tres campos, los dicentes egresados del Profesorado en F\u00edsica han de poseer competencias profesionales relacionadas con la formaci\u00f3n disciplinar, la formaci\u00f3n pedag\u00f3gica y la pr\u00e1ctica profesional;<br><strong>La formaci\u00f3n  disciplinar<\/strong> permitir\u00e1:<\/p>\n\n\n\n<ul>\n<li class=\"has-medium-font-size\">Aplicar modelos, teor\u00edas y metodolog\u00edas de las principales ramas de la F\u00edsica para interpretar, analizar y resolver diversos problemas concretos relacionados con procesos f\u00edsicos.<\/li>\n\n\n\n<li class=\"has-medium-font-size\">Analizar cr\u00edticamente los principales modelos y teor\u00edas de la F\u00edsica, reconociendo la provisoriedad del conocimiento cient\u00edfico<\/li>\n\n\n\n<li class=\"has-medium-font-size\">Reflexionar cr\u00edticamente las relaciones entre el conocimiento cient\u00edfico, el conocimiento tecnol\u00f3gico y las problem\u00e1ticas sociales.<\/li>\n\n\n\n<li class=\"has-medium-font-size\">Emplear fuentes documentales y procedimientos generales involucrados en los procesos de investigaci\u00f3n en F\u00edsica.<\/li>\n\n\n\n<li class=\"has-medium-font-size\">Poseer un entrenamiento adecuado en el uso del material de laboratorio y en la interpretaci\u00f3n de resultados experimentales.<\/li>\n\n\n\n<li class=\"has-medium-font-size\">Valorar la honestidad y el intercambio de ideas en la elaboraci\u00f3n del conocimiento cient\u00edfico.<\/li>\n<\/ul>\n\n\n\n<p>     <\/p>\n\n\n\n<p class=\"has-medium-font-size\">La <strong>formaci\u00f3n general pedag\u00f3gica-did\u00e1ctica<\/strong> permitir\u00e1 a los futuros docentes:<\/p>\n\n\n\n<ul>\n<li class=\"has-medium-font-size\">Emplear marcos te\u00f3ricos para comprender la realidad educativa que enmarcan  los procesos de ense\u00f1anza-aprendizaje de las ciencias, en particular de la F\u00edsica.<\/li>\n\n\n\n<li class=\"has-medium-font-size\">Organizar propuestas did\u00e1cticas para la ense\u00f1anza y el aprendizaje de la F\u00edsica, teniendo en cuenta, las caracter\u00edsticas psicol\u00f3gicas y socioculturales de sus alumnos, as\u00ed como el contexto institucional.<\/li>\n\n\n\n<li class=\"has-medium-font-size\">Coordinar y participar en proyectos institucionales (ferias, clubes de ciencias, salidas educativas).<\/li>\n\n\n\n<li class=\"has-medium-font-size\">Dise\u00f1ar y realizar proyectos de investigaci\u00f3n referidos al campo de la ense\u00f1anza.<\/li>\n\n\n\n<li class=\"has-medium-font-size\">Participar en proyectos de investigaci\u00f3n pedag\u00f3gica.<\/li>\n\n\n\n<li class=\"has-medium-font-size\"> Emplear modelos, analog\u00edas situaciones problem\u00e1ticas y recursos tecnol\u00f3gicos como apoyo  para la comprensi\u00f3n de problemas propios de las Ciencias de la Naturaleza de la F\u00edsica.<\/li>\n<\/ul>\n\n\n\n<p> <\/p>\n\n\n\n<p class=\"has-medium-font-size\">La f<strong>ormaci\u00f3n que integre saberes disciplinares y did\u00e1cticos en el ejercicio concreto de la pr\u00e1ctica docente,<\/strong> permitir\u00e1 al futuro docente estar en condiciones de:<\/p>\n\n\n\n<ul>\n<li class=\"has-medium-font-size\">Fundamentar te\u00f3ricamente su pr\u00e1ctica de ense\u00f1anza, asumiendo una actitud cr\u00edtica y reflexiva respecto de la misma.<\/li>\n\n\n\n<li class=\"has-medium-font-size\">Analizar con sentido cr\u00edtico los contenidos provenientes de distintas fuentes de informaci\u00f3n cient\u00edfica a los efectos  de seleccionar y jerarquizar aquellos que resulten adecuados para el trabajo en aula.<\/li>\n\n\n\n<li class=\"has-medium-font-size\">Emplear cr\u00edticamente variedad de recursos adecuados para la ense\u00f1anza de la F\u00edsica: material gr\u00e1fico y videogr\u00e1fico (videos, revistas de divulgaci\u00f3n, etc.), inform\u00e1tico (software educativos, internet), material concreto, de laboratorio.<\/li>\n\n\n\n<li class=\"has-medium-font-size\">Organizar actividades experimentales que posibiliten una mejor compresi\u00f3n de los fen\u00f3menos f\u00edsicos.<\/li>\n\n\n\n<li class=\"has-medium-font-size\">Coordinar visitas a instituciones educativas no formales como observatorios astron\u00f3micos; ortopedias, laboratorios geol\u00f3gicos, industrias dedicadas a la construcci\u00f3n civil, del automotor, a la electr\u00f3nica, \u00f3pticas entre otras.<\/li>\n\n\n\n<li class=\"has-medium-font-size\">Establecer relaciones entre disciplinas del \u00e1rea de las ciencias naturales y con otras \u00e1reas del conocimiento fundament\u00e1ndolas desde puntos de vista epistemol\u00f3gicos y did\u00e1ctico.     <\/li>\n<\/ul>\n\n\n\n<div style=\"height:31px\" aria-hidden=\"true\" class=\"wp-block-spacer\"><\/div>\n\n\n\n<div style=\"height:34px\" aria-hidden=\"true\" class=\"wp-block-spacer\"><\/div>\n\n\n\n<div class=\"wp-block-columns is-layout-flex wp-container-13\">\n<div class=\"wp-block-column is-layout-flow\" style=\"flex-basis:66.66%\"><\/div>\n\n\n\n<div class=\"wp-block-column is-layout-flow\" style=\"flex-basis:33.33%\"><div class=\"wp-block-image\">\n<figure class=\"alignright size-full\"><a href=\"https:\/\/isfd14-nqn.infd.edu.ar\/sitio\/\"><img decoding=\"async\" loading=\"lazy\" width=\"67\" height=\"67\" src=\"https:\/\/isfd14-nqn.infd.edu.ar\/sitio\/wp-content\/uploads\/2025\/08\/icons8-arriba-67.png\" alt=\"\" class=\"wp-image-8966\"\/><\/a><\/figure><\/div><\/div>\n<\/div>\n","protected":false},"excerpt":{"rendered":"<p>El profesorado de f\u00edsica capacita en el dominio de modelos y teor\u00edas para la comprensi\u00f3n y el an\u00e1lisis de los fen\u00f3menos naturales y los procesos y productos tecnol\u00f3gicos del mundo que nos rodea. Adem\u00e1s, lo formar\u00e1 en competencias pedag\u00f3gicas did\u00e1cticas para dise\u00f1ar, ejecutar y evaluar procesos de ense\u00f1anza-aprendizaje sobre la base de un conocimiento actualizado &#8230; <a title=\"PROFESORADO EN F\u00cdSICA\" class=\"read-more\" href=\"https:\/\/isfd14-nqn.infd.edu.ar\/sitio\/profesorado-en-fisica\/\" aria-label=\"More on PROFESORADO EN F\u00cdSICA\">[+]<\/a><\/p>\n","protected":false},"author":1183,"featured_media":0,"parent":0,"menu_order":0,"comment_status":"closed","ping_status":"closed","template":"","meta":[],"acf":[],"_links":{"self":[{"href":"https:\/\/isfd14-nqn.infd.edu.ar\/sitio\/wp-json\/wp\/v2\/pages\/864"}],"collection":[{"href":"https:\/\/isfd14-nqn.infd.edu.ar\/sitio\/wp-json\/wp\/v2\/pages"}],"about":[{"href":"https:\/\/isfd14-nqn.infd.edu.ar\/sitio\/wp-json\/wp\/v2\/types\/page"}],"author":[{"embeddable":true,"href":"https:\/\/isfd14-nqn.infd.edu.ar\/sitio\/wp-json\/wp\/v2\/users\/1183"}],"replies":[{"embeddable":true,"href":"https:\/\/isfd14-nqn.infd.edu.ar\/sitio\/wp-json\/wp\/v2\/comments?post=864"}],"version-history":[{"count":72,"href":"https:\/\/isfd14-nqn.infd.edu.ar\/sitio\/wp-json\/wp\/v2\/pages\/864\/revisions"}],"predecessor-version":[{"id":12501,"href":"https:\/\/isfd14-nqn.infd.edu.ar\/sitio\/wp-json\/wp\/v2\/pages\/864\/revisions\/12501"}],"wp:attachment":[{"href":"https:\/\/isfd14-nqn.infd.edu.ar\/sitio\/wp-json\/wp\/v2\/media?parent=864"}],"curies":[{"name":"wp","href":"https:\/\/api.w.org\/{rel}","templated":true}]}}