{"id":953,"date":"2019-12-08T04:44:50","date_gmt":"2019-12-08T07:44:50","guid":{"rendered":"https:\/\/isfd14-nqn.infd.edu.ar\/sitio\/?page_id=953"},"modified":"2026-03-22T15:25:22","modified_gmt":"2026-03-22T18:25:22","slug":"prototipo","status":"publish","type":"page","link":"https:\/\/isfd14-nqn.infd.edu.ar\/sitio\/prototipo\/","title":{"rendered":"SECRETAR\u00cdA DE INVESTIGACI\u00d3N"},"content":{"rendered":"\n<div class=\"wp-block-cover is-light\" style=\"min-height:91px\"><span aria-hidden=\"true\" class=\"wp-block-cover__background has-background-dim-100 has-background-dim\" style=\"background-color:#5f83d8\"><\/span><div class=\"wp-block-cover__inner-container\">\n<p class=\"has-text-align-center has-base-3-color has-text-color has-large-font-size\"><strong>SECRETAR\u00cdA DE INVESTIGACI\u00d3N<\/strong><\/p>\n<\/div><\/div>\n\n\n\n<hr class=\"wp-block-separator has-text-color has-accent-color has-alpha-channel-opacity has-accent-background-color has-background is-style-wide\"\/>\n\n\n<div style=\"background: #ffffff; border-left: 5px solid #5f83d8; padding: 18px; margin: 20px 0; border-radius: 6px; box-shadow: 0 2px 5px rgba(0,0,0,0.08);\">\n<h2 style=\"font-weight: 600; margin-bottom: 10px;\">Secretar\u00eda de Investigaci\u00f3n<\/h2>\n<div style=\"background: #f2f8fc; padding: 14px; border-radius: 4px; margin-bottom: 12px;\">La Secretar\u00eda de Investigaci\u00f3n Educativa est\u00e1 conformada por docentes responsables de coordinar las actividades acad\u00e9micas de investigaci\u00f3n, en el marco de la formaci\u00f3n docente.<\/div>\n<div style=\"background: #f2f8fc; padding: 14px; border-radius: 4px; margin-bottom: 12px;\">El\/la Secretario\/a de Investigaci\u00f3n forma parte integrante del Consejo Acad\u00e9mico de la instituci\u00f3n.<\/div>\n<div style=\"font-weight: 600; margin-bottom: 8px;\">Funciones:<\/div>\n<ul style=\"padding-left: 18px; margin: 0;\">\n<li style=\"margin-bottom: 6px;\">Impulsar la generaci\u00f3n, circulaci\u00f3n, validaci\u00f3n y divulgaci\u00f3n del conocimiento, promoviendo un pensamiento cr\u00edtico, reflexivo y creativo.<\/li>\n<li style=\"margin-bottom: 6px;\">Fomentar la producci\u00f3n de conocimientos sobre la pr\u00e1ctica docente mediante el trabajo colaborativo con distintos actores del sistema educativo.<\/li>\n<li style=\"margin-bottom: 6px;\">Promover espacios de intercambio, debate y difusi\u00f3n de proyectos y producciones de investigaci\u00f3n.<\/li>\n<\/ul>\n<\/div>\n\n\n<div style=\"height:18px\" aria-hidden=\"true\" class=\"wp-block-spacer\"><\/div>\n\n\n\n<p class=\"has-medium-font-size\"><strong>Horario de atenci\u00f3n y secretario actual:<\/strong><\/p>\n\n\n<table style=\"width: 100%; border-collapse: collapse;\">\n<tbody>\n<tr style=\"background-color: #5f83d8;\">\n<td style=\"padding: 10px; text-align: center;\"><img decoding=\"async\" style=\"width: 40px; filter: brightness(0) invert(1);\" src=\"https:\/\/isfd14-nqn.infd.edu.ar\/sitio\/wp-content\/uploads\/2025\/08\/icons8-calendar-50.png\" \/><\/td>\n<td style=\"padding: 10px; text-align: center;\"><img decoding=\"async\" style=\"width: 40px; filter: brightness(0) invert(1);\" src=\"https:\/\/isfd14-nqn.infd.edu.ar\/sitio\/wp-content\/uploads\/2025\/08\/icons8-zona-horaria-utc-50.png\" \/><\/td>\n<td style=\"padding: 10px; text-align: center;\"><img decoding=\"async\" style=\"width: 40px; filter: brightness(0) invert(1);\" src=\"https:\/\/isfd14-nqn.infd.edu.ar\/sitio\/wp-content\/uploads\/2025\/08\/icons8-tiempo-48.png\" \/><\/td>\n<td style=\"padding: 10px; text-align: center;\"><img decoding=\"async\" style=\"width: 40px; filter: brightness(0) invert(1);\" src=\"https:\/\/isfd14-nqn.infd.edu.ar\/sitio\/wp-content\/uploads\/2025\/08\/icons8-usuario-96-1.png\" \/><\/td>\n<\/tr>\n<tr>\n<td style=\"padding: 10px;\"><b>Mi\u00e9rcoles<\/b><\/td>\n<td style=\"padding: 10px;\"><b>Turno Ma\u00f1ana<\/b><\/td>\n<td style=\"padding: 10px;\">08:50 A 10:20 HS<\/td>\n<td style=\"padding: 10px;\">Ben\u00edtez Paredes Marcos<\/td>\n<\/tr>\n<tr style=\"background-color: #eef2fc;\">\n<td style=\"padding: 10px;\"><b>Lunes<\/b><\/td>\n<td style=\"padding: 10px;\"><b>Turno Vespertino<\/b><\/td>\n<td style=\"padding: 10px;\">19:10 A 19:50 HS<\/td>\n<td style=\"padding: 10px;\">\u00a0<\/td>\n<\/tr>\n<tr>\n<td style=\"padding: 10px;\"><b>Martes<\/b><\/td>\n<td style=\"padding: 10px;\"><b>Turno vespertino<\/b><\/td>\n<td style=\"padding: 10px;\">19:50 A 20:30 HS<\/td>\n<td style=\"padding: 10px;\">\u00a0<\/td>\n<\/tr>\n<\/tbody>\n<\/table>\n\n\n<p class=\"has-medium-font-size\"><strong>Para consultas podes escribir al correo: <\/strong><\/p>\n\n\n\n<p><img decoding=\"async\" loading=\"lazy\" width=\"100\" height=\"100\" class=\"wp-image-8533\" style=\"width: 50px;\" src=\"https:\/\/isfd14-nqn.infd.edu.ar\/sitio\/wp-content\/uploads\/2025\/08\/icons8-sobre-circulado-100.png\" alt=\"\"><a href=\"mailto:secretinvestifd14@gmail.com\" target=\"_blank\" rel=\"noreferrer noopener\">secretinvestifd14@gmail.com<\/a><\/p>\n\n\n\n<p class=\"has-text-align-center has-base-3-color has-text-color has-medium-font-size\"><\/p>\n\n\n\n<div class=\"wp-block-cover is-light\" style=\"min-height:91px\"><span aria-hidden=\"true\" class=\"wp-block-cover__background has-background-dim-100 has-background-dim\" style=\"background-color:#5f83d8\"><\/span><div class=\"wp-block-cover__inner-container\">\n<p class=\"has-base-3-color has-text-color has-medium-font-size\">Marco legal para presentaci\u00f3n de proyectos<\/p>\n<\/div><\/div>\n\n\n\n<p><strong>RESOLUCI\u00d3N Y FORMULARIO DE INVESTIGACI\u00d3N <\/strong><\/p>\n\n\n\n<figure class=\"wp-block-table is-style-stripes has-medium-font-size\"><table class=\"has-background\" style=\"background-color:#9eb1df\"><tbody><tr><td><img decoding=\"async\" loading=\"lazy\" width=\"80\" height=\"80\" class=\"wp-image-8485\" style=\"width: 70px;\" src=\"https:\/\/isfd14-nqn.infd.edu.ar\/sitio\/wp-content\/uploads\/2025\/08\/icons8-hojas-de-calculo-80.png\" alt=\"\"><\/td><td><img decoding=\"async\" loading=\"lazy\" width=\"512\" height=\"512\" class=\"wp-image-10751\" style=\"width: 70px;\" src=\"https:\/\/isfd14-nqn.infd.edu.ar\/sitio\/wp-content\/uploads\/2026\/03\/descargar.png\" alt=\"\" srcset=\"https:\/\/isfd14-nqn.infd.edu.ar\/sitio\/wp-content\/uploads\/2026\/03\/descargar.png 512w, https:\/\/isfd14-nqn.infd.edu.ar\/sitio\/wp-content\/uploads\/2026\/03\/descargar-500x500.png 500w\" sizes=\"(max-width: 512px) 100vw, 512px\" \/><\/td><\/tr><tr><td>Formulario Presentaci\u00f3n de Proyectos<\/td><td><a href=\"https:\/\/isfd14-nqn.infd.edu.ar\/sitio\/wp-content\/uploads\/2024\/10\/FORMULARIO.-PRESENTACION-DE-PROYECTOS.-INVESTIGACION-11-1.docx\" target=\"_blank\" rel=\"noreferrer noopener\"><img decoding=\"async\" loading=\"lazy\" width=\"1024\" height=\"1024\" class=\"wp-image-5657\" style=\"width: 80px;\" src=\"https:\/\/isfd14-nqn.infd.edu.ar\/sitio\/wp-content\/uploads\/2024\/11\/hojaword.png\" alt=\"\" srcset=\"https:\/\/isfd14-nqn.infd.edu.ar\/sitio\/wp-content\/uploads\/2024\/11\/hojaword.png 1024w, https:\/\/isfd14-nqn.infd.edu.ar\/sitio\/wp-content\/uploads\/2024\/11\/hojaword-1000x1000.png 1000w, https:\/\/isfd14-nqn.infd.edu.ar\/sitio\/wp-content\/uploads\/2024\/11\/hojaword-500x500.png 500w, https:\/\/isfd14-nqn.infd.edu.ar\/sitio\/wp-content\/uploads\/2024\/11\/hojaword-768x768.png 768w\" sizes=\"(max-width: 1024px) 100vw, 1024px\" \/><\/a><\/td><\/tr><tr><td>Disposici\u00f3n 069_13 Investigaci\u00f3n <\/td><td><a href=\"https:\/\/isfd14-nqn.infd.edu.ar\/sitio\/wp-content\/uploads\/2024\/10\/Disposicion-069_13-INVESTIGACION.pdf\" target=\"_blank\" rel=\"noreferrer noopener\"><img decoding=\"async\" loading=\"lazy\" width=\"512\" height=\"512\" class=\"wp-image-5655\" style=\"width: 80px;\" src=\"https:\/\/isfd14-nqn.infd.edu.ar\/sitio\/wp-content\/uploads\/2024\/11\/pdfnegro.png\" alt=\"\" srcset=\"https:\/\/isfd14-nqn.infd.edu.ar\/sitio\/wp-content\/uploads\/2024\/11\/pdfnegro.png 512w, https:\/\/isfd14-nqn.infd.edu.ar\/sitio\/wp-content\/uploads\/2024\/11\/pdfnegro-500x500.png 500w\" sizes=\"(max-width: 512px) 100vw, 512px\" \/><\/a><\/td><\/tr><\/tbody><\/table><\/figure>\n\n\n\n<div style=\"height:31px\" aria-hidden=\"true\" class=\"wp-block-spacer\"><\/div>\n\n\n\n<p><strong>PROYECTOS DE INVESTIGACI\u00d3N:<\/strong><\/p>\n\n\n\n<figure class=\"wp-block-table is-style-stripes\"><table class=\"has-fixed-layout\"><thead><tr><th class=\"has-text-align-left\" data-align=\"left\"><strong>Proyectos de Investigaci\u00f3n 2024\/2026<\/strong><\/th><th class=\"has-text-align-left\" data-align=\"left\"><strong>Elevados a la direcci\u00f3n Provincial de Educaci\u00f3n Superior en el primer cuatrimestre del 2024<\/strong><\/th><\/tr><\/thead><tbody><tr><td class=\"has-text-align-left\" data-align=\"left\">1- \u201cLa sensibilizaci\u00f3n literaria. Su importancia en la construcci\u00f3n de lectores literarios de nivel superior\u201d. Proyecto Interinstitucional entre el IFD N\u00b014 y el IFD N\u00b01<\/td><td class=\"has-text-align-left\" data-align=\"left\">2- \u201cRiesgos derivados del cambio de uso de suelo: una propuesta para la educaci\u00f3n ambiental enmarcada en el Nuevo Dise\u00f1o Curricular de la Educaci\u00f3n Secundaria de la Provincia de Neuqu\u00e9n\u201d.<\/td><\/tr><tr><td class=\"has-text-align-left\" data-align=\"left\"><strong>INTEGRANTES:<\/strong><\/td><td class=\"has-text-align-left\" data-align=\"left\"><strong>INTEGRANTES:<\/strong><\/td><\/tr><tr><td class=\"has-text-align-left\" data-align=\"left\">&#8211;&nbsp;&nbsp; Abarz\u00faa, Julieta. IFD 14 IFD 1<\/td><td class=\"has-text-align-left\" data-align=\"left\">&#8211;&nbsp;&nbsp; Rodr\u00edguez, Marcela Andrea<\/td><\/tr><tr><td class=\"has-text-align-left\" data-align=\"left\">&#8211;&nbsp;&nbsp; N\u00fa\u00f1ez del Prado, Paola Mar\u00eda IFD 1<\/td><td class=\"has-text-align-left\" data-align=\"left\">&#8211;&nbsp;&nbsp; Basualto, Estefani Solange<\/td><\/tr><tr><td class=\"has-text-align-left\" data-align=\"left\">&#8211;&nbsp;&nbsp; Antinao, Silvana IFD 1<\/td><td class=\"has-text-align-left\" data-align=\"left\"><\/td><\/tr><tr><td class=\"has-text-align-left\" data-align=\"left\">&#8211;&nbsp;&nbsp; Otarola, Leonardo<\/td><td class=\"has-text-align-left\" data-align=\"left\"><\/td><\/tr><tr><td class=\"has-text-align-left\" data-align=\"left\"><\/td><td class=\"has-text-align-left\" data-align=\"left\"><\/td><\/tr><tr><td class=\"has-text-align-left\" data-align=\"left\">3- \u201cLa salida de campo: Tensiones generadas desde el campo te\u00f3rico a la pr\u00e1ctica situada\u201d.<\/td><td class=\"has-text-align-left\" data-align=\"left\">4- \u00bfCon qu\u00e9 frecuencia rinden ex\u00e1menes finales los estudiantes del IFD N\u00b0 14 y c\u00f3mo lo vivencian?<\/td><\/tr><tr><td class=\"has-text-align-left\" data-align=\"left\"><strong>INTEGRANTES:<\/strong><\/td><td class=\"has-text-align-left\" data-align=\"left\"><strong>INTEGRANTES:<\/strong><\/td><\/tr><tr><td class=\"has-text-align-left\" data-align=\"left\">&#8211;&nbsp;&nbsp; Vizcaino Reales, Kelly<\/td><td class=\"has-text-align-left\" data-align=\"left\">&#8211;&nbsp;&nbsp; Olmedo, Jimena Romina<\/td><\/tr><tr><td class=\"has-text-align-left\" data-align=\"left\">&#8211;&nbsp;&nbsp; Reyes, Dana Rayen<\/td><td class=\"has-text-align-left\" data-align=\"left\">&#8211;&nbsp;&nbsp; Cianci, Gisella Lujan<\/td><\/tr><tr><td class=\"has-text-align-left\" data-align=\"left\">&#8211;&nbsp;&nbsp; Gutierrez, Silvia Monica<\/td><td class=\"has-text-align-left\" data-align=\"left\">&#8211;&nbsp;&nbsp; Suarez, Laura Juana Soledad<\/td><\/tr><tr><td class=\"has-text-align-left\" data-align=\"left\"><\/td><td class=\"has-text-align-left\" data-align=\"left\"><\/td><\/tr><tr><td class=\"has-text-align-left\" data-align=\"left\">5- \u201cImplementaci\u00f3n de Aula Global para el Primer A\u00f1o del Profesorado de F\u00edsica\u201d<\/td><td class=\"has-text-align-left\" data-align=\"left\">6- \u00bfCu\u00e1n pertinente es la formaci\u00f3n de docentes en Matem\u00e1tica y Qu\u00edmica para la Escuela Secundaria Neuquina? Aproximaci\u00f3n a trav\u00e9s de un enfoque cualitativo y el an\u00e1lisis asistido por computadora de documentos curriculares e indagaci\u00f3n de informantes clave<\/td><\/tr><tr><td class=\"has-text-align-left\" data-align=\"left\"><strong>INTEGRANTES:<\/strong><\/td><td class=\"has-text-align-left\" data-align=\"left\"><strong>INTEGRANTES:<\/strong><\/td><\/tr><tr><td class=\"has-text-align-left\" data-align=\"left\">&#8211;&nbsp;&nbsp; &nbsp;Elizondo, Angel Eduardo<\/td><td class=\"has-text-align-left\" data-align=\"left\">&#8211;&nbsp;&nbsp; V\u00e1zquez, Ariel Jes\u00fas<\/td><\/tr><tr><td class=\"has-text-align-left\" data-align=\"left\">&#8211;&nbsp;&nbsp; Cuenca, Tamara Alejandra<\/td><td class=\"has-text-align-left\" data-align=\"left\">&#8211;&nbsp;&nbsp; Monsalvez, Nicolas<\/td><\/tr><tr><td class=\"has-text-align-left\" data-align=\"left\">&#8211;&nbsp;&nbsp; &nbsp;Ruiz, Rub\u00e9n<\/td><td class=\"has-text-align-left\" data-align=\"left\">&#8211;&nbsp;&nbsp; Pinoche, Martin<\/td><\/tr><tr><td class=\"has-text-align-left\" data-align=\"left\">&#8211;&nbsp;&nbsp; Araoz, Marcelo<\/td><td class=\"has-text-align-left\" data-align=\"left\">&#8211;&nbsp;&nbsp; Ruiz, Ruben<\/td><\/tr><tr><td class=\"has-text-align-left\" data-align=\"left\"><\/td><td class=\"has-text-align-left\" data-align=\"left\">&#8211;&nbsp;&nbsp; Narambuena, Etel<\/td><\/tr><tr><td class=\"has-text-align-left\" data-align=\"left\"><\/td><td class=\"has-text-align-left\" data-align=\"left\">&#8211;&nbsp;&nbsp; Rosales, Pablo<\/td><\/tr><tr><td class=\"has-text-align-left\" data-align=\"left\">7- \u201cIndagaci\u00f3n de la poblaci\u00f3n estudiantil del ISFD N\u00b014\u201d<\/td><td class=\"has-text-align-left\" data-align=\"left\"><\/td><\/tr><tr><td class=\"has-text-align-left\" data-align=\"left\">&#8211;&nbsp; Solavagione, Franco<\/td><td class=\"has-text-align-left\" data-align=\"left\"><\/td><\/tr><tr><td class=\"has-text-align-left\" data-align=\"left\">&#8211; Mignaton, Analia<\/td><td class=\"has-text-align-left\" data-align=\"left\"><\/td><\/tr><\/tbody><\/table><\/figure>\n\n\n\n<p><strong>DOCUMENTO DE LOS PROYECTOS:<\/strong><\/p>\n\n\n\n<div class=\"wp-block-file\"><object class=\"wp-block-file__embed\" data=\"https:\/\/isfd14-nqn.infd.edu.ar\/sitio\/wp-content\/uploads\/2024\/10\/Secretaria-2023-2027-BENITEZ-MARCOS.pdf\" type=\"application\/pdf\" style=\"width:100%;height:600px\" aria-label=\"Incrustado de Secretaria-2023-2027-BENITEZ-MARCOS.\"><\/object><a id=\"wp-block-file--media-86649fbd-c675-4b5b-b090-349ff1bbfe58\" href=\"https:\/\/isfd14-nqn.infd.edu.ar\/sitio\/wp-content\/uploads\/2024\/10\/Secretaria-2023-2027-BENITEZ-MARCOS.pdf\">Secretaria-2023-2027-BENITEZ-MARCOS<\/a><a href=\"https:\/\/isfd14-nqn.infd.edu.ar\/sitio\/wp-content\/uploads\/2024\/10\/Secretaria-2023-2027-BENITEZ-MARCOS.pdf\" class=\"wp-block-file__button wp-element-button\" download aria-describedby=\"wp-block-file--media-86649fbd-c675-4b5b-b090-349ff1bbfe58\">Descarga<\/a><\/div>\n\n\n\n<p><\/p>\n\n\n\n<div class=\"wp-block-cover is-light has-small-font-size\" style=\"min-height:62px\"><span aria-hidden=\"true\" class=\"wp-block-cover__background has-background-dim-100 has-background-dim\" style=\"background-color:#5f83d8\"><\/span><div class=\"wp-block-cover__inner-container\">\n<p class=\"has-text-align-left has-base-3-color has-text-color has-medium-font-size\"><strong>HISTORIA DEL PERSONAL <\/strong><\/p>\n<\/div><\/div>\n\n\n\n<hr class=\"wp-block-separator has-text-color has-accent-color has-alpha-channel-opacity has-accent-background-color has-background is-style-wide\"\/>\n\n\n\n<figure class=\"wp-block-table is-style-stripes\"><table class=\"has-background\" style=\"background-color:#f7f7fb\"><tbody><tr><td><img decoding=\"async\" loading=\"lazy\" width=\"50\" height=\"50\" class=\"wp-image-8510\" style=\"width: 50px;\" src=\"https:\/\/isfd14-nqn.infd.edu.ar\/sitio\/wp-content\/uploads\/2025\/08\/icons8-calendar-50.png\" alt=\"\"><\/td><td><img decoding=\"async\" loading=\"lazy\" width=\"50\" height=\"50\" class=\"wp-image-8731\" style=\"width: 50px;\" src=\"https:\/\/isfd14-nqn.infd.edu.ar\/sitio\/wp-content\/uploads\/2025\/08\/icons8-tarjeta-de-identificacion-50.png\" alt=\"\"><\/td><\/tr><tr><td>13\/06\/2024<strong>&#8211;<\/strong>CONTINUA<\/td><td>PROF. BEN\u00cdTEZ  PAREDES MARCOS<\/td><\/tr><tr><td>2017 al 2021<\/td><td>PROF. BASCU\u00d1AN PEDRO<\/td><\/tr><tr><td>2015 al 2017<\/td><td>PROF. VIEDMA N\u00c9STOR<\/td><\/tr><tr><td>2014 al 2016<\/td><td>PROF. ANCHELERGUEZ LAURA<\/td><\/tr><\/tbody><\/table><\/figure>\n\n\n\n<div class=\"wp-block-cover is-light has-small-font-size\" style=\"min-height:62px\"><span aria-hidden=\"true\" class=\"wp-block-cover__background has-background-dim-100 has-background-dim\" style=\"background-color:#5f83d8\"><\/span><div class=\"wp-block-cover__inner-container\">\n<p class=\"has-text-align-left has-base-3-color has-text-color has-medium-font-size\"><strong>PROYECTOS ANTERIORES<\/strong><\/p>\n<\/div><\/div>\n\n\n<p><strong>SECRETARIO A\u00d1O 2019:<\/strong> Prof. Pedro Bascu\u00f1an<\/p>\n<p><strong>PROYECTOS DE INVESTIGACI\u00d3N<\/strong><\/p>\n<p><strong>Etapa 2017-2109:<\/strong><\/p>\n<ol>\n<li><strong>Propuestas did\u00e1cticas para la ense\u00f1anza de la f\u00edsica a partir de la conformaci\u00f3n de parejas pedag\u00f3gicas<\/strong> (Elizondo, A.; Hermosilla P.; Hermosilla M.; Campos R.; Schwindt, A). Inici\u00f3 en 2017. Actualmente, elaboran informe final del proyecto.<\/li>\n<li><strong>La interculturalidad en la escuela: tensiones y desaf\u00edos<\/strong> (Epherra, H; Mongel\u00f3s, R.; Contreras, E.; Ben\u00edtez, M.). Inici\u00f3 en 2017, entregan informe preliminar en diciembre de 2019, y elaboran informe final para marzo 2020.<\/li>\n<li><strong>El rol de los datos y su an\u00e1lisis en la educaci\u00f3n contempor\u00e1nea <\/strong>(Biedma, N.; Fuentes J.; Van Diest, G.; Colligo, C.; estudiante: Almiron, N.) Inici\u00f3 en 2017 y entregan informe final (versi\u00f3n preliminar) en diciembre de 2019.<\/li>\n<\/ol>\n<p><strong>Etapa 2018-2019:<\/strong><\/p>\n<ol>\n<li><strong>Modelo matem\u00e1tico para concientizar sobre el uso y abuso del agua<\/strong> (Docentes: Leiva H., Orusa, C; Hermosilla, M.; Baz\u00e1n, A.; Ruiz, R.). Inicio en agosto de 2018, y elaboraron informe final en diciembre de 2019.<\/li>\n<\/ol>\n<p><strong>Etapa 2019-2021:<\/strong><\/p>\n<ol>\n<li><strong>Noveles, el proceso de la profesionalizaci\u00f3n docente<\/strong> (Docentes: D\u00edaz S., Figueroa B., Ruiz R.,). Inici\u00f3 en marzo de 2019.<\/li>\n<li><strong>Los sentidos sociales de la educaci\u00f3n secundaria presentes en las instituciones educativas de Cutral-C\u00f3 y Plaza Huincul<\/strong> (Docentes: Colligo, C.; Reyes, V.; Rosales, P.; V\u00e1zquez, J.). Inici\u00f3 en marzo 2019.<\/li>\n<li><strong>Literaturas orales. Las cuatro estaciones y el viento susurran cantos, poemas y narraciones<\/strong> (Docentes: Dumigual, S.; Leiva, L.; Abarz\u00faa, J.). Inici\u00f3 en marzo 2019.<\/li>\n<li><strong>El taller, una experiencia a ser pensada<\/strong> (Docentes: Bascu\u00f1an, P.; Dumigual, S.; Petronace, V.; Ramirez, A.; R\u00edos, K.). Inici\u00f3 en marzo de 2019 (proyecto derivado de una instancia de investigaci\u00f3n sobre el taller efectuada en el lapso 2016\u20132018).<\/li>\n<li><strong>El estr\u00e9s en la docencia <\/strong>(Docentes: Olmedo J., \u00c1lzaga, B.; Sandoval, R.; Baldi, F.) Inici\u00f3 en marzo de 2019.<\/li>\n<li><strong>El desaf\u00edo de elaborar consignas <\/strong>(Docentes: Rosales, P.; Gutierrez, C.; Nu\u00f1ez, Paola; Ponce, C.; Raticelli, J.; Maglione, J.). Inici\u00f3 en marzo 2019.<\/li>\n<li><strong>Capacitaci\u00f3n continua docente en la inclusi\u00f3n <\/strong>(Docentes: Sandoval R., Baldi F., Inostroza R., Puertas R.; Leiva, Luisa.). Inici\u00f3 en marzo 2019.<\/li>\n<li><strong>La deserci\u00f3n estudiantil en el Profesorado de Lengua y Literatura<\/strong> (Docente: Lauman, N.; y estudiantes del Profesorado de Lengua y Literatura: Ins\u00faa, G.; Soto Gutierrez, N; Orozco, S.; Carrillo, L.; C\u00e1rdena, K.; Pedroso, D.; Duran, Y.; Aravena, A.). Inici\u00f3 en agosto de 2019 .<\/li>\n<li><strong>Mejoramiento de la comprensi\u00f3n y producci\u00f3n escrita <\/strong>(Docentes: Jaque, G.; Roldan, G.; y estudiante del Profesorado de Lengua y Literatura: Rodr\u00edguez, C.). Inici\u00f3 en agosto de 2019.<\/li>\n<\/ol>\n<p><strong>Etapa 2020-2022:<\/strong><\/p>\n<ol>\n<li><strong>Introducci\u00f3n al Geogebra<\/strong> (Docentes: Vivanco, Piero; Poblete, Romina; Schwindt, Alicia; Petronace, Daniel). Equipo conformado en diciembre de 2019. Inicio del Proyecto: abril 2020<\/li>\n<li><strong>La salida de campo como una herramienta pedag\u00f3gica aplicada al trabajo interdisciplinar<\/strong> (Docentes: Gutierrez, Silvia; Reyes Dana; Vizcaino, Kelly). Equipo conformado en noviembre 2019. Inicio del Proyecto: abril 2020<\/li>\n<li><strong>Residuos \u00bfuna oportunidad?<\/strong> (Docentes: Leiva, Hugo; Poblete, Romina; Quezada, Cecilia; Santaella, Ronal; Al\u00ed, Gloria; estudiante: Quintana, Dana). Inicio del proyecto: septiembre 2020.<\/li>\n<\/ol>","protected":false},"excerpt":{"rendered":"<p>Secretar\u00eda de Investigaci\u00f3n La Secretar\u00eda de Investigaci\u00f3n Educativa est\u00e1 conformada por docentes responsables de coordinar las actividades acad\u00e9micas de investigaci\u00f3n, en el marco de la formaci\u00f3n docente. El\/la Secretario\/a de Investigaci\u00f3n forma parte integrante del Consejo Acad\u00e9mico de la instituci\u00f3n. Funciones: Impulsar la generaci\u00f3n, circulaci\u00f3n, validaci\u00f3n y divulgaci\u00f3n del conocimiento, promoviendo un pensamiento cr\u00edtico, reflexivo &#8230; <a title=\"SECRETAR\u00cdA DE INVESTIGACI\u00d3N\" class=\"read-more\" href=\"https:\/\/isfd14-nqn.infd.edu.ar\/sitio\/prototipo\/\" aria-label=\"More on SECRETAR\u00cdA DE INVESTIGACI\u00d3N\">[+]<\/a><\/p>\n","protected":false},"author":612,"featured_media":0,"parent":0,"menu_order":0,"comment_status":"closed","ping_status":"closed","template":"","meta":[],"acf":[],"_links":{"self":[{"href":"https:\/\/isfd14-nqn.infd.edu.ar\/sitio\/wp-json\/wp\/v2\/pages\/953"}],"collection":[{"href":"https:\/\/isfd14-nqn.infd.edu.ar\/sitio\/wp-json\/wp\/v2\/pages"}],"about":[{"href":"https:\/\/isfd14-nqn.infd.edu.ar\/sitio\/wp-json\/wp\/v2\/types\/page"}],"author":[{"embeddable":true,"href":"https:\/\/isfd14-nqn.infd.edu.ar\/sitio\/wp-json\/wp\/v2\/users\/612"}],"replies":[{"embeddable":true,"href":"https:\/\/isfd14-nqn.infd.edu.ar\/sitio\/wp-json\/wp\/v2\/comments?post=953"}],"version-history":[{"count":94,"href":"https:\/\/isfd14-nqn.infd.edu.ar\/sitio\/wp-json\/wp\/v2\/pages\/953\/revisions"}],"predecessor-version":[{"id":12044,"href":"https:\/\/isfd14-nqn.infd.edu.ar\/sitio\/wp-json\/wp\/v2\/pages\/953\/revisions\/12044"}],"wp:attachment":[{"href":"https:\/\/isfd14-nqn.infd.edu.ar\/sitio\/wp-json\/wp\/v2\/media?parent=953"}],"curies":[{"name":"wp","href":"https:\/\/api.w.org\/{rel}","templated":true}]}}