{"id":986,"date":"2019-12-10T04:26:50","date_gmt":"2019-12-10T07:26:50","guid":{"rendered":"https:\/\/isfd14-nqn.infd.edu.ar\/sitio\/?page_id=986"},"modified":"2026-04-12T19:18:18","modified_gmt":"2026-04-12T22:18:18","slug":"profesorado-en-quimica","status":"publish","type":"page","link":"https:\/\/isfd14-nqn.infd.edu.ar\/sitio\/profesorado-en-quimica\/","title":{"rendered":"PROFESORADO EN QU\u00cdMICA"},"content":{"rendered":"\n<div class=\"wp-block-cover alignwide is-light\" style=\"min-height:91px\"><span aria-hidden=\"true\" class=\"wp-block-cover__background has-background-dim-100 has-background-dim\" style=\"background-color:#5f83d8\"><\/span><div class=\"wp-block-cover__inner-container\">\n<p class=\"has-text-align-center has-base-3-color has-text-color has-large-font-size\"><strong>PROFESORADO EN QU\u00cdMICA<\/strong><\/p>\n<\/div><\/div>\n\n\n\n<hr class=\"wp-block-separator has-text-color has-accent-color has-alpha-channel-opacity has-accent-background-color has-background is-style-wide\"\/>\n\n\n<div style=\"background: #ffffff; border-left: 5px solid #1e73be; border-radius: 6px; padding: 18px; margin: 25px 0; line-height: 1.7; font-size: 15px;\">\n<p style=\"margin: 0;\">El profesorado en qu\u00edmica capacita en el dominio de modelos y teor\u00edas para la comprensi\u00f3n y el an\u00e1lisis de los fen\u00f3menos naturales y los procesos y productos tecnol\u00f3gicos del mundo que nos rodea. Adem\u00e1s, lo formar\u00e1 en competencias pedag\u00f3gico- did\u00e1cticas para dise\u00f1ar, ejecutar y evaluar procesos de ense\u00f1anza-aprendizaje sobre la base de un conocimiento actualizado en el \u00e1mbito de la Qu\u00edmica y la investigaci\u00f3n educativa.<\/p>\n<\/div>\n\n\n<div class=\"wp-block-cover alignwide is-light has-custom-content-position is-position-top-left\" style=\"min-height:60px\"><span aria-hidden=\"true\" class=\"wp-block-cover__background has-background-dim-100 has-background-dim\" style=\"background-color:#5f83d8\"><\/span><div class=\"wp-block-cover__inner-container\">\n<p class=\"has-text-align-left has-base-3-color has-text-color has-medium-font-size\"><strong>INFORMACI\u00d3N GENERAL<\/strong><\/p>\n<\/div><\/div>\n\n\n<div style=\"background: #ffffff; border: 1px solid #dbe5f1; border-top: 6px solid #5f83d8; border-radius: 8px; padding: 22px; margin: 25px 0; font-size: 15px; line-height: 1.7;\">\n<p><!-- DENOMINACI\u00d3N --><\/p>\n<div style=\"margin-bottom: 20px; padding-bottom: 10px; border-bottom: 1px solid #e5e5e5;\"><strong style=\"font-size: 16px;\">DENOMINACI\u00d3N DE LA CARRERA<\/strong><br \/>Profesorado de Educaci\u00f3n Secundaria en Qu\u00edmica<\/div>\n<p><!-- GRID --><\/p>\n<div style=\"display: flex; flex-wrap: wrap; gap: 25px;\">\n<p><!-- COLUMNA IZQUIERDA --><\/p>\n<div style=\"flex: 1; min-width: 260px;\">\n<div style=\"padding-bottom: 12px; margin-bottom: 12px; border-bottom: 1px solid #f0f0f0;\"><img decoding=\"async\" loading=\"lazy\" class=\"wp-image-10932\" src=\"https:\/\/isfd14-nqn.infd.edu.ar\/sitio\/wp-content\/uploads\/2026\/03\/pruebatubo.png\" alt=\"\" width=\"57\" height=\"57\" srcset=\"https:\/\/isfd14-nqn.infd.edu.ar\/sitio\/wp-content\/uploads\/2026\/03\/pruebatubo.png 512w, https:\/\/isfd14-nqn.infd.edu.ar\/sitio\/wp-content\/uploads\/2026\/03\/pruebatubo-500x500.png 500w\" sizes=\"(max-width: 57px) 100vw, 57px\" \/> <strong>Plan de Estudio: <\/strong>N\u00b0 547<br \/>Resoluci\u00f3n N\u00b0 1977<br \/>Expediente 5721-007076\/2014<\/div>\n<div style=\"padding-bottom: 12px; margin-bottom: 12px; border-bottom: 1px solid #f0f0f0;\"><img decoding=\"async\" class=\"\" style=\"width: 36px; vertical-align: middle; margin-right: 6px;\" src=\"https:\/\/isfd14-nqn.infd.edu.ar\/sitio\/wp-content\/uploads\/2026\/03\/calendario-2.png\" height=\"36\" \/><strong>Duraci\u00f3n:<\/strong> 4 a\u00f1os<br \/><strong>Carga Horaria:<\/strong><br \/>4160 hs c\u00e1tedra<br \/>2773 hs reloj<\/div>\n<div><img decoding=\"async\" class=\"\" style=\"width: 36px; vertical-align: middle; margin-right: 6px;\" src=\"https:\/\/isfd14-nqn.infd.edu.ar\/sitio\/wp-content\/uploads\/2026\/03\/ensenanzas.png\" height=\"36\" \/> <strong>Modalidad de Cursado:<br \/><\/strong> Presencial<\/div>\n<\/div>\n<p><!-- COLUMNA DERECHA --><\/p>\n<div style=\"flex: 1; min-width: 260px;\">\n<div style=\"padding-bottom: 12px; margin-bottom: 12px; border-bottom: 1px solid #f0f0f0;\"><img decoding=\"async\" class=\"\" style=\"width: 36px; vertical-align: middle; margin-right: 6px;\" src=\"https:\/\/isfd14-nqn.infd.edu.ar\/sitio\/wp-content\/uploads\/2026\/03\/calendario-mensual.png\" height=\"36\" \/> <strong>D\u00edas de<\/strong> <strong>Cursado:<\/strong><br \/>De Lunes a Viernes<\/div>\n<div style=\"padding-bottom: 12px; margin-bottom: 12px; border-bottom: 1px solid #f0f0f0;\"><img decoding=\"async\" class=\"\" style=\"width: 36px; vertical-align: middle; margin-right: 6px;\" src=\"https:\/\/isfd14-nqn.infd.edu.ar\/sitio\/wp-content\/uploads\/2026\/03\/turnos-de-trabajo.png\" height=\"36\" \/> <strong>Turno:\u00a0 Ma\u00f1ana<\/strong><br \/>07:30 a 12:30 hs<\/div>\n<div style=\"margin-top: 10px; padding-top: 12px; border-top: 2px solid #5f83d8;\"><strong style=\"font-size: 16px;\"><img decoding=\"async\" loading=\"lazy\" class=\"wp-image-11071\" src=\"https:\/\/isfd14-nqn.infd.edu.ar\/sitio\/wp-content\/uploads\/2026\/03\/diploma-de-graduacion.png\" alt=\"\" width=\"36\" height=\"36\" srcset=\"https:\/\/isfd14-nqn.infd.edu.ar\/sitio\/wp-content\/uploads\/2026\/03\/diploma-de-graduacion.png 512w, https:\/\/isfd14-nqn.infd.edu.ar\/sitio\/wp-content\/uploads\/2026\/03\/diploma-de-graduacion-500x500.png 500w\" sizes=\"(max-width: 36px) 100vw, 36px\" \/> Titulo a otorgar:\u00a0<\/strong><br \/>Profesor\/a de Educaci\u00f3n Secundaria en Qu\u00edmica<\/div>\n<p>\u00a0<\/p>\n<\/div>\n<\/div>\n<\/div>\n\n\n<div class=\"wp-block-cover alignwide is-light\" style=\"min-height:91px\"><span aria-hidden=\"true\" class=\"wp-block-cover__background has-background-dim-100 has-background-dim\" style=\"background-color:#5f83d8\"><\/span><div class=\"wp-block-cover__inner-container\">\n<p class=\"has-text-align-left has-base-3-color has-text-color has-medium-font-size\"><strong>ESTRUCTURA CURRICULAR<\/strong><\/p>\n<\/div><\/div>\n\n\n\n<div class=\"wp-block-columns is-layout-flex wp-container-7\">\n<div class=\"wp-block-column is-layout-flow\">\n<div class=\"wp-block-cover\" style=\"min-height:108px\"><span aria-hidden=\"true\" class=\"wp-block-cover__background has-base-background-color has-background-dim-100 has-background-dim\"><\/span><div class=\"wp-block-cover__inner-container\">\n<p class=\"has-text-align-center has-contrast-color has-text-color has-medium-font-size\"><img decoding=\"async\" loading=\"lazy\" width=\"512\" height=\"512\" class=\"wp-image-11074\" style=\"width: 70px;\" src=\"https:\/\/isfd14-nqn.infd.edu.ar\/sitio\/wp-content\/uploads\/2026\/03\/material-didactico.png\" alt=\"\" srcset=\"https:\/\/isfd14-nqn.infd.edu.ar\/sitio\/wp-content\/uploads\/2026\/03\/material-didactico.png 512w, https:\/\/isfd14-nqn.infd.edu.ar\/sitio\/wp-content\/uploads\/2026\/03\/material-didactico-500x500.png 500w\" sizes=\"(max-width: 512px) 100vw, 512px\" \/><\/p>\n\n\n\n<div class=\"wp-block-buttons has-custom-font-size has-medium-font-size is-content-justification-center is-layout-flex wp-container-1\">\n<div class=\"wp-block-button\"><a class=\"wp-block-button__link has-accent-background-color has-background wp-element-button\" href=\"https:\/\/isfd14-nqn.infd.edu.ar\/sitio\/wp-content\/uploads\/2025\/03\/PlanEstudioQuimica.pdf\" style=\"border-radius:10px\" target=\"_blank\" rel=\"noreferrer noopener\">Plan de estudio<\/a><\/div>\n<\/div>\n<\/div><\/div>\n<\/div>\n\n\n\n<div class=\"wp-block-column is-layout-flow\">\n<div class=\"wp-block-cover\" style=\"min-height:104px\"><span aria-hidden=\"true\" class=\"wp-block-cover__background has-base-background-color has-background-dim-100 has-background-dim\"><\/span><div class=\"wp-block-cover__inner-container\">\n<p class=\"has-text-align-center has-contrast-color has-text-color has-medium-font-size\"><img decoding=\"async\" loading=\"lazy\" width=\"512\" height=\"512\" class=\"wp-image-11076\" style=\"width: 70px;\" src=\"https:\/\/isfd14-nqn.infd.edu.ar\/sitio\/wp-content\/uploads\/2026\/03\/valor.png\" alt=\"\" srcset=\"https:\/\/isfd14-nqn.infd.edu.ar\/sitio\/wp-content\/uploads\/2026\/03\/valor.png 512w, https:\/\/isfd14-nqn.infd.edu.ar\/sitio\/wp-content\/uploads\/2026\/03\/valor-500x500.png 500w\" sizes=\"(max-width: 512px) 100vw, 512px\" \/><\/p>\n\n\n\n<div class=\"wp-block-buttons has-custom-font-size has-medium-font-size is-content-justification-center is-layout-flex wp-container-3\">\n<div class=\"wp-block-button\"><a class=\"wp-block-button__link has-accent-background-color has-background wp-element-button\" href=\"https:\/\/isfd14-nqn.infd.edu.ar\/sitio\/wp-content\/uploads\/2025\/04\/CorrelativasQuimica.pdf\" style=\"border-radius:10px\" target=\"_blank\" rel=\"noreferrer noopener\">Correlativas<\/a><\/div>\n<\/div>\n<\/div><\/div>\n<\/div>\n\n\n\n<div class=\"wp-block-column is-layout-flow\">\n<div class=\"wp-block-cover\" style=\"min-height:104px\"><span aria-hidden=\"true\" class=\"wp-block-cover__background has-base-background-color has-background-dim-100 has-background-dim\"><\/span><div class=\"wp-block-cover__inner-container\">\n<p class=\"has-text-align-center has-contrast-color has-text-color has-medium-font-size\"><img decoding=\"async\" loading=\"lazy\" width=\"512\" height=\"512\" class=\"wp-image-11077\" style=\"width: 70px;\" src=\"https:\/\/isfd14-nqn.infd.edu.ar\/sitio\/wp-content\/uploads\/2026\/03\/sistema-de-archivos.png\" alt=\"\" srcset=\"https:\/\/isfd14-nqn.infd.edu.ar\/sitio\/wp-content\/uploads\/2026\/03\/sistema-de-archivos.png 512w, https:\/\/isfd14-nqn.infd.edu.ar\/sitio\/wp-content\/uploads\/2026\/03\/sistema-de-archivos-500x500.png 500w\" sizes=\"(max-width: 512px) 100vw, 512px\" \/><\/p>\n\n\n\n<div class=\"wp-block-buttons has-custom-font-size has-medium-font-size is-content-justification-center is-layout-flex wp-container-5\">\n<div class=\"wp-block-button\"><a class=\"wp-block-button__link has-accent-background-color has-background wp-element-button\" href=\"https:\/\/isfd14-nqn.infd.edu.ar\/sitio\/wp-content\/uploads\/2025\/07\/MapaCurricularQuimica.pdf\" style=\"border-radius:10px\" target=\"_blank\" rel=\"noreferrer noopener\">Mapa curricular<\/a><\/div>\n<\/div>\n<\/div><\/div>\n<\/div>\n<\/div>\n\n\n\n<div style=\"height:18px\" aria-hidden=\"true\" class=\"wp-block-spacer\"><\/div>\n\n\n\n<hr class=\"wp-block-separator has-text-color has-accent-color has-alpha-channel-opacity has-accent-background-color has-background is-style-dots\"\/>\n\n\n\n<div style=\"height:29px\" aria-hidden=\"true\" class=\"wp-block-spacer\"><\/div>\n\n\n\n<p class=\"has-text-align-center has-large-font-size\"><img decoding=\"async\" loading=\"lazy\" width=\"512\" height=\"512\" class=\"wp-image-11264\" style=\"width: 50px;\" src=\"https:\/\/isfd14-nqn.infd.edu.ar\/sitio\/wp-content\/uploads\/2026\/03\/pregunta.png\" alt=\"\" srcset=\"https:\/\/isfd14-nqn.infd.edu.ar\/sitio\/wp-content\/uploads\/2026\/03\/pregunta.png 512w, https:\/\/isfd14-nqn.infd.edu.ar\/sitio\/wp-content\/uploads\/2026\/03\/pregunta-500x500.png 500w\" sizes=\"(max-width: 512px) 100vw, 512px\" \/><strong>\u00bfC\u00f3mo Inscribirme?<\/strong><\/p>\n\n\n<div class=\"wp-block-image\">\n<figure class=\"aligncenter size-full\"><img decoding=\"async\" loading=\"lazy\" width=\"50\" height=\"50\" src=\"https:\/\/isfd14-nqn.infd.edu.ar\/sitio\/wp-content\/uploads\/2025\/08\/icons8-chevron-abajo-50.png\" alt=\"\" class=\"wp-image-9182\"\/><\/figure><\/div>\n\n\n<div class=\"wp-block-columns has-medium-font-size is-layout-flex wp-container-10\">\n<div class=\"wp-block-column is-vertically-aligned-center is-layout-flow\">\n<div class=\"wp-block-buttons has-custom-font-size has-large-font-size is-content-justification-center is-nowrap is-layout-flex wp-container-8\">\n<div class=\"wp-block-button has-custom-width wp-block-button__width-50 has-custom-font-size is-style-fill has-medium-font-size\"><a class=\"wp-block-button__link has-contrast-color has-base-background-color has-text-color has-background wp-element-button\" href=\"https:\/\/isfd14-nqn.infd.edu.ar\/sitio\/inscripciones-modalidad-on-line\/\" style=\"border-radius:10px\" target=\"_blank\" rel=\"noreferrer noopener\"><img decoding=\"async\" loading=\"lazy\" width=\"344\" height=\"308\" class=\"wp-image-10683\" style=\"width: 80px;\" src=\"https:\/\/isfd14-nqn.infd.edu.ar\/sitio\/wp-content\/uploads\/2026\/02\/onlineboton.png\" alt=\"\"><br><img decoding=\"async\" loading=\"lazy\" width=\"48\" height=\"48\" class=\"wp-image-8780\" style=\"width: 30px;\" src=\"https:\/\/isfd14-nqn.infd.edu.ar\/sitio\/wp-content\/uploads\/2025\/08\/icons8-mano-48.png\" alt=\"\"><strong>MODALIDAD ONLINE    <\/strong>  <\/a><\/div>\n\n\n\n<div class=\"wp-block-button has-custom-width wp-block-button__width-50 has-custom-font-size is-style-fill has-medium-font-size\"><a class=\"wp-block-button__link has-contrast-color has-base-background-color has-text-color has-background wp-element-button\" href=\"https:\/\/isfd14-nqn.infd.edu.ar\/sitio\/bedelia\/\" style=\"border-radius:10px\" target=\"_blank\" rel=\"noreferrer noopener\"><img decoding=\"async\" loading=\"lazy\" width=\"404\" height=\"333\" class=\"wp-image-10684\" style=\"width: 80px;\" src=\"https:\/\/isfd14-nqn.infd.edu.ar\/sitio\/wp-content\/uploads\/2026\/02\/presencialboton.png\" alt=\"\"><br><img decoding=\"async\" loading=\"lazy\" width=\"48\" height=\"48\" class=\"wp-image-8780\" style=\"width: 30px;\" src=\"https:\/\/isfd14-nqn.infd.edu.ar\/sitio\/wp-content\/uploads\/2025\/08\/icons8-mano-48.png\" alt=\"\"><strong>MODALIDAD  PRESENCIAL<\/strong><\/a><\/div>\n<\/div>\n<\/div>\n<\/div>\n\n\n\n<div style=\"height:27px\" aria-hidden=\"true\" class=\"wp-block-spacer\"><\/div>\n\n\n\n<div class=\"wp-block-cover is-light\" style=\"min-height:91px\"><span aria-hidden=\"true\" class=\"wp-block-cover__background has-background-dim-100 has-background-dim\" style=\"background-color:#5f83d8\"><\/span><div class=\"wp-block-cover__inner-container\">\n<p class=\"has-text-align-left has-base-3-color has-text-color has-medium-font-size\"><strong>PERFIL PROFESIONAL<\/strong><\/p>\n<\/div><\/div>\n\n\n\n<p class=\"has-medium-font-size\">El acceso masivo de j\u00f3venes a la Educaci\u00f3n Secundaria plantea el dise\u00f1o de resignificar no s\u00f3lo este nivel de escolarizaci\u00f3n, hoy obligatorio, sino tambi\u00e9n a la docente como profesi\u00f3n, tendiendo a la formaci\u00f3n de profesionales capaces de garantizar desempe\u00f1os que se adecuen a diferentes contextos, a sujetos singulares y diversidad de  pr\u00e1cticas socio-culturales.<br>Por ello, esta propuesta curricular recupera los acuerdos federales plasmados en los Lineamientos Curriculares Nacionales donde se define a la docencia como pr\u00e1ctica profesional de mediaci\u00f3n cultural, institucionalizada, critica y reflexiva, que se caracteriza por la capacidad para contextualizar las situaciones de ense\u00f1anza, de apoyar procesos democr\u00e1ticos en el interior de las instituciones educativas y de las aulas as\u00ed como por construir y participar de espacios de producci\u00f3n compartida y colaborativa.<br>De este modo, el Profesor de Educaci\u00f3n Secundaria en Qu\u00edmica ha de ser un profesional con s\u00f3lido conocimiento disciplinar, comprometido con la disciplina y su ense\u00f1anza , mediador  intercultural, que desde la compresi\u00f3n de la disciplina, tome decisiones que contribuyan a formar ciudadanos cient\u00edficamente alfabetizados al campo que se integra a equipos de trabajo inter e intra-instituionales.<br>Dado que la formaci\u00f3n inicial se organiza en tres campos, los docentes egresados del Profesorado en  Qu\u00edmica han de poseer competencias profesionales relacionadas con la formaci\u00f3n disciplinar, la formaci\u00f3n pedag\u00f3gica y la pr\u00e1ctica profesional:<\/p>\n\n\n\n<p>La formaci\u00f3n disciplinar que brinda el Profesorado en Educaci\u00f3n Secundaria en Qu\u00edmica permitir\u00e1 a los futuros docentes:<\/p>\n\n\n\n<p class=\"has-medium-font-size\"> Aplicar modelos, teor\u00edas y metodolog\u00edas de las principales ramas de la Qu\u00edmica para interpretar, analizar y resolver diversos problemas concretos relacionados con el contexto actual.<\/p>\n\n\n\n<ul>\n<li class=\"has-medium-font-size\">Analizar cr\u00edticamente los principales modelos y teor\u00edas de la Qu\u00edmica, reconociendo la provisoriedad del conocimiento cient\u00edfico.<\/li>\n\n\n\n<li class=\"has-medium-font-size\">Reflexionar cr\u00edticamente las relaciones entre el conocimiento entre el conocimiento cient\u00edfico, el conocimiento tecnol\u00f3gico y las problem\u00e1ticas sociales.<\/li>\n\n\n\n<li class=\"has-medium-font-size\">Emplear fuentes documentales y procedimientos generales involucrados en los procesos de investigaci\u00f3n en Qu\u00edmica.<\/li>\n\n\n\n<li class=\"has-medium-font-size\">Poseer un entrenamiento adecuado en el uso del material de laboratorio y en la  interpretaci\u00f3n de resultados experimentales.<\/li>\n\n\n\n<li class=\"has-medium-font-size\">Valorar la honestidad y el intercambio de ideas en la elaboraci\u00f3n del conocimiento cient\u00edfico.  <\/li>\n<\/ul>\n\n\n\n<p class=\"has-medium-font-size\">La formaci\u00f3n general pedag\u00f3gica-did\u00e1ctica permitir\u00e1 a los futuros docentes:<\/p>\n\n\n\n<ul>\n<li class=\"has-medium-font-size\">Emplear marcos te\u00f3ricos para comprender la realidad educativa que enmarcan los procesos de ense\u00f1anza-aprendizaje de las ciencias, en particular de la Qu\u00edmica.<\/li>\n\n\n\n<li class=\"has-medium-font-size\">Organizar propuestas did\u00e1cticas para la ense\u00f1anza y el aprendizaje de la Qu\u00edmica, teniendo en cuenta las caracter\u00edsticas psicol\u00f3gicas y  socioculturales de sus alumnos, as\u00ed en el contexto institucional.<\/li>\n\n\n\n<li class=\"has-medium-font-size\">Coordinar y participar en proyectos institucionales (ferias, clubes de ciencias, salidas educativas).<\/li>\n\n\n\n<li class=\"has-medium-font-size\">Dise\u00f1ar y realizar proyectos de investigaci\u00f3n referidos al campo de la ense\u00f1anza.<\/li>\n\n\n\n<li class=\"has-medium-font-size\">Participar en proyectos de innovaci\u00f3n pedag\u00f3gica.<\/li>\n\n\n\n<li class=\"has-medium-font-size\">Emplear modelos, analog\u00edas,, situaciones problem\u00e1ticas y recursos  tecnol\u00f3gicos como apoyo para la comprensi\u00f3n de problemas propios de las ciencias de la Naturaleza, y particularmente de la Qu\u00edmica. <\/li>\n<\/ul>\n\n\n\n<p class=\"has-medium-font-size\">La formaci\u00f3n que integre saberes disciplinares y did\u00e1cticos en el ejercicio concreto de la pr\u00e1ctica docente, permitir\u00e1 al futuro docente estar en condiciones de:<\/p>\n\n\n\n<ul>\n<li class=\"has-medium-font-size\">Fundamentar te\u00f3ricamente su pr\u00e1ctica de ense\u00f1anza, asumiendo una actitud cr\u00edtica y reflexiva respecto de la misma.<\/li>\n\n\n\n<li class=\"has-medium-font-size\">Analizar con sentido cr\u00edtico los contenidos provenientes de distintas fuentes de informaci\u00f3n cient\u00edfica a los efectos de seleccionar y jerarquizar aquellos que resulten adecuados para el trabajo en el aula.<\/li>\n\n\n\n<li class=\"has-medium-font-size\">Emplear cr\u00edticamente variedad de recursos adecuados para la ense\u00f1anza de la Qu\u00edmica: material gr\u00e1fico y video gr\u00e1fico (videos, revistas de divulgaci\u00f3n, etc.). inform\u00e1tico (software educativos, internet, laboratorios virtuales, simuladores), material concreto, de laboratorio.<\/li>\n\n\n\n<li class=\"has-medium-font-size\">Coordinar visitas a instituciones educativas no formales como bodegas, jugueras, laboratorios bioqu\u00edmicos, petroleras, INTA, Greenpeace, entre otras.<\/li>\n\n\n\n<li class=\"has-medium-font-size\">Establecer relaciones entre disciplinas del \u00e1rea de las ciencias naturales y con otras \u00e1reas del conocimiento fundament\u00e1ndolas desde puntos de vista epistemol\u00f3gicos y did\u00e1ctico.   <\/li>\n<\/ul>\n\n\n\n<p class=\"has-medium-font-size\">Alcance del t\u00edtulo<\/p>\n\n\n\n<p class=\"has-medium-font-size\">En funci\u00f3n del perfil del t\u00edtulo y de los contenidos curriculares de la carrera, son incumbencias del Profesor de Educaci\u00f3n Secundaria en Qu\u00edmica:<\/p>\n\n\n\n<p class=\"has-medium-font-size\">\u2022 Planificar, conducir y evaluar los procesos de ense\u00f1anza y aprendizaje vinculados a la F\u00edsica, que contribuyan a la formaci\u00f3n de sujetos constructores de conocimientos capaces de superar modelos reproductivistas de la ciencia.<\/p>\n\n\n\n<p class=\"has-medium-font-size\">\u2022 Concebir y desarrollar dispositivos pedag\u00f3gicos f\u00e9rtiles a los procesos de ense\u00f1anza y aprendizaje en relaci\u00f3n con su \u00e1rea de conocimiento espec\u00edfico.<\/p>\n\n\n\n<p class=\"has-medium-font-size\">\u2022 Participar en equipos y tareas de investigaci\u00f3n del campo cient\u00edfico y\/o did\u00e1ctico de su especialidad, trabajando en forma colaborativa y cooperativa con otros docentes.<\/p>\n\n\n\n<p class=\"has-medium-font-size\">\u2022 Coordinar instancias que den continuidad a la formaci\u00f3n inicial, profundizando sus conocimientos y su capacidad reflexiva sobre distintos aspectos de la pr\u00e1ctica profesional (el campo disciplinar, los sujetos de la educaci\u00f3n, los contextos, las innovaciones, la identidad docente, entre otras).<\/p>\n\n\n\n<p class=\"has-medium-font-size\">\u2022 Asesorar en lo concerniente al proceso de ense\u00f1anza y aprendizaje en tem\u00e1ticas relacionadas con el \u00e1rea de conocimiento espec\u00edfico.<\/p>\n\n\n\n<div style=\"height:29px\" aria-hidden=\"true\" class=\"wp-block-spacer\"><\/div>\n\n\n\n<div class=\"wp-block-columns is-layout-flex wp-container-13\">\n<div class=\"wp-block-column is-layout-flow\" style=\"flex-basis:66.66%\"><\/div>\n\n\n\n<div class=\"wp-block-column is-layout-flow\" style=\"flex-basis:33.33%\"><div class=\"wp-block-image\">\n<figure class=\"alignright size-full\"><a href=\"https:\/\/isfd14-nqn.infd.edu.ar\/sitio\/\"><img decoding=\"async\" loading=\"lazy\" width=\"67\" height=\"67\" src=\"https:\/\/isfd14-nqn.infd.edu.ar\/sitio\/wp-content\/uploads\/2025\/08\/icons8-arriba-67.png\" alt=\"\" class=\"wp-image-8966\"\/><\/a><\/figure><\/div><\/div>\n<\/div>\n","protected":false},"excerpt":{"rendered":"<p>El profesorado en qu\u00edmica capacita en el dominio de modelos y teor\u00edas para la comprensi\u00f3n y el an\u00e1lisis de los fen\u00f3menos naturales y los procesos y productos tecnol\u00f3gicos del mundo que nos rodea. Adem\u00e1s, lo formar\u00e1 en competencias pedag\u00f3gico- did\u00e1cticas para dise\u00f1ar, ejecutar y evaluar procesos de ense\u00f1anza-aprendizaje sobre la base de un conocimiento actualizado &#8230; <a title=\"PROFESORADO EN QU\u00cdMICA\" class=\"read-more\" href=\"https:\/\/isfd14-nqn.infd.edu.ar\/sitio\/profesorado-en-quimica\/\" aria-label=\"More on PROFESORADO EN QU\u00cdMICA\">[+]<\/a><\/p>\n","protected":false},"author":612,"featured_media":0,"parent":0,"menu_order":0,"comment_status":"closed","ping_status":"closed","template":"","meta":[],"acf":[],"_links":{"self":[{"href":"https:\/\/isfd14-nqn.infd.edu.ar\/sitio\/wp-json\/wp\/v2\/pages\/986"}],"collection":[{"href":"https:\/\/isfd14-nqn.infd.edu.ar\/sitio\/wp-json\/wp\/v2\/pages"}],"about":[{"href":"https:\/\/isfd14-nqn.infd.edu.ar\/sitio\/wp-json\/wp\/v2\/types\/page"}],"author":[{"embeddable":true,"href":"https:\/\/isfd14-nqn.infd.edu.ar\/sitio\/wp-json\/wp\/v2\/users\/612"}],"replies":[{"embeddable":true,"href":"https:\/\/isfd14-nqn.infd.edu.ar\/sitio\/wp-json\/wp\/v2\/comments?post=986"}],"version-history":[{"count":83,"href":"https:\/\/isfd14-nqn.infd.edu.ar\/sitio\/wp-json\/wp\/v2\/pages\/986\/revisions"}],"predecessor-version":[{"id":12502,"href":"https:\/\/isfd14-nqn.infd.edu.ar\/sitio\/wp-json\/wp\/v2\/pages\/986\/revisions\/12502"}],"wp:attachment":[{"href":"https:\/\/isfd14-nqn.infd.edu.ar\/sitio\/wp-json\/wp\/v2\/media?parent=986"}],"curies":[{"name":"wp","href":"https:\/\/api.w.org\/{rel}","templated":true}]}}