{"id":990,"date":"2019-12-10T05:03:52","date_gmt":"2019-12-10T08:03:52","guid":{"rendered":"https:\/\/isfd14-nqn.infd.edu.ar\/sitio\/?page_id=990"},"modified":"2026-04-29T14:37:21","modified_gmt":"2026-04-29T17:37:21","slug":"autoridades-vigentes","status":"publish","type":"page","link":"https:\/\/isfd14-nqn.infd.edu.ar\/sitio\/autoridades-vigentes\/","title":{"rendered":"Autoridades Vigentes"},"content":{"rendered":"\n<div class=\"wp-block-cover is-light .slide-top { -webkit-animation: slide-top 0.5s cubic-bezier(0.250, 0.460, 0.450, 0.940) both; animation: }\" style=\"min-height:91px\" id=\"\/*-------------------------------------------------*-Generated-by-Animista-on-2024-9-23-1:50:32--*-Licensed-under-FreeBSD-License.--*-See-http:\/\/animista.net\/license-for-more-info.---*-w:-http:\/\/animista.net,-t:-@cssanimista--*------------------------------------------------*\/--\/**--*-------------------------------------------*-animation-slide-top--*-------------------------------------------*\/-@-webkit-keyframes-slide-top-{---0%-{------webkit-transform:-translateY(0);-------------transform:-translateY(0);---}---100%-{------webkit-transform:-translateY(-100px);-------------transform:-translateY(-100px);---}-}-@keyframes-slide-top-{---0%-{------webkit-transform:-translateY(0);-------------transform:-translateY(0);---}---100%-{------webkit-transform:-translateY(-100px);-------------transform:-translateY(-100px);---}-}\"><span aria-hidden=\"true\" class=\"wp-block-cover__background has-background-dim-100 has-background-dim\" style=\"background-color:#5f83d8\"><\/span><div class=\"wp-block-cover__inner-container\">\n<p class=\"has-text-align-center has-base-3-color has-text-color has-large-font-size\"><strong>EQUIPO DE CONDUCCI\u00d3N<\/strong><\/p>\n<\/div><\/div>\n\n\n\n<hr class=\"wp-block-separator has-text-color has-accent-color has-alpha-channel-opacity has-accent-background-color has-background\"\/>\n\n\n\n<p>Resumen de los \u00faltimos equipos de conducci\u00f3n asumidos:<\/p>\n\n\n\n<p class=\"has-medium-font-size\">Equipo de conducci\u00f3n asumido el 02\/09\/2025<\/p>\n\n\n<div style=\"display: flex; flex-wrap: wrap; gap: 20px;\">\n<div style=\"background: #f5f9fc; border-left: 5px solid #0073aa; padding: 15px; width: 260px;\"><strong>Directora<\/strong><br>Prof. Mar\u00eda Alejandra Ram\u00edrez<\/div>\n<div style=\"background: #f5f9fc; border-left: 5px solid #0073aa; padding: 15px; width: 260px;\"><strong>Vicedirectora<\/strong><br>Prof. Soledad Dumigual<\/div>\n<div style=\"background: #f5f9fc; border-left: 5px solid #0073aa; padding: 15px; width: 260px;\"><strong>Secretaria Acad\u00e9mica<\/strong><br>Prof. Radulescu Natalia<\/div>\n<\/div>\n\n\n<div style=\"height:27px\" aria-hidden=\"true\" class=\"wp-block-spacer\"><\/div>\n\n\n\n<hr class=\"wp-block-separator has-alpha-channel-opacity\"\/>\n\n\n\n<p><\/p>\n\n\n\n<p class=\"has-medium-font-size\">Por licencia de la prof. Ramirez Alejandra el  11\/09\/2024 asume el nuevo equipo de conducci\u00f3n conformado por:<\/p>\n\n\n<div style=\"display: flex; flex-wrap: wrap; gap: 20px;\">\n<div style=\"background: #f5f9fc; border-left: 5px solid #0073aa; padding: 15px; width: 260px;\"><strong>Director<\/strong><br>Prof. Contreras Eduardo<\/div>\n<div style=\"background: #f5f9fc; border-left: 5px solid #0073aa; padding: 15px; width: 260px;\"><strong>Vicedirectora<\/strong><br>Prof. Soledad Dumigual<\/div>\n<div style=\"background: #f5f9fc; border-left: 5px solid #0073aa; padding: 15px; width: 260px;\"><strong>Secretaria Acad\u00e9mica<\/strong><br>Prof. Radulescu Natalia<\/div>\n<\/div>\n\n\n<div style=\"height:27px\" aria-hidden=\"true\" class=\"wp-block-spacer\"><\/div>\n\n\n\n<hr class=\"wp-block-separator has-alpha-channel-opacity\"\/>\n\n\n\n<p><strong> EQUIPO DE CONDUCCI\u00d3N:<\/strong> (2022)<\/p>\n\n\n<div style=\"display: flex; flex-wrap: wrap; gap: 20px;\">\n<div style=\"background: #f5f9fc; border-left: 5px solid #0073aa; padding: 15px; width: 260px;\"><strong>Vicedirector<\/strong><br>Prof. Contreras Eduardo<\/div>\n<div style=\"background: #f5f9fc; border-left: 5px solid #0073aa; padding: 15px; width: 260px;\"><strong>Directora<\/strong><br>Prof. Ram\u00edrez Mar\u00eda Alejandra<\/div>\n<div style=\"background: #f5f9fc; border-left: 5px solid #0073aa; padding: 15px; width: 260px;\"><strong>Secretaria Acad\u00e9mica<\/strong><br>Prof. Dumigual Soledad<\/div>\n<\/div>\n\n<div class=\"wp-block-image\">\n<figure class=\"aligncenter size-full is-resized\"><img decoding=\"async\" loading=\"lazy\" src=\"https:\/\/isfd14-nqn.infd.edu.ar\/sitio\/wp-content\/uploads\/2024\/08\/directivos-removebg-preview.png\" alt=\"autoridadesifd142024\" class=\"wp-image-2191\" width=\"533\" height=\"263\"\/><\/figure><\/div>\n\n\n<p><a href=\"https:\/\/isfd14-nqn.infd.edu.ar\/sitio\/breve-cronologia-de-autoridades-en-la-historia-del-i-s-f-d-no-14\/\" target=\"_blank\" rel=\"noreferrer noopener\"><img decoding=\"async\" loading=\"lazy\" width=\"512\" height=\"512\" class=\"wp-image-10706\" style=\"width: 50px;\" src=\"https:\/\/isfd14-nqn.infd.edu.ar\/sitio\/wp-content\/uploads\/2026\/02\/pago-por-clic.png\" alt=\"\" srcset=\"https:\/\/isfd14-nqn.infd.edu.ar\/sitio\/wp-content\/uploads\/2026\/02\/pago-por-clic.png 512w, https:\/\/isfd14-nqn.infd.edu.ar\/sitio\/wp-content\/uploads\/2026\/02\/pago-por-clic-500x500.png 500w\" sizes=\"(max-width: 512px) 100vw, 512px\" \/><\/a>Para saber mas de la historia ir a historia del instituto.<br><br><\/p>\n\n\n\n<p><\/p>\n","protected":false},"excerpt":{"rendered":"<p>Resumen de los \u00faltimos equipos de conducci\u00f3n asumidos: Equipo de conducci\u00f3n asumido el 02\/09\/2025 DirectoraProf. Mar\u00eda Alejandra Ram\u00edrez VicedirectoraProf. Soledad Dumigual Secretaria Acad\u00e9micaProf. Radulescu Natalia Por licencia de la prof. Ramirez Alejandra el 11\/09\/2024 asume el nuevo equipo de conducci\u00f3n conformado por: DirectorProf. Contreras Eduardo VicedirectoraProf. Soledad Dumigual Secretaria Acad\u00e9micaProf. Radulescu Natalia EQUIPO DE CONDUCCI\u00d3N: &#8230; <a title=\"Autoridades Vigentes\" class=\"read-more\" href=\"https:\/\/isfd14-nqn.infd.edu.ar\/sitio\/autoridades-vigentes\/\" aria-label=\"More on Autoridades Vigentes\">[+]<\/a><\/p>\n","protected":false},"author":1183,"featured_media":0,"parent":0,"menu_order":0,"comment_status":"closed","ping_status":"closed","template":"","meta":[],"acf":[],"_links":{"self":[{"href":"https:\/\/isfd14-nqn.infd.edu.ar\/sitio\/wp-json\/wp\/v2\/pages\/990"}],"collection":[{"href":"https:\/\/isfd14-nqn.infd.edu.ar\/sitio\/wp-json\/wp\/v2\/pages"}],"about":[{"href":"https:\/\/isfd14-nqn.infd.edu.ar\/sitio\/wp-json\/wp\/v2\/types\/page"}],"author":[{"embeddable":true,"href":"https:\/\/isfd14-nqn.infd.edu.ar\/sitio\/wp-json\/wp\/v2\/users\/1183"}],"replies":[{"embeddable":true,"href":"https:\/\/isfd14-nqn.infd.edu.ar\/sitio\/wp-json\/wp\/v2\/comments?post=990"}],"version-history":[{"count":90,"href":"https:\/\/isfd14-nqn.infd.edu.ar\/sitio\/wp-json\/wp\/v2\/pages\/990\/revisions"}],"predecessor-version":[{"id":12662,"href":"https:\/\/isfd14-nqn.infd.edu.ar\/sitio\/wp-json\/wp\/v2\/pages\/990\/revisions\/12662"}],"wp:attachment":[{"href":"https:\/\/isfd14-nqn.infd.edu.ar\/sitio\/wp-json\/wp\/v2\/media?parent=990"}],"curies":[{"name":"wp","href":"https:\/\/api.w.org\/{rel}","templated":true}]}}