{"id":992,"date":"2019-12-10T05:18:17","date_gmt":"2019-12-10T08:18:17","guid":{"rendered":"https:\/\/isfd14-nqn.infd.edu.ar\/sitio\/?page_id=992"},"modified":"2026-03-22T18:38:27","modified_gmt":"2026-03-22T21:38:27","slug":"breve-cronologia-de-autoridades-en-la-historia-del-i-s-f-d-no-14","status":"publish","type":"page","link":"https:\/\/isfd14-nqn.infd.edu.ar\/sitio\/breve-cronologia-de-autoridades-en-la-historia-del-i-s-f-d-no-14\/","title":{"rendered":"HISTORIA I.F.D N\u00b0 14"},"content":{"rendered":"\n<div class=\"wp-block-cover is-light\" style=\"min-height:91px\"><span aria-hidden=\"true\" class=\"wp-block-cover__background has-background-dim-100 has-background-dim\" style=\"background-color:#5f83d8\"><\/span><div class=\"wp-block-cover__inner-container\">\n<p class=\"has-text-align-center has-base-3-color has-text-color has-large-font-size\"><strong>HISTORIA<\/strong><\/p>\n<\/div><\/div>\n\n\n\n<hr class=\"wp-block-separator has-text-color has-accent-color has-alpha-channel-opacity has-accent-background-color has-background is-style-wide\"\/>\n\n\n<div style=\"margin: 25px 0;\">\n<h2 style=\"border-left: 6px solid #5f83d8; padding-left: 10px;\">Historia Institucional<\/h2>\n<div style=\"background: #f2f8fc; padding: 14px; border-radius: 6px; margin-bottom: 20px;\">Cronolog\u00eda del Instituto Superior de Formaci\u00f3n Docente N\u00b0 14.<\/div>\n<p><!-- 1989 --><\/p>\n<div style=\"background: #ffffff; border-left: 5px solid #5f83d8; padding: 16px; margin: 12px 0; border-radius: 6px; box-shadow: 0 2px 5px rgba(0,0,0,0.08);\">\n<div style=\"font-weight: bold; color: #5f83d8;\">1989 Creaci\u00f3n del Instituto \/ 1ra Rectora<\/div>\n<div style=\"background: #f2f8fc; padding: 12px; margin-top: 8px; border-radius: 4px;\">Se crea el Instituto bajo el nombre de I.N.E.S (Instituto Nacional de Ense\u00f1anza Superior), iniciando sus actividades en la Escuela N\u00b0 272 con dos profesorados.(Lengua y Literatura \/ matem\u00e1tica, f\u00edsica y cosmograf\u00eda)<\/div>\n<div>&#8211; Nombraron al instituto Anibal Ponce en honor al filosofo argentino que se caracterizo por el trabajo con los j\u00f3venes.\u00a0<\/div>\n<div><strong>&#8211; Rectora organizadora 16\/03\/1989\u201330\/03\/1994:\u00a0 <\/strong>Prof. Mercedes Cardozo de Sosa<\/div>\n<div>&#8211; 1993: por jubilacion de la prof. Mercedes Cardozo de Sosa asume: <strong>Prof. Mar\u00eda Cristina Braschi de Catalin<\/strong>i\n<p>\u00a0<\/p>\n<p>&#8211; El instituto se encuentra en un periodo de cambio se jurisdicci\u00f3n<\/p>\n<\/div>\n<\/div>\n<p><!-- 1994 --><\/p>\n<div style=\"background: #ffffff; border-left: 5px solid #5f83d8; padding: 16px; margin: 12px 0; border-radius: 6px; box-shadow: 0 2px 5px rgba(0,0,0,0.08);\">\n<div style=\"font-weight: bold; color: #5f83d8;\">1994 Cambio de Jurisdicci\u00f3n<\/div>\n<div style=\"background: #f2f8fc; padding: 12px; margin-top: 8px; border-radius: 4px;\">\n<div>\n<p>El instituto pasa del \u00e1mbito nacional al provincial, adoptando la denominaci\u00f3n I.S.F.D N\u00b0 14 y traslad\u00e1ndose al edificio de la E.P.E.T N\u00b0 1 por el crecimiento de la matr\u00edcula.<br \/>(domicilio Perito Moreno 640)<\/p>\n<\/div>\n<p><!-- A\u00d1O --><\/p>\n<\/div>\n<\/div>\n<p><!-- 2016 --><\/p>\n<div style=\"background: #ffffff; border-left: 5px solid #5f83d8; padding: 16px; margin: 12px 0; border-radius: 6px; box-shadow: 0 2px 5px rgba(0,0,0,0.08);\">\n<div style=\"font-weight: bold; color: #5f83d8;\">2000-2014 Consolidaci\u00f3n Institucional<\/div>\n<div style=\"background: #f2f8fc; padding: 12px; margin-top: 8px; border-radius: 4px;\">Asume como Directora en el periodo 2000-2014: Prof. Silvia Noemi Ortiz, por jubilaci\u00f3n de la Prof. Maria Cristina Braschi de Catalini<\/div>\n<div>&#8211; Durante este periodo se consolida el crecimiento institucional, incorporando nuevas carreras y proyectando el nuevo edificio.<br \/>&#8211; Con su gesti\u00f3n el institutio ISFD N\u00b0 14 se inscribi\u00f3 en un plan de obra llamado 900 escuelas con el cual se inicia el sue\u00f1o del edificio propio, pero el mismo no llego a conctretarse. Entonces incorporan al instituto en otro plan llamado 600 escuelas..<br \/>&#8211; En el a\u00f1o 2007 se da inicio al profesorado de Geograf\u00eda.\u00a0\n<p>\u00a0<\/p>\n<\/div>\n<\/div>\n<p><!-- 2017 --><\/p>\n<div style=\"background: #ffffff; border-left: 5px solid #5f83d8; padding: 16px; margin: 12px 0; border-radius: 6px; box-shadow: 0 2px 5px rgba(0,0,0,0.08);\">\n<div style=\"font-weight: bold; color: #5f83d8;\">2008-2014<\/div>\n<div style=\"background: #f2f8fc; padding: 12px; margin-top: 8px; border-radius: 4px;\">En el a\u00f1o 2008 por licencia de la profesora Silvia Ortiz, asume como directora suplente, la prof. Hermosilla Patricia.<\/div>\n<\/div>\n<p><!-- 2018 --><\/p>\n<div style=\"background: #ffffff; border-left: 5px solid #5f83d8; padding: 16px; margin: 12px 0; border-radius: 6px; box-shadow: 0 2px 5px rgba(0,0,0,0.08);\">\n<div style=\"font-weight: bold; color: #5f83d8;\">2015- Marco del nuevo sistema de gobierno institucional<\/div>\n<div style=\"background: #f2f8fc; padding: 12px; margin-top: 8px; border-radius: 4px;\">En el a\u00f1o 2&#8217;015 se implementa la nueva institucionalidad y empiezan a funcionar los \u00f3rganos de gobierno<\/div>\n<div>Al terminar su periodo de licencia la prof. Patricia Hermosilla presenta una lista y al ser la \u00fanica es \u00b4proclamada, conformando el nuevo \u00f3rgano de gobierno formado de la siguiente manera:<br \/>Directora: Prof. Hermosilla Patricia,<br \/>Vicedirectora: Prof. Abarz\u00faa Julieta,<br \/>Secretaria Acad\u00e9mica: Alicia\u00a0<\/div>\n<div><br \/>&#8211; Se modifican los dise\u00f1os de los planes de estudio<br \/>&#8211; En \u00e9ste mismo a\u00f1o se incorpora el profesorado de F\u00edsica\n<p><br \/>&#8211; Luego renuncia a la vicedirecci\u00f3n la prof. Abarz\u00faa Julieta y quien toma el cargo es la profesora Ing. Van Diest Gisela, ,quedando el equipo conformado de la siguiente manera:<br \/>Directora: Prof. Hermosilla Patricia,<br \/>Vicedirectora: Prof.\u00a0 Van Diest Gisela y <br \/>Secretaria Acad\u00e9mica: Schwindt Alicia<\/p>\n<p>&#8211; Se anuncia que el proyecto del instituto es llevado a\u00a0 otra provincia y para otra instituci\u00f3n.<br \/>Entonces inscriben al instituto en un plan nacional denominado 70\/30<\/p>\n<\/div>\n<\/div>\n<p><!-- 2022 --><\/p>\n<div style=\"background: #ffffff; border-left: 5px solid #5f83d8; padding: 16px; margin: 12px 0; border-radius: 6px; box-shadow: 0 2px 5px rgba(0,0,0,0.08);\">\n<div style=\"font-weight: bold; color: #5f83d8;\">2016\/ 2017\/2018\/2020<\/div>\n<div style=\"background: #f2f8fc; padding: 12px; margin-top: 8px; border-radius: 4px;\">En abril de 2016 por renuncia de la prof. Hermosilla Patricia toma la direcci\u00f3n la prof. Ing. Van Diest Gisela por un breve periodo de tiempo.<\/div>\n<div>Entonces el nuevo equipo es conformado por:<br \/>Directora: Ing. Van Diest Gisela,<br \/>Vicedirecora:\u00a0 Prof. Cerda Alejandra, <br \/>Secretaria Acad\u00e9mica: Prof. Araneda Viviana\n<div>\n<p>-En el A\u00f1o 2016 , por renuncia de prof Ing. Van Diest Gisela asume con\u00a0 el equipo de conducci\u00f3n la prof. Mar\u00eda Alejandra Cerda.<br \/>Quedando formado el nuevo equipo de direcci\u00f3n:<br \/>Directora: Prof. Cerda Maria Alejandra, <br \/>Vicedirecor: Prof. Fuentes Jorge y<br \/>Secretaria Acad\u00e9mica: Prof. Araneda Viviana<\/p>\n<p>-Durante su mandato Naci\u00f3n informa que se retira el aporte para la construcci\u00f3n del I.F.D N\u00b0 14<br \/>&#8211; En el a\u00f1o 2017 provincia toma la decisi\u00f3n de costear la construcci\u00f3n del instituto y llama a licitaci\u00f3n<br \/>&#8211; En el a\u00f1o 2018 se suma el profesorado de qu\u00edmica<br \/>&#8211; En el a\u00f1o 2020 se otorga prorroga al equipo directivo vigente ya que su mandato estaba venciendo.\u00a0<\/p>\n<\/div>\n<p><!-- A\u00d1O --><\/p>\n<div>\n<div>\u00a0<\/div>\n<\/div>\n<\/div>\n<\/div>\n<p><!-- 2023 --><\/p>\n<div style=\"background: #ffffff; border-left: 5px solid #5f83d8; padding: 16px; margin: 12px 0; border-radius: 6px; box-shadow: 0 2px 5px rgba(0,0,0,0.08);\">\n<div style=\"font-weight: bold; color: #5f83d8;\">2022<\/div>\n<div style=\"background: #f2f8fc; padding: 12px; margin-top: 8px; border-radius: 4px;\">Por licencia de la prof. Cerda Maria Alejandra asume por breve periodo de tiempo la prof. Sandobal Rosana.<\/div>\n<div>Quedando el nuevo equipo de direcci\u00f3n:\u00a0<\/div>\n<div>Directora suplente: Prof. Sandobal Rosana, Vicedirector: Prof. Fuentes Jorge, y Secretaria Acad\u00e9mica: Prof. Araneda Viviana<\/div>\n<div>\u00a0<\/div>\n<div>&#8211; A fin del a\u00f1o del 2022 por renuncia de la Prof. Rosana Sandoval, Se lleva por primera vez un proceso eleccionario entre 2 listas, y 15\/12\/2022 asume el nuevo equipo de conducci\u00f3n:<br \/>Directora: Prof. Alejandra Ramirez, <br \/>Vicedirector: Eduardo Contreras y <br \/>Secretaria Acad\u00e9mica: Prof. Soledad Dumigual<\/div>\n<div>\u00a0<\/div>\n<div>-Al asumir el nuevo \u00f3rgano de gobierno, iniciaron las gestiones de solicitud formal ante el CPE- DPES la <strong>RECATEGORIZACI\u00d3N INSTITUCIONAL del IFD N\u00b014,<\/strong> donde finalmente el 22 junio de 2022 en la sesi\u00f3n del cuerpo colegiado del CPE del d\u00eda 15 de junio de 2023 se aprob\u00f3 por Resoluci\u00f3n n\u00famero 0739\/23 la Recategorizaci\u00f3n institucional del Instituto de Formaci\u00f3n Docente N\u00b014. A partir de dicha norma se establece: \u00bb <strong>art 2: aplicar la Categor\u00eda Institucional de nivel 4 al Instituto de Formaci\u00f3n Docente N\u00b014 de CUTRAL-C\u00d3- , grupo A, Distrito Escolar II\u00bb<\/strong><\/div>\n<\/div>\n<p><!-- 2024 --><\/p>\n<div style=\"background: #ffffff; border-left: 5px solid #5f83d8; padding: 16px; margin: 12px 0; border-radius: 6px; box-shadow: 0 2px 5px rgba(0,0,0,0.08);\">\n<div style=\"font-weight: bold; color: #5f83d8;\">2023 Edificio propio y nuevo profesorado en biolog\u00eda<\/div>\n<div style=\"background: #f2f8fc; padding: 12px; margin-top: 8px; border-radius: 4px;\">\n<div>En el a\u00f1o 2023 el I.F.D N\u00b0 14 funciona por primera vez en su edifico propio con domicilio en la calle Gregorio \u00c1lvarez 692<\/div>\n<\/div>\n<div>\u00a0<\/div>\n<div>-Por la cantidad de matricula se debe utilizar un edificio Anexo, el CPEM N\u00b0 51, y as\u00ed deja de funcionar en el edificio de EPET N\u00b0 1, ya que el mismo estaba atravesando problemas de construcci\u00f3n, dejando as\u00ed para siempre el edificio en el cual estuvo muchos a\u00f1os.<br \/>-En este mismo a\u00f1o tambi\u00e9n se logra incorporar el profesorado en Biolog\u00eda.<\/div>\n<\/div>\n<div style=\"background: #ffffff; border-left: 5px solid #5f83d8; padding: 16px; margin: 12px 0; border-radius: 6px; box-shadow: 0 2px 5px rgba(0,0,0,0.08);\">\n<div style=\"font-weight: bold; color: #5f83d8;\">2024 Otros periodos de de gesti\u00f3n:<strong> Directoras y Equipos de conducci\u00f3n<\/strong><\/div>\n<div style=\"background: #f2f8fc; padding: 12px; margin-top: 8px; border-radius: 4px;\">En septiembre de 2024 por lic de la directora prof. Ramirez Alejandra, asume como director suplente el prof. Eduardo Contreras el 11\/09\/2024,\u00a0 como Vice-Directora suplente la prof Soledad Dumigual y asume como secretaria acad\u00e9mica la prof. Natalia Radulescu, quedando conformado el nuevo equipo de conducci\u00f3n:<\/div>\n<div>&#8211; En octubre de 2024 se vuelven a implementar el uso de los nodos institucionales, ya que se cubre el cargo de F.Re.T.A.E (Facilitador de Recursos Tecnol\u00f3gicos y Apoyo Educativo) en todos los institutos de formaci\u00f3n docentes, los nodos son; un sitio WEB, un blog, y un campus virtual , a su vez se deja de usar el blog institucional que funcionaba del recurso blogspot de google\u00a0<\/div>\n<\/div>\n<p><!-- 2026 --><\/p>\n<div style=\"background: #ffffff; border-left: 5px solid #5f83d8; padding: 16px; margin: 12px 0; border-radius: 6px; box-shadow: 0 2px 5px rgba(0,0,0,0.08);\">\n<div style=\"font-weight: bold; color: #5f83d8;\">2025<\/div>\n<div style=\"background: #f2f8fc; padding: 12px; margin-top: 8px; border-radius: 4px;\">Vuelve de su licencia la prof. Ramirez Alejandra, y el 2 de septiembre de 2025 asume el nuevo equipo de conducci\u00f3n por renuncia de sus cargos de director suplente y vicedirector el profesor Eduardo Contreras, entonces toma la direcci\u00f3n nuevamente Alejandra Ram\u00edrez ya que retorna al instituto al terminar su suplencia, quedando conformado el nuevo equipo de conducci\u00f3n por: Ram\u00edrez Alejandra como directora, Dumigual Soledad como Vicedirectora, y Radulescu Natalia como secretar\u00eda acad\u00e9mica.<\/div>\n<div>\n<p>Directora:Prof. Ramirez Alejandra<br \/>Vicedirectora: Prof.\u00a0 Dumigual Soledad<br \/>Secretaria Acad\u00e9mica: Prof. Radulescu Natalia<\/p>\n<p>-El <strong>17 de marzo de 2025<\/strong> se da adopci\u00f3n del<strong> nuevo profesorado de Filosof\u00eda<\/strong> con n\u00famero de Plan <strong>760<\/strong>, donde las inscripciones comenzaron a partir del 20 de marzo 2025. Y dando apertura simb\u00f3lica del mismo el 14 de abril de 2025.<\/p>\n<p><strong>OBRA DE AMPLIACI\u00d3N DEL IFD N\u00b014. Continuidad de fase de proyecci\u00f3n.<\/strong><br \/>En Marzo de 2025, 21 funcionarios y t\u00e9cnicos del ejecutivo provincial Ministerio de Obras P\u00fablicas, la Arq. Tania Coletti, Cristian Diorio y en representaci\u00f3n del Ejecutivo Municipal, el ingeniero Eduardo Skop y Daniel Mayo, estuvieron realizando un relevamiento de la arquitectura e instalaciones de la obra construida y proyecciones de la obra de ampliaci\u00f3n. Es la tercera visita y relevamiento t\u00e9cnico que se realiza y seg\u00fan nos expres\u00f3 la funcionaria Coletti el objetivo es incorporar algunas mejoras en la proyecci\u00f3n de la obra nueva para posteriormente finalizar toda la tramitaci\u00f3n administrativa y t\u00e9cnica requerida para la firma del convenio.<\/p>\n<p><strong>INSTALACI\u00d3N DE AULAS M\u00d3VILES- AMPLIACI\u00d3N IFD N\u00b014<\/strong><br \/>El d\u00eda jueves 20 de marzo se finaliz\u00f3 la instalaci\u00f3n de 4 unidades modulares \u00e1ulicas en el edificio central sobre calle G. \u00c1lvarez, a la cual se debe realizar una habilitaci\u00f3n.<\/p>\n<\/div>\n<\/div>\n<\/div>\n\n\n<p class=\"has-medium-font-size\"><\/p>\n\n\n\n<p class=\"has-medium-font-size\"><\/p>\n","protected":false},"excerpt":{"rendered":"<p>Historia Institucional Cronolog\u00eda del Instituto Superior de Formaci\u00f3n Docente N\u00b0 14. 1989 Creaci\u00f3n del Instituto \/ 1ra Rectora Se crea el Instituto bajo el nombre de I.N.E.S (Instituto Nacional de Ense\u00f1anza Superior), iniciando sus actividades en la Escuela N\u00b0 272 con dos profesorados.(Lengua y Literatura \/ matem\u00e1tica, f\u00edsica y cosmograf\u00eda) &#8211; Nombraron al instituto Anibal &#8230; <a title=\"HISTORIA I.F.D N\u00b0 14\" class=\"read-more\" href=\"https:\/\/isfd14-nqn.infd.edu.ar\/sitio\/breve-cronologia-de-autoridades-en-la-historia-del-i-s-f-d-no-14\/\" aria-label=\"More on HISTORIA I.F.D N\u00b0 14\">[+]<\/a><\/p>\n","protected":false},"author":1183,"featured_media":0,"parent":0,"menu_order":0,"comment_status":"closed","ping_status":"closed","template":"","meta":[],"acf":[],"_links":{"self":[{"href":"https:\/\/isfd14-nqn.infd.edu.ar\/sitio\/wp-json\/wp\/v2\/pages\/992"}],"collection":[{"href":"https:\/\/isfd14-nqn.infd.edu.ar\/sitio\/wp-json\/wp\/v2\/pages"}],"about":[{"href":"https:\/\/isfd14-nqn.infd.edu.ar\/sitio\/wp-json\/wp\/v2\/types\/page"}],"author":[{"embeddable":true,"href":"https:\/\/isfd14-nqn.infd.edu.ar\/sitio\/wp-json\/wp\/v2\/users\/1183"}],"replies":[{"embeddable":true,"href":"https:\/\/isfd14-nqn.infd.edu.ar\/sitio\/wp-json\/wp\/v2\/comments?post=992"}],"version-history":[{"count":281,"href":"https:\/\/isfd14-nqn.infd.edu.ar\/sitio\/wp-json\/wp\/v2\/pages\/992\/revisions"}],"predecessor-version":[{"id":12316,"href":"https:\/\/isfd14-nqn.infd.edu.ar\/sitio\/wp-json\/wp\/v2\/pages\/992\/revisions\/12316"}],"wp:attachment":[{"href":"https:\/\/isfd14-nqn.infd.edu.ar\/sitio\/wp-json\/wp\/v2\/media?parent=992"}],"curies":[{"name":"wp","href":"https:\/\/api.w.org\/{rel}","templated":true}]}}